{"id":19022,"date":"2022-01-11T10:25:02","date_gmt":"2022-01-11T10:25:02","guid":{"rendered":"https:\/\/mikkipet.com\/pflege-von-welpen-und-kaetzchen\/"},"modified":"2023-07-19T14:53:02","modified_gmt":"2023-07-19T13:53:02","slug":"pflege-von-welpen-und-kaetzchen","status":"publish","type":"page","link":"https:\/\/mikkipet.com\/de\/pflege-von-welpen-und-kaetzchen\/","title":{"rendered":"Pflege von Welpen und K\u00e4tzchen"},"content":{"rendered":"\n<h1 class=\"alignwide has-text-align-left has-ast-global-color-5-color has-ast-global-color-0-background-color has-text-color has-background uag-hide-mob wp-block-heading\" style=\"margin-top:0px;margin-right:0px;margin-bottom:0px;margin-left:0px\">Warum es wichtig ist, fr\u00fchzeitig und regelm\u00e4\u00dfig mit der Pflege zu beginnen<\/h1>\n\n<h2 class=\"has-white-color has-ast-global-color-0-background-color has-text-color has-background uag-hide-desktop uag-hide-tab wp-block-heading\"><strong>Warum es wichtig ist, fr\u00fchzeitig und regelm\u00e4\u00dfig mit der Pflege zu beginnen<\/strong><\/h2>\n\n<section class=\"wp-block-uagb-columns uagb-columns__wrap uagb-columns__background-color uagb-columns__stack-mobile uagb-columns__valign-undefined uagb-columns__gap-10 alignundefined uagb-block-b0eb2907\"><div class=\"uagb-columns__overlay\"><\/div><div class=\"uagb-columns__inner-wrap uagb-columns__columns-1\">\n<div class=\"wp-block-uagb-column uagb-column__wrap uagb-column__background-undefined uagb-block-cbe4539f\"><div class=\"uagb-column__overlay\"><\/div><div class=\"uagb-column__inner-wrap\">\n<p class=\"has-medium-font-size\" style=\"line-height:1.5\">Die Pflege und der Umgang mit Ihrem Haustier sind f\u00fcr die Erhaltung seiner k\u00f6rperlichen Gesundheit und seines Wohlbefindens unerl\u00e4sslich &#8211; wenn Sie Ihr Haustier so fr\u00fch wie m\u00f6glich daran gew\u00f6hnen, wird dieser Teil seiner Routine stressfrei und angenehm sein. Dies ist besonders wichtig f\u00fcr Haustiere mit l\u00e4ngeren Haaren, die regelm\u00e4\u00dfig gek\u00e4mmt werden m\u00fcssen, um nicht zu verfilzen. Wenn man wartet, bis sie \u00e4lter sind, kann es fast unm\u00f6glich werden, die Pflege zu erledigen, vor allem das Abschneiden der N\u00e4gel und die Reinigung der Ohren.<\/p>\n\n\n\n<p><\/p>\n\n\n\n<h2 class=\"wp-block-heading\" style=\"margin-top:0px;margin-right:0px;margin-bottom:0px;margin-left:0px\"><strong>Beginnen Sie zu Hause<\/strong><\/h2>\n\n\n\n<div class=\"wp-block-columns are-vertically-aligned-center is-layout-flex wp-container-core-columns-is-layout-28f84493 wp-block-columns-is-layout-flex\">\n<div class=\"wp-block-column is-vertically-aligned-center is-layout-flow wp-block-column-is-layout-flow\" style=\"flex-basis:33.33%\">\n<figure class=\"wp-block-image size-full\"><img loading=\"lazy\" decoding=\"async\" width=\"533\" height=\"355\" src=\"https:\/\/mikkipet.com\/wp-content\/uploads\/2022\/08\/5-4.png\" alt=\"\" class=\"wp-image-10399\" srcset=\"https:\/\/mikkipet.com\/wp-content\/uploads\/2022\/08\/5-4.png 533w, https:\/\/mikkipet.com\/wp-content\/uploads\/2022\/08\/5-4-300x200.png 300w, https:\/\/mikkipet.com\/wp-content\/uploads\/2022\/08\/5-4-358x238.png 358w\" sizes=\"auto, (max-width: 533px) 100vw, 533px\" \/><\/figure>\n<\/div>\n\n\n\n<div class=\"wp-block-column is-vertically-aligned-center is-layout-flow wp-block-column-is-layout-flow\" style=\"flex-basis:66.66%\">\n<p class=\"has-medium-font-size\" style=\"line-height:1.5\">Sobald Sie Ihren Welpen oder Ihr K\u00e4tzchen nach Hause bringen, sollten Sie mit der Pflege beginnen und es regelm\u00e4\u00dfig sanft b\u00fcrsten. Sie k\u00f6nnen sie auch daran gew\u00f6hnen, \u00fcberall ber\u00fchrt zu werden &#8211; nehmen Sie ihre F\u00fc\u00dfe und spielen Sie sanft mit ihren Zehen, halten Sie ihre Schw\u00e4nze und kitzeln Sie ihre Ohren. So k\u00f6nnen sie sich daran gew\u00f6hnen, dass man sie an allen Stellen ihres K\u00f6rpers anfasst und ber\u00fchrt &#8211; nicht nur am Kopf und R\u00fccken, wo sie am h\u00e4ufigsten gestreichelt werden. Je mehr Ihr Haustier mit Ber\u00fchrungen vertraut ist, desto einfacher wird seine erste richtige Pflege sein.<\/p>\n<\/div>\n<\/div>\n\n\n\n<h2 class=\"wp-block-heading\"><strong>Bereit f\u00fcr den Friseursalon<\/strong><\/h2>\n\n\n\n<p class=\"has-medium-font-size\" style=\"line-height:1.5\">Sobald Ihr Haustier die letzten Injektionen erhalten hat und nach drau\u00dfen gehen kann, ist es an der Zeit, es in den Pflegesalon einzuf\u00fchren &#8211; vor allem, wenn dies Teil einer regelm\u00e4\u00dfigen, lebenslangen Routine werden soll. In diesem Stadium ihrer Entwicklung sind sie noch vertrauensvoll und bereit, sich von Fremden anfassen zu lassen. Sie gew\u00f6hnen sich auch schnell an die ungewohnten Ger\u00e4usche und Empfindungen, die von Ger\u00e4ten wie Schermaschinen und Trocknern ausgehen.<\/p>\n\n\n\n<p class=\"has-medium-font-size\" style=\"line-height:1.5\">L\u00e4ngerhaarige Rassen m\u00fcssen besonders fr\u00fch an die Pflege gew\u00f6hnt werden, da ihr langes Haar h\u00e4ufiger und sorgf\u00e4ltiger gepflegt werden muss als das ihrer kurzhaarigen Artgenossen. Ihr Fell muss t\u00e4glich geb\u00fcrstet werden, und sie m\u00fcssen von klein auf lernen, f\u00fcr l\u00e4ngere Zeit still zu stehen.<\/p>\n\n\n\n<p><\/p>\n\n\n\n<h2 class=\"wp-block-heading\"><strong>Wenig und oft<\/strong><\/h2>\n\n\n\n<div class=\"wp-block-columns are-vertically-aligned-center is-layout-flex wp-container-core-columns-is-layout-28f84493 wp-block-columns-is-layout-flex\">\n<div class=\"wp-block-column is-vertically-aligned-center is-layout-flow wp-block-column-is-layout-flow\" style=\"flex-basis:33.33%\">\n<figure class=\"wp-block-image size-full\"><img loading=\"lazy\" decoding=\"async\" width=\"533\" height=\"355\" src=\"https:\/\/mikkipet.com\/wp-content\/uploads\/2022\/08\/6-4.png\" alt=\"\" class=\"wp-image-10400\" srcset=\"https:\/\/mikkipet.com\/wp-content\/uploads\/2022\/08\/6-4.png 533w, https:\/\/mikkipet.com\/wp-content\/uploads\/2022\/08\/6-4-300x200.png 300w, https:\/\/mikkipet.com\/wp-content\/uploads\/2022\/08\/6-4-358x238.png 358w\" sizes=\"auto, (max-width: 533px) 100vw, 533px\" \/><\/figure>\n<\/div>\n\n\n\n<div class=\"wp-block-column is-vertically-aligned-center is-layout-flow wp-block-column-is-layout-flow\" style=\"flex-basis:66.66%\">\n<p class=\"has-medium-font-size\" style=\"line-height:1.5\">T\u00e4gliches B\u00fcrsten ist f\u00fcr alle Rassen ein Leben lang wichtig. Das B\u00fcrsten des Fells hilft, abgestorbene Haare, Schmutz und Schuppen zu entfernen und die nat\u00fcrlichen \u00d6le im Fell zu verteilen, die dem Fell einen gesunden, gl\u00e4nzenden Schimmer verleihen. Wenn Sie sich die Zeit nehmen, dies regelm\u00e4\u00dfig zu tun, lernen Sie auch den K\u00f6rper Ihres Haustieres genau kennen. Wenn man wei\u00df, was normal ist, ist es sehr einfach, etwas Ungew\u00f6hnliches zu bemerken. Je fr\u00fcher Sie Ver\u00e4nderungen im Gesundheitszustand Ihres Haustieres bemerken, desto fr\u00fcher k\u00f6nnen diese beurteilt und desto eher k\u00f6nnen sie erfolgreich behandelt werden.<\/p>\n<\/div>\n<\/div>\n<\/div><\/div>\n<\/div><\/section>\n\n<p><\/p>\n","protected":false},"excerpt":{"rendered":"<p>Warum es wichtig ist, fr\u00fchzeitig und regelm\u00e4\u00dfig mit der Pflege zu beginnen Warum es wichtig ist, fr\u00fchzeitig und regelm\u00e4\u00dfig mit der Pflege zu beginnen Die Pflege und der Umgang mit Ihrem Haustier sind f\u00fcr die Erhaltung seiner k\u00f6rperlichen Gesundheit und seines Wohlbefindens unerl\u00e4sslich &#8211; wenn Sie Ihr Haustier so fr\u00fch wie m\u00f6glich daran gew\u00f6hnen, wird dieser Teil seiner Routine stressfrei und angenehm [&hellip;]<\/p>\n","protected":false},"author":4,"featured_media":0,"parent":0,"menu_order":0,"comment_status":"closed","ping_status":"closed","template":"","meta":{"_acf_changed":false,"_relevanssi_hide_post":"","_relevanssi_hide_content":"","_relevanssi_pin_for_all":"","_relevanssi_pin_keywords":"","_relevanssi_unpin_keywords":"","_relevanssi_related_keywords":"","_relevanssi_related_include_ids":"","_relevanssi_related_exclude_ids":"","_relevanssi_related_no_append":"","_relevanssi_related_not_related":"","_relevanssi_related_posts":"","_relevanssi_noindex_reason":"","_uag_custom_page_level_css":"","advgb_blocks_editor_width":"","advgb_blocks_columns_visual_guide":"","site-sidebar-layout":"default","site-content-layout":"default","ast-site-content-layout":"default","site-content-style":"default","site-sidebar-style":"default","ast-global-header-display":"","ast-banner-title-visibility":"","ast-main-header-display":"","ast-hfb-above-header-display":"","ast-hfb-below-header-display":"","ast-hfb-mobile-header-display":"","site-post-title":"disabled","ast-breadcrumbs-content":"","ast-featured-img":"","footer-sml-layout":"","ast-disable-related-posts":"","theme-transparent-header-meta":"default","adv-header-id-meta":"","stick-header-meta":"default","header-above-stick-meta":"","header-main-stick-meta":"","header-below-stick-meta":"","astra-migrate-meta-layouts":"default","ast-page-background-enabled":"default","ast-page-background-meta":{"desktop":{"background-color":"","background-image":"","background-repeat":"repeat","background-position":"center center","background-size":"auto","background-attachment":"scroll","background-type":"","background-media":"","overlay-type":"","overlay-color":"","overlay-opacity":"","overlay-gradient":""},"tablet":{"background-color":"","background-image":"","background-repeat":"repeat","background-position":"center center","background-size":"auto","background-attachment":"scroll","background-type":"","background-media":"","overlay-type":"","overlay-color":"","overlay-opacity":"","overlay-gradient":""},"mobile":{"background-color":"","background-image":"","background-repeat":"repeat","background-position":"center center","background-size":"auto","background-attachment":"scroll","background-type":"","background-media":"","overlay-type":"","overlay-color":"","overlay-opacity":"","overlay-gradient":""}},"ast-content-background-meta":{"desktop":{"background-color":"var(--ast-global-color-5)","background-image":"","background-repeat":"repeat","background-position":"center center","background-size":"auto","background-attachment":"scroll","background-type":"","background-media":"","overlay-type":"","overlay-color":"","overlay-opacity":"","overlay-gradient":""},"tablet":{"background-color":"var(--ast-global-color-5)","background-image":"","background-repeat":"repeat","background-position":"center center","background-size":"auto","background-attachment":"scroll","background-type":"","background-media":"","overlay-type":"","overlay-color":"","overlay-opacity":"","overlay-gradient":""},"mobile":{"background-color":"var(--ast-global-color-5)","background-image":"","background-repeat":"repeat","background-position":"center center","background-size":"auto","background-attachment":"scroll","background-type":"","background-media":"","overlay-type":"","overlay-color":"","overlay-opacity":"","overlay-gradient":""}},"footnotes":""},"class_list":["ranking_","post-19022","page","type-page","status-publish","hentry"],"acf":[],"yoast_head":"<!-- This site is optimized with the Yoast SEO plugin v27.3 - https:\/\/yoast.com\/product\/yoast-seo-wordpress\/ -->\n<title>Pflege von Welpen und K\u00e4tzchen - Mikki Pet<\/title>\n<meta name=\"robots\" content=\"index, follow, max-snippet:-1, max-image-preview:large, max-video-preview:-1\" \/>\n<link rel=\"canonical\" href=\"https:\/\/mikkipet.com\/de\/pflege-von-welpen-und-kaetzchen\/\" \/>\n<meta property=\"og:locale\" content=\"de_DE\" \/>\n<meta property=\"og:type\" content=\"article\" \/>\n<meta property=\"og:title\" content=\"Pflege von Welpen und K\u00e4tzchen - Mikki Pet\" \/>\n<meta property=\"og:description\" content=\"Warum es wichtig ist, fr\u00fchzeitig und regelm\u00e4\u00dfig mit der Pflege zu beginnen Warum es wichtig ist, fr\u00fchzeitig und regelm\u00e4\u00dfig mit der Pflege zu beginnen Die Pflege und der Umgang mit Ihrem Haustier sind f\u00fcr die Erhaltung seiner k\u00f6rperlichen Gesundheit und seines Wohlbefindens unerl\u00e4sslich &#8211; wenn Sie Ihr Haustier so fr\u00fch wie m\u00f6glich daran gew\u00f6hnen, wird dieser Teil seiner Routine stressfrei und angenehm [&hellip;]\" \/>\n<meta property=\"og:url\" content=\"https:\/\/mikkipet.com\/de\/pflege-von-welpen-und-kaetzchen\/\" \/>\n<meta property=\"og:site_name\" content=\"Mikki Pet\" \/>\n<meta property=\"article:modified_time\" content=\"2023-07-19T13:53:02+00:00\" \/>\n<meta property=\"og:image\" content=\"https:\/\/mikkipet.com\/wp-content\/uploads\/2022\/08\/5-4.png\" \/>\n<meta name=\"twitter:card\" content=\"summary_large_image\" \/>\n<meta name=\"twitter:label1\" content=\"Est. reading time\" \/>\n\t<meta name=\"twitter:data1\" content=\"2 Minuten\" \/>\n<script type=\"application\/ld+json\" class=\"yoast-schema-graph\">{\"@context\":\"https:\\\/\\\/schema.org\",\"@graph\":[{\"@type\":\"WebPage\",\"@id\":\"https:\\\/\\\/mikkipet.com\\\/de\\\/pflege-von-welpen-und-kaetzchen\\\/\",\"url\":\"https:\\\/\\\/mikkipet.com\\\/de\\\/pflege-von-welpen-und-kaetzchen\\\/\",\"name\":\"Pflege von Welpen und K\u00e4tzchen - Mikki Pet\",\"isPartOf\":{\"@id\":\"https:\\\/\\\/mikkipet.com\\\/de\\\/#website\"},\"primaryImageOfPage\":{\"@id\":\"https:\\\/\\\/mikkipet.com\\\/de\\\/pflege-von-welpen-und-kaetzchen\\\/#primaryimage\"},\"image\":{\"@id\":\"https:\\\/\\\/mikkipet.com\\\/de\\\/pflege-von-welpen-und-kaetzchen\\\/#primaryimage\"},\"thumbnailUrl\":\"https:\\\/\\\/mikkipet.com\\\/wp-content\\\/uploads\\\/2022\\\/08\\\/5-4.png\",\"datePublished\":\"2022-01-11T10:25:02+00:00\",\"dateModified\":\"2023-07-19T13:53:02+00:00\",\"breadcrumb\":{\"@id\":\"https:\\\/\\\/mikkipet.com\\\/de\\\/pflege-von-welpen-und-kaetzchen\\\/#breadcrumb\"},\"inLanguage\":\"de-DE\",\"potentialAction\":[{\"@type\":\"ReadAction\",\"target\":[\"https:\\\/\\\/mikkipet.com\\\/de\\\/pflege-von-welpen-und-kaetzchen\\\/\"]}]},{\"@type\":\"ImageObject\",\"inLanguage\":\"de-DE\",\"@id\":\"https:\\\/\\\/mikkipet.com\\\/de\\\/pflege-von-welpen-und-kaetzchen\\\/#primaryimage\",\"url\":\"https:\\\/\\\/mikkipet.com\\\/wp-content\\\/uploads\\\/2022\\\/08\\\/5-4.png\",\"contentUrl\":\"https:\\\/\\\/mikkipet.com\\\/wp-content\\\/uploads\\\/2022\\\/08\\\/5-4.png\"},{\"@type\":\"BreadcrumbList\",\"@id\":\"https:\\\/\\\/mikkipet.com\\\/de\\\/pflege-von-welpen-und-kaetzchen\\\/#breadcrumb\",\"itemListElement\":[{\"@type\":\"ListItem\",\"position\":1,\"name\":\"Home\",\"item\":\"https:\\\/\\\/mikkipet.com\\\/de\\\/\"},{\"@type\":\"ListItem\",\"position\":2,\"name\":\"Pflege von Welpen und K\u00e4tzchen\"}]},{\"@type\":\"WebSite\",\"@id\":\"https:\\\/\\\/mikkipet.com\\\/de\\\/#website\",\"url\":\"https:\\\/\\\/mikkipet.com\\\/de\\\/\",\"name\":\"Mikki Pet\",\"description\":\"\",\"publisher\":{\"@id\":\"https:\\\/\\\/mikkipet.com\\\/de\\\/#organization\"},\"potentialAction\":[{\"@type\":\"SearchAction\",\"target\":{\"@type\":\"EntryPoint\",\"urlTemplate\":\"https:\\\/\\\/mikkipet.com\\\/de\\\/?s={search_term_string}\"},\"query-input\":{\"@type\":\"PropertyValueSpecification\",\"valueRequired\":true,\"valueName\":\"search_term_string\"}}],\"inLanguage\":\"de-DE\"},{\"@type\":\"Organization\",\"@id\":\"https:\\\/\\\/mikkipet.com\\\/de\\\/#organization\",\"name\":\"Mikki Pet\",\"url\":\"https:\\\/\\\/mikkipet.com\\\/de\\\/\",\"logo\":{\"@type\":\"ImageObject\",\"inLanguage\":\"de-DE\",\"@id\":\"https:\\\/\\\/mikkipet.com\\\/de\\\/#\\\/schema\\\/logo\\\/image\\\/\",\"url\":\"https:\\\/\\\/mikkipet.com\\\/wp-content\\\/uploads\\\/2024\\\/04\\\/cropped-cropped-Mikki_logo-BW.png\",\"contentUrl\":\"https:\\\/\\\/mikkipet.com\\\/wp-content\\\/uploads\\\/2024\\\/04\\\/cropped-cropped-Mikki_logo-BW.png\",\"width\":163,\"height\":163,\"caption\":\"Mikki Pet\"},\"image\":{\"@id\":\"https:\\\/\\\/mikkipet.com\\\/de\\\/#\\\/schema\\\/logo\\\/image\\\/\"}}]}<\/script>\n<!-- \/ Yoast SEO plugin. -->","yoast_head_json":{"title":"Pflege von Welpen und K\u00e4tzchen - Mikki Pet","robots":{"index":"index","follow":"follow","max-snippet":"max-snippet:-1","max-image-preview":"max-image-preview:large","max-video-preview":"max-video-preview:-1"},"canonical":"https:\/\/mikkipet.com\/de\/pflege-von-welpen-und-kaetzchen\/","og_locale":"de_DE","og_type":"article","og_title":"Pflege von Welpen und K\u00e4tzchen - Mikki Pet","og_description":"Warum es wichtig ist, fr\u00fchzeitig und regelm\u00e4\u00dfig mit der Pflege zu beginnen Warum es wichtig ist, fr\u00fchzeitig und regelm\u00e4\u00dfig mit der Pflege zu beginnen Die Pflege und der Umgang mit Ihrem Haustier sind f\u00fcr die Erhaltung seiner k\u00f6rperlichen Gesundheit und seines Wohlbefindens unerl\u00e4sslich &#8211; wenn Sie Ihr Haustier so fr\u00fch wie m\u00f6glich daran gew\u00f6hnen, wird dieser Teil seiner Routine stressfrei und angenehm [&hellip;]","og_url":"https:\/\/mikkipet.com\/de\/pflege-von-welpen-und-kaetzchen\/","og_site_name":"Mikki Pet","article_modified_time":"2023-07-19T13:53:02+00:00","og_image":[{"url":"https:\/\/mikkipet.com\/wp-content\/uploads\/2022\/08\/5-4.png","type":"","width":"","height":""}],"twitter_card":"summary_large_image","twitter_misc":{"Est. reading time":"2 Minuten"},"schema":{"@context":"https:\/\/schema.org","@graph":[{"@type":"WebPage","@id":"https:\/\/mikkipet.com\/de\/pflege-von-welpen-und-kaetzchen\/","url":"https:\/\/mikkipet.com\/de\/pflege-von-welpen-und-kaetzchen\/","name":"Pflege von Welpen und K\u00e4tzchen - Mikki Pet","isPartOf":{"@id":"https:\/\/mikkipet.com\/de\/#website"},"primaryImageOfPage":{"@id":"https:\/\/mikkipet.com\/de\/pflege-von-welpen-und-kaetzchen\/#primaryimage"},"image":{"@id":"https:\/\/mikkipet.com\/de\/pflege-von-welpen-und-kaetzchen\/#primaryimage"},"thumbnailUrl":"https:\/\/mikkipet.com\/wp-content\/uploads\/2022\/08\/5-4.png","datePublished":"2022-01-11T10:25:02+00:00","dateModified":"2023-07-19T13:53:02+00:00","breadcrumb":{"@id":"https:\/\/mikkipet.com\/de\/pflege-von-welpen-und-kaetzchen\/#breadcrumb"},"inLanguage":"de-DE","potentialAction":[{"@type":"ReadAction","target":["https:\/\/mikkipet.com\/de\/pflege-von-welpen-und-kaetzchen\/"]}]},{"@type":"ImageObject","inLanguage":"de-DE","@id":"https:\/\/mikkipet.com\/de\/pflege-von-welpen-und-kaetzchen\/#primaryimage","url":"https:\/\/mikkipet.com\/wp-content\/uploads\/2022\/08\/5-4.png","contentUrl":"https:\/\/mikkipet.com\/wp-content\/uploads\/2022\/08\/5-4.png"},{"@type":"BreadcrumbList","@id":"https:\/\/mikkipet.com\/de\/pflege-von-welpen-und-kaetzchen\/#breadcrumb","itemListElement":[{"@type":"ListItem","position":1,"name":"Home","item":"https:\/\/mikkipet.com\/de\/"},{"@type":"ListItem","position":2,"name":"Pflege von Welpen und K\u00e4tzchen"}]},{"@type":"WebSite","@id":"https:\/\/mikkipet.com\/de\/#website","url":"https:\/\/mikkipet.com\/de\/","name":"Mikki Pet","description":"","publisher":{"@id":"https:\/\/mikkipet.com\/de\/#organization"},"potentialAction":[{"@type":"SearchAction","target":{"@type":"EntryPoint","urlTemplate":"https:\/\/mikkipet.com\/de\/?s={search_term_string}"},"query-input":{"@type":"PropertyValueSpecification","valueRequired":true,"valueName":"search_term_string"}}],"inLanguage":"de-DE"},{"@type":"Organization","@id":"https:\/\/mikkipet.com\/de\/#organization","name":"Mikki Pet","url":"https:\/\/mikkipet.com\/de\/","logo":{"@type":"ImageObject","inLanguage":"de-DE","@id":"https:\/\/mikkipet.com\/de\/#\/schema\/logo\/image\/","url":"https:\/\/mikkipet.com\/wp-content\/uploads\/2024\/04\/cropped-cropped-Mikki_logo-BW.png","contentUrl":"https:\/\/mikkipet.com\/wp-content\/uploads\/2024\/04\/cropped-cropped-Mikki_logo-BW.png","width":163,"height":163,"caption":"Mikki Pet"},"image":{"@id":"https:\/\/mikkipet.com\/de\/#\/schema\/logo\/image\/"}}]}},"uagb_featured_image_src":{"full":false,"thumbnail":false,"medium":false,"medium_large":false,"large":false,"gs-tiny":false,"xl":false,"xxl":false,"xxxl":false,"xxxxl":false,"xxxxxl":false,"blz_expanded_feature":false,"1536x1536":false,"2048x2048":false,"background_image":false,"woocommerce_thumbnail":false,"woocommerce_single":false,"woocommerce_gallery_thumbnail":false,"shop_catalog":false,"shop_single":false,"shop_thumbnail":false,"page-header":false,"page-two-to-one":false},"uagb_author_info":{"display_name":"Phil Durston","author_link":"https:\/\/mikkipet.com\/de\/author\/phil\/"},"uagb_comment_info":0,"uagb_excerpt":"Warum es wichtig ist, fr\u00fchzeitig und regelm\u00e4\u00dfig mit der Pflege zu beginnen Warum es wichtig ist, fr\u00fchzeitig und regelm\u00e4\u00dfig mit der Pflege zu beginnen Die Pflege und der Umgang mit Ihrem Haustier sind f\u00fcr die Erhaltung seiner k\u00f6rperlichen Gesundheit und seines Wohlbefindens unerl\u00e4sslich &#8211; wenn Sie Ihr Haustier so fr\u00fch wie m\u00f6glich daran gew\u00f6hnen, wird&hellip;","coauthors":[],"author_meta":{"author_link":"https:\/\/mikkipet.com\/de\/author\/phil\/","display_name":"Phil Durston"},"relative_dates":{"created":"Posted 4 Jahren ago","modified":"Updated 3 Jahren ago"},"absolute_dates":{"created":"Posted on ","modified":"Updated on "},"absolute_dates_time":{"created":"Posted on  ","modified":"Updated on  "},"featured_img_caption":"","featured_img":false,"series_order":"","_links":{"self":[{"href":"https:\/\/mikkipet.com\/de\/wp-json\/wp\/v2\/pages\/19022","targetHints":{"allow":["GET"]}}],"collection":[{"href":"https:\/\/mikkipet.com\/de\/wp-json\/wp\/v2\/pages"}],"about":[{"href":"https:\/\/mikkipet.com\/de\/wp-json\/wp\/v2\/types\/page"}],"author":[{"embeddable":true,"href":"https:\/\/mikkipet.com\/de\/wp-json\/wp\/v2\/users\/4"}],"replies":[{"embeddable":true,"href":"https:\/\/mikkipet.com\/de\/wp-json\/wp\/v2\/comments?post=19022"}],"version-history":[{"count":1,"href":"https:\/\/mikkipet.com\/de\/wp-json\/wp\/v2\/pages\/19022\/revisions"}],"predecessor-version":[{"id":19026,"href":"https:\/\/mikkipet.com\/de\/wp-json\/wp\/v2\/pages\/19022\/revisions\/19026"}],"wp:attachment":[{"href":"https:\/\/mikkipet.com\/de\/wp-json\/wp\/v2\/media?parent=19022"}],"curies":[{"name":"wp","href":"https:\/\/api.w.org\/{rel}","templated":true}]}}