{"id":19072,"date":"2022-02-01T13:13:41","date_gmt":"2022-02-01T13:13:41","guid":{"rendered":"https:\/\/mikkipet.com\/unsere-geschichte\/"},"modified":"2024-08-28T08:56:52","modified_gmt":"2024-08-28T07:56:52","slug":"unsere-geschichte","status":"publish","type":"page","link":"https:\/\/mikkipet.com\/de\/unsere-geschichte\/","title":{"rendered":"Unsere Geschichte"},"content":{"rendered":"\n<section class=\"wp-block-uagb-columns uagb-columns__wrap uagb-columns__background-color uagb-columns__stack-mobile uagb-columns__valign- uagb-columns__gap-10 align uagb-block-eca58871 uagb-columns__columns-1 uagb-columns__max_width-theme product-finder-heading advgb-block-eca58871\"><div class=\"uagb-columns__overlay\"><\/div><div class=\"uagb-columns__inner-wrap uagb-columns__columns-1\">\n<div class=\"wp-block-uagb-column uagb-column__wrap uagb-column__background-undefined uagb-block-734cc576 advgb-block-734cc576\"><div class=\"uagb-column__overlay\"><\/div>\n<h1 class=\"wp-block-heading has-ast-global-color-5-color has-text-color advgb-dyn-12418e51\" style=\"font-size:60px\">Unsere Geschichte<\/h1>\n<\/div>\n<\/div><\/section>\n\n<section class=\"wp-block-uagb-columns uagb-columns__wrap uagb-columns__background-color uagb-columns__stack-mobile uagb-columns__valign- uagb-columns__gap-10 align uagb-block-3c937ab8 uagb-columns__columns-1 uagb-columns__max_width-custom advgb-block-3c937ab8\"><div class=\"uagb-columns__overlay\"><\/div><div class=\"uagb-columns__inner-wrap uagb-columns__columns-1\">\n<div class=\"wp-block-uagb-column uagb-column__wrap uagb-column__background-undefined uagb-block-64b06cef advgb-block-64b06cef\"><div class=\"uagb-column__overlay\"><\/div>\n<p>Das erste Mikki-Produkt, das 1980 auf den Markt kam, war der ber\u00fchmt-ber\u00fcchtigte Mikki-Maulkorb. Diese zeitgem\u00e4\u00dfe Weiterentwicklung des traditionellen Korbmaulkorbs war bei Hundetrainern sehr beliebt, da er das F\u00fcttern von Leckerlis w\u00e4hrend des Trainings erm\u00f6glichte &#8211; der erste Maulkorb auf dem Markt, der dies tat.<\/p>\n\n\n\n<p>Vier Jahre sp\u00e4ter brachte Mikki sein erstes Sortiment an Pflegeprodukten auf den Markt &#8211; von Hundepflegern f\u00fcr Hundepfleger. Seitdem ist Mikki f\u00fchrend in der Entwicklung von Qualit\u00e4tsprodukten, die wirklich funktionieren.<\/p>\n\n\n\n<p>Von Anfang an war Mikki bei den Fachleuten sehr beliebt, und wir bem\u00fchen uns, professionelle Qualit\u00e4t f\u00fcr alle zug\u00e4nglich zu machen. Wenn Sie ein Haustier haben, haben wir ein Pflegeger\u00e4t f\u00fcr Sie!<\/p>\n\n\n\n<figure class=\"wp-block-image alignright size-full is-resized advgb-dyn-dac03cbb\"><img loading=\"lazy\" decoding=\"async\" width=\"571\" height=\"390\" src=\"https:\/\/mikkipet.com\/wp-content\/uploads\/2022\/05\/Mikki-website-2-column-boxes-Classic.png\" alt=\"\" class=\"wp-image-7404\" style=\"width:429px;height:293px\" title=\"PENTAX DIGITALKAMERA\" srcset=\"https:\/\/mikkipet.com\/wp-content\/uploads\/2022\/05\/Mikki-website-2-column-boxes-Classic.png 571w, https:\/\/mikkipet.com\/wp-content\/uploads\/2022\/05\/Mikki-website-2-column-boxes-Classic-300x205.png 300w, https:\/\/mikkipet.com\/wp-content\/uploads\/2022\/05\/Mikki-website-2-column-boxes-Classic-358x245.png 358w\" sizes=\"auto, (max-width: 571px) 100vw, 571px\" \/><\/figure>\n\n\n\n<p>Mehr als 30 Jahre sp\u00e4ter bleibt Mikki seinen professionellen Wurzeln treu und ist die einzige britische Pflegemarke mit professionellen, preisgekr\u00f6nten Endorsements, und unser Team arbeitet unerm\u00fcdlich daran, das n\u00e4chste gro\u00dfe Ding zu entwickeln.<\/p>\n\n\n\n<p>Da wir gewachsen sind und unseren Kunden zugeh\u00f6rt haben, haben wir unser Angebot um L\u00f6sungen f\u00fcr das t\u00e4gliche Training und die Pflege erweitert. Mikki wei\u00df, dass es keine Einheitsgr\u00f6\u00dfe f\u00fcr alle gibt, und hat sein Sortiment auf die Anforderungen einer Vielzahl von Rasseformen und -gr\u00f6\u00dfen zugeschnitten. Ob Ihr Hund an der Leine zieht oder Ihre Katze ihre Tabletten nicht nimmt &#8211; wir haben die L\u00f6sung f\u00fcr Sie.<\/p>\n\n\n\n<h5 class=\"wp-block-heading advgb-dyn-651ce4a3\">Ein Mikki-Haustier ist ein gl\u00fcckliches Haustier.<\/h5>\n\n\n\n<h4 class=\"wp-block-heading has-text-align-center advgb-dyn-a231a57a\"><a href=\"https:\/\/www.nylabone.co.uk\/Enrichment\/Fun-games\"><\/a><a href=\"https:\/\/www.nylabone.co.uk\/Support\/Challenge-Nylabone\"><\/a><\/h4>\n\n\n\n<div class=\"sk-instagram-feed\" data-embed-id=\"25352311\"><\/div><script src=\"https:\/\/widgets.sociablekit.com\/instagram-feed\/widget.js\" async=\"\" defer=\"defer\"><\/script>\n<\/div>\n<\/div><\/section>\n","protected":false},"excerpt":{"rendered":"<p>Unsere Geschichte Das erste Mikki-Produkt, das 1980 auf den Markt kam, war der ber\u00fchmt-ber\u00fcchtigte Mikki-Maulkorb. Diese zeitgem\u00e4\u00dfe Weiterentwicklung des traditionellen Korbmaulkorbs war bei Hundetrainern sehr beliebt, da er das F\u00fcttern von Leckerlis w\u00e4hrend des Trainings erm\u00f6glichte &#8211; der erste Maulkorb auf dem Markt, der dies tat. Vier Jahre sp\u00e4ter brachte Mikki sein erstes Sortiment an Pflegeprodukten auf den Markt &#8211; von Hundepflegern [&hellip;]<\/p>\n","protected":false},"author":1,"featured_media":0,"parent":0,"menu_order":0,"comment_status":"closed","ping_status":"closed","template":"","meta":{"_acf_changed":false,"_relevanssi_hide_post":"","_relevanssi_hide_content":"","_relevanssi_pin_for_all":"","_relevanssi_pin_keywords":"","_relevanssi_unpin_keywords":"","_relevanssi_related_keywords":"","_relevanssi_related_include_ids":"","_relevanssi_related_exclude_ids":"","_relevanssi_related_no_append":"","_relevanssi_related_not_related":"","_relevanssi_related_posts":"","_relevanssi_noindex_reason":"","_uag_custom_page_level_css":"","advgb_blocks_editor_width":"","advgb_blocks_columns_visual_guide":"","site-sidebar-layout":"default","site-content-layout":"default","ast-site-content-layout":"default","site-content-style":"default","site-sidebar-style":"default","ast-global-header-display":"","ast-banner-title-visibility":"","ast-main-header-display":"","ast-hfb-above-header-display":"","ast-hfb-below-header-display":"","ast-hfb-mobile-header-display":"","site-post-title":"disabled","ast-breadcrumbs-content":"","ast-featured-img":"","footer-sml-layout":"","ast-disable-related-posts":"","theme-transparent-header-meta":"default","adv-header-id-meta":"","stick-header-meta":"default","header-above-stick-meta":"","header-main-stick-meta":"","header-below-stick-meta":"","astra-migrate-meta-layouts":"default","ast-page-background-enabled":"default","ast-page-background-meta":{"desktop":{"background-color":"","background-image":"","background-repeat":"repeat","background-position":"center center","background-size":"auto","background-attachment":"scroll","background-type":"","background-media":"","overlay-type":"","overlay-color":"","overlay-opacity":"","overlay-gradient":""},"tablet":{"background-color":"","background-image":"","background-repeat":"repeat","background-position":"center center","background-size":"auto","background-attachment":"scroll","background-type":"","background-media":"","overlay-type":"","overlay-color":"","overlay-opacity":"","overlay-gradient":""},"mobile":{"background-color":"","background-image":"","background-repeat":"repeat","background-position":"center center","background-size":"auto","background-attachment":"scroll","background-type":"","background-media":"","overlay-type":"","overlay-color":"","overlay-opacity":"","overlay-gradient":""}},"ast-content-background-meta":{"desktop":{"background-color":"var(--ast-global-color-5)","background-image":"","background-repeat":"repeat","background-position":"center center","background-size":"auto","background-attachment":"scroll","background-type":"","background-media":"","overlay-type":"","overlay-color":"","overlay-opacity":"","overlay-gradient":""},"tablet":{"background-color":"var(--ast-global-color-5)","background-image":"","background-repeat":"repeat","background-position":"center center","background-size":"auto","background-attachment":"scroll","background-type":"","background-media":"","overlay-type":"","overlay-color":"","overlay-opacity":"","overlay-gradient":""},"mobile":{"background-color":"var(--ast-global-color-5)","background-image":"","background-repeat":"repeat","background-position":"center center","background-size":"auto","background-attachment":"scroll","background-type":"","background-media":"","overlay-type":"","overlay-color":"","overlay-opacity":"","overlay-gradient":""}},"footnotes":""},"class_list":["ranking_","post-19072","page","type-page","status-publish","hentry"],"acf":[],"yoast_head":"<!-- This site is optimized with the Yoast SEO plugin v27.3 - https:\/\/yoast.com\/product\/yoast-seo-wordpress\/ -->\n<title>Unsere Geschichte - Mikki Pet<\/title>\n<meta name=\"description\" content=\"Nylabone, Hund, Welpe, Hund, zerst\u00f6rerisches Kauen, Welpenzahnen, Hundelangeweile, Hundezahnfleischerkrankungen, dentales Kauen, Rezepte, Hundeleckerlis,\" \/>\n<meta name=\"robots\" content=\"index, follow, max-snippet:-1, max-image-preview:large, max-video-preview:-1\" \/>\n<link rel=\"canonical\" href=\"https:\/\/mikkipet.com\/de\/unsere-geschichte\/\" \/>\n<meta property=\"og:locale\" content=\"de_DE\" \/>\n<meta property=\"og:type\" content=\"article\" \/>\n<meta property=\"og:title\" content=\"Unsere Geschichte - Mikki Pet\" \/>\n<meta property=\"og:description\" content=\"Nylabone, Hund, Welpe, Hund, zerst\u00f6rerisches Kauen, Welpenzahnen, Hundelangeweile, Hundezahnfleischerkrankungen, dentales Kauen, Rezepte, Hundeleckerlis,\" \/>\n<meta property=\"og:url\" content=\"https:\/\/mikkipet.com\/de\/unsere-geschichte\/\" \/>\n<meta property=\"og:site_name\" content=\"Mikki Pet\" \/>\n<meta property=\"article:modified_time\" content=\"2024-08-28T07:56:52+00:00\" \/>\n<meta property=\"og:image\" content=\"https:\/\/mikkipet.com\/wp-content\/uploads\/2022\/05\/Mikki-website-2-column-boxes-Classic.png\" \/>\n<meta name=\"twitter:card\" content=\"summary_large_image\" \/>\n<meta name=\"twitter:label1\" content=\"Est. reading time\" \/>\n\t<meta name=\"twitter:data1\" content=\"1 Minute\" \/>\n<script type=\"application\/ld+json\" class=\"yoast-schema-graph\">{\"@context\":\"https:\\\/\\\/schema.org\",\"@graph\":[{\"@type\":\"WebPage\",\"@id\":\"https:\\\/\\\/mikkipet.com\\\/de\\\/unsere-geschichte\\\/\",\"url\":\"https:\\\/\\\/mikkipet.com\\\/de\\\/unsere-geschichte\\\/\",\"name\":\"Unsere Geschichte - Mikki Pet\",\"isPartOf\":{\"@id\":\"https:\\\/\\\/mikkipet.com\\\/de\\\/#website\"},\"primaryImageOfPage\":{\"@id\":\"https:\\\/\\\/mikkipet.com\\\/de\\\/unsere-geschichte\\\/#primaryimage\"},\"image\":{\"@id\":\"https:\\\/\\\/mikkipet.com\\\/de\\\/unsere-geschichte\\\/#primaryimage\"},\"thumbnailUrl\":\"https:\\\/\\\/mikkipet.com\\\/wp-content\\\/uploads\\\/2022\\\/05\\\/Mikki-website-2-column-boxes-Classic.png\",\"datePublished\":\"2022-02-01T13:13:41+00:00\",\"dateModified\":\"2024-08-28T07:56:52+00:00\",\"description\":\"Nylabone, Hund, Welpe, Hund, zerst\u00f6rerisches Kauen, Welpenzahnen, Hundelangeweile, Hundezahnfleischerkrankungen, dentales Kauen, Rezepte, Hundeleckerlis,\",\"breadcrumb\":{\"@id\":\"https:\\\/\\\/mikkipet.com\\\/de\\\/unsere-geschichte\\\/#breadcrumb\"},\"inLanguage\":\"de-DE\",\"potentialAction\":[{\"@type\":\"ReadAction\",\"target\":[\"https:\\\/\\\/mikkipet.com\\\/de\\\/unsere-geschichte\\\/\"]}]},{\"@type\":\"ImageObject\",\"inLanguage\":\"de-DE\",\"@id\":\"https:\\\/\\\/mikkipet.com\\\/de\\\/unsere-geschichte\\\/#primaryimage\",\"url\":\"https:\\\/\\\/mikkipet.com\\\/wp-content\\\/uploads\\\/2022\\\/05\\\/Mikki-website-2-column-boxes-Classic.png\",\"contentUrl\":\"https:\\\/\\\/mikkipet.com\\\/wp-content\\\/uploads\\\/2022\\\/05\\\/Mikki-website-2-column-boxes-Classic.png\"},{\"@type\":\"BreadcrumbList\",\"@id\":\"https:\\\/\\\/mikkipet.com\\\/de\\\/unsere-geschichte\\\/#breadcrumb\",\"itemListElement\":[{\"@type\":\"ListItem\",\"position\":1,\"name\":\"Home\",\"item\":\"https:\\\/\\\/mikkipet.com\\\/de\\\/\"},{\"@type\":\"ListItem\",\"position\":2,\"name\":\"Unsere Geschichte\"}]},{\"@type\":\"WebSite\",\"@id\":\"https:\\\/\\\/mikkipet.com\\\/de\\\/#website\",\"url\":\"https:\\\/\\\/mikkipet.com\\\/de\\\/\",\"name\":\"Mikki Pet\",\"description\":\"\",\"publisher\":{\"@id\":\"https:\\\/\\\/mikkipet.com\\\/de\\\/#organization\"},\"potentialAction\":[{\"@type\":\"SearchAction\",\"target\":{\"@type\":\"EntryPoint\",\"urlTemplate\":\"https:\\\/\\\/mikkipet.com\\\/de\\\/?s={search_term_string}\"},\"query-input\":{\"@type\":\"PropertyValueSpecification\",\"valueRequired\":true,\"valueName\":\"search_term_string\"}}],\"inLanguage\":\"de-DE\"},{\"@type\":\"Organization\",\"@id\":\"https:\\\/\\\/mikkipet.com\\\/de\\\/#organization\",\"name\":\"Mikki Pet\",\"url\":\"https:\\\/\\\/mikkipet.com\\\/de\\\/\",\"logo\":{\"@type\":\"ImageObject\",\"inLanguage\":\"de-DE\",\"@id\":\"https:\\\/\\\/mikkipet.com\\\/de\\\/#\\\/schema\\\/logo\\\/image\\\/\",\"url\":\"https:\\\/\\\/mikkipet.com\\\/wp-content\\\/uploads\\\/2024\\\/04\\\/cropped-cropped-Mikki_logo-BW.png\",\"contentUrl\":\"https:\\\/\\\/mikkipet.com\\\/wp-content\\\/uploads\\\/2024\\\/04\\\/cropped-cropped-Mikki_logo-BW.png\",\"width\":163,\"height\":163,\"caption\":\"Mikki Pet\"},\"image\":{\"@id\":\"https:\\\/\\\/mikkipet.com\\\/de\\\/#\\\/schema\\\/logo\\\/image\\\/\"}}]}<\/script>\n<!-- \/ Yoast SEO plugin. -->","yoast_head_json":{"title":"Unsere Geschichte - Mikki Pet","description":"Nylabone, Hund, Welpe, Hund, zerst\u00f6rerisches Kauen, Welpenzahnen, Hundelangeweile, Hundezahnfleischerkrankungen, dentales Kauen, Rezepte, Hundeleckerlis,","robots":{"index":"index","follow":"follow","max-snippet":"max-snippet:-1","max-image-preview":"max-image-preview:large","max-video-preview":"max-video-preview:-1"},"canonical":"https:\/\/mikkipet.com\/de\/unsere-geschichte\/","og_locale":"de_DE","og_type":"article","og_title":"Unsere Geschichte - Mikki Pet","og_description":"Nylabone, Hund, Welpe, Hund, zerst\u00f6rerisches Kauen, Welpenzahnen, Hundelangeweile, Hundezahnfleischerkrankungen, dentales Kauen, Rezepte, Hundeleckerlis,","og_url":"https:\/\/mikkipet.com\/de\/unsere-geschichte\/","og_site_name":"Mikki Pet","article_modified_time":"2024-08-28T07:56:52+00:00","og_image":[{"url":"https:\/\/mikkipet.com\/wp-content\/uploads\/2022\/05\/Mikki-website-2-column-boxes-Classic.png","type":"","width":"","height":""}],"twitter_card":"summary_large_image","twitter_misc":{"Est. reading time":"1 Minute"},"schema":{"@context":"https:\/\/schema.org","@graph":[{"@type":"WebPage","@id":"https:\/\/mikkipet.com\/de\/unsere-geschichte\/","url":"https:\/\/mikkipet.com\/de\/unsere-geschichte\/","name":"Unsere Geschichte - Mikki Pet","isPartOf":{"@id":"https:\/\/mikkipet.com\/de\/#website"},"primaryImageOfPage":{"@id":"https:\/\/mikkipet.com\/de\/unsere-geschichte\/#primaryimage"},"image":{"@id":"https:\/\/mikkipet.com\/de\/unsere-geschichte\/#primaryimage"},"thumbnailUrl":"https:\/\/mikkipet.com\/wp-content\/uploads\/2022\/05\/Mikki-website-2-column-boxes-Classic.png","datePublished":"2022-02-01T13:13:41+00:00","dateModified":"2024-08-28T07:56:52+00:00","description":"Nylabone, Hund, Welpe, Hund, zerst\u00f6rerisches Kauen, Welpenzahnen, Hundelangeweile, Hundezahnfleischerkrankungen, dentales Kauen, Rezepte, Hundeleckerlis,","breadcrumb":{"@id":"https:\/\/mikkipet.com\/de\/unsere-geschichte\/#breadcrumb"},"inLanguage":"de-DE","potentialAction":[{"@type":"ReadAction","target":["https:\/\/mikkipet.com\/de\/unsere-geschichte\/"]}]},{"@type":"ImageObject","inLanguage":"de-DE","@id":"https:\/\/mikkipet.com\/de\/unsere-geschichte\/#primaryimage","url":"https:\/\/mikkipet.com\/wp-content\/uploads\/2022\/05\/Mikki-website-2-column-boxes-Classic.png","contentUrl":"https:\/\/mikkipet.com\/wp-content\/uploads\/2022\/05\/Mikki-website-2-column-boxes-Classic.png"},{"@type":"BreadcrumbList","@id":"https:\/\/mikkipet.com\/de\/unsere-geschichte\/#breadcrumb","itemListElement":[{"@type":"ListItem","position":1,"name":"Home","item":"https:\/\/mikkipet.com\/de\/"},{"@type":"ListItem","position":2,"name":"Unsere Geschichte"}]},{"@type":"WebSite","@id":"https:\/\/mikkipet.com\/de\/#website","url":"https:\/\/mikkipet.com\/de\/","name":"Mikki Pet","description":"","publisher":{"@id":"https:\/\/mikkipet.com\/de\/#organization"},"potentialAction":[{"@type":"SearchAction","target":{"@type":"EntryPoint","urlTemplate":"https:\/\/mikkipet.com\/de\/?s={search_term_string}"},"query-input":{"@type":"PropertyValueSpecification","valueRequired":true,"valueName":"search_term_string"}}],"inLanguage":"de-DE"},{"@type":"Organization","@id":"https:\/\/mikkipet.com\/de\/#organization","name":"Mikki Pet","url":"https:\/\/mikkipet.com\/de\/","logo":{"@type":"ImageObject","inLanguage":"de-DE","@id":"https:\/\/mikkipet.com\/de\/#\/schema\/logo\/image\/","url":"https:\/\/mikkipet.com\/wp-content\/uploads\/2024\/04\/cropped-cropped-Mikki_logo-BW.png","contentUrl":"https:\/\/mikkipet.com\/wp-content\/uploads\/2024\/04\/cropped-cropped-Mikki_logo-BW.png","width":163,"height":163,"caption":"Mikki Pet"},"image":{"@id":"https:\/\/mikkipet.com\/de\/#\/schema\/logo\/image\/"}}]}},"uagb_featured_image_src":{"full":false,"thumbnail":false,"medium":false,"medium_large":false,"large":false,"gs-tiny":false,"xl":false,"xxl":false,"xxxl":false,"xxxxl":false,"xxxxxl":false,"blz_expanded_feature":false,"1536x1536":false,"2048x2048":false,"background_image":false,"woocommerce_thumbnail":false,"woocommerce_single":false,"woocommerce_gallery_thumbnail":false,"shop_catalog":false,"shop_single":false,"shop_thumbnail":false,"page-header":false,"page-two-to-one":false},"uagb_author_info":{"display_name":"blaze","author_link":"https:\/\/mikkipet.com\/de\/author\/blaze\/"},"uagb_comment_info":0,"uagb_excerpt":"Unsere Geschichte Das erste Mikki-Produkt, das 1980 auf den Markt kam, war der ber\u00fchmt-ber\u00fcchtigte Mikki-Maulkorb. Diese zeitgem\u00e4\u00dfe Weiterentwicklung des traditionellen Korbmaulkorbs war bei Hundetrainern sehr beliebt, da er das F\u00fcttern von Leckerlis w\u00e4hrend des Trainings erm\u00f6glichte &#8211; der erste Maulkorb auf dem Markt, der dies tat. Vier Jahre sp\u00e4ter brachte Mikki sein erstes Sortiment an&hellip;","coauthors":[],"author_meta":{"author_link":"https:\/\/mikkipet.com\/de\/author\/blaze\/","display_name":"blaze"},"relative_dates":{"created":"Posted 4 Jahren ago","modified":"Updated 2 Jahren ago"},"absolute_dates":{"created":"Posted on ","modified":"Updated on "},"absolute_dates_time":{"created":"Posted on  ","modified":"Updated on  "},"featured_img_caption":"","featured_img":false,"series_order":"","_links":{"self":[{"href":"https:\/\/mikkipet.com\/de\/wp-json\/wp\/v2\/pages\/19072","targetHints":{"allow":["GET"]}}],"collection":[{"href":"https:\/\/mikkipet.com\/de\/wp-json\/wp\/v2\/pages"}],"about":[{"href":"https:\/\/mikkipet.com\/de\/wp-json\/wp\/v2\/types\/page"}],"author":[{"embeddable":true,"href":"https:\/\/mikkipet.com\/de\/wp-json\/wp\/v2\/users\/1"}],"replies":[{"embeddable":true,"href":"https:\/\/mikkipet.com\/de\/wp-json\/wp\/v2\/comments?post=19072"}],"version-history":[{"count":2,"href":"https:\/\/mikkipet.com\/de\/wp-json\/wp\/v2\/pages\/19072\/revisions"}],"predecessor-version":[{"id":27744,"href":"https:\/\/mikkipet.com\/de\/wp-json\/wp\/v2\/pages\/19072\/revisions\/27744"}],"wp:attachment":[{"href":"https:\/\/mikkipet.com\/de\/wp-json\/wp\/v2\/media?parent=19072"}],"curies":[{"name":"wp","href":"https:\/\/api.w.org\/{rel}","templated":true}]}}