{"id":19083,"date":"2022-02-01T13:37:26","date_gmt":"2022-02-01T13:37:26","guid":{"rendered":"https:\/\/mikkipet.com\/datenschutzbestimmungen\/"},"modified":"2024-08-28T08:56:52","modified_gmt":"2024-08-28T07:56:52","slug":"datenschutzbestimmungen","status":"publish","type":"page","link":"https:\/\/mikkipet.com\/de\/datenschutzbestimmungen\/","title":{"rendered":"Datenschutzbestimmungen"},"content":{"rendered":"\n<section class=\"wp-block-uagb-columns uagb-columns__wrap uagb-columns__background-color uagb-columns__stack-mobile uagb-columns__valign- uagb-columns__gap-10 align uagb-block-b6c72fa0 uagb-columns__columns-1 uagb-columns__max_width-custom privacy-policy-container\"><div class=\"uagb-columns__overlay\"><\/div><div class=\"uagb-columns__inner-wrap uagb-columns__columns-1\">\n<div class=\"wp-block-uagb-column uagb-column__wrap uagb-column__background-undefined uagb-block-6fb289b9\"><div class=\"uagb-column__overlay\"><\/div>\n<h1 class=\"wp-block-heading has-text-align-center\">Datenschutzbestimmungen<\/h1>\n<\/div>\n<\/div><\/section>\n\n<section class=\"wp-block-uagb-columns uagb-columns__wrap uagb-columns__background-color uagb-columns__stack-mobile uagb-columns__valign- uagb-columns__gap-10 align uagb-block-41467740 uagb-columns__columns-1 uagb-columns__max_width-custom privacy-policy-container\"><div class=\"uagb-columns__overlay\"><\/div><div class=\"uagb-columns__inner-wrap uagb-columns__columns-1\">\n<div class=\"wp-block-uagb-column uagb-column__wrap uagb-column__background-undefined uagb-block-fd390121\"><div class=\"uagb-column__overlay\"><\/div>\n<p><strong>Datum des Inkrafttretens 05-Feb-2024<\/strong><\/p>\n\n\n\n<p>Diese Datenschutzrichtlinie beschreibt die Richtlinien von Interpet Ltd, Vincent Ln, Dorking RH4 3YX, Vereinigtes K\u00f6nigreich RH4 3YX, Vereinigtes K\u00f6nigreich von Gro\u00dfbritannien und Nordirland (das), E-Mail: <a href=\"mailto:customercare@interpet.co.uk\">customercare@interpet.co.uk,<\/a> Telefon: <a href=\"tel:01306%20881033\">01306 881033<\/a> \u00fcber die Erfassung, Verwendung und Weitergabe Ihrer Daten, die wir bei der Nutzung unserer Website ( https:\/\/mikkipet.com\/ ) erfassen. (der &#8222;Dienst&#8220;).<\/p>\n\n\n\n<p>Indem Sie auf den Dienst zugreifen oder ihn nutzen, erkl\u00e4ren Sie sich mit der Erfassung, Verwendung und Weitergabe Ihrer Daten in \u00dcbereinstimmung mit dieser Datenschutzrichtlinie einverstanden. Wenn Sie damit nicht einverstanden sind, unterlassen Sie bitte den Zugriff auf den Dienst und dessen Nutzung.<\/p>\n\n\n\n<p>Wir k\u00f6nnen diese Datenschutzrichtlinie jederzeit ohne vorherige Benachrichtigung an Sie \u00e4ndern und werden die \u00fcberarbeitete Datenschutzrichtlinie im Dienst ver\u00f6ffentlichen. Die \u00fcberarbeitete Richtlinie tritt 180 Tage nach der Ver\u00f6ffentlichung der \u00fcberarbeiteten Richtlinie im Dienst in Kraft, und wenn Sie nach diesem Zeitpunkt weiterhin auf den Dienst zugreifen oder ihn nutzen, erkl\u00e4ren Sie sich mit der \u00fcberarbeiteten Datenschutzrichtlinie einverstanden. Wir empfehlen Ihnen daher, diese Seite regelm\u00e4\u00dfig zu \u00fcberpr\u00fcfen.<\/p>\n\n\n\n<h3 class=\"wp-block-heading\">Wie wir Ihre Informationen verwenden:<\/h3>\n\n\n\n<p>Wir werden die Informationen, die wir \u00fcber Sie sammeln, f\u00fcr die folgenden Zwecke verwenden:<\/p>\n\n\n\n<h3 class=\"wp-block-heading\">Marketing\/Werbung<\/h3>\n\n\n\n<p>Wenn wir Ihre Daten f\u00fcr einen anderen Zweck verwenden wollen, werden wir Sie um Ihre Zustimmung bitten und Ihre Daten nur nach Erhalt Ihrer Zustimmung und dann nur f\u00fcr den\/die Zweck(e) verwenden, f\u00fcr den\/die Sie Ihre Zustimmung erteilt haben, es sei denn, wir sind gesetzlich zu etwas anderem verpflichtet.<\/p>\n\n\n\n<h3 class=\"wp-block-heading\">Ihre Rechte:<\/h3>\n\n\n\n<p>Je nach geltendem Recht haben Sie das Recht, auf Ihre personenbezogenen Daten zuzugreifen und diese zu berichtigen oder zu l\u00f6schen oder eine Kopie Ihrer personenbezogenen Daten zu erhalten, die aktive Verarbeitung Ihrer Daten einzuschr\u00e4nken oder ihr zu widersprechen, uns aufzufordern, Ihre personenbezogenen Daten an eine andere Stelle weiterzugeben (zu portieren), die uns erteilte Zustimmung zur Verarbeitung Ihrer Daten zu widerrufen, das Recht, eine Beschwerde bei einer gesetzlichen Beh\u00f6rde einzureichen, sowie weitere Rechte, die nach geltendem Recht relevant sein k\u00f6nnen. Um diese Rechte auszu\u00fcben, k\u00f6nnen Sie uns unter GDPR@interpet.co.uk schreiben. Wir werden Ihre Anfrage in \u00dcbereinstimmung mit dem geltenden Recht beantworten.<\/p>\n\n\n\n<p>Sie k\u00f6nnen sich von der Direktmarketingkommunikation oder dem Profiling, das wir zu Marketingzwecken tragen, abmelden, indem Sie uns unter <a href=\"mailto:GDPR@interpet.co.uk\">GDPR@interpet.co.uk<\/a> schreiben <a href=\"mailto:GDPR@interpet.co.uk\">.<\/a><br\/>Bitte beachten Sie, dass Sie, wenn Sie uns nicht gestatten, die erforderlichen personenbezogenen Daten zu erheben oder zu verarbeiten, oder wenn Sie Ihre Zustimmung zur Verarbeitung dieser Daten zu den erforderlichen Zwecken zur\u00fcckziehen, m\u00f6glicherweise nicht in der Lage sind, auf die Dienste zuzugreifen oder diese zu nutzen, f\u00fcr die Ihre Daten angefordert wurden.<\/p>\n\n\n\n<h3 class=\"wp-block-heading\">Cookies etc.<\/h3>\n\n\n\n<p>Wenn Sie mehr dar\u00fcber erfahren m\u00f6chten, wie wir diese Technologien verwenden und welche M\u00f6glichkeiten Sie in Bezug auf diese Tracking-Technologien haben, lesen Sie bitte unsere <a href=\"https:\/\/mikkipet.com\/de\/cookie-richtlinie\/\">Cookie-Richtlinie<\/a>.<\/p>\n\n\n\n<h3 class=\"wp-block-heading\">Sicherheit:<\/h3>\n\n\n\n<p>Die Sicherheit Ihrer Daten ist uns wichtig und wir werden angemessene Sicherheitsma\u00dfnahmen ergreifen, um den Verlust, den Missbrauch oder die unbefugte \u00c4nderung Ihrer Daten unter unserer Kontrolle zu verhindern. In Anbetracht der inh\u00e4renten Risiken k\u00f6nnen wir jedoch keine absolute Sicherheit garantieren, und folglich k\u00f6nnen wir die Sicherheit von Informationen, die Sie uns \u00fcbermitteln, weder gew\u00e4hrleisten noch garantieren, und Sie tun dies auf eigenes Risiko.<\/p>\n\n\n\n<h3 class=\"wp-block-heading\">Beschwerde-\/Datenschutzbeauftragter:<\/h3>\n\n\n\n<p>Wenn Sie Fragen oder Bedenken bez\u00fcglich der Verarbeitung Ihrer bei uns vorhandenen Daten haben, k\u00f6nnen Sie sich per E-Mail an unseren Beschwerdebeauftragten wenden: Customer Care, Interpet House, Vincent Lane, Dorking, Surrey, RH4 3YX, Vereinigtes K\u00f6nigreich, E-Mail: <a href=\"mailto:GDPR@interpet.co.uk\">GDPR@interpet.co.uk.<\/a> Wir werden Ihre Bedenken in \u00dcbereinstimmung mit dem geltenden Recht behandeln.<\/p>\n<\/div>\n<\/div><\/section>\n","protected":false},"excerpt":{"rendered":"<p>Datenschutzbestimmungen Datum des Inkrafttretens 05-Feb-2024 Diese Datenschutzrichtlinie beschreibt die Richtlinien von Interpet Ltd, Vincent Ln, Dorking RH4 3YX, Vereinigtes K\u00f6nigreich RH4 3YX, Vereinigtes K\u00f6nigreich von Gro\u00dfbritannien und Nordirland (das), E-Mail: customercare@interpet.co.uk, Telefon: 01306 881033 \u00fcber die Erfassung, Verwendung und Weitergabe Ihrer Daten, die wir bei der Nutzung unserer Website ( https:\/\/mikkipet.com\/ ) erfassen. (der &#8222;Dienst&#8220;). Indem Sie auf den Dienst zugreifen oder [&hellip;]<\/p>\n","protected":false},"author":1,"featured_media":0,"parent":0,"menu_order":0,"comment_status":"closed","ping_status":"closed","template":"","meta":{"_acf_changed":false,"_relevanssi_hide_post":"","_relevanssi_hide_content":"","_relevanssi_pin_for_all":"","_relevanssi_pin_keywords":"","_relevanssi_unpin_keywords":"","_relevanssi_related_keywords":"","_relevanssi_related_include_ids":"","_relevanssi_related_exclude_ids":"","_relevanssi_related_no_append":"","_relevanssi_related_not_related":"","_relevanssi_related_posts":"","_relevanssi_noindex_reason":"","_uag_custom_page_level_css":"","advgb_blocks_editor_width":"","advgb_blocks_columns_visual_guide":"","site-sidebar-layout":"default","site-content-layout":"default","ast-site-content-layout":"default","site-content-style":"default","site-sidebar-style":"default","ast-global-header-display":"","ast-banner-title-visibility":"","ast-main-header-display":"","ast-hfb-above-header-display":"","ast-hfb-below-header-display":"","ast-hfb-mobile-header-display":"","site-post-title":"disabled","ast-breadcrumbs-content":"","ast-featured-img":"","footer-sml-layout":"","ast-disable-related-posts":"","theme-transparent-header-meta":"default","adv-header-id-meta":"","stick-header-meta":"default","header-above-stick-meta":"","header-main-stick-meta":"","header-below-stick-meta":"","astra-migrate-meta-layouts":"default","ast-page-background-enabled":"default","ast-page-background-meta":{"desktop":{"background-color":"","background-image":"","background-repeat":"repeat","background-position":"center center","background-size":"auto","background-attachment":"scroll","background-type":"","background-media":"","overlay-type":"","overlay-color":"","overlay-opacity":"","overlay-gradient":""},"tablet":{"background-color":"","background-image":"","background-repeat":"repeat","background-position":"center center","background-size":"auto","background-attachment":"scroll","background-type":"","background-media":"","overlay-type":"","overlay-color":"","overlay-opacity":"","overlay-gradient":""},"mobile":{"background-color":"","background-image":"","background-repeat":"repeat","background-position":"center center","background-size":"auto","background-attachment":"scroll","background-type":"","background-media":"","overlay-type":"","overlay-color":"","overlay-opacity":"","overlay-gradient":""}},"ast-content-background-meta":{"desktop":{"background-color":"var(--ast-global-color-5)","background-image":"","background-repeat":"repeat","background-position":"center center","background-size":"auto","background-attachment":"scroll","background-type":"","background-media":"","overlay-type":"","overlay-color":"","overlay-opacity":"","overlay-gradient":""},"tablet":{"background-color":"var(--ast-global-color-5)","background-image":"","background-repeat":"repeat","background-position":"center center","background-size":"auto","background-attachment":"scroll","background-type":"","background-media":"","overlay-type":"","overlay-color":"","overlay-opacity":"","overlay-gradient":""},"mobile":{"background-color":"var(--ast-global-color-5)","background-image":"","background-repeat":"repeat","background-position":"center center","background-size":"auto","background-attachment":"scroll","background-type":"","background-media":"","overlay-type":"","overlay-color":"","overlay-opacity":"","overlay-gradient":""}},"footnotes":""},"class_list":["ranking_","post-19083","page","type-page","status-publish","hentry"],"acf":[],"yoast_head":"<!-- This site is optimized with the Yoast SEO plugin v27.3 - https:\/\/yoast.com\/product\/yoast-seo-wordpress\/ -->\n<title>Datenschutzbestimmungen - Mikki Pet<\/title>\n<meta name=\"description\" content=\"Datenschutzbestimmungen f\u00fcr Nylabone\" \/>\n<meta name=\"robots\" content=\"index, follow, max-snippet:-1, max-image-preview:large, max-video-preview:-1\" \/>\n<link rel=\"canonical\" href=\"https:\/\/mikkipet.com\/de\/datenschutzbestimmungen\/\" \/>\n<meta property=\"og:locale\" content=\"de_DE\" \/>\n<meta property=\"og:type\" content=\"article\" \/>\n<meta property=\"og:title\" content=\"Datenschutzbestimmungen - Mikki Pet\" \/>\n<meta property=\"og:description\" content=\"Datenschutzbestimmungen f\u00fcr Nylabone\" \/>\n<meta property=\"og:url\" content=\"https:\/\/mikkipet.com\/de\/datenschutzbestimmungen\/\" \/>\n<meta property=\"og:site_name\" content=\"Mikki Pet\" \/>\n<meta property=\"article:modified_time\" content=\"2024-08-28T07:56:52+00:00\" \/>\n<meta name=\"twitter:card\" content=\"summary_large_image\" \/>\n<meta name=\"twitter:label1\" content=\"Est. reading time\" \/>\n\t<meta name=\"twitter:data1\" content=\"3 Minuten\" \/>\n<script type=\"application\/ld+json\" class=\"yoast-schema-graph\">{\"@context\":\"https:\\\/\\\/schema.org\",\"@graph\":[{\"@type\":\"WebPage\",\"@id\":\"https:\\\/\\\/mikkipet.com\\\/de\\\/datenschutzbestimmungen\\\/\",\"url\":\"https:\\\/\\\/mikkipet.com\\\/de\\\/datenschutzbestimmungen\\\/\",\"name\":\"Datenschutzbestimmungen - Mikki Pet\",\"isPartOf\":{\"@id\":\"https:\\\/\\\/mikkipet.com\\\/de\\\/#website\"},\"datePublished\":\"2022-02-01T13:37:26+00:00\",\"dateModified\":\"2024-08-28T07:56:52+00:00\",\"description\":\"Datenschutzbestimmungen f\u00fcr Nylabone\",\"breadcrumb\":{\"@id\":\"https:\\\/\\\/mikkipet.com\\\/de\\\/datenschutzbestimmungen\\\/#breadcrumb\"},\"inLanguage\":\"de-DE\",\"potentialAction\":[{\"@type\":\"ReadAction\",\"target\":[\"https:\\\/\\\/mikkipet.com\\\/de\\\/datenschutzbestimmungen\\\/\"]}]},{\"@type\":\"BreadcrumbList\",\"@id\":\"https:\\\/\\\/mikkipet.com\\\/de\\\/datenschutzbestimmungen\\\/#breadcrumb\",\"itemListElement\":[{\"@type\":\"ListItem\",\"position\":1,\"name\":\"Home\",\"item\":\"https:\\\/\\\/mikkipet.com\\\/de\\\/\"},{\"@type\":\"ListItem\",\"position\":2,\"name\":\"Datenschutzbestimmungen\"}]},{\"@type\":\"WebSite\",\"@id\":\"https:\\\/\\\/mikkipet.com\\\/de\\\/#website\",\"url\":\"https:\\\/\\\/mikkipet.com\\\/de\\\/\",\"name\":\"Mikki Pet\",\"description\":\"\",\"publisher\":{\"@id\":\"https:\\\/\\\/mikkipet.com\\\/de\\\/#organization\"},\"potentialAction\":[{\"@type\":\"SearchAction\",\"target\":{\"@type\":\"EntryPoint\",\"urlTemplate\":\"https:\\\/\\\/mikkipet.com\\\/de\\\/?s={search_term_string}\"},\"query-input\":{\"@type\":\"PropertyValueSpecification\",\"valueRequired\":true,\"valueName\":\"search_term_string\"}}],\"inLanguage\":\"de-DE\"},{\"@type\":\"Organization\",\"@id\":\"https:\\\/\\\/mikkipet.com\\\/de\\\/#organization\",\"name\":\"Mikki Pet\",\"url\":\"https:\\\/\\\/mikkipet.com\\\/de\\\/\",\"logo\":{\"@type\":\"ImageObject\",\"inLanguage\":\"de-DE\",\"@id\":\"https:\\\/\\\/mikkipet.com\\\/de\\\/#\\\/schema\\\/logo\\\/image\\\/\",\"url\":\"https:\\\/\\\/mikkipet.com\\\/wp-content\\\/uploads\\\/2024\\\/04\\\/cropped-cropped-Mikki_logo-BW.png\",\"contentUrl\":\"https:\\\/\\\/mikkipet.com\\\/wp-content\\\/uploads\\\/2024\\\/04\\\/cropped-cropped-Mikki_logo-BW.png\",\"width\":163,\"height\":163,\"caption\":\"Mikki Pet\"},\"image\":{\"@id\":\"https:\\\/\\\/mikkipet.com\\\/de\\\/#\\\/schema\\\/logo\\\/image\\\/\"}}]}<\/script>\n<!-- \/ Yoast SEO plugin. -->","yoast_head_json":{"title":"Datenschutzbestimmungen - Mikki Pet","description":"Datenschutzbestimmungen f\u00fcr Nylabone","robots":{"index":"index","follow":"follow","max-snippet":"max-snippet:-1","max-image-preview":"max-image-preview:large","max-video-preview":"max-video-preview:-1"},"canonical":"https:\/\/mikkipet.com\/de\/datenschutzbestimmungen\/","og_locale":"de_DE","og_type":"article","og_title":"Datenschutzbestimmungen - Mikki Pet","og_description":"Datenschutzbestimmungen f\u00fcr Nylabone","og_url":"https:\/\/mikkipet.com\/de\/datenschutzbestimmungen\/","og_site_name":"Mikki Pet","article_modified_time":"2024-08-28T07:56:52+00:00","twitter_card":"summary_large_image","twitter_misc":{"Est. reading time":"3 Minuten"},"schema":{"@context":"https:\/\/schema.org","@graph":[{"@type":"WebPage","@id":"https:\/\/mikkipet.com\/de\/datenschutzbestimmungen\/","url":"https:\/\/mikkipet.com\/de\/datenschutzbestimmungen\/","name":"Datenschutzbestimmungen - Mikki Pet","isPartOf":{"@id":"https:\/\/mikkipet.com\/de\/#website"},"datePublished":"2022-02-01T13:37:26+00:00","dateModified":"2024-08-28T07:56:52+00:00","description":"Datenschutzbestimmungen f\u00fcr Nylabone","breadcrumb":{"@id":"https:\/\/mikkipet.com\/de\/datenschutzbestimmungen\/#breadcrumb"},"inLanguage":"de-DE","potentialAction":[{"@type":"ReadAction","target":["https:\/\/mikkipet.com\/de\/datenschutzbestimmungen\/"]}]},{"@type":"BreadcrumbList","@id":"https:\/\/mikkipet.com\/de\/datenschutzbestimmungen\/#breadcrumb","itemListElement":[{"@type":"ListItem","position":1,"name":"Home","item":"https:\/\/mikkipet.com\/de\/"},{"@type":"ListItem","position":2,"name":"Datenschutzbestimmungen"}]},{"@type":"WebSite","@id":"https:\/\/mikkipet.com\/de\/#website","url":"https:\/\/mikkipet.com\/de\/","name":"Mikki Pet","description":"","publisher":{"@id":"https:\/\/mikkipet.com\/de\/#organization"},"potentialAction":[{"@type":"SearchAction","target":{"@type":"EntryPoint","urlTemplate":"https:\/\/mikkipet.com\/de\/?s={search_term_string}"},"query-input":{"@type":"PropertyValueSpecification","valueRequired":true,"valueName":"search_term_string"}}],"inLanguage":"de-DE"},{"@type":"Organization","@id":"https:\/\/mikkipet.com\/de\/#organization","name":"Mikki Pet","url":"https:\/\/mikkipet.com\/de\/","logo":{"@type":"ImageObject","inLanguage":"de-DE","@id":"https:\/\/mikkipet.com\/de\/#\/schema\/logo\/image\/","url":"https:\/\/mikkipet.com\/wp-content\/uploads\/2024\/04\/cropped-cropped-Mikki_logo-BW.png","contentUrl":"https:\/\/mikkipet.com\/wp-content\/uploads\/2024\/04\/cropped-cropped-Mikki_logo-BW.png","width":163,"height":163,"caption":"Mikki Pet"},"image":{"@id":"https:\/\/mikkipet.com\/de\/#\/schema\/logo\/image\/"}}]}},"uagb_featured_image_src":{"full":false,"thumbnail":false,"medium":false,"medium_large":false,"large":false,"gs-tiny":false,"xl":false,"xxl":false,"xxxl":false,"xxxxl":false,"xxxxxl":false,"blz_expanded_feature":false,"1536x1536":false,"2048x2048":false,"background_image":false,"woocommerce_thumbnail":false,"woocommerce_single":false,"woocommerce_gallery_thumbnail":false,"shop_catalog":false,"shop_single":false,"shop_thumbnail":false,"page-header":false,"page-two-to-one":false},"uagb_author_info":{"display_name":"blaze","author_link":"https:\/\/mikkipet.com\/de\/author\/blaze\/"},"uagb_comment_info":0,"uagb_excerpt":"Datenschutzbestimmungen Datum des Inkrafttretens 05-Feb-2024 Diese Datenschutzrichtlinie beschreibt die Richtlinien von Interpet Ltd, Vincent Ln, Dorking RH4 3YX, Vereinigtes K\u00f6nigreich RH4 3YX, Vereinigtes K\u00f6nigreich von Gro\u00dfbritannien und Nordirland (das), E-Mail: customercare@interpet.co.uk, Telefon: 01306 881033 \u00fcber die Erfassung, Verwendung und Weitergabe Ihrer Daten, die wir bei der Nutzung unserer Website ( https:\/\/mikkipet.com\/ ) erfassen. (der &#8222;Dienst&#8220;).&hellip;","coauthors":[],"author_meta":{"author_link":"https:\/\/mikkipet.com\/de\/author\/blaze\/","display_name":"blaze"},"relative_dates":{"created":"Posted 4 Jahren ago","modified":"Updated 2 Jahren ago"},"absolute_dates":{"created":"Posted on ","modified":"Updated on "},"absolute_dates_time":{"created":"Posted on  ","modified":"Updated on  "},"featured_img_caption":"","featured_img":false,"series_order":"","_links":{"self":[{"href":"https:\/\/mikkipet.com\/de\/wp-json\/wp\/v2\/pages\/19083","targetHints":{"allow":["GET"]}}],"collection":[{"href":"https:\/\/mikkipet.com\/de\/wp-json\/wp\/v2\/pages"}],"about":[{"href":"https:\/\/mikkipet.com\/de\/wp-json\/wp\/v2\/types\/page"}],"author":[{"embeddable":true,"href":"https:\/\/mikkipet.com\/de\/wp-json\/wp\/v2\/users\/1"}],"replies":[{"embeddable":true,"href":"https:\/\/mikkipet.com\/de\/wp-json\/wp\/v2\/comments?post=19083"}],"version-history":[{"count":7,"href":"https:\/\/mikkipet.com\/de\/wp-json\/wp\/v2\/pages\/19083\/revisions"}],"predecessor-version":[{"id":32153,"href":"https:\/\/mikkipet.com\/de\/wp-json\/wp\/v2\/pages\/19083\/revisions\/32153"}],"wp:attachment":[{"href":"https:\/\/mikkipet.com\/de\/wp-json\/wp\/v2\/media?parent=19083"}],"curies":[{"name":"wp","href":"https:\/\/api.w.org\/{rel}","templated":true}]}}