{"id":19087,"date":"2022-02-01T14:40:03","date_gmt":"2022-02-01T14:40:03","guid":{"rendered":"https:\/\/mikkipet.com\/kontakt\/"},"modified":"2023-07-19T14:53:11","modified_gmt":"2023-07-19T13:53:11","slug":"kontakt","status":"publish","type":"page","link":"https:\/\/mikkipet.com\/de\/kontakt\/","title":{"rendered":"Kontakt"},"content":{"rendered":"\n<section class=\"wp-block-uagb-columns uagb-columns__wrap uagb-columns__stack-mobile uagb-columns__valign- uagb-columns__gap-10 align uagb-block-c4f3f9eb uagb-columns__columns-1 uagb-columns__max_width-theme advgb-block-c4f3f9eb\"><div class=\"uagb-columns__overlay\"><\/div><div class=\"uagb-columns__inner-wrap uagb-columns__columns-1\">\n<div class=\"wp-block-uagb-column uagb-column__wrap uagb-column__background-undefined uagb-block-3fda25d3 advgb-block-3fda25d3\"><div class=\"uagb-column__overlay\"><\/div>\n<h1 class=\"has-text-align-center wp-block-heading\" style=\"font-size:38px\">Kontakt<a href=\"https:\/\/www.nylabone.co.uk\/Support\/Got-a-question\/Nylabone-chews\"><\/a><a href=\"https:\/\/www.nylabone.co.uk\/Support\/Chewing\/Why-dogs-chew\"><\/a><a href=\"https:\/\/www.nylabone.co.uk\/Support\/Challenge-Nylabone\"><\/a><\/h1>\n<\/div>\n<\/div><\/section>\n\n<section class=\"wp-block-uagb-columns uagb-columns__wrap uagb-columns__background-color uagb-columns__stack-mobile uagb-columns__valign- uagb-columns__gap-10 align uagb-block-c3a2ec60 uagb-columns__columns-1 uagb-columns__max_width-custom advgb-block-c3a2ec60\"><div class=\"uagb-columns__overlay\"><\/div><div class=\"uagb-columns__inner-wrap uagb-columns__columns-1\">\n<div class=\"wp-block-uagb-column uagb-column__wrap uagb-column__background-undefined uagb-block-de4c9e76 advgb-block-de4c9e76\"><div class=\"uagb-column__overlay\"><\/div>\n<p class=\"has-text-align-center has-ast-global-color-5-color has-text-color\" style=\"font-size:25px\">Wir sind hier, um Ihnen zu helfen<\/p>\n<\/div>\n<\/div><\/section>\n\n<section class=\"wp-block-uagb-columns uagb-columns__wrap uagb-columns__background-color uagb-columns__stack-mobile uagb-columns__valign-top uagb-columns__gap-10 align uagb-block-9e397390 uagb-columns__columns-1 uagb-columns__max_width-custom advgb-block-9e397390\"><div class=\"uagb-columns__overlay\"><\/div><div class=\"uagb-columns__inner-wrap uagb-columns__columns-1\">\n<div class=\"wp-block-uagb-column uagb-column__wrap uagb-column__background-undefined uagb-block-902895da advgb-block-902895da\"><div class=\"uagb-column__overlay\"><\/div>\n<p class=\"has-text-align-left has-medium-font-size\"><strong>F\u00fcr Hilfe bei einem fehlerhaften oder besch\u00e4digten Produkt wenden Sie sich bitte an Ihren H\u00e4ndler.<\/strong><\/p>\n\n\n\n<p class=\"has-text-align-left\">Bitte beachten Sie, dass wir ein Hersteller sind und <strong>nicht an die breite \u00d6ffentlichkeit verkaufen<\/strong>. Wenn Sie unsere Produkte kaufen m\u00f6chten, besuchen Sie bitte Ihr \u00f6rtliches Tier- oder Aquaristikgesch\u00e4ft oder suchen Sie bei Ihrem bevorzugten Online-H\u00e4ndler nach unseren Produkten. Siehe unser <a href=\"https:\/\/mikkipet.com\/de\/wo-zu-kaufen\/\"><strong>H\u00e4ndlersuche<\/strong> <\/a>f\u00fcr den n\u00e4chstgelegenen Fachh\u00e4ndler.<\/p>\n\n\n\n<p class=\"has-text-align-left has-medium-font-size\"><strong>Wenn Sie immer noch keine Antwort auf Ihre Frage finden, benutzen Sie bitte die Schaltfl\u00e4che unten, um uns zu kontaktieren.<\/strong><\/p>\n\n\n\n<div class=\"wp-block-advgb-button alignnone is-style-squared\"><a class=\"wp-block-advgb-button_link advgbbtn-ae9b44ad-dc67-42b1-b0ec-54e42f02c4ef\" href=\"https:\/\/www.interpetcentral.com\/contact-us\/\" target=\"_blank\" rel=\"noopener noreferrer\"><span>Kontakt<\/span><\/a><\/div>\n<\/div>\n<\/div><\/section>\n<style class=\"advgb-styles-renderer\">.advgbbtn-ae9b44ad-dc67-42b1-b0ec-54e42f02c4ef{font-size:18px;color:#fff !important;background-color:var(--ast-global-color-0) !important;margin:0px 0px 0px 0px !important;padding:10px 30px 10px 30px;border-width:1px !important;border-style:none;border-radius:50px !important;}.advgbbtn-ae9b44ad-dc67-42b1-b0ec-54e42f02c4ef:hover{box-shadow:1px 1px 12px 0px #ccc;opacity:1;transition:all 0.2s ease;}.advgbbtn-ae9b44ad-dc67-42b1-b0ec-54e42f02c4ef > i {display: none !important;}.advgbbtn-ae9b44ad-dc67-42b1-b0ec-54e42f02c4ef{font-size:18px;color:#fff !important;background-color:var(--ast-global-color-0) !important;margin:0px 0px 0px 0px !important;padding:10px 30px 10px 30px;border-width:1px !important;border-style:none;border-radius:50px !important;}.advgbbtn-ae9b44ad-dc67-42b1-b0ec-54e42f02c4ef:hover{box-shadow:1px 1px 12px 0px #ccc;opacity:1;transition:all 0.2s ease;}.advgbbtn-ae9b44ad-dc67-42b1-b0ec-54e42f02c4ef > i {display: none !important;}.advgbbtn-ae9b44ad-dc67-42b1-b0ec-54e42f02c4ef{font-size:18px;color:#fff !important;background-color:var(--ast-global-color-0) !important;margin:0px 0px 0px 0px !important;padding:10px 30px 10px 30px;border-width:1px !important;border-style:none;border-radius:50px !important;}.advgbbtn-ae9b44ad-dc67-42b1-b0ec-54e42f02c4ef:hover{box-shadow:1px 1px 12px 0px #ccc;opacity:1;transition:all 0.2s ease;}.advgbbtn-ae9b44ad-dc67-42b1-b0ec-54e42f02c4ef > i {display: none !important;}<\/style>","protected":false},"excerpt":{"rendered":"<p>Kontakt Wir sind hier, um Ihnen zu helfen F\u00fcr Hilfe bei einem fehlerhaften oder besch\u00e4digten Produkt wenden Sie sich bitte an Ihren H\u00e4ndler. Bitte beachten Sie, dass wir ein Hersteller sind und nicht an die breite \u00d6ffentlichkeit verkaufen. Wenn Sie unsere Produkte kaufen m\u00f6chten, besuchen Sie bitte Ihr \u00f6rtliches Tier- oder Aquaristikgesch\u00e4ft oder suchen Sie bei Ihrem bevorzugten Online-H\u00e4ndler nach unseren Produkten. [&hellip;]<\/p>\n","protected":false},"author":1,"featured_media":0,"parent":0,"menu_order":0,"comment_status":"closed","ping_status":"closed","template":"","meta":{"_acf_changed":false,"_relevanssi_hide_post":"","_relevanssi_hide_content":"","_relevanssi_pin_for_all":"","_relevanssi_pin_keywords":"","_relevanssi_unpin_keywords":"","_relevanssi_related_keywords":"","_relevanssi_related_include_ids":"","_relevanssi_related_exclude_ids":"","_relevanssi_related_no_append":"","_relevanssi_related_not_related":"","_relevanssi_related_posts":"","_relevanssi_noindex_reason":"","_uag_custom_page_level_css":"","advgb_blocks_editor_width":"","advgb_blocks_columns_visual_guide":"","site-sidebar-layout":"default","site-content-layout":"default","ast-site-content-layout":"default","site-content-style":"default","site-sidebar-style":"default","ast-global-header-display":"","ast-banner-title-visibility":"","ast-main-header-display":"","ast-hfb-above-header-display":"","ast-hfb-below-header-display":"","ast-hfb-mobile-header-display":"","site-post-title":"disabled","ast-breadcrumbs-content":"","ast-featured-img":"","footer-sml-layout":"","ast-disable-related-posts":"","theme-transparent-header-meta":"default","adv-header-id-meta":"","stick-header-meta":"default","header-above-stick-meta":"","header-main-stick-meta":"","header-below-stick-meta":"","astra-migrate-meta-layouts":"default","ast-page-background-enabled":"default","ast-page-background-meta":{"desktop":{"background-color":"","background-image":"","background-repeat":"repeat","background-position":"center center","background-size":"auto","background-attachment":"scroll","background-type":"","background-media":"","overlay-type":"","overlay-color":"","overlay-opacity":"","overlay-gradient":""},"tablet":{"background-color":"","background-image":"","background-repeat":"repeat","background-position":"center center","background-size":"auto","background-attachment":"scroll","background-type":"","background-media":"","overlay-type":"","overlay-color":"","overlay-opacity":"","overlay-gradient":""},"mobile":{"background-color":"","background-image":"","background-repeat":"repeat","background-position":"center center","background-size":"auto","background-attachment":"scroll","background-type":"","background-media":"","overlay-type":"","overlay-color":"","overlay-opacity":"","overlay-gradient":""}},"ast-content-background-meta":{"desktop":{"background-color":"var(--ast-global-color-5)","background-image":"","background-repeat":"repeat","background-position":"center center","background-size":"auto","background-attachment":"scroll","background-type":"","background-media":"","overlay-type":"","overlay-color":"","overlay-opacity":"","overlay-gradient":""},"tablet":{"background-color":"var(--ast-global-color-5)","background-image":"","background-repeat":"repeat","background-position":"center center","background-size":"auto","background-attachment":"scroll","background-type":"","background-media":"","overlay-type":"","overlay-color":"","overlay-opacity":"","overlay-gradient":""},"mobile":{"background-color":"var(--ast-global-color-5)","background-image":"","background-repeat":"repeat","background-position":"center center","background-size":"auto","background-attachment":"scroll","background-type":"","background-media":"","overlay-type":"","overlay-color":"","overlay-opacity":"","overlay-gradient":""}},"footnotes":""},"class_list":["ranking_","post-19087","page","type-page","status-publish","hentry"],"acf":[],"yoast_head":"<!-- This site is optimized with the Yoast SEO plugin v27.3 - https:\/\/yoast.com\/product\/yoast-seo-wordpress\/ -->\n<title>Kontakt - Mikki Pet<\/title>\n<meta name=\"description\" content=\"Kontaktieren Sie uns \u00fcber das Formular f\u00fcr Nylabone - den Marktf\u00fchrer f\u00fcr Kauartikel aus Nylon, die das zerst\u00f6rerische Kauen von Hunden verhindern helfen.\" \/>\n<meta name=\"robots\" content=\"index, follow, max-snippet:-1, max-image-preview:large, max-video-preview:-1\" \/>\n<link rel=\"canonical\" href=\"https:\/\/mikkipet.com\/de\/kontakt\/\" \/>\n<meta property=\"og:locale\" content=\"de_DE\" \/>\n<meta property=\"og:type\" content=\"article\" \/>\n<meta property=\"og:title\" content=\"Kontakt - Mikki Pet\" \/>\n<meta property=\"og:description\" content=\"Kontaktieren Sie uns \u00fcber das Formular f\u00fcr Nylabone - den Marktf\u00fchrer f\u00fcr Kauartikel aus Nylon, die das zerst\u00f6rerische Kauen von Hunden verhindern helfen.\" \/>\n<meta property=\"og:url\" content=\"https:\/\/mikkipet.com\/de\/kontakt\/\" \/>\n<meta property=\"og:site_name\" content=\"Mikki Pet\" \/>\n<meta property=\"article:modified_time\" content=\"2023-07-19T13:53:11+00:00\" \/>\n<meta name=\"twitter:card\" content=\"summary_large_image\" \/>\n<meta name=\"twitter:label1\" content=\"Est. reading time\" \/>\n\t<meta name=\"twitter:data1\" content=\"1 Minute\" \/>\n<script type=\"application\/ld+json\" class=\"yoast-schema-graph\">{\"@context\":\"https:\\\/\\\/schema.org\",\"@graph\":[{\"@type\":\"WebPage\",\"@id\":\"https:\\\/\\\/mikkipet.com\\\/de\\\/kontakt\\\/\",\"url\":\"https:\\\/\\\/mikkipet.com\\\/de\\\/kontakt\\\/\",\"name\":\"Kontakt - Mikki Pet\",\"isPartOf\":{\"@id\":\"https:\\\/\\\/mikkipet.com\\\/de\\\/#website\"},\"datePublished\":\"2022-02-01T14:40:03+00:00\",\"dateModified\":\"2023-07-19T13:53:11+00:00\",\"description\":\"Kontaktieren Sie uns \u00fcber das Formular f\u00fcr Nylabone - den Marktf\u00fchrer f\u00fcr Kauartikel aus Nylon, die das zerst\u00f6rerische Kauen von Hunden verhindern helfen.\",\"breadcrumb\":{\"@id\":\"https:\\\/\\\/mikkipet.com\\\/de\\\/kontakt\\\/#breadcrumb\"},\"inLanguage\":\"de-DE\",\"potentialAction\":[{\"@type\":\"ReadAction\",\"target\":[\"https:\\\/\\\/mikkipet.com\\\/de\\\/kontakt\\\/\"]}]},{\"@type\":\"BreadcrumbList\",\"@id\":\"https:\\\/\\\/mikkipet.com\\\/de\\\/kontakt\\\/#breadcrumb\",\"itemListElement\":[{\"@type\":\"ListItem\",\"position\":1,\"name\":\"Home\",\"item\":\"https:\\\/\\\/mikkipet.com\\\/de\\\/\"},{\"@type\":\"ListItem\",\"position\":2,\"name\":\"Kontakt\"}]},{\"@type\":\"WebSite\",\"@id\":\"https:\\\/\\\/mikkipet.com\\\/de\\\/#website\",\"url\":\"https:\\\/\\\/mikkipet.com\\\/de\\\/\",\"name\":\"Mikki Pet\",\"description\":\"\",\"publisher\":{\"@id\":\"https:\\\/\\\/mikkipet.com\\\/de\\\/#organization\"},\"potentialAction\":[{\"@type\":\"SearchAction\",\"target\":{\"@type\":\"EntryPoint\",\"urlTemplate\":\"https:\\\/\\\/mikkipet.com\\\/de\\\/?s={search_term_string}\"},\"query-input\":{\"@type\":\"PropertyValueSpecification\",\"valueRequired\":true,\"valueName\":\"search_term_string\"}}],\"inLanguage\":\"de-DE\"},{\"@type\":\"Organization\",\"@id\":\"https:\\\/\\\/mikkipet.com\\\/de\\\/#organization\",\"name\":\"Mikki Pet\",\"url\":\"https:\\\/\\\/mikkipet.com\\\/de\\\/\",\"logo\":{\"@type\":\"ImageObject\",\"inLanguage\":\"de-DE\",\"@id\":\"https:\\\/\\\/mikkipet.com\\\/de\\\/#\\\/schema\\\/logo\\\/image\\\/\",\"url\":\"https:\\\/\\\/mikkipet.com\\\/wp-content\\\/uploads\\\/2024\\\/04\\\/cropped-cropped-Mikki_logo-BW.png\",\"contentUrl\":\"https:\\\/\\\/mikkipet.com\\\/wp-content\\\/uploads\\\/2024\\\/04\\\/cropped-cropped-Mikki_logo-BW.png\",\"width\":163,\"height\":163,\"caption\":\"Mikki Pet\"},\"image\":{\"@id\":\"https:\\\/\\\/mikkipet.com\\\/de\\\/#\\\/schema\\\/logo\\\/image\\\/\"}}]}<\/script>\n<!-- \/ Yoast SEO plugin. -->","yoast_head_json":{"title":"Kontakt - Mikki Pet","description":"Kontaktieren Sie uns \u00fcber das Formular f\u00fcr Nylabone - den Marktf\u00fchrer f\u00fcr Kauartikel aus Nylon, die das zerst\u00f6rerische Kauen von Hunden verhindern helfen.","robots":{"index":"index","follow":"follow","max-snippet":"max-snippet:-1","max-image-preview":"max-image-preview:large","max-video-preview":"max-video-preview:-1"},"canonical":"https:\/\/mikkipet.com\/de\/kontakt\/","og_locale":"de_DE","og_type":"article","og_title":"Kontakt - Mikki Pet","og_description":"Kontaktieren Sie uns \u00fcber das Formular f\u00fcr Nylabone - den Marktf\u00fchrer f\u00fcr Kauartikel aus Nylon, die das zerst\u00f6rerische Kauen von Hunden verhindern helfen.","og_url":"https:\/\/mikkipet.com\/de\/kontakt\/","og_site_name":"Mikki Pet","article_modified_time":"2023-07-19T13:53:11+00:00","twitter_card":"summary_large_image","twitter_misc":{"Est. reading time":"1 Minute"},"schema":{"@context":"https:\/\/schema.org","@graph":[{"@type":"WebPage","@id":"https:\/\/mikkipet.com\/de\/kontakt\/","url":"https:\/\/mikkipet.com\/de\/kontakt\/","name":"Kontakt - Mikki Pet","isPartOf":{"@id":"https:\/\/mikkipet.com\/de\/#website"},"datePublished":"2022-02-01T14:40:03+00:00","dateModified":"2023-07-19T13:53:11+00:00","description":"Kontaktieren Sie uns \u00fcber das Formular f\u00fcr Nylabone - den Marktf\u00fchrer f\u00fcr Kauartikel aus Nylon, die das zerst\u00f6rerische Kauen von Hunden verhindern helfen.","breadcrumb":{"@id":"https:\/\/mikkipet.com\/de\/kontakt\/#breadcrumb"},"inLanguage":"de-DE","potentialAction":[{"@type":"ReadAction","target":["https:\/\/mikkipet.com\/de\/kontakt\/"]}]},{"@type":"BreadcrumbList","@id":"https:\/\/mikkipet.com\/de\/kontakt\/#breadcrumb","itemListElement":[{"@type":"ListItem","position":1,"name":"Home","item":"https:\/\/mikkipet.com\/de\/"},{"@type":"ListItem","position":2,"name":"Kontakt"}]},{"@type":"WebSite","@id":"https:\/\/mikkipet.com\/de\/#website","url":"https:\/\/mikkipet.com\/de\/","name":"Mikki Pet","description":"","publisher":{"@id":"https:\/\/mikkipet.com\/de\/#organization"},"potentialAction":[{"@type":"SearchAction","target":{"@type":"EntryPoint","urlTemplate":"https:\/\/mikkipet.com\/de\/?s={search_term_string}"},"query-input":{"@type":"PropertyValueSpecification","valueRequired":true,"valueName":"search_term_string"}}],"inLanguage":"de-DE"},{"@type":"Organization","@id":"https:\/\/mikkipet.com\/de\/#organization","name":"Mikki Pet","url":"https:\/\/mikkipet.com\/de\/","logo":{"@type":"ImageObject","inLanguage":"de-DE","@id":"https:\/\/mikkipet.com\/de\/#\/schema\/logo\/image\/","url":"https:\/\/mikkipet.com\/wp-content\/uploads\/2024\/04\/cropped-cropped-Mikki_logo-BW.png","contentUrl":"https:\/\/mikkipet.com\/wp-content\/uploads\/2024\/04\/cropped-cropped-Mikki_logo-BW.png","width":163,"height":163,"caption":"Mikki Pet"},"image":{"@id":"https:\/\/mikkipet.com\/de\/#\/schema\/logo\/image\/"}}]}},"uagb_featured_image_src":{"full":false,"thumbnail":false,"medium":false,"medium_large":false,"large":false,"gs-tiny":false,"xl":false,"xxl":false,"xxxl":false,"xxxxl":false,"xxxxxl":false,"blz_expanded_feature":false,"1536x1536":false,"2048x2048":false,"background_image":false,"woocommerce_thumbnail":false,"woocommerce_single":false,"woocommerce_gallery_thumbnail":false,"shop_catalog":false,"shop_single":false,"shop_thumbnail":false,"page-header":false,"page-two-to-one":false},"uagb_author_info":{"display_name":"blaze","author_link":"https:\/\/mikkipet.com\/de\/author\/blaze\/"},"uagb_comment_info":0,"uagb_excerpt":"Kontakt Wir sind hier, um Ihnen zu helfen F\u00fcr Hilfe bei einem fehlerhaften oder besch\u00e4digten Produkt wenden Sie sich bitte an Ihren H\u00e4ndler. Bitte beachten Sie, dass wir ein Hersteller sind und nicht an die breite \u00d6ffentlichkeit verkaufen. Wenn Sie unsere Produkte kaufen m\u00f6chten, besuchen Sie bitte Ihr \u00f6rtliches Tier- oder Aquaristikgesch\u00e4ft oder suchen Sie&hellip;","coauthors":[],"author_meta":{"author_link":"https:\/\/mikkipet.com\/de\/author\/blaze\/","display_name":"blaze"},"relative_dates":{"created":"Posted 4 Jahren ago","modified":"Updated 3 Jahren ago"},"absolute_dates":{"created":"Posted on ","modified":"Updated on "},"absolute_dates_time":{"created":"Posted on  ","modified":"Updated on  "},"featured_img_caption":"","featured_img":false,"series_order":"","_links":{"self":[{"href":"https:\/\/mikkipet.com\/de\/wp-json\/wp\/v2\/pages\/19087","targetHints":{"allow":["GET"]}}],"collection":[{"href":"https:\/\/mikkipet.com\/de\/wp-json\/wp\/v2\/pages"}],"about":[{"href":"https:\/\/mikkipet.com\/de\/wp-json\/wp\/v2\/types\/page"}],"author":[{"embeddable":true,"href":"https:\/\/mikkipet.com\/de\/wp-json\/wp\/v2\/users\/1"}],"replies":[{"embeddable":true,"href":"https:\/\/mikkipet.com\/de\/wp-json\/wp\/v2\/comments?post=19087"}],"version-history":[{"count":1,"href":"https:\/\/mikkipet.com\/de\/wp-json\/wp\/v2\/pages\/19087\/revisions"}],"predecessor-version":[{"id":19089,"href":"https:\/\/mikkipet.com\/de\/wp-json\/wp\/v2\/pages\/19087\/revisions\/19089"}],"wp:attachment":[{"href":"https:\/\/mikkipet.com\/de\/wp-json\/wp\/v2\/media?parent=19087"}],"curies":[{"name":"wp","href":"https:\/\/api.w.org\/{rel}","templated":true}]}}