{"id":19101,"date":"2022-07-29T13:38:33","date_gmt":"2022-07-29T12:38:33","guid":{"rendered":"https:\/\/mikkipet.com\/wo-zu-kaufen\/"},"modified":"2024-08-28T08:56:58","modified_gmt":"2024-08-28T07:56:58","slug":"wo-zu-kaufen","status":"publish","type":"page","link":"https:\/\/mikkipet.com\/de\/wo-zu-kaufen\/","title":{"rendered":"Wo zu kaufen"},"content":{"rendered":"\n<section class=\"wp-block-uagb-columns uagb-columns__wrap uagb-columns__background-none uagb-columns__stack-mobile uagb-columns__valign- uagb-columns__gap-10 align uagb-block-691eeafd uagb-columns__columns-1 uagb-columns__max_width-theme advgb-block-691eeafd\"><div class=\"uagb-columns__overlay\"><\/div><div class=\"uagb-columns__inner-wrap uagb-columns__columns-1\">\n<div class=\"wp-block-uagb-column uagb-column__wrap uagb-column__background-undefined uagb-block-3caa68e2 advgb-block-3caa68e2\"><div class=\"uagb-column__overlay\"><\/div>\n<p class=\"has-text-align-center\"> <\/p><p class=\"has-text-align-left has-medium-font-size\">Geben Sie unten Ihre Postleitzahl oder Ihren Ort ein, um den n\u00e4chstgelegenen H\u00e4ndler zu finden. Alternativ k\u00f6nnen Sie auch <a href=\"https:\/\/mikkipet.com\/de\/wo-zu-kaufen\/online-uk-2\/\">hier klicken, um einen Online-H\u00e4ndler zu finden<\/a><a href=\"https:\/\/interpet.co.uk\/where-to-buy\/online\/\">.<\/a> <span style=\"color: var(--ast-global-color-3); font-size: 1rem; text-align: center;\">   <\/span><\/p><p class=\"has-text-align-left\">Wenn Sie ein aktueller H\u00e4ndler sind und in unseren Store Locator aufgenommen werden m\u00f6chten, wenden Sie sich bitte an Ihren Verkaufsleiter oder <a href=\"https:\/\/interpetcentral.com\/contact-us\/\">kontaktieren Sie uns<\/a>.<\/p> \n\n\n<style>\r\n\t#wpsl-stores .wpsl-store-thumb {height:45px !important; width:45px !important;}\r\n\t#wpsl-stores, #wpsl-direction-details, #wpsl-gmap {height:500px !important;}\r\n\t#wpsl-gmap .wpsl-info-window {max-width:225px !important;}\r\n\t.wpsl-input label, #wpsl-radius label, #wpsl-category label {width:95px;}\r\n\t#wpsl-search-input  {width:179px;}\r\n<\/style>\r\n<div id=\"wpsl-wrap\" class=\"wpsl-store-below\">\r\n\t<div class=\"wpsl-search wpsl-clearfix wpsl-search-left  \">\r\n\t\t<div id=\"wpsl-search-wrap\">\r\n\t\t\t<form autocomplete=\"off\">\r\n\t\t\t<div class=\"wpsl-input\">\r\n\t\t\t\t<div><label for=\"wpsl-search-input\">Your location<\/label><\/div>\r\n\t\t\t\t<input id=\"wpsl-search-input\" type=\"text\" value=\"\" name=\"wpsl-search-input\" placeholder=\"\" aria-required=\"true\" \/>\r\n\t\t\t<\/div>\r\n\t\t\t<div class=\"wpsl-select-wrap\">\r\n\t\t\t\t<div id=\"wpsl-radius\">\r\n\t\t\t\t\t<label for=\"wpsl-radius-dropdown\">Search radius<\/label>\r\n\t\t\t\t\t<select id=\"wpsl-radius-dropdown\" class=\"wpsl-dropdown\" name=\"wpsl-radius\">\r\n\t\t\t\t\t\t<option value=\"5\">5 mi<\/option><option selected=\"selected\" value=\"10\">10 mi<\/option><option value=\"25\">25 mi<\/option><option value=\"50\">50 mi<\/option><option value=\"100\">100 mi<\/option><option value=\"200\">200 mi<\/option><option value=\"500\">500 mi<\/option><option value=\"1000\">1000 mi<\/option>\r\n\t\t\t\t\t<\/select>\r\n\t\t\t\t<\/div>\r\n\t\t\t\t<div id=\"wpsl-results\">\r\n\t\t\t\t\t<label for=\"wpsl-results-dropdown\">Results<\/label>\r\n\t\t\t\t\t<select id=\"wpsl-results-dropdown\" class=\"wpsl-dropdown\" name=\"wpsl-results\">\r\n\t\t\t\t\t\t<option selected=\"selected\" value=\"25\">25<\/option><option value=\"50\">50<\/option><option value=\"75\">75<\/option><option value=\"100\">100<\/option><option value=\"1000\">1000<\/option>\r\n\t\t\t\t\t<\/select>\r\n\t\t\t\t<\/div>\r\n\t\t\t<\/div>\r\n\t\t\t\t<div class=\"wpsl-search-btn-wrap\"><input id=\"wpsl-search-btn\" type=\"submit\" value=\"Search\"><\/div>\r\n\t\t<\/form>\r\n\t\t<\/div>\r\n\t<\/div>\r\n<div class='wpsl-search wpsl-clearfix online-retailer-box'><p>Click below to find an online retailer.<\/p><a href='\/where-to-buy\/online' class='button'id='store-locator-online'>Online Retailers<\/a><\/div>\t<div id=\"wpsl-gmap\" class=\"wpsl-gmap-canvas\"><\/div>\r\n\t<div id=\"wpsl-result-list\">\r\n<div id='store-button-wrapper'><button type=\"button\" id=\"view-all-stores\">View all stores<\/button><\/div>\t\t<div id=\"wpsl-stores\"  class=\"hide\">\r\n<h3 id=\"nearest-store\"><\/h3>\t\t\t<ul><\/ul>\r\n\t\t<\/div>\r\n\t\t<div id=\"wpsl-direction-details\">\r\n\t\t\t<ul><\/ul>\r\n\t\t<\/div>\r\n\t<\/div>\r\n<\/div>\r\n\n<\/div>\n<\/div><\/section>\n","protected":false},"excerpt":{"rendered":"<p>Geben Sie unten Ihre Postleitzahl oder Ihren Ort ein, um den n\u00e4chstgelegenen H\u00e4ndler zu finden. Alternativ k\u00f6nnen Sie auch hier klicken, um einen Online-H\u00e4ndler zu finden. Wenn Sie ein aktueller H\u00e4ndler sind und in unseren Store Locator aufgenommen werden m\u00f6chten, wenden Sie sich bitte an Ihren Verkaufsleiter oder kontaktieren Sie uns.<\/p>\n","protected":false},"author":1,"featured_media":0,"parent":0,"menu_order":0,"comment_status":"closed","ping_status":"closed","template":"","meta":{"_acf_changed":false,"_relevanssi_hide_post":"","_relevanssi_hide_content":"","_relevanssi_pin_for_all":"","_relevanssi_pin_keywords":"","_relevanssi_unpin_keywords":"","_relevanssi_related_keywords":"","_relevanssi_related_include_ids":"","_relevanssi_related_exclude_ids":"","_relevanssi_related_no_append":"","_relevanssi_related_not_related":"","_relevanssi_related_posts":"","_relevanssi_noindex_reason":"","_uag_custom_page_level_css":"","advgb_blocks_editor_width":"","advgb_blocks_columns_visual_guide":"","site-sidebar-layout":"default","site-content-layout":"default","ast-site-content-layout":"default","site-content-style":"default","site-sidebar-style":"default","ast-global-header-display":"","ast-banner-title-visibility":"","ast-main-header-display":"","ast-hfb-above-header-display":"","ast-hfb-below-header-display":"","ast-hfb-mobile-header-display":"","site-post-title":"disabled","ast-breadcrumbs-content":"","ast-featured-img":"","footer-sml-layout":"","theme-transparent-header-meta":"default","adv-header-id-meta":"","stick-header-meta":"default","header-above-stick-meta":"","header-main-stick-meta":"","header-below-stick-meta":"","astra-migrate-meta-layouts":"default","ast-page-background-enabled":"default","ast-page-background-meta":{"desktop":{"background-color":"","background-image":"","background-repeat":"repeat","background-position":"center center","background-size":"auto","background-attachment":"scroll","background-type":"","background-media":"","overlay-type":"","overlay-color":"","overlay-opacity":"","overlay-gradient":""},"tablet":{"background-color":"","background-image":"","background-repeat":"repeat","background-position":"center center","background-size":"auto","background-attachment":"scroll","background-type":"","background-media":"","overlay-type":"","overlay-color":"","overlay-opacity":"","overlay-gradient":""},"mobile":{"background-color":"","background-image":"","background-repeat":"repeat","background-position":"center center","background-size":"auto","background-attachment":"scroll","background-type":"","background-media":"","overlay-type":"","overlay-color":"","overlay-opacity":"","overlay-gradient":""}},"ast-content-background-meta":{"desktop":{"background-color":"var(--ast-global-color-5)","background-image":"","background-repeat":"repeat","background-position":"center center","background-size":"auto","background-attachment":"scroll","background-type":"","background-media":"","overlay-type":"","overlay-color":"","overlay-opacity":"","overlay-gradient":""},"tablet":{"background-color":"var(--ast-global-color-5)","background-image":"","background-repeat":"repeat","background-position":"center center","background-size":"auto","background-attachment":"scroll","background-type":"","background-media":"","overlay-type":"","overlay-color":"","overlay-opacity":"","overlay-gradient":""},"mobile":{"background-color":"var(--ast-global-color-5)","background-image":"","background-repeat":"repeat","background-position":"center center","background-size":"auto","background-attachment":"scroll","background-type":"","background-media":"","overlay-type":"","overlay-color":"","overlay-opacity":"","overlay-gradient":""}},"footnotes":""},"class_list":["ranking_","post-19101","page","type-page","status-publish","hentry"],"acf":[],"yoast_head":"<!-- This site is optimized with the Yoast SEO plugin v25.8 - https:\/\/yoast.com\/wordpress\/plugins\/seo\/ -->\n<title>Wo zu kaufen - Mikki Pet<\/title>\n<meta name=\"description\" content=\"Nylabone Store Locator, Nylabone wo kaufen, Nylabone Lagerhalter, Nylabone Einzelh\u00e4ndler, Nylabone UK, Nylabone England, Nylabone Wales, Nylabone Schottland,\" \/>\n<meta name=\"robots\" content=\"index, follow, max-snippet:-1, max-image-preview:large, max-video-preview:-1\" \/>\n<link rel=\"canonical\" href=\"https:\/\/mikkipet.com\/de\/wo-zu-kaufen\/\" \/>\n<meta property=\"og:locale\" content=\"de_DE\" \/>\n<meta property=\"og:type\" content=\"article\" \/>\n<meta property=\"og:title\" content=\"Wo zu kaufen - Mikki Pet\" \/>\n<meta property=\"og:description\" content=\"Nylabone Store Locator, Nylabone wo kaufen, Nylabone Lagerhalter, Nylabone Einzelh\u00e4ndler, Nylabone UK, Nylabone England, Nylabone Wales, Nylabone Schottland,\" \/>\n<meta property=\"og:url\" content=\"https:\/\/mikkipet.com\/de\/wo-zu-kaufen\/\" \/>\n<meta property=\"og:site_name\" content=\"Mikki Pet\" \/>\n<meta property=\"article:modified_time\" content=\"2024-08-28T07:56:58+00:00\" \/>\n<meta name=\"twitter:card\" content=\"summary_large_image\" \/>\n<script type=\"application\/ld+json\" class=\"yoast-schema-graph\">{\"@context\":\"https:\/\/schema.org\",\"@graph\":[{\"@type\":\"WebPage\",\"@id\":\"https:\/\/mikkipet.com\/de\/wo-zu-kaufen\/\",\"url\":\"https:\/\/mikkipet.com\/de\/wo-zu-kaufen\/\",\"name\":\"Wo zu kaufen - Mikki Pet\",\"isPartOf\":{\"@id\":\"https:\/\/mikkipet.com\/de\/#website\"},\"datePublished\":\"2022-07-29T12:38:33+00:00\",\"dateModified\":\"2024-08-28T07:56:58+00:00\",\"description\":\"Nylabone Store Locator, Nylabone wo kaufen, Nylabone Lagerhalter, Nylabone Einzelh\u00e4ndler, Nylabone UK, Nylabone England, Nylabone Wales, Nylabone Schottland,\",\"breadcrumb\":{\"@id\":\"https:\/\/mikkipet.com\/de\/wo-zu-kaufen\/#breadcrumb\"},\"inLanguage\":\"de-DE\",\"potentialAction\":[{\"@type\":\"ReadAction\",\"target\":[\"https:\/\/mikkipet.com\/de\/wo-zu-kaufen\/\"]}]},{\"@type\":\"BreadcrumbList\",\"@id\":\"https:\/\/mikkipet.com\/de\/wo-zu-kaufen\/#breadcrumb\",\"itemListElement\":[{\"@type\":\"ListItem\",\"position\":1,\"name\":\"Home\",\"item\":\"https:\/\/mikkipet.com\/de\/\"},{\"@type\":\"ListItem\",\"position\":2,\"name\":\"Wo zu kaufen\"}]},{\"@type\":\"WebSite\",\"@id\":\"https:\/\/mikkipet.com\/de\/#website\",\"url\":\"https:\/\/mikkipet.com\/de\/\",\"name\":\"Mikki Pet\",\"description\":\"\",\"publisher\":{\"@id\":\"https:\/\/mikkipet.com\/de\/#organization\"},\"potentialAction\":[{\"@type\":\"SearchAction\",\"target\":{\"@type\":\"EntryPoint\",\"urlTemplate\":\"https:\/\/mikkipet.com\/de\/?s={search_term_string}\"},\"query-input\":{\"@type\":\"PropertyValueSpecification\",\"valueRequired\":true,\"valueName\":\"search_term_string\"}}],\"inLanguage\":\"de-DE\"},{\"@type\":\"Organization\",\"@id\":\"https:\/\/mikkipet.com\/de\/#organization\",\"name\":\"Mikki Pet\",\"url\":\"https:\/\/mikkipet.com\/de\/\",\"logo\":{\"@type\":\"ImageObject\",\"inLanguage\":\"de-DE\",\"@id\":\"https:\/\/mikkipet.com\/de\/#\/schema\/logo\/image\/\",\"url\":\"https:\/\/mikkipet.com\/wp-content\/uploads\/2024\/04\/cropped-cropped-Mikki_logo-BW.png\",\"contentUrl\":\"https:\/\/mikkipet.com\/wp-content\/uploads\/2024\/04\/cropped-cropped-Mikki_logo-BW.png\",\"width\":163,\"height\":163,\"caption\":\"Mikki Pet\"},\"image\":{\"@id\":\"https:\/\/mikkipet.com\/de\/#\/schema\/logo\/image\/\"}}]}<\/script>\n<!-- \/ Yoast SEO plugin. -->","yoast_head_json":{"title":"Wo zu kaufen - Mikki Pet","description":"Nylabone Store Locator, Nylabone wo kaufen, Nylabone Lagerhalter, Nylabone Einzelh\u00e4ndler, Nylabone UK, Nylabone England, Nylabone Wales, Nylabone Schottland,","robots":{"index":"index","follow":"follow","max-snippet":"max-snippet:-1","max-image-preview":"max-image-preview:large","max-video-preview":"max-video-preview:-1"},"canonical":"https:\/\/mikkipet.com\/de\/wo-zu-kaufen\/","og_locale":"de_DE","og_type":"article","og_title":"Wo zu kaufen - Mikki Pet","og_description":"Nylabone Store Locator, Nylabone wo kaufen, Nylabone Lagerhalter, Nylabone Einzelh\u00e4ndler, Nylabone UK, Nylabone England, Nylabone Wales, Nylabone Schottland,","og_url":"https:\/\/mikkipet.com\/de\/wo-zu-kaufen\/","og_site_name":"Mikki Pet","article_modified_time":"2024-08-28T07:56:58+00:00","twitter_card":"summary_large_image","schema":{"@context":"https:\/\/schema.org","@graph":[{"@type":"WebPage","@id":"https:\/\/mikkipet.com\/de\/wo-zu-kaufen\/","url":"https:\/\/mikkipet.com\/de\/wo-zu-kaufen\/","name":"Wo zu kaufen - Mikki Pet","isPartOf":{"@id":"https:\/\/mikkipet.com\/de\/#website"},"datePublished":"2022-07-29T12:38:33+00:00","dateModified":"2024-08-28T07:56:58+00:00","description":"Nylabone Store Locator, Nylabone wo kaufen, Nylabone Lagerhalter, Nylabone Einzelh\u00e4ndler, Nylabone UK, Nylabone England, Nylabone Wales, Nylabone Schottland,","breadcrumb":{"@id":"https:\/\/mikkipet.com\/de\/wo-zu-kaufen\/#breadcrumb"},"inLanguage":"de-DE","potentialAction":[{"@type":"ReadAction","target":["https:\/\/mikkipet.com\/de\/wo-zu-kaufen\/"]}]},{"@type":"BreadcrumbList","@id":"https:\/\/mikkipet.com\/de\/wo-zu-kaufen\/#breadcrumb","itemListElement":[{"@type":"ListItem","position":1,"name":"Home","item":"https:\/\/mikkipet.com\/de\/"},{"@type":"ListItem","position":2,"name":"Wo zu kaufen"}]},{"@type":"WebSite","@id":"https:\/\/mikkipet.com\/de\/#website","url":"https:\/\/mikkipet.com\/de\/","name":"Mikki Pet","description":"","publisher":{"@id":"https:\/\/mikkipet.com\/de\/#organization"},"potentialAction":[{"@type":"SearchAction","target":{"@type":"EntryPoint","urlTemplate":"https:\/\/mikkipet.com\/de\/?s={search_term_string}"},"query-input":{"@type":"PropertyValueSpecification","valueRequired":true,"valueName":"search_term_string"}}],"inLanguage":"de-DE"},{"@type":"Organization","@id":"https:\/\/mikkipet.com\/de\/#organization","name":"Mikki Pet","url":"https:\/\/mikkipet.com\/de\/","logo":{"@type":"ImageObject","inLanguage":"de-DE","@id":"https:\/\/mikkipet.com\/de\/#\/schema\/logo\/image\/","url":"https:\/\/mikkipet.com\/wp-content\/uploads\/2024\/04\/cropped-cropped-Mikki_logo-BW.png","contentUrl":"https:\/\/mikkipet.com\/wp-content\/uploads\/2024\/04\/cropped-cropped-Mikki_logo-BW.png","width":163,"height":163,"caption":"Mikki Pet"},"image":{"@id":"https:\/\/mikkipet.com\/de\/#\/schema\/logo\/image\/"}}]}},"uagb_featured_image_src":{"full":false,"thumbnail":false,"medium":false,"medium_large":false,"large":false,"gs-tiny":false,"xl":false,"xxl":false,"xxxl":false,"xxxxl":false,"xxxxxl":false,"blz_expanded_feature":false,"1536x1536":false,"2048x2048":false,"background_image":false,"woocommerce_thumbnail":false,"woocommerce_single":false,"woocommerce_gallery_thumbnail":false,"shop_catalog":false,"shop_single":false,"shop_thumbnail":false,"page-header":false,"page-two-to-one":false},"uagb_author_info":{"display_name":"blaze","author_link":"https:\/\/mikkipet.com\/de\/author\/blaze\/"},"uagb_comment_info":0,"uagb_excerpt":"Geben Sie unten Ihre Postleitzahl oder Ihren Ort ein, um den n\u00e4chstgelegenen H\u00e4ndler zu finden. Alternativ k\u00f6nnen Sie auch hier klicken, um einen Online-H\u00e4ndler zu finden. Wenn Sie ein aktueller H\u00e4ndler sind und in unseren Store Locator aufgenommen werden m\u00f6chten, wenden Sie sich bitte an Ihren Verkaufsleiter oder kontaktieren Sie uns.","coauthors":[],"author_meta":{"author_link":"https:\/\/mikkipet.com\/de\/author\/blaze\/","display_name":"blaze"},"relative_dates":{"created":"Posted 4 Jahren ago","modified":"Updated 2 Jahren ago"},"absolute_dates":{"created":"Posted on ","modified":"Updated on "},"absolute_dates_time":{"created":"Posted on  ","modified":"Updated on  "},"featured_img_caption":"","featured_img":false,"series_order":"","_links":{"self":[{"href":"https:\/\/mikkipet.com\/de\/wp-json\/wp\/v2\/pages\/19101","targetHints":{"allow":["GET"]}}],"collection":[{"href":"https:\/\/mikkipet.com\/de\/wp-json\/wp\/v2\/pages"}],"about":[{"href":"https:\/\/mikkipet.com\/de\/wp-json\/wp\/v2\/types\/page"}],"author":[{"embeddable":true,"href":"https:\/\/mikkipet.com\/de\/wp-json\/wp\/v2\/users\/1"}],"replies":[{"embeddable":true,"href":"https:\/\/mikkipet.com\/de\/wp-json\/wp\/v2\/comments?post=19101"}],"version-history":[{"count":3,"href":"https:\/\/mikkipet.com\/de\/wp-json\/wp\/v2\/pages\/19101\/revisions"}],"predecessor-version":[{"id":32155,"href":"https:\/\/mikkipet.com\/de\/wp-json\/wp\/v2\/pages\/19101\/revisions\/32155"}],"wp:attachment":[{"href":"https:\/\/mikkipet.com\/de\/wp-json\/wp\/v2\/media?parent=19101"}],"curies":[{"name":"wp","href":"https:\/\/api.w.org\/{rel}","templated":true}]}}