{"id":19105,"date":"2022-09-08T13:36:52","date_gmt":"2022-09-08T12:36:52","guid":{"rendered":"https:\/\/mikkipet.com\/wie-sie-die-krallen-ihres-haustieres-schneiden\/"},"modified":"2023-07-19T14:53:30","modified_gmt":"2023-07-19T13:53:30","slug":"wie-sie-die-krallen-ihres-haustieres-schneiden","status":"publish","type":"page","link":"https:\/\/mikkipet.com\/de\/wie-sie-die-krallen-ihres-haustieres-schneiden\/","title":{"rendered":"Wie Sie die Krallen Ihres Haustieres schneiden"},"content":{"rendered":"\n<div class=\"wp-block-columns is-layout-flex wp-container-core-columns-is-layout-28f84493 wp-block-columns-is-layout-flex\">\n<div class=\"wp-block-column is-layout-flow wp-block-column-is-layout-flow\">\n<section class=\"wp-block-uagb-columns uagb-columns__wrap uagb-columns__background-color uagb-columns__stack-mobile uagb-columns__valign- uagb-columns__gap-10 align uagb-block-290fc182 uagb-columns__columns-1 uagb-columns__max_width-theme\"><div class=\"uagb-columns__overlay\"><\/div><div class=\"uagb-columns__inner-wrap uagb-columns__columns-1\">\n<div class=\"wp-block-uagb-column uagb-column__wrap uagb-column__background-undefined uagb-block-27202ada\"><div class=\"uagb-column__overlay\"><\/div>\n<section class=\"wp-block-uagb-columns uagb-columns__wrap uagb-columns__background-none uagb-columns__stack-mobile uagb-columns__valign- uagb-columns__gap-10 align uagb-block-a20b23f5 uagb-columns__columns-1 uagb-columns__max_width-theme\"><div class=\"uagb-columns__overlay\"><\/div><div class=\"uagb-columns__inner-wrap uagb-columns__columns-1\">\n<div class=\"wp-block-uagb-column uagb-column__wrap uagb-column__background-undefined uagb-block-5e100e66\"><div class=\"uagb-column__overlay\"><\/div>\n<h2 class=\"has-white-color has-text-color wp-block-heading\" style=\"font-size:60px\"><strong>Wie Sie die Krallen Ihres Haustieres schneiden<\/strong><\/h2>\n<\/div>\n<\/div><\/section>\n<\/div>\n<\/div><\/section>\n<\/div>\n<\/div>\n\n<p><\/p>\n\n<div class=\"wp-block-columns has-ast-global-color-5-background-color has-background is-layout-flex wp-container-core-columns-is-layout-c6bc58be wp-block-columns-is-layout-flex\" style=\"padding-top:0px;padding-right:0px;padding-bottom:0px;padding-left:0px\">\n<div class=\"wp-block-column is-layout-flow wp-block-column-is-layout-flow\">\n<section class=\"wp-block-uagb-columns uagb-columns__wrap uagb-columns__background-color uagb-columns__stack-mobile uagb-columns__valign- uagb-columns__gap-0 align uagb-block-5902a88a uagb-columns__columns-1 uagb-columns__max_width-theme advgb-block-5902a88a\"><div class=\"uagb-columns__overlay\"><\/div><div class=\"uagb-columns__inner-wrap uagb-columns__columns-1\">\n<div class=\"wp-block-uagb-column uagb-column__wrap uagb-column__background-undefined uagb-block-70403b7b advgb-block-70403b7b\"><div class=\"uagb-column__overlay\"><\/div>\n<p class=\"has-medium-font-size\">Das Schneiden der Krallen Ihres Haustieres kann eine entmutigende Erfahrung sein, da es schwierig sein kann, zu wissen, wie viel man abschneiden muss, ohne zu viel zu schneiden. Aber die N\u00e4gel Ihres Haustieres zu trimmen, ist f\u00fcr Ihr beider Wohlbefinden unerl\u00e4sslich.<\/p>\n\n\n\n<p class=\"has-medium-font-size\">Die Klaue Ihres Haustieres hat Blutgef\u00e4\u00dfe, die als &#8222;Quick&#8220; bezeichnet werden. Es ist wichtig, dass Sie nicht in diesen Bereich schneiden. Bei Tieren mit hellen Krallen ist der Quick leicht zu erkennen. Bei Katzen mit dunkel gef\u00e4rbten Krallen kann es einfacher sein, die Schnelligkeit an der Unterseite des Nagels zu erkennen &#8211; im Zweifelsfall sollten Sie jedoch einen qualifizierten Tierpfleger oder Ihren Tierarzt um Rat fragen.<\/p>\n\n\n\n<section class=\"wp-block-uagb-columns uagb-columns__wrap uagb-columns__background-none uagb-columns__stack-mobile uagb-columns__valign- uagb-columns__gap-10 align uagb-block-c1c43600 uagb-columns__columns-2 uagb-columns__max_width-theme\"><div class=\"uagb-columns__overlay\"><\/div><div class=\"uagb-columns__inner-wrap uagb-columns__columns-2\">\n<div class=\"wp-block-uagb-column uagb-column__wrap uagb-column__background-undefined uagb-block-63c36959\"><div class=\"uagb-column__overlay\"><\/div>\n<figure class=\"wp-block-image size-full\"><a href=\"https:\/\/mikkipet.com\/?s=nail+scissor&amp;filter-product=on\"><img loading=\"lazy\" decoding=\"async\" width=\"533\" height=\"355\" src=\"https:\/\/mikkipet.com\/wp-content\/uploads\/2022\/09\/7-2.png\" alt=\"\" class=\"wp-image-15819\" srcset=\"https:\/\/mikkipet.com\/wp-content\/uploads\/2022\/09\/7-2.png 533w, https:\/\/mikkipet.com\/wp-content\/uploads\/2022\/09\/7-2-300x200.png 300w, https:\/\/mikkipet.com\/wp-content\/uploads\/2022\/09\/7-2-358x238.png 358w\" sizes=\"auto, (max-width: 533px) 100vw, 533px\" \/><\/a><\/figure>\n\n\n\n<p><a href=\"https:\/\/mikkipet.com\/?s=nail+scissor&amp;filter-product=on\"><strong>Nagelschere<\/strong><\/a><\/p>\n\n\n\n<p>W\u00e4rmebehandelte, mikroverzahnte Pr\u00e4zisionsklingen schneiden effektiv durch die N\u00e4gel Ihres Haustieres.<\/p>\n\n\n\n<ul class=\"wp-block-list\"><li>Ideal f\u00fcr kleinere Haustiere<\/li><\/ul>\n\n\n\n<p><\/p>\n<\/div>\n\n\n\n<div class=\"wp-block-uagb-column uagb-column__wrap uagb-column__background-undefined uagb-block-3ab57ea1\"><div class=\"uagb-column__overlay\"><\/div>\n<figure class=\"wp-block-image size-full\"><a href=\"https:\/\/mikkipet.com\/grooming\/long-claws\/classic-nail-clipper-small\/\"><img loading=\"lazy\" decoding=\"async\" width=\"533\" height=\"355\" src=\"https:\/\/mikkipet.com\/wp-content\/uploads\/2022\/09\/10.png\" alt=\"\" class=\"wp-image-15822\" srcset=\"https:\/\/mikkipet.com\/wp-content\/uploads\/2022\/09\/10.png 533w, https:\/\/mikkipet.com\/wp-content\/uploads\/2022\/09\/10-300x200.png 300w, https:\/\/mikkipet.com\/wp-content\/uploads\/2022\/09\/10-358x238.png 358w\" sizes=\"auto, (max-width: 533px) 100vw, 533px\" \/><\/a><\/figure>\n\n\n\n<p><a href=\"https:\/\/mikkipet.com\/grooming\/long-claws\/classic-nail-clipper-small\/\"><strong>Nagelknipser<\/strong><\/a><\/p>\n\n\n\n<p>W\u00e4rmebehandelte, mikroverzahnte Pr\u00e4zisionsklingen zum effektiven Trimmen der N\u00e4gel mit Sicherheitsschneidef\u00fchrung, die das Trimmen nach und nach erleichtert.<\/p>\n\n\n\n<ul class=\"wp-block-list\"><li>Ideal f\u00fcr kleine und gro\u00dfe Haustiere<\/li><li>Geeignet f\u00fcr Anf\u00e4nger im Nageltrimmen<\/li><\/ul>\n<\/div>\n<\/div><\/section>\n\n\n\n<div class=\"wp-block-columns is-layout-flex wp-container-core-columns-is-layout-28f84493 wp-block-columns-is-layout-flex\">\n<div class=\"wp-block-column is-layout-flow wp-block-column-is-layout-flow\">\n<section class=\"wp-block-uagb-columns uagb-columns__wrap uagb-columns__background-none uagb-columns__stack-mobile uagb-columns__valign- uagb-columns__gap-10 align uagb-block-536a0e32 uagb-columns__columns-2 uagb-columns__max_width-theme\"><div class=\"uagb-columns__overlay\"><\/div><div class=\"uagb-columns__inner-wrap uagb-columns__columns-2\">\n<div class=\"wp-block-uagb-column uagb-column__wrap uagb-column__background-undefined uagb-block-9e87ba0d\"><div class=\"uagb-column__overlay\"><\/div>\n<figure class=\"wp-block-image size-full\"><a href=\"https:\/\/mikkipet.com\/grooming\/long-claws\/classic-guillotine-claw-clipper\/\"><img loading=\"lazy\" decoding=\"async\" width=\"533\" height=\"355\" src=\"https:\/\/mikkipet.com\/wp-content\/uploads\/2022\/09\/9-2.png\" alt=\"\" class=\"wp-image-15825\" srcset=\"https:\/\/mikkipet.com\/wp-content\/uploads\/2022\/09\/9-2.png 533w, https:\/\/mikkipet.com\/wp-content\/uploads\/2022\/09\/9-2-300x200.png 300w, https:\/\/mikkipet.com\/wp-content\/uploads\/2022\/09\/9-2-358x238.png 358w\" sizes=\"auto, (max-width: 533px) 100vw, 533px\" \/><\/a><\/figure>\n\n\n\n<p><strong><strong><a href=\"https:\/\/mikkipet.com\/grooming\/long-claws\/classic-guillotine-claw-clipper\/\">Guillotine Clipper<\/a><\/strong><\/strong><\/p>\n\n\n\n<p>W\u00e4rmebehandelte, mikroverzahnte Pr\u00e4zisionsklingen zum effektiven Trimmen dickerer Tiern\u00e4gel.<\/p>\n\n\n\n<ul class=\"wp-block-list\"><li>Ideal f\u00fcr gr\u00f6\u00dfere Haustiere oder solche mit dicken Krallen<\/li><\/ul>\n<\/div>\n\n\n\n<div class=\"wp-block-uagb-column uagb-column__wrap uagb-column__background-undefined uagb-block-31bce252\"><div class=\"uagb-column__overlay\"><\/div>\n<figure class=\"wp-block-image size-full\"><a href=\"https:\/\/mikkipet.com\/grooming\/long-claws\/classic-claw-file\/\"><img loading=\"lazy\" decoding=\"async\" width=\"533\" height=\"355\" src=\"https:\/\/mikkipet.com\/wp-content\/uploads\/2022\/09\/8-2.png\" alt=\"\" class=\"wp-image-15828\" srcset=\"https:\/\/mikkipet.com\/wp-content\/uploads\/2022\/09\/8-2.png 533w, https:\/\/mikkipet.com\/wp-content\/uploads\/2022\/09\/8-2-300x200.png 300w, https:\/\/mikkipet.com\/wp-content\/uploads\/2022\/09\/8-2-358x238.png 358w\" sizes=\"auto, (max-width: 533px) 100vw, 533px\" \/><\/a><\/figure>\n\n\n\n<p><strong><strong><strong><a href=\"https:\/\/mikkipet.com\/grooming\/long-claws\/classic-claw-file\/\">Nagelfeile<\/a><\/strong><\/strong><\/strong><\/p>\n\n\n\n<p>W\u00e4rmebehandelte Nagelfeile f\u00fcr lang anhaltende Leistung.<\/p>\n\n\n\n<ul class=\"wp-block-list\"><li>Perfekt f\u00fcr nerv\u00f6se Haustiere, die ihre Krallen nicht gerne schneiden lassen.<\/li><li>Geeignet f\u00fcr Anf\u00e4nger im Nageltrimmen<\/li><\/ul>\n<\/div>\n<\/div><\/section>\n<\/div>\n<\/div>\n\n\n\n<h3 class=\"wp-block-heading\"><strong>Einfache Schritte f\u00fcr eine erfolgreiche Pedik\u00fcre!<\/strong><\/h3>\n\n\n\n<p><\/p>\n\n\n\n<ol class=\"has-medium-font-size wp-block-list\"><li>Halten Sie die Pfote Ihres Haustieres vorsichtig fest und vergewissern Sie sich, dass Sie sie vollst\u00e4ndig unter Kontrolle haben, bevor Sie mit dem Schneiden des Nagels beginnen.<\/li><li>Beginnen Sie mit dem Schneiden in einer gleichm\u00e4\u00dfigen Bewegung. Wenn Sie unsicher sind, schneiden Sie jeweils nur einen kleinen Teil ab.<\/li><li>Zum Schluss gl\u00e4tten Sie die R\u00e4nder des Nagels mit unserer Tiernagelfeile, um ein salonf\u00e4higes Ergebnis zu erzielen!<\/li><\/ol>\n\n\n\n<p class=\"has-medium-font-size\">Denken Sie daran, Schneidewerkzeuge au\u00dferhalb der Reichweite von Kindern aufzubewahren, und seien Sie besonders vorsichtig bei der Verwendung von Pflegehilfsmitteln mit scharfen Kanten.<\/p>\n\n\n\n<p><\/p>\n\n\n\n<p class=\"has-medium-font-size\" style=\"line-height:1.5\"><\/p>\n<\/div>\n<\/div><\/section>\n<\/div>\n<\/div>\n\n<p><\/p>\n","protected":false},"excerpt":{"rendered":"<p>Wie Sie die Krallen Ihres Haustieres schneiden Das Schneiden der Krallen Ihres Haustieres kann eine entmutigende Erfahrung sein, da es schwierig sein kann, zu wissen, wie viel man abschneiden muss, ohne zu viel zu schneiden. Aber die N\u00e4gel Ihres Haustieres zu trimmen, ist f\u00fcr Ihr beider Wohlbefinden unerl\u00e4sslich. Die Klaue Ihres Haustieres hat Blutgef\u00e4\u00dfe, die als &#8222;Quick&#8220; bezeichnet werden. Es ist wichtig, [&hellip;]<\/p>\n","protected":false},"author":4,"featured_media":0,"parent":0,"menu_order":0,"comment_status":"closed","ping_status":"closed","template":"","meta":{"_acf_changed":false,"_relevanssi_hide_post":"","_relevanssi_hide_content":"","_relevanssi_pin_for_all":"","_relevanssi_pin_keywords":"","_relevanssi_unpin_keywords":"","_relevanssi_related_keywords":"","_relevanssi_related_include_ids":"","_relevanssi_related_exclude_ids":"","_relevanssi_related_no_append":"","_relevanssi_related_not_related":"","_relevanssi_related_posts":"","_relevanssi_noindex_reason":"","_uag_custom_page_level_css":"","advgb_blocks_editor_width":"","advgb_blocks_columns_visual_guide":"","site-sidebar-layout":"default","site-content-layout":"default","ast-site-content-layout":"default","site-content-style":"default","site-sidebar-style":"default","ast-global-header-display":"","ast-banner-title-visibility":"","ast-main-header-display":"","ast-hfb-above-header-display":"","ast-hfb-below-header-display":"","ast-hfb-mobile-header-display":"","site-post-title":"disabled","ast-breadcrumbs-content":"","ast-featured-img":"","footer-sml-layout":"","ast-disable-related-posts":"","theme-transparent-header-meta":"default","adv-header-id-meta":"","stick-header-meta":"default","header-above-stick-meta":"","header-main-stick-meta":"","header-below-stick-meta":"","astra-migrate-meta-layouts":"default","ast-page-background-enabled":"default","ast-page-background-meta":{"desktop":{"background-color":"","background-image":"","background-repeat":"repeat","background-position":"center center","background-size":"auto","background-attachment":"scroll","background-type":"","background-media":"","overlay-type":"","overlay-color":"","overlay-opacity":"","overlay-gradient":""},"tablet":{"background-color":"","background-image":"","background-repeat":"repeat","background-position":"center center","background-size":"auto","background-attachment":"scroll","background-type":"","background-media":"","overlay-type":"","overlay-color":"","overlay-opacity":"","overlay-gradient":""},"mobile":{"background-color":"","background-image":"","background-repeat":"repeat","background-position":"center center","background-size":"auto","background-attachment":"scroll","background-type":"","background-media":"","overlay-type":"","overlay-color":"","overlay-opacity":"","overlay-gradient":""}},"ast-content-background-meta":{"desktop":{"background-color":"var(--ast-global-color-5)","background-image":"","background-repeat":"repeat","background-position":"center center","background-size":"auto","background-attachment":"scroll","background-type":"","background-media":"","overlay-type":"","overlay-color":"","overlay-opacity":"","overlay-gradient":""},"tablet":{"background-color":"var(--ast-global-color-5)","background-image":"","background-repeat":"repeat","background-position":"center center","background-size":"auto","background-attachment":"scroll","background-type":"","background-media":"","overlay-type":"","overlay-color":"","overlay-opacity":"","overlay-gradient":""},"mobile":{"background-color":"var(--ast-global-color-5)","background-image":"","background-repeat":"repeat","background-position":"center center","background-size":"auto","background-attachment":"scroll","background-type":"","background-media":"","overlay-type":"","overlay-color":"","overlay-opacity":"","overlay-gradient":""}},"footnotes":""},"class_list":["ranking_","post-19105","page","type-page","status-publish","hentry"],"acf":[],"yoast_head":"<!-- This site is optimized with the Yoast SEO plugin v27.3 - https:\/\/yoast.com\/product\/yoast-seo-wordpress\/ -->\n<title>Wie Sie die Krallen Ihres Haustieres schneiden - Mikki Pet<\/title>\n<meta name=\"robots\" content=\"index, follow, max-snippet:-1, max-image-preview:large, max-video-preview:-1\" \/>\n<link rel=\"canonical\" href=\"https:\/\/mikkipet.com\/de\/wie-sie-die-krallen-ihres-haustieres-schneiden\/\" \/>\n<meta property=\"og:locale\" content=\"de_DE\" \/>\n<meta property=\"og:type\" content=\"article\" \/>\n<meta property=\"og:title\" content=\"Wie Sie die Krallen Ihres Haustieres schneiden - Mikki Pet\" \/>\n<meta property=\"og:description\" content=\"Wie Sie die Krallen Ihres Haustieres schneiden Das Schneiden der Krallen Ihres Haustieres kann eine entmutigende Erfahrung sein, da es schwierig sein kann, zu wissen, wie viel man abschneiden muss, ohne zu viel zu schneiden. Aber die N\u00e4gel Ihres Haustieres zu trimmen, ist f\u00fcr Ihr beider Wohlbefinden unerl\u00e4sslich. Die Klaue Ihres Haustieres hat Blutgef\u00e4\u00dfe, die als &#8222;Quick&#8220; bezeichnet werden. Es ist wichtig, [&hellip;]\" \/>\n<meta property=\"og:url\" content=\"https:\/\/mikkipet.com\/de\/wie-sie-die-krallen-ihres-haustieres-schneiden\/\" \/>\n<meta property=\"og:site_name\" content=\"Mikki Pet\" \/>\n<meta property=\"article:modified_time\" content=\"2023-07-19T13:53:30+00:00\" \/>\n<meta property=\"og:image\" content=\"https:\/\/mikkipet.com\/wp-content\/uploads\/2022\/09\/7-2.png\" \/>\n<meta name=\"twitter:card\" content=\"summary_large_image\" \/>\n<meta name=\"twitter:label1\" content=\"Est. reading time\" \/>\n\t<meta name=\"twitter:data1\" content=\"2 Minuten\" \/>\n<script type=\"application\/ld+json\" class=\"yoast-schema-graph\">{\"@context\":\"https:\\\/\\\/schema.org\",\"@graph\":[{\"@type\":\"WebPage\",\"@id\":\"https:\\\/\\\/mikkipet.com\\\/de\\\/wie-sie-die-krallen-ihres-haustieres-schneiden\\\/\",\"url\":\"https:\\\/\\\/mikkipet.com\\\/de\\\/wie-sie-die-krallen-ihres-haustieres-schneiden\\\/\",\"name\":\"Wie Sie die Krallen Ihres Haustieres schneiden - Mikki Pet\",\"isPartOf\":{\"@id\":\"https:\\\/\\\/mikkipet.com\\\/de\\\/#website\"},\"primaryImageOfPage\":{\"@id\":\"https:\\\/\\\/mikkipet.com\\\/de\\\/wie-sie-die-krallen-ihres-haustieres-schneiden\\\/#primaryimage\"},\"image\":{\"@id\":\"https:\\\/\\\/mikkipet.com\\\/de\\\/wie-sie-die-krallen-ihres-haustieres-schneiden\\\/#primaryimage\"},\"thumbnailUrl\":\"https:\\\/\\\/mikkipet.com\\\/wp-content\\\/uploads\\\/2022\\\/09\\\/7-2.png\",\"datePublished\":\"2022-09-08T12:36:52+00:00\",\"dateModified\":\"2023-07-19T13:53:30+00:00\",\"breadcrumb\":{\"@id\":\"https:\\\/\\\/mikkipet.com\\\/de\\\/wie-sie-die-krallen-ihres-haustieres-schneiden\\\/#breadcrumb\"},\"inLanguage\":\"de-DE\",\"potentialAction\":[{\"@type\":\"ReadAction\",\"target\":[\"https:\\\/\\\/mikkipet.com\\\/de\\\/wie-sie-die-krallen-ihres-haustieres-schneiden\\\/\"]}]},{\"@type\":\"ImageObject\",\"inLanguage\":\"de-DE\",\"@id\":\"https:\\\/\\\/mikkipet.com\\\/de\\\/wie-sie-die-krallen-ihres-haustieres-schneiden\\\/#primaryimage\",\"url\":\"https:\\\/\\\/mikkipet.com\\\/wp-content\\\/uploads\\\/2022\\\/09\\\/7-2.png\",\"contentUrl\":\"https:\\\/\\\/mikkipet.com\\\/wp-content\\\/uploads\\\/2022\\\/09\\\/7-2.png\"},{\"@type\":\"BreadcrumbList\",\"@id\":\"https:\\\/\\\/mikkipet.com\\\/de\\\/wie-sie-die-krallen-ihres-haustieres-schneiden\\\/#breadcrumb\",\"itemListElement\":[{\"@type\":\"ListItem\",\"position\":1,\"name\":\"Home\",\"item\":\"https:\\\/\\\/mikkipet.com\\\/de\\\/\"},{\"@type\":\"ListItem\",\"position\":2,\"name\":\"Wie Sie die Krallen Ihres Haustieres schneiden\"}]},{\"@type\":\"WebSite\",\"@id\":\"https:\\\/\\\/mikkipet.com\\\/de\\\/#website\",\"url\":\"https:\\\/\\\/mikkipet.com\\\/de\\\/\",\"name\":\"Mikki Pet\",\"description\":\"\",\"publisher\":{\"@id\":\"https:\\\/\\\/mikkipet.com\\\/de\\\/#organization\"},\"potentialAction\":[{\"@type\":\"SearchAction\",\"target\":{\"@type\":\"EntryPoint\",\"urlTemplate\":\"https:\\\/\\\/mikkipet.com\\\/de\\\/?s={search_term_string}\"},\"query-input\":{\"@type\":\"PropertyValueSpecification\",\"valueRequired\":true,\"valueName\":\"search_term_string\"}}],\"inLanguage\":\"de-DE\"},{\"@type\":\"Organization\",\"@id\":\"https:\\\/\\\/mikkipet.com\\\/de\\\/#organization\",\"name\":\"Mikki Pet\",\"url\":\"https:\\\/\\\/mikkipet.com\\\/de\\\/\",\"logo\":{\"@type\":\"ImageObject\",\"inLanguage\":\"de-DE\",\"@id\":\"https:\\\/\\\/mikkipet.com\\\/de\\\/#\\\/schema\\\/logo\\\/image\\\/\",\"url\":\"https:\\\/\\\/mikkipet.com\\\/wp-content\\\/uploads\\\/2024\\\/04\\\/cropped-cropped-Mikki_logo-BW.png\",\"contentUrl\":\"https:\\\/\\\/mikkipet.com\\\/wp-content\\\/uploads\\\/2024\\\/04\\\/cropped-cropped-Mikki_logo-BW.png\",\"width\":163,\"height\":163,\"caption\":\"Mikki Pet\"},\"image\":{\"@id\":\"https:\\\/\\\/mikkipet.com\\\/de\\\/#\\\/schema\\\/logo\\\/image\\\/\"}}]}<\/script>\n<!-- \/ Yoast SEO plugin. -->","yoast_head_json":{"title":"Wie Sie die Krallen Ihres Haustieres schneiden - Mikki Pet","robots":{"index":"index","follow":"follow","max-snippet":"max-snippet:-1","max-image-preview":"max-image-preview:large","max-video-preview":"max-video-preview:-1"},"canonical":"https:\/\/mikkipet.com\/de\/wie-sie-die-krallen-ihres-haustieres-schneiden\/","og_locale":"de_DE","og_type":"article","og_title":"Wie Sie die Krallen Ihres Haustieres schneiden - Mikki Pet","og_description":"Wie Sie die Krallen Ihres Haustieres schneiden Das Schneiden der Krallen Ihres Haustieres kann eine entmutigende Erfahrung sein, da es schwierig sein kann, zu wissen, wie viel man abschneiden muss, ohne zu viel zu schneiden. Aber die N\u00e4gel Ihres Haustieres zu trimmen, ist f\u00fcr Ihr beider Wohlbefinden unerl\u00e4sslich. Die Klaue Ihres Haustieres hat Blutgef\u00e4\u00dfe, die als &#8222;Quick&#8220; bezeichnet werden. Es ist wichtig, [&hellip;]","og_url":"https:\/\/mikkipet.com\/de\/wie-sie-die-krallen-ihres-haustieres-schneiden\/","og_site_name":"Mikki Pet","article_modified_time":"2023-07-19T13:53:30+00:00","og_image":[{"url":"https:\/\/mikkipet.com\/wp-content\/uploads\/2022\/09\/7-2.png","type":"","width":"","height":""}],"twitter_card":"summary_large_image","twitter_misc":{"Est. reading time":"2 Minuten"},"schema":{"@context":"https:\/\/schema.org","@graph":[{"@type":"WebPage","@id":"https:\/\/mikkipet.com\/de\/wie-sie-die-krallen-ihres-haustieres-schneiden\/","url":"https:\/\/mikkipet.com\/de\/wie-sie-die-krallen-ihres-haustieres-schneiden\/","name":"Wie Sie die Krallen Ihres Haustieres schneiden - Mikki Pet","isPartOf":{"@id":"https:\/\/mikkipet.com\/de\/#website"},"primaryImageOfPage":{"@id":"https:\/\/mikkipet.com\/de\/wie-sie-die-krallen-ihres-haustieres-schneiden\/#primaryimage"},"image":{"@id":"https:\/\/mikkipet.com\/de\/wie-sie-die-krallen-ihres-haustieres-schneiden\/#primaryimage"},"thumbnailUrl":"https:\/\/mikkipet.com\/wp-content\/uploads\/2022\/09\/7-2.png","datePublished":"2022-09-08T12:36:52+00:00","dateModified":"2023-07-19T13:53:30+00:00","breadcrumb":{"@id":"https:\/\/mikkipet.com\/de\/wie-sie-die-krallen-ihres-haustieres-schneiden\/#breadcrumb"},"inLanguage":"de-DE","potentialAction":[{"@type":"ReadAction","target":["https:\/\/mikkipet.com\/de\/wie-sie-die-krallen-ihres-haustieres-schneiden\/"]}]},{"@type":"ImageObject","inLanguage":"de-DE","@id":"https:\/\/mikkipet.com\/de\/wie-sie-die-krallen-ihres-haustieres-schneiden\/#primaryimage","url":"https:\/\/mikkipet.com\/wp-content\/uploads\/2022\/09\/7-2.png","contentUrl":"https:\/\/mikkipet.com\/wp-content\/uploads\/2022\/09\/7-2.png"},{"@type":"BreadcrumbList","@id":"https:\/\/mikkipet.com\/de\/wie-sie-die-krallen-ihres-haustieres-schneiden\/#breadcrumb","itemListElement":[{"@type":"ListItem","position":1,"name":"Home","item":"https:\/\/mikkipet.com\/de\/"},{"@type":"ListItem","position":2,"name":"Wie Sie die Krallen Ihres Haustieres schneiden"}]},{"@type":"WebSite","@id":"https:\/\/mikkipet.com\/de\/#website","url":"https:\/\/mikkipet.com\/de\/","name":"Mikki Pet","description":"","publisher":{"@id":"https:\/\/mikkipet.com\/de\/#organization"},"potentialAction":[{"@type":"SearchAction","target":{"@type":"EntryPoint","urlTemplate":"https:\/\/mikkipet.com\/de\/?s={search_term_string}"},"query-input":{"@type":"PropertyValueSpecification","valueRequired":true,"valueName":"search_term_string"}}],"inLanguage":"de-DE"},{"@type":"Organization","@id":"https:\/\/mikkipet.com\/de\/#organization","name":"Mikki Pet","url":"https:\/\/mikkipet.com\/de\/","logo":{"@type":"ImageObject","inLanguage":"de-DE","@id":"https:\/\/mikkipet.com\/de\/#\/schema\/logo\/image\/","url":"https:\/\/mikkipet.com\/wp-content\/uploads\/2024\/04\/cropped-cropped-Mikki_logo-BW.png","contentUrl":"https:\/\/mikkipet.com\/wp-content\/uploads\/2024\/04\/cropped-cropped-Mikki_logo-BW.png","width":163,"height":163,"caption":"Mikki Pet"},"image":{"@id":"https:\/\/mikkipet.com\/de\/#\/schema\/logo\/image\/"}}]}},"uagb_featured_image_src":{"full":false,"thumbnail":false,"medium":false,"medium_large":false,"large":false,"gs-tiny":false,"xl":false,"xxl":false,"xxxl":false,"xxxxl":false,"xxxxxl":false,"blz_expanded_feature":false,"1536x1536":false,"2048x2048":false,"background_image":false,"woocommerce_thumbnail":false,"woocommerce_single":false,"woocommerce_gallery_thumbnail":false,"shop_catalog":false,"shop_single":false,"shop_thumbnail":false,"page-header":false,"page-two-to-one":false},"uagb_author_info":{"display_name":"Phil Durston","author_link":"https:\/\/mikkipet.com\/de\/author\/phil\/"},"uagb_comment_info":0,"uagb_excerpt":"Wie Sie die Krallen Ihres Haustieres schneiden Das Schneiden der Krallen Ihres Haustieres kann eine entmutigende Erfahrung sein, da es schwierig sein kann, zu wissen, wie viel man abschneiden muss, ohne zu viel zu schneiden. Aber die N\u00e4gel Ihres Haustieres zu trimmen, ist f\u00fcr Ihr beider Wohlbefinden unerl\u00e4sslich. Die Klaue Ihres Haustieres hat Blutgef\u00e4\u00dfe, die&hellip;","coauthors":[],"author_meta":{"author_link":"https:\/\/mikkipet.com\/de\/author\/phil\/","display_name":"Phil Durston"},"relative_dates":{"created":"Posted 4 Jahren ago","modified":"Updated 3 Jahren ago"},"absolute_dates":{"created":"Posted on ","modified":"Updated on "},"absolute_dates_time":{"created":"Posted on  ","modified":"Updated on  "},"featured_img_caption":"","featured_img":false,"series_order":"","_links":{"self":[{"href":"https:\/\/mikkipet.com\/de\/wp-json\/wp\/v2\/pages\/19105","targetHints":{"allow":["GET"]}}],"collection":[{"href":"https:\/\/mikkipet.com\/de\/wp-json\/wp\/v2\/pages"}],"about":[{"href":"https:\/\/mikkipet.com\/de\/wp-json\/wp\/v2\/types\/page"}],"author":[{"embeddable":true,"href":"https:\/\/mikkipet.com\/de\/wp-json\/wp\/v2\/users\/4"}],"replies":[{"embeddable":true,"href":"https:\/\/mikkipet.com\/de\/wp-json\/wp\/v2\/comments?post=19105"}],"version-history":[{"count":1,"href":"https:\/\/mikkipet.com\/de\/wp-json\/wp\/v2\/pages\/19105\/revisions"}],"predecessor-version":[{"id":19109,"href":"https:\/\/mikkipet.com\/de\/wp-json\/wp\/v2\/pages\/19105\/revisions\/19109"}],"wp:attachment":[{"href":"https:\/\/mikkipet.com\/de\/wp-json\/wp\/v2\/media?parent=19105"}],"curies":[{"name":"wp","href":"https:\/\/api.w.org\/{rel}","templated":true}]}}