{"id":19113,"date":"2022-09-07T08:58:20","date_gmt":"2022-09-07T07:58:20","guid":{"rendered":"https:\/\/mikkipet.com\/pflege-des-hundes-in-der-saison\/"},"modified":"2023-07-19T14:53:28","modified_gmt":"2023-07-19T13:53:28","slug":"pflege-des-hundes-in-der-saison","status":"publish","type":"page","link":"https:\/\/mikkipet.com\/de\/pflege-des-hundes-in-der-saison\/","title":{"rendered":"Pflege des Hundes in der Saison"},"content":{"rendered":"\n<div class=\"wp-block-columns is-layout-flex wp-container-core-columns-is-layout-28f84493 wp-block-columns-is-layout-flex\">\n<div class=\"wp-block-column is-vertically-aligned-center is-layout-flow wp-block-column-is-layout-flow\">\n<div class=\"wp-block-columns is-layout-flex wp-container-core-columns-is-layout-28f84493 wp-block-columns-is-layout-flex\">\n<div class=\"wp-block-column is-layout-flow wp-block-column-is-layout-flow\">\n<section class=\"wp-block-uagb-columns uagb-columns__wrap uagb-columns__background-color uagb-columns__stack-mobile uagb-columns__valign- uagb-columns__gap-10 align uagb-block-88a167d9 uagb-columns__columns-1 uagb-columns__max_width-theme\"><div class=\"uagb-columns__overlay\"><\/div><div class=\"uagb-columns__inner-wrap uagb-columns__columns-1\">\n<div class=\"wp-block-uagb-column uagb-column__wrap uagb-column__background-color uagb-block-b7392063\"><div class=\"uagb-column__overlay\"><\/div>\n<h2 class=\"has-white-color has-text-color wp-block-heading\" style=\"font-size:60px\"><strong>Pflege des Hundes in der Saison<\/strong><\/h2>\n<\/div>\n<\/div><\/section>\n<\/div>\n<\/div>\n<\/div>\n<\/div>\n\n<div class=\"wp-block-columns has-ast-global-color-5-background-color has-background is-layout-flex wp-container-core-columns-is-layout-c6bc58be wp-block-columns-is-layout-flex\" style=\"padding-top:0px;padding-right:0px;padding-bottom:0px;padding-left:0px\">\n<div class=\"wp-block-column is-layout-flow wp-block-column-is-layout-flow\">\n<section class=\"wp-block-uagb-columns uagb-columns__wrap uagb-columns__background-color uagb-columns__stack-mobile uagb-columns__valign- uagb-columns__gap-0 align uagb-block-1c353f2e uagb-columns__columns-1 uagb-columns__max_width-theme advgb-block-1c353f2e\"><div class=\"uagb-columns__overlay\"><\/div><div class=\"uagb-columns__inner-wrap uagb-columns__columns-1\">\n<div class=\"wp-block-uagb-column uagb-column__wrap uagb-column__background-undefined uagb-block-1e0712d2 advgb-block-1e0712d2\"><div class=\"uagb-column__overlay\"><\/div>\n<p class=\"has-medium-font-size\">Wenn Sie eine H\u00fcndin besitzen, wird sie, sofern sie nicht kastriert wurde, ihr Leben lang regelm\u00e4\u00dfig l\u00e4ufig werden. Diese Zeit wird allgemein als &#8222;Brunst&#8220; bezeichnet und ist der Zeitpunkt, an dem sie schwanger werden kann.<\/p>\n\n\n\n<div class=\"wp-block-columns is-layout-flex wp-container-core-columns-is-layout-28f84493 wp-block-columns-is-layout-flex\">\n<div class=\"wp-block-column is-layout-flow wp-block-column-is-layout-flow\" style=\"flex-basis:66.66%\">\n<h3 class=\"wp-block-heading\"><strong>Die wichtigsten Fakten der Saison:<\/strong><\/h3>\n\n\n\n<ul class=\"has-medium-font-size wp-block-list\"><li>Viele H\u00fcndinnen haben ihre erste L\u00e4ufigkeit im Alter von etwa 6 Monaten.<\/li><li>Die meisten Saisonzyklen dauern 2-4 Wochen und finden alle 6 Monate statt.<\/li><li>Die Blutung kann 7-10 Tage anhalten (abh\u00e4ngig von Hund und Rasse)<\/li><li>Das Verhalten Ihrer H\u00fcndin kann sich w\u00e4hrend der L\u00e4ufigkeit \u00e4ndern<\/li><\/ul>\n<\/div>\n\n\n\n<div class=\"wp-block-column is-layout-flow wp-block-column-is-layout-flow\" style=\"flex-basis:33.33%\">\n<figure class=\"wp-block-image size-full\"><img loading=\"lazy\" decoding=\"async\" width=\"533\" height=\"355\" src=\"https:\/\/mikkipet.com\/wp-content\/uploads\/2022\/09\/Untitled-design-19.png\" alt=\"\" class=\"wp-image-15707\" srcset=\"https:\/\/mikkipet.com\/wp-content\/uploads\/2022\/09\/Untitled-design-19.png 533w, https:\/\/mikkipet.com\/wp-content\/uploads\/2022\/09\/Untitled-design-19-300x200.png 300w, https:\/\/mikkipet.com\/wp-content\/uploads\/2022\/09\/Untitled-design-19-358x238.png 358w\" sizes=\"auto, (max-width: 533px) 100vw, 533px\" \/><\/figure>\n<\/div>\n<\/div>\n\n\n\n<h3 class=\"wp-block-heading\"><strong><strong>Was sind die Anzeichen daf\u00fcr, dass ein Hund in die L\u00e4ufigkeit kommt?<\/strong><\/strong><\/h3>\n\n\n\n<p class=\"has-medium-font-size\" style=\"line-height:1.5\">Blutungen sind das offensichtlichste Anzeichen daf\u00fcr, dass Ihre H\u00fcndin l\u00e4ufig geworden ist, aber auch Sie k\u00f6nnen sie bemerken:<\/p>\n\n\n\n<p><\/p>\n\n\n\n<ul class=\"has-medium-font-size wp-block-list\"><li>Anschwellen der Vulva (in der Regel ein paar Tage vor Beginn der Blutung)<\/li><li>Lecken des Genitalbereichs<\/li><li>Mehr Urinieren als \u00fcblich<\/li><\/ul>\n\n\n\n<p><\/p>\n\n\n\n<h3 class=\"wp-block-heading\"><strong>Wie kann ich meinem Hund helfen, wenn er in der Saison ist?<\/strong><\/h3>\n\n\n\n<div class=\"wp-block-columns is-layout-flex wp-container-core-columns-is-layout-28f84493 wp-block-columns-is-layout-flex\">\n<div class=\"wp-block-column is-layout-flow wp-block-column-is-layout-flow\">\n<div class=\"wp-block-advgb-list\"><ul class=\"advgblist-4082aa53-1e67-48a7-9eae-e564744c1f5e advgb-list advgb-list-yes-alt\"><li>Nehmen Sie sich etwas Zeit f\u00fcr zus\u00e4tzliche Streicheleinheiten und Beruhigung.<\/li><li>Achten Sie darauf, dass sie viel Wasser trinkt und gut isst.<\/li><li>Wenn Ihr Hund eine Sauerei macht, beruhigen Sie ihn ruhig, w\u00e4hrend Sie sie aufr\u00e4umen &#8211; schimpfen Sie nicht mit ihm. Erw\u00e4gen Sie die Verwendung von Hundeh\u00f6schen, um die Verschmutzung zu verringern.<\/li><li>Sorgen Sie f\u00fcr zus\u00e4tzliche Toilettenpausen, da sie m\u00f6glicherweise h\u00e4ufiger auf die Toilette muss.<\/li><li>Halten Sie Ihre H\u00fcndin w\u00e4hrend der L\u00e4ufigkeit von R\u00fcden fern &#8211; lassen Sie sie beim Spazierengehen an der Leine.  <\/li><li>Wenn Sie nicht mit Ihrer H\u00fcndin z\u00fcchten, sprechen Sie mit Ihrem Tierarzt \u00fcber die Kastration.<\/li><\/ul><\/div>\n<\/div>\n<\/div>\n\n\n\n<p><\/p>\n\n\n\n<p><\/p>\n\n\n\n<div class=\"wp-block-columns has-ast-global-color-6-color has-ast-global-color-0-background-color has-text-color has-background is-layout-flex wp-container-core-columns-is-layout-28f84493 wp-block-columns-is-layout-flex\">\n<div class=\"wp-block-column is-layout-flow wp-block-column-is-layout-flow\" style=\"padding-top:0px;padding-right:20px;padding-left:20px\">\n<div class=\"wp-block-columns is-layout-flex wp-container-core-columns-is-layout-28f84493 wp-block-columns-is-layout-flex\">\n<div class=\"wp-block-column is-layout-flow wp-block-column-is-layout-flow\" style=\"flex-basis:66.66%\">\n<h3 class=\"has-ast-global-color-5-color has-text-color wp-block-heading\" id=\"block-4294bfdd-29be-497b-9caa-5b007c53c46d\" style=\"margin-top:20px;margin-left:0px\"><strong>Schutz, wenn Ihre H\u00fcndin l\u00e4ufig ist  <\/strong><\/h3>\n\n\n\n<p class=\"has-ast-global-color-5-color has-text-color has-medium-font-size\">Vermeiden Sie Flecken auf Ihren M\u00f6beln, Ihrer Kleidung und Ihren Teppichen mit der Mikki Hygienehose.<\/p>\n\n\n\n<ul id=\"block-132fbfd8-f3d9-4cf5-9a2e-73f016cc1518\" class=\"has-ast-global-color-5-color has-text-color has-medium-font-size wp-block-list\"><li>Einfacher Sitz durch verstellbaren elastischen Taillengurt und Schnappverschluss<\/li><li>Stretch-Nylon f\u00fcr bequeme Passform mit Stretch-gen\u00e4htem Schwanzloch<\/li><li>Erh\u00e4ltlich in 5 Gr\u00f6\u00dfen von Chihuahua bis Deutsche Dogge!<\/li><\/ul>\n\n\n\n<p class=\"white-hyperlink-text has-medium-font-size\"><a href=\"https:\/\/mikkipet.com\/care\/hygiene\/hygiene-pants-x-small\/\">Extra klein  <\/a><br\/><a href=\"https:\/\/mikkipet.com\/care\/hygiene\/hygiene-pants-small\/\">Klein<\/a><br\/><a href=\"https:\/\/mikkipet.com\/care\/hygiene\/hygiene-pants-medium\/\">Mittel  <\/a><br\/><a href=\"https:\/\/mikkipet.com\/care\/hygiene\/hygiene-pants-large\/\">Gro\u00df  <\/a><br\/><a href=\"https:\/\/mikkipet.com\/care\/hygiene\/hygiene-pants-x-large\/\">Extra gro\u00df  <\/a><\/p>\n\n\n\n<p><\/p>\n<\/div>\n\n\n\n<div class=\"wp-block-column is-layout-flow wp-block-column-is-layout-flow\" style=\"flex-basis:33.33%\">\n<p> <\/p>\n\n\n\n<figure class=\"wp-block-image aligncenter size-full is-resized\"><img loading=\"lazy\" decoding=\"async\" src=\"https:\/\/mikkipet.com\/wp-content\/uploads\/2022\/09\/6221131-Hygiene-Pants-XS-packaged.jpg\" alt=\"\" class=\"wp-image-15710\" width=\"235\" height=\"391\" srcset=\"https:\/\/mikkipet.com\/wp-content\/uploads\/2022\/09\/6221131-Hygiene-Pants-XS-packaged.jpg 325w, https:\/\/mikkipet.com\/wp-content\/uploads\/2022\/09\/6221131-Hygiene-Pants-XS-packaged-180x300.jpg 180w\" sizes=\"auto, (max-width: 235px) 100vw, 235px\" \/><\/figure>\n\n\n\n<p> <\/p>\n<\/div>\n<\/div>\n<\/div>\n<\/div>\n<\/div>\n<\/div><\/section>\n<\/div>\n<\/div>\n\n<p><\/p>\n<style class=\"advgb-styles-renderer\">.wp-block-advgb-list ul.advgblist-4082aa53-1e67-48a7-9eae-e564744c1f5e > li{font-size:20px;}.wp-block-advgb-list ul.advgblist-4082aa53-1e67-48a7-9eae-e564744c1f5e > li{padding-left:18px;margin-left:0;}.wp-block-advgb-list ul.advgblist-4082aa53-1e67-48a7-9eae-e564744c1f5e > li:before{font-size:16px;color:var(--ast-global-color-8);line-height:18px;margin:2px;padding:2px;margin-left:-20px}.wp-block-advgb-list ul.advgblist-4082aa53-1e67-48a7-9eae-e564744c1f5e > li{font-size:20px;}.wp-block-advgb-list ul.advgblist-4082aa53-1e67-48a7-9eae-e564744c1f5e > li{padding-left:18px;margin-left:0;}.wp-block-advgb-list ul.advgblist-4082aa53-1e67-48a7-9eae-e564744c1f5e > li:before{font-size:16px;color:var(--ast-global-color-8);line-height:18px;margin:2px;padding:2px;margin-left:-20px}.wp-block-advgb-list ul.advgblist-4082aa53-1e67-48a7-9eae-e564744c1f5e > li{font-size:20px;}.wp-block-advgb-list ul.advgblist-4082aa53-1e67-48a7-9eae-e564744c1f5e > li{padding-left:18px;margin-left:0;}.wp-block-advgb-list ul.advgblist-4082aa53-1e67-48a7-9eae-e564744c1f5e > li:before{font-size:16px;color:var(--ast-global-color-8);line-height:18px;margin:2px;padding:2px;margin-left:-20px}.wp-block-advgb-list ul.advgblist-4082aa53-1e67-48a7-9eae-e564744c1f5e > li{font-size:20px;}.wp-block-advgb-list ul.advgblist-4082aa53-1e67-48a7-9eae-e564744c1f5e > li{padding-left:18px;margin-left:0;}.wp-block-advgb-list ul.advgblist-4082aa53-1e67-48a7-9eae-e564744c1f5e > li:before{font-size:16px;color:var(--ast-global-color-8);line-height:18px;margin:2px;padding:2px;margin-left:-20px}.wp-block-advgb-list ul.advgblist-4082aa53-1e67-48a7-9eae-e564744c1f5e > li{font-size:20px;}.wp-block-advgb-list ul.advgblist-4082aa53-1e67-48a7-9eae-e564744c1f5e > li{padding-left:18px;margin-left:0;}.wp-block-advgb-list ul.advgblist-4082aa53-1e67-48a7-9eae-e564744c1f5e > li:before{font-size:16px;color:var(--ast-global-color-8);line-height:18px;margin:2px;padding:2px;margin-left:-20px}.wp-block-advgb-list ul.advgblist-4082aa53-1e67-48a7-9eae-e564744c1f5e > li{font-size:20px;}.wp-block-advgb-list ul.advgblist-4082aa53-1e67-48a7-9eae-e564744c1f5e > li{padding-left:18px;margin-left:0;}.wp-block-advgb-list ul.advgblist-4082aa53-1e67-48a7-9eae-e564744c1f5e > li:before{font-size:16px;color:var(--ast-global-color-8);line-height:18px;margin:2px;padding:2px;margin-left:-20px}.wp-block-advgb-list ul.advgblist-4082aa53-1e67-48a7-9eae-e564744c1f5e > li{font-size:20px;}.wp-block-advgb-list ul.advgblist-4082aa53-1e67-48a7-9eae-e564744c1f5e > li{padding-left:18px;margin-left:0;}.wp-block-advgb-list ul.advgblist-4082aa53-1e67-48a7-9eae-e564744c1f5e > li:before{font-size:16px;color:var(--ast-global-color-8);line-height:18px;margin:2px;padding:2px;margin-left:-20px}<\/style>","protected":false},"excerpt":{"rendered":"<p>Pflege des Hundes in der Saison Wenn Sie eine H\u00fcndin besitzen, wird sie, sofern sie nicht kastriert wurde, ihr Leben lang regelm\u00e4\u00dfig l\u00e4ufig werden. Diese Zeit wird allgemein als &#8222;Brunst&#8220; bezeichnet und ist der Zeitpunkt, an dem sie schwanger werden kann. Die wichtigsten Fakten der Saison: Viele H\u00fcndinnen haben ihre erste L\u00e4ufigkeit im Alter von etwa 6 Monaten. Die meisten Saisonzyklen dauern [&hellip;]<\/p>\n","protected":false},"author":4,"featured_media":0,"parent":0,"menu_order":0,"comment_status":"closed","ping_status":"closed","template":"","meta":{"_acf_changed":false,"_relevanssi_hide_post":"","_relevanssi_hide_content":"","_relevanssi_pin_for_all":"","_relevanssi_pin_keywords":"","_relevanssi_unpin_keywords":"","_relevanssi_related_keywords":"","_relevanssi_related_include_ids":"","_relevanssi_related_exclude_ids":"","_relevanssi_related_no_append":"","_relevanssi_related_not_related":"","_relevanssi_related_posts":"","_relevanssi_noindex_reason":"","_uag_custom_page_level_css":"","advgb_blocks_editor_width":"","advgb_blocks_columns_visual_guide":"","site-sidebar-layout":"default","site-content-layout":"default","ast-site-content-layout":"default","site-content-style":"default","site-sidebar-style":"default","ast-global-header-display":"","ast-banner-title-visibility":"","ast-main-header-display":"","ast-hfb-above-header-display":"","ast-hfb-below-header-display":"","ast-hfb-mobile-header-display":"","site-post-title":"disabled","ast-breadcrumbs-content":"","ast-featured-img":"","footer-sml-layout":"","ast-disable-related-posts":"","theme-transparent-header-meta":"default","adv-header-id-meta":"","stick-header-meta":"default","header-above-stick-meta":"","header-main-stick-meta":"","header-below-stick-meta":"","astra-migrate-meta-layouts":"default","ast-page-background-enabled":"default","ast-page-background-meta":{"desktop":{"background-color":"","background-image":"","background-repeat":"repeat","background-position":"center center","background-size":"auto","background-attachment":"scroll","background-type":"","background-media":"","overlay-type":"","overlay-color":"","overlay-opacity":"","overlay-gradient":""},"tablet":{"background-color":"","background-image":"","background-repeat":"repeat","background-position":"center center","background-size":"auto","background-attachment":"scroll","background-type":"","background-media":"","overlay-type":"","overlay-color":"","overlay-opacity":"","overlay-gradient":""},"mobile":{"background-color":"","background-image":"","background-repeat":"repeat","background-position":"center center","background-size":"auto","background-attachment":"scroll","background-type":"","background-media":"","overlay-type":"","overlay-color":"","overlay-opacity":"","overlay-gradient":""}},"ast-content-background-meta":{"desktop":{"background-color":"var(--ast-global-color-5)","background-image":"","background-repeat":"repeat","background-position":"center center","background-size":"auto","background-attachment":"scroll","background-type":"","background-media":"","overlay-type":"","overlay-color":"","overlay-opacity":"","overlay-gradient":""},"tablet":{"background-color":"var(--ast-global-color-5)","background-image":"","background-repeat":"repeat","background-position":"center center","background-size":"auto","background-attachment":"scroll","background-type":"","background-media":"","overlay-type":"","overlay-color":"","overlay-opacity":"","overlay-gradient":""},"mobile":{"background-color":"var(--ast-global-color-5)","background-image":"","background-repeat":"repeat","background-position":"center center","background-size":"auto","background-attachment":"scroll","background-type":"","background-media":"","overlay-type":"","overlay-color":"","overlay-opacity":"","overlay-gradient":""}},"footnotes":""},"class_list":["ranking_","post-19113","page","type-page","status-publish","hentry"],"acf":[],"yoast_head":"<!-- This site is optimized with the Yoast SEO plugin v27.3 - https:\/\/yoast.com\/product\/yoast-seo-wordpress\/ -->\n<title>Pflege des Hundes in der Saison - Mikki Pet<\/title>\n<meta name=\"robots\" content=\"index, follow, max-snippet:-1, max-image-preview:large, max-video-preview:-1\" \/>\n<link rel=\"canonical\" href=\"https:\/\/mikkipet.com\/de\/pflege-des-hundes-in-der-saison\/\" \/>\n<meta property=\"og:locale\" content=\"de_DE\" \/>\n<meta property=\"og:type\" content=\"article\" \/>\n<meta property=\"og:title\" content=\"Pflege des Hundes in der Saison - Mikki Pet\" \/>\n<meta property=\"og:description\" content=\"Pflege des Hundes in der Saison Wenn Sie eine H\u00fcndin besitzen, wird sie, sofern sie nicht kastriert wurde, ihr Leben lang regelm\u00e4\u00dfig l\u00e4ufig werden. Diese Zeit wird allgemein als &#8222;Brunst&#8220; bezeichnet und ist der Zeitpunkt, an dem sie schwanger werden kann. Die wichtigsten Fakten der Saison: Viele H\u00fcndinnen haben ihre erste L\u00e4ufigkeit im Alter von etwa 6 Monaten. Die meisten Saisonzyklen dauern [&hellip;]\" \/>\n<meta property=\"og:url\" content=\"https:\/\/mikkipet.com\/de\/pflege-des-hundes-in-der-saison\/\" \/>\n<meta property=\"og:site_name\" content=\"Mikki Pet\" \/>\n<meta property=\"article:modified_time\" content=\"2023-07-19T13:53:28+00:00\" \/>\n<meta property=\"og:image\" content=\"https:\/\/mikkipet.com\/wp-content\/uploads\/2022\/09\/Untitled-design-19.png\" \/>\n<meta name=\"twitter:card\" content=\"summary_large_image\" \/>\n<meta name=\"twitter:label1\" content=\"Est. reading time\" \/>\n\t<meta name=\"twitter:data1\" content=\"2 Minuten\" \/>\n<script type=\"application\/ld+json\" class=\"yoast-schema-graph\">{\"@context\":\"https:\\\/\\\/schema.org\",\"@graph\":[{\"@type\":\"WebPage\",\"@id\":\"https:\\\/\\\/mikkipet.com\\\/de\\\/pflege-des-hundes-in-der-saison\\\/\",\"url\":\"https:\\\/\\\/mikkipet.com\\\/de\\\/pflege-des-hundes-in-der-saison\\\/\",\"name\":\"Pflege des Hundes in der Saison - Mikki Pet\",\"isPartOf\":{\"@id\":\"https:\\\/\\\/mikkipet.com\\\/de\\\/#website\"},\"primaryImageOfPage\":{\"@id\":\"https:\\\/\\\/mikkipet.com\\\/de\\\/pflege-des-hundes-in-der-saison\\\/#primaryimage\"},\"image\":{\"@id\":\"https:\\\/\\\/mikkipet.com\\\/de\\\/pflege-des-hundes-in-der-saison\\\/#primaryimage\"},\"thumbnailUrl\":\"https:\\\/\\\/mikkipet.com\\\/wp-content\\\/uploads\\\/2022\\\/09\\\/Untitled-design-19.png\",\"datePublished\":\"2022-09-07T07:58:20+00:00\",\"dateModified\":\"2023-07-19T13:53:28+00:00\",\"breadcrumb\":{\"@id\":\"https:\\\/\\\/mikkipet.com\\\/de\\\/pflege-des-hundes-in-der-saison\\\/#breadcrumb\"},\"inLanguage\":\"de-DE\",\"potentialAction\":[{\"@type\":\"ReadAction\",\"target\":[\"https:\\\/\\\/mikkipet.com\\\/de\\\/pflege-des-hundes-in-der-saison\\\/\"]}]},{\"@type\":\"ImageObject\",\"inLanguage\":\"de-DE\",\"@id\":\"https:\\\/\\\/mikkipet.com\\\/de\\\/pflege-des-hundes-in-der-saison\\\/#primaryimage\",\"url\":\"https:\\\/\\\/mikkipet.com\\\/wp-content\\\/uploads\\\/2022\\\/09\\\/Untitled-design-19.png\",\"contentUrl\":\"https:\\\/\\\/mikkipet.com\\\/wp-content\\\/uploads\\\/2022\\\/09\\\/Untitled-design-19.png\"},{\"@type\":\"BreadcrumbList\",\"@id\":\"https:\\\/\\\/mikkipet.com\\\/de\\\/pflege-des-hundes-in-der-saison\\\/#breadcrumb\",\"itemListElement\":[{\"@type\":\"ListItem\",\"position\":1,\"name\":\"Home\",\"item\":\"https:\\\/\\\/mikkipet.com\\\/de\\\/\"},{\"@type\":\"ListItem\",\"position\":2,\"name\":\"Pflege des Hundes in der Saison\"}]},{\"@type\":\"WebSite\",\"@id\":\"https:\\\/\\\/mikkipet.com\\\/de\\\/#website\",\"url\":\"https:\\\/\\\/mikkipet.com\\\/de\\\/\",\"name\":\"Mikki Pet\",\"description\":\"\",\"publisher\":{\"@id\":\"https:\\\/\\\/mikkipet.com\\\/de\\\/#organization\"},\"potentialAction\":[{\"@type\":\"SearchAction\",\"target\":{\"@type\":\"EntryPoint\",\"urlTemplate\":\"https:\\\/\\\/mikkipet.com\\\/de\\\/?s={search_term_string}\"},\"query-input\":{\"@type\":\"PropertyValueSpecification\",\"valueRequired\":true,\"valueName\":\"search_term_string\"}}],\"inLanguage\":\"de-DE\"},{\"@type\":\"Organization\",\"@id\":\"https:\\\/\\\/mikkipet.com\\\/de\\\/#organization\",\"name\":\"Mikki Pet\",\"url\":\"https:\\\/\\\/mikkipet.com\\\/de\\\/\",\"logo\":{\"@type\":\"ImageObject\",\"inLanguage\":\"de-DE\",\"@id\":\"https:\\\/\\\/mikkipet.com\\\/de\\\/#\\\/schema\\\/logo\\\/image\\\/\",\"url\":\"https:\\\/\\\/mikkipet.com\\\/wp-content\\\/uploads\\\/2024\\\/04\\\/cropped-cropped-Mikki_logo-BW.png\",\"contentUrl\":\"https:\\\/\\\/mikkipet.com\\\/wp-content\\\/uploads\\\/2024\\\/04\\\/cropped-cropped-Mikki_logo-BW.png\",\"width\":163,\"height\":163,\"caption\":\"Mikki Pet\"},\"image\":{\"@id\":\"https:\\\/\\\/mikkipet.com\\\/de\\\/#\\\/schema\\\/logo\\\/image\\\/\"}}]}<\/script>\n<!-- \/ Yoast SEO plugin. -->","yoast_head_json":{"title":"Pflege des Hundes in der Saison - Mikki Pet","robots":{"index":"index","follow":"follow","max-snippet":"max-snippet:-1","max-image-preview":"max-image-preview:large","max-video-preview":"max-video-preview:-1"},"canonical":"https:\/\/mikkipet.com\/de\/pflege-des-hundes-in-der-saison\/","og_locale":"de_DE","og_type":"article","og_title":"Pflege des Hundes in der Saison - Mikki Pet","og_description":"Pflege des Hundes in der Saison Wenn Sie eine H\u00fcndin besitzen, wird sie, sofern sie nicht kastriert wurde, ihr Leben lang regelm\u00e4\u00dfig l\u00e4ufig werden. Diese Zeit wird allgemein als &#8222;Brunst&#8220; bezeichnet und ist der Zeitpunkt, an dem sie schwanger werden kann. Die wichtigsten Fakten der Saison: Viele H\u00fcndinnen haben ihre erste L\u00e4ufigkeit im Alter von etwa 6 Monaten. Die meisten Saisonzyklen dauern [&hellip;]","og_url":"https:\/\/mikkipet.com\/de\/pflege-des-hundes-in-der-saison\/","og_site_name":"Mikki Pet","article_modified_time":"2023-07-19T13:53:28+00:00","og_image":[{"url":"https:\/\/mikkipet.com\/wp-content\/uploads\/2022\/09\/Untitled-design-19.png","type":"","width":"","height":""}],"twitter_card":"summary_large_image","twitter_misc":{"Est. reading time":"2 Minuten"},"schema":{"@context":"https:\/\/schema.org","@graph":[{"@type":"WebPage","@id":"https:\/\/mikkipet.com\/de\/pflege-des-hundes-in-der-saison\/","url":"https:\/\/mikkipet.com\/de\/pflege-des-hundes-in-der-saison\/","name":"Pflege des Hundes in der Saison - Mikki Pet","isPartOf":{"@id":"https:\/\/mikkipet.com\/de\/#website"},"primaryImageOfPage":{"@id":"https:\/\/mikkipet.com\/de\/pflege-des-hundes-in-der-saison\/#primaryimage"},"image":{"@id":"https:\/\/mikkipet.com\/de\/pflege-des-hundes-in-der-saison\/#primaryimage"},"thumbnailUrl":"https:\/\/mikkipet.com\/wp-content\/uploads\/2022\/09\/Untitled-design-19.png","datePublished":"2022-09-07T07:58:20+00:00","dateModified":"2023-07-19T13:53:28+00:00","breadcrumb":{"@id":"https:\/\/mikkipet.com\/de\/pflege-des-hundes-in-der-saison\/#breadcrumb"},"inLanguage":"de-DE","potentialAction":[{"@type":"ReadAction","target":["https:\/\/mikkipet.com\/de\/pflege-des-hundes-in-der-saison\/"]}]},{"@type":"ImageObject","inLanguage":"de-DE","@id":"https:\/\/mikkipet.com\/de\/pflege-des-hundes-in-der-saison\/#primaryimage","url":"https:\/\/mikkipet.com\/wp-content\/uploads\/2022\/09\/Untitled-design-19.png","contentUrl":"https:\/\/mikkipet.com\/wp-content\/uploads\/2022\/09\/Untitled-design-19.png"},{"@type":"BreadcrumbList","@id":"https:\/\/mikkipet.com\/de\/pflege-des-hundes-in-der-saison\/#breadcrumb","itemListElement":[{"@type":"ListItem","position":1,"name":"Home","item":"https:\/\/mikkipet.com\/de\/"},{"@type":"ListItem","position":2,"name":"Pflege des Hundes in der Saison"}]},{"@type":"WebSite","@id":"https:\/\/mikkipet.com\/de\/#website","url":"https:\/\/mikkipet.com\/de\/","name":"Mikki Pet","description":"","publisher":{"@id":"https:\/\/mikkipet.com\/de\/#organization"},"potentialAction":[{"@type":"SearchAction","target":{"@type":"EntryPoint","urlTemplate":"https:\/\/mikkipet.com\/de\/?s={search_term_string}"},"query-input":{"@type":"PropertyValueSpecification","valueRequired":true,"valueName":"search_term_string"}}],"inLanguage":"de-DE"},{"@type":"Organization","@id":"https:\/\/mikkipet.com\/de\/#organization","name":"Mikki Pet","url":"https:\/\/mikkipet.com\/de\/","logo":{"@type":"ImageObject","inLanguage":"de-DE","@id":"https:\/\/mikkipet.com\/de\/#\/schema\/logo\/image\/","url":"https:\/\/mikkipet.com\/wp-content\/uploads\/2024\/04\/cropped-cropped-Mikki_logo-BW.png","contentUrl":"https:\/\/mikkipet.com\/wp-content\/uploads\/2024\/04\/cropped-cropped-Mikki_logo-BW.png","width":163,"height":163,"caption":"Mikki Pet"},"image":{"@id":"https:\/\/mikkipet.com\/de\/#\/schema\/logo\/image\/"}}]}},"uagb_featured_image_src":{"full":false,"thumbnail":false,"medium":false,"medium_large":false,"large":false,"gs-tiny":false,"xl":false,"xxl":false,"xxxl":false,"xxxxl":false,"xxxxxl":false,"blz_expanded_feature":false,"1536x1536":false,"2048x2048":false,"background_image":false,"woocommerce_thumbnail":false,"woocommerce_single":false,"woocommerce_gallery_thumbnail":false,"shop_catalog":false,"shop_single":false,"shop_thumbnail":false,"page-header":false,"page-two-to-one":false},"uagb_author_info":{"display_name":"Phil Durston","author_link":"https:\/\/mikkipet.com\/de\/author\/phil\/"},"uagb_comment_info":0,"uagb_excerpt":"Pflege des Hundes in der Saison Wenn Sie eine H\u00fcndin besitzen, wird sie, sofern sie nicht kastriert wurde, ihr Leben lang regelm\u00e4\u00dfig l\u00e4ufig werden. Diese Zeit wird allgemein als &#8222;Brunst&#8220; bezeichnet und ist der Zeitpunkt, an dem sie schwanger werden kann. Die wichtigsten Fakten der Saison: Viele H\u00fcndinnen haben ihre erste L\u00e4ufigkeit im Alter von&hellip;","coauthors":[],"author_meta":{"author_link":"https:\/\/mikkipet.com\/de\/author\/phil\/","display_name":"Phil Durston"},"relative_dates":{"created":"Posted 4 Jahren ago","modified":"Updated 3 Jahren ago"},"absolute_dates":{"created":"Posted on ","modified":"Updated on "},"absolute_dates_time":{"created":"Posted on  ","modified":"Updated on  "},"featured_img_caption":"","featured_img":false,"series_order":"","_links":{"self":[{"href":"https:\/\/mikkipet.com\/de\/wp-json\/wp\/v2\/pages\/19113","targetHints":{"allow":["GET"]}}],"collection":[{"href":"https:\/\/mikkipet.com\/de\/wp-json\/wp\/v2\/pages"}],"about":[{"href":"https:\/\/mikkipet.com\/de\/wp-json\/wp\/v2\/types\/page"}],"author":[{"embeddable":true,"href":"https:\/\/mikkipet.com\/de\/wp-json\/wp\/v2\/users\/4"}],"replies":[{"embeddable":true,"href":"https:\/\/mikkipet.com\/de\/wp-json\/wp\/v2\/comments?post=19113"}],"version-history":[{"count":1,"href":"https:\/\/mikkipet.com\/de\/wp-json\/wp\/v2\/pages\/19113\/revisions"}],"predecessor-version":[{"id":19125,"href":"https:\/\/mikkipet.com\/de\/wp-json\/wp\/v2\/pages\/19113\/revisions\/19125"}],"wp:attachment":[{"href":"https:\/\/mikkipet.com\/de\/wp-json\/wp\/v2\/media?parent=19113"}],"curies":[{"name":"wp","href":"https:\/\/api.w.org\/{rel}","templated":true}]}}