{"id":19146,"date":"2022-09-08T11:57:16","date_gmt":"2022-09-08T10:57:16","guid":{"rendered":"https:\/\/mikkipet.com\/wie-man-einen-nervoesen-hund-pflegt\/"},"modified":"2023-07-19T14:53:29","modified_gmt":"2023-07-19T13:53:29","slug":"wie-man-einen-nervoesen-hund-pflegt","status":"publish","type":"page","link":"https:\/\/mikkipet.com\/de\/wie-man-einen-nervoesen-hund-pflegt\/","title":{"rendered":"Wie man einen nerv\u00f6sen Hund pflegt"},"content":{"rendered":"\n<section class=\"wp-block-uagb-columns uagb-columns__wrap uagb-columns__background-color uagb-columns__stack-mobile uagb-columns__valign- uagb-columns__gap-10 align uagb-block-b820189c uagb-columns__columns-1 uagb-columns__max_width-theme\"><div class=\"uagb-columns__overlay\"><\/div><div class=\"uagb-columns__inner-wrap uagb-columns__columns-1\">\n<div class=\"wp-block-uagb-column uagb-column__wrap uagb-column__background-undefined uagb-block-541bd64d\"><div class=\"uagb-column__overlay\"><\/div>\n<section class=\"wp-block-uagb-columns uagb-columns__wrap uagb-columns__background-none uagb-columns__stack-mobile uagb-columns__valign- uagb-columns__gap-10 align uagb-block-d39be0a9 uagb-columns__columns-1 uagb-columns__max_width-theme\"><div class=\"uagb-columns__overlay\"><\/div><div class=\"uagb-columns__inner-wrap uagb-columns__columns-1\">\n<div class=\"wp-block-uagb-column uagb-column__wrap uagb-column__background-undefined uagb-block-058f48a4\"><div class=\"uagb-column__overlay\"><\/div>\n<h2 class=\"has-white-color has-text-color wp-block-heading\" style=\"font-size:60px\">Wie man einen nerv\u00f6sen Hund pflegt<\/h2>\n<\/div>\n<\/div><\/section>\n<\/div>\n<\/div><\/section>\n\n<p><\/p>\n\n<p><\/p>\n\n<p class=\"has-medium-font-size\" style=\"line-height:1.5\">Ob es um das Trimmen der N\u00e4gel geht oder darum, Ihren nerv\u00f6sen Hund oder Ihre Katze zu b\u00fcrsten, vielleicht haben sie schlechte Erfahrungen gemacht oder verheddern sich oft im Fell &#8211; egal, wie viel Erfahrung Sie haben oder wie viel M\u00fche Sie sich geben, Ihr Haustier ruhig zu halten, es gibt einige, die sich einfach nicht pflegen lassen wollen.<\/p>\n\n<p><\/p>\n\n<div class=\"wp-block-columns is-layout-flex wp-container-core-columns-is-layout-28f84493 wp-block-columns-is-layout-flex\">\n<div class=\"wp-block-column is-layout-flow wp-block-column-is-layout-flow\">\n<figure class=\"wp-block-image size-full\"><img loading=\"lazy\" decoding=\"async\" width=\"571\" height=\"390\" src=\"https:\/\/mikkipet.com\/wp-content\/uploads\/2022\/09\/2-10.png\" alt=\"\" class=\"wp-image-15808\" srcset=\"https:\/\/mikkipet.com\/wp-content\/uploads\/2022\/09\/2-10.png 571w, https:\/\/mikkipet.com\/wp-content\/uploads\/2022\/09\/2-10-300x205.png 300w, https:\/\/mikkipet.com\/wp-content\/uploads\/2022\/09\/2-10-358x245.png 358w\" sizes=\"auto, (max-width: 571px) 100vw, 571px\" \/><\/figure>\n<\/div>\n\n\n\n<div class=\"wp-block-column is-layout-flow wp-block-column-is-layout-flow\">\n<figure class=\"wp-block-image size-full\"><img loading=\"lazy\" decoding=\"async\" width=\"571\" height=\"390\" src=\"https:\/\/mikkipet.com\/wp-content\/uploads\/2022\/09\/3-9.png\" alt=\"\" class=\"wp-image-15811\" srcset=\"https:\/\/mikkipet.com\/wp-content\/uploads\/2022\/09\/3-9.png 571w, https:\/\/mikkipet.com\/wp-content\/uploads\/2022\/09\/3-9-300x205.png 300w, https:\/\/mikkipet.com\/wp-content\/uploads\/2022\/09\/3-9-358x245.png 358w\" sizes=\"auto, (max-width: 571px) 100vw, 571px\" \/><\/figure>\n<\/div>\n<\/div>\n\n<h2 class=\"wp-block-heading\"><strong><strong>Sanftes Grooming:<\/strong><\/strong><\/h2>\n\n<p class=\"has-medium-font-size\">Die Wahl des Pflegewerkzeugs ist entscheidend &#8211; w\u00e4hlen Sie f\u00fcr den Anfang ein Produkt aus unserer Gentle Grooming-Reihe. Mit diesen Hilfsmitteln k\u00f6nnen Sie eine Streichelaktion nachahmen, so dass Sie Ihr Haustier sanft an die Pflege heranf\u00fchren k\u00f6nnen.<\/p>\n\n<p><\/p>\n\n<section class=\"wp-block-uagb-columns uagb-columns__wrap uagb-columns__background-none uagb-columns__stack-mobile uagb-columns__valign- uagb-columns__gap-10 align uagb-block-f528eeb4 uagb-columns__columns-3 uagb-columns__max_width-theme advgb-block-f528eeb4\"><div class=\"uagb-columns__overlay\"><\/div><div class=\"uagb-columns__inner-wrap uagb-columns__columns-3\">\n<div class=\"wp-block-uagb-column uagb-column__wrap uagb-column__background-undefined uagb-block-91421ea1 advgb-block-91421ea1\"><div class=\"uagb-column__overlay\"><\/div>\n<figure class=\"wp-block-image size-full\"><a href=\"https:\/\/mikkipet.com\/?s=Palm&amp;filter-product=on\"><img loading=\"lazy\" decoding=\"async\" width=\"533\" height=\"355\" src=\"https:\/\/mikkipet.com\/wp-content\/uploads\/2022\/09\/5-7.png\" alt=\"\" class=\"wp-image-15798\" srcset=\"https:\/\/mikkipet.com\/wp-content\/uploads\/2022\/09\/5-7.png 533w, https:\/\/mikkipet.com\/wp-content\/uploads\/2022\/09\/5-7-300x200.png 300w, https:\/\/mikkipet.com\/wp-content\/uploads\/2022\/09\/5-7-358x238.png 358w\" sizes=\"auto, (max-width: 533px) 100vw, 533px\" \/><\/a><figcaption><strong>Handfl\u00e4chenb\u00fcrsten<\/strong><\/figcaption><\/figure>\n\n\n\n<p>Unsere B\u00fcrsten aus Bambuspalmen sind sowohl f\u00fcr Ihr Haustier als auch f\u00fcr den Planeten schonend. Diese B\u00fcrsten liegen gut in der Hand und imitieren ein nat\u00fcrliches Streicheln. Sie sind der perfekte Weg, um Ihr nerv\u00f6ses Haustier an die Pflege heranzuf\u00fchren.<\/p>\n\n\n\n<p>Mit verschiedenen Stiften und Borsten f\u00fcr alle Haartypen, von kurz bis lang.<\/p>\n<\/div>\n\n\n\n<div class=\"wp-block-uagb-column uagb-column__wrap uagb-column__background-undefined uagb-block-fe50e18f advgb-block-fe50e18f\"><div class=\"uagb-column__overlay\"><\/div>\n<figure class=\"wp-block-image size-full\"><a href=\"https:\/\/mikkipet.com\/?s=Glove&amp;filter-product=on\"><img loading=\"lazy\" decoding=\"async\" width=\"533\" height=\"355\" src=\"https:\/\/mikkipet.com\/wp-content\/uploads\/2022\/09\/6-7.png\" alt=\"\" class=\"wp-image-15801\" srcset=\"https:\/\/mikkipet.com\/wp-content\/uploads\/2022\/09\/6-7.png 533w, https:\/\/mikkipet.com\/wp-content\/uploads\/2022\/09\/6-7-300x200.png 300w, https:\/\/mikkipet.com\/wp-content\/uploads\/2022\/09\/6-7-358x238.png 358w\" sizes=\"auto, (max-width: 533px) 100vw, 533px\" \/><\/a><figcaption><strong>Pflegehandschuhe<\/strong><\/figcaption><\/figure>\n\n\n\n<p>Unsere Pflegehandschuhe bleiben sicher an Ihrer Hand, so dass Sie sich ganz darauf konzentrieren k\u00f6nnen, Ihr Haustier ruhig zu halten. Die verschiedenen Modelle passen zu einer Vielzahl von Felltypen und verleihen dem Aussehen Ihres Haustiers Glanz und Politur.<\/p>\n<\/div>\n\n\n\n<div class=\"wp-block-uagb-column uagb-column__wrap uagb-column__background-undefined uagb-block-5daf7a29 advgb-block-5daf7a29\"><div class=\"uagb-column__overlay\"><\/div>\n<figure class=\"wp-block-image size-full\"><a href=\"https:\/\/mikkipet.com\/?s=Kit+&amp;filter-product=on\"><img loading=\"lazy\" decoding=\"async\" width=\"533\" height=\"355\" src=\"https:\/\/mikkipet.com\/wp-content\/uploads\/2022\/09\/Untitled-design-22.png\" alt=\"\" class=\"wp-image-15804\" srcset=\"https:\/\/mikkipet.com\/wp-content\/uploads\/2022\/09\/Untitled-design-22.png 533w, https:\/\/mikkipet.com\/wp-content\/uploads\/2022\/09\/Untitled-design-22-300x200.png 300w, https:\/\/mikkipet.com\/wp-content\/uploads\/2022\/09\/Untitled-design-22-358x238.png 358w\" sizes=\"auto, (max-width: 533px) 100vw, 533px\" \/><\/a><figcaption><strong><strong><strong><strong><strong>Welpen &amp; K\u00e4tzchen Kits<\/strong><\/strong><\/strong><\/strong><\/strong><\/figcaption><\/figure>\n\n\n\n<p>Diese Starter-Sets enthalten die grundlegenden Pflegeprodukte, die Ihr Haustier ein Leben lang braucht. Wenn Sie Ihr junges Haustier von klein auf daran gew\u00f6hnen, gepflegt und behandelt zu werden, wird dieser Teil der Routine f\u00fcr Sie beide stressfrei und angenehm sein.<\/p>\n<\/div>\n<\/div><\/section>\n\n<h2 class=\"wp-block-heading\" style=\"font-size:25px\"><strong>Die besten Tipps:<\/strong><\/h2>\n\n<p><\/p>\n\n<ol class=\"has-medium-font-size wp-block-list\"><li>Das Timing ist wichtig. Achten Sie darauf, dass Sie einen Zeitpunkt w\u00e4hlen, an dem Ihr Hund oder Ihre Katze ruhig und entspannt ist &#8211; vielleicht nach einem langen Spaziergang oder am Abend, wenn sie bereit sind, sich zu beruhigen und zu entspannen.<\/li><li>Bleiben Sie ruhig. Wenn Sie \u00e4ngstlich sind, wird Ihr Hund oder Ihre Katze das mit Sicherheit bemerken.<\/li><li>Beginnen Sie langsam und halten Sie die Sitzungen kurz. Beginnen Sie damit, dass Ihr Haustier sich daran gew\u00f6hnt, dass Sie es streicheln, bevor Sie ein Pflegewerkzeug einsetzen. Wenn Sie sich die Zeit nehmen, die Sitzungen positiv zu halten, wird es auf lange Sicht viel einfacher sein.<\/li><li>Ein bisschen Bestechung schadet nie! Viele Haustiere sind sehr futtermotiviert, also nutzen Sie dies, um sie zu locken und zu belohnen. Loben Sie auch in einem ermutigenden und beruhigenden Tonfall. Tun Sie immer nur ein bisschen, und jeder kleine Schritt bietet eine Belohnung. Mit Hilfe des Clickertrainings k\u00f6nnen nerv\u00f6se Haustiere lernen, dass sie f\u00fcr gutes und ruhiges Verhalten eine Belohnung erhalten. Benutzen Sie Ihren Clicker, um jede Interaktion mit dem Ger\u00e4t zu markieren, und belohnen Sie ihn mit einem Leckerli. Wenn Ihr Haustier entspannter mit den Pflegewerkzeugen umgeht, k\u00f6nnen Sie dazu \u00fcbergehen, es damit zu ber\u00fchren.<\/li><li>Das Schlimmste kommt zum Schluss. Wenn Ihr Haustier gerne geb\u00fcrstet wird, es aber hasst, wenn man ihm die Krallen schneidet, lassen Sie die N\u00e4gel immer bis zum Ende stehen. Beginnen Sie damit, sie zu b\u00fcrsten, damit sie die Sitzung genie\u00dfen und sich entspannen, bevor Sie versuchen, ihre Pfoten zu ber\u00fchren.<\/li><\/ol>\n\n<p><\/p>\n\n<p class=\"has-medium-font-size\"><a href=\"https:\/\/mikkipet.com\/?s=scissors&amp;filter-product=on\">Entdecken Sie die Mikki Gentle Grooming Range<\/a><\/p>\n\n<p><\/p>\n","protected":false},"excerpt":{"rendered":"<p>Wie man einen nerv\u00f6sen Hund pflegt Ob es um das Trimmen der N\u00e4gel geht oder darum, Ihren nerv\u00f6sen Hund oder Ihre Katze zu b\u00fcrsten, vielleicht haben sie schlechte Erfahrungen gemacht oder verheddern sich oft im Fell &#8211; egal, wie viel Erfahrung Sie haben oder wie viel M\u00fche Sie sich geben, Ihr Haustier ruhig zu halten, es gibt einige, die sich einfach nicht [&hellip;]<\/p>\n","protected":false},"author":4,"featured_media":0,"parent":0,"menu_order":0,"comment_status":"closed","ping_status":"closed","template":"","meta":{"_acf_changed":false,"_relevanssi_hide_post":"","_relevanssi_hide_content":"","_relevanssi_pin_for_all":"","_relevanssi_pin_keywords":"","_relevanssi_unpin_keywords":"","_relevanssi_related_keywords":"","_relevanssi_related_include_ids":"","_relevanssi_related_exclude_ids":"","_relevanssi_related_no_append":"","_relevanssi_related_not_related":"","_relevanssi_related_posts":"","_relevanssi_noindex_reason":"","_uag_custom_page_level_css":"","advgb_blocks_editor_width":"","advgb_blocks_columns_visual_guide":"","site-sidebar-layout":"default","site-content-layout":"default","ast-site-content-layout":"default","site-content-style":"default","site-sidebar-style":"default","ast-global-header-display":"","ast-banner-title-visibility":"","ast-main-header-display":"","ast-hfb-above-header-display":"","ast-hfb-below-header-display":"","ast-hfb-mobile-header-display":"","site-post-title":"disabled","ast-breadcrumbs-content":"","ast-featured-img":"","footer-sml-layout":"","theme-transparent-header-meta":"default","adv-header-id-meta":"","stick-header-meta":"default","header-above-stick-meta":"","header-main-stick-meta":"","header-below-stick-meta":"","astra-migrate-meta-layouts":"default","ast-page-background-enabled":"default","ast-page-background-meta":{"desktop":{"background-color":"","background-image":"","background-repeat":"repeat","background-position":"center center","background-size":"auto","background-attachment":"scroll","background-type":"","background-media":"","overlay-type":"","overlay-color":"","overlay-opacity":"","overlay-gradient":""},"tablet":{"background-color":"","background-image":"","background-repeat":"repeat","background-position":"center center","background-size":"auto","background-attachment":"scroll","background-type":"","background-media":"","overlay-type":"","overlay-color":"","overlay-opacity":"","overlay-gradient":""},"mobile":{"background-color":"","background-image":"","background-repeat":"repeat","background-position":"center center","background-size":"auto","background-attachment":"scroll","background-type":"","background-media":"","overlay-type":"","overlay-color":"","overlay-opacity":"","overlay-gradient":""}},"ast-content-background-meta":{"desktop":{"background-color":"var(--ast-global-color-5)","background-image":"","background-repeat":"repeat","background-position":"center center","background-size":"auto","background-attachment":"scroll","background-type":"","background-media":"","overlay-type":"","overlay-color":"","overlay-opacity":"","overlay-gradient":""},"tablet":{"background-color":"var(--ast-global-color-5)","background-image":"","background-repeat":"repeat","background-position":"center center","background-size":"auto","background-attachment":"scroll","background-type":"","background-media":"","overlay-type":"","overlay-color":"","overlay-opacity":"","overlay-gradient":""},"mobile":{"background-color":"var(--ast-global-color-5)","background-image":"","background-repeat":"repeat","background-position":"center center","background-size":"auto","background-attachment":"scroll","background-type":"","background-media":"","overlay-type":"","overlay-color":"","overlay-opacity":"","overlay-gradient":""}},"footnotes":""},"class_list":["ranking_","post-19146","page","type-page","status-publish","hentry"],"acf":[],"yoast_head":"<!-- This site is optimized with the Yoast SEO plugin v25.8 - https:\/\/yoast.com\/wordpress\/plugins\/seo\/ -->\n<title>Wie man einen nerv\u00f6sen Hund pflegt - Mikki Pet<\/title>\n<meta name=\"robots\" content=\"index, follow, max-snippet:-1, max-image-preview:large, max-video-preview:-1\" \/>\n<link rel=\"canonical\" href=\"https:\/\/mikkipet.com\/de\/wie-man-einen-nervoesen-hund-pflegt\/\" \/>\n<meta property=\"og:locale\" content=\"de_DE\" \/>\n<meta property=\"og:type\" content=\"article\" \/>\n<meta property=\"og:title\" content=\"Wie man einen nerv\u00f6sen Hund pflegt - Mikki Pet\" \/>\n<meta property=\"og:description\" content=\"Wie man einen nerv\u00f6sen Hund pflegt Ob es um das Trimmen der N\u00e4gel geht oder darum, Ihren nerv\u00f6sen Hund oder Ihre Katze zu b\u00fcrsten, vielleicht haben sie schlechte Erfahrungen gemacht oder verheddern sich oft im Fell &#8211; egal, wie viel Erfahrung Sie haben oder wie viel M\u00fche Sie sich geben, Ihr Haustier ruhig zu halten, es gibt einige, die sich einfach nicht [&hellip;]\" \/>\n<meta property=\"og:url\" content=\"https:\/\/mikkipet.com\/de\/wie-man-einen-nervoesen-hund-pflegt\/\" \/>\n<meta property=\"og:site_name\" content=\"Mikki Pet\" \/>\n<meta property=\"article:modified_time\" content=\"2023-07-19T13:53:29+00:00\" \/>\n<meta property=\"og:image\" content=\"https:\/\/mikkipet.com\/wp-content\/uploads\/2022\/09\/2-10.png\" \/>\n<meta name=\"twitter:card\" content=\"summary_large_image\" \/>\n<meta name=\"twitter:label1\" content=\"Est. reading time\" \/>\n\t<meta name=\"twitter:data1\" content=\"3 Minuten\" \/>\n<script type=\"application\/ld+json\" class=\"yoast-schema-graph\">{\"@context\":\"https:\/\/schema.org\",\"@graph\":[{\"@type\":\"WebPage\",\"@id\":\"https:\/\/mikkipet.com\/de\/wie-man-einen-nervoesen-hund-pflegt\/\",\"url\":\"https:\/\/mikkipet.com\/de\/wie-man-einen-nervoesen-hund-pflegt\/\",\"name\":\"Wie man einen nerv\u00f6sen Hund pflegt - Mikki Pet\",\"isPartOf\":{\"@id\":\"https:\/\/mikkipet.com\/de\/#website\"},\"primaryImageOfPage\":{\"@id\":\"https:\/\/mikkipet.com\/de\/wie-man-einen-nervoesen-hund-pflegt\/#primaryimage\"},\"image\":{\"@id\":\"https:\/\/mikkipet.com\/de\/wie-man-einen-nervoesen-hund-pflegt\/#primaryimage\"},\"thumbnailUrl\":\"https:\/\/mikkipet.com\/wp-content\/uploads\/2022\/09\/2-10.png\",\"datePublished\":\"2022-09-08T10:57:16+00:00\",\"dateModified\":\"2023-07-19T13:53:29+00:00\",\"breadcrumb\":{\"@id\":\"https:\/\/mikkipet.com\/de\/wie-man-einen-nervoesen-hund-pflegt\/#breadcrumb\"},\"inLanguage\":\"de-DE\",\"potentialAction\":[{\"@type\":\"ReadAction\",\"target\":[\"https:\/\/mikkipet.com\/de\/wie-man-einen-nervoesen-hund-pflegt\/\"]}]},{\"@type\":\"ImageObject\",\"inLanguage\":\"de-DE\",\"@id\":\"https:\/\/mikkipet.com\/de\/wie-man-einen-nervoesen-hund-pflegt\/#primaryimage\",\"url\":\"https:\/\/mikkipet.com\/wp-content\/uploads\/2022\/09\/2-10.png\",\"contentUrl\":\"https:\/\/mikkipet.com\/wp-content\/uploads\/2022\/09\/2-10.png\"},{\"@type\":\"BreadcrumbList\",\"@id\":\"https:\/\/mikkipet.com\/de\/wie-man-einen-nervoesen-hund-pflegt\/#breadcrumb\",\"itemListElement\":[{\"@type\":\"ListItem\",\"position\":1,\"name\":\"Home\",\"item\":\"https:\/\/mikkipet.com\/de\/\"},{\"@type\":\"ListItem\",\"position\":2,\"name\":\"Wie man einen nerv\u00f6sen Hund pflegt\"}]},{\"@type\":\"WebSite\",\"@id\":\"https:\/\/mikkipet.com\/de\/#website\",\"url\":\"https:\/\/mikkipet.com\/de\/\",\"name\":\"Mikki Pet\",\"description\":\"\",\"publisher\":{\"@id\":\"https:\/\/mikkipet.com\/de\/#organization\"},\"potentialAction\":[{\"@type\":\"SearchAction\",\"target\":{\"@type\":\"EntryPoint\",\"urlTemplate\":\"https:\/\/mikkipet.com\/de\/?s={search_term_string}\"},\"query-input\":{\"@type\":\"PropertyValueSpecification\",\"valueRequired\":true,\"valueName\":\"search_term_string\"}}],\"inLanguage\":\"de-DE\"},{\"@type\":\"Organization\",\"@id\":\"https:\/\/mikkipet.com\/de\/#organization\",\"name\":\"Mikki Pet\",\"url\":\"https:\/\/mikkipet.com\/de\/\",\"logo\":{\"@type\":\"ImageObject\",\"inLanguage\":\"de-DE\",\"@id\":\"https:\/\/mikkipet.com\/de\/#\/schema\/logo\/image\/\",\"url\":\"https:\/\/mikkipet.com\/wp-content\/uploads\/2024\/04\/cropped-cropped-Mikki_logo-BW.png\",\"contentUrl\":\"https:\/\/mikkipet.com\/wp-content\/uploads\/2024\/04\/cropped-cropped-Mikki_logo-BW.png\",\"width\":163,\"height\":163,\"caption\":\"Mikki Pet\"},\"image\":{\"@id\":\"https:\/\/mikkipet.com\/de\/#\/schema\/logo\/image\/\"}}]}<\/script>\n<!-- \/ Yoast SEO plugin. -->","yoast_head_json":{"title":"Wie man einen nerv\u00f6sen Hund pflegt - Mikki Pet","robots":{"index":"index","follow":"follow","max-snippet":"max-snippet:-1","max-image-preview":"max-image-preview:large","max-video-preview":"max-video-preview:-1"},"canonical":"https:\/\/mikkipet.com\/de\/wie-man-einen-nervoesen-hund-pflegt\/","og_locale":"de_DE","og_type":"article","og_title":"Wie man einen nerv\u00f6sen Hund pflegt - Mikki Pet","og_description":"Wie man einen nerv\u00f6sen Hund pflegt Ob es um das Trimmen der N\u00e4gel geht oder darum, Ihren nerv\u00f6sen Hund oder Ihre Katze zu b\u00fcrsten, vielleicht haben sie schlechte Erfahrungen gemacht oder verheddern sich oft im Fell &#8211; egal, wie viel Erfahrung Sie haben oder wie viel M\u00fche Sie sich geben, Ihr Haustier ruhig zu halten, es gibt einige, die sich einfach nicht [&hellip;]","og_url":"https:\/\/mikkipet.com\/de\/wie-man-einen-nervoesen-hund-pflegt\/","og_site_name":"Mikki Pet","article_modified_time":"2023-07-19T13:53:29+00:00","og_image":[{"url":"https:\/\/mikkipet.com\/wp-content\/uploads\/2022\/09\/2-10.png","type":"","width":"","height":""}],"twitter_card":"summary_large_image","twitter_misc":{"Est. reading time":"3 Minuten"},"schema":{"@context":"https:\/\/schema.org","@graph":[{"@type":"WebPage","@id":"https:\/\/mikkipet.com\/de\/wie-man-einen-nervoesen-hund-pflegt\/","url":"https:\/\/mikkipet.com\/de\/wie-man-einen-nervoesen-hund-pflegt\/","name":"Wie man einen nerv\u00f6sen Hund pflegt - Mikki Pet","isPartOf":{"@id":"https:\/\/mikkipet.com\/de\/#website"},"primaryImageOfPage":{"@id":"https:\/\/mikkipet.com\/de\/wie-man-einen-nervoesen-hund-pflegt\/#primaryimage"},"image":{"@id":"https:\/\/mikkipet.com\/de\/wie-man-einen-nervoesen-hund-pflegt\/#primaryimage"},"thumbnailUrl":"https:\/\/mikkipet.com\/wp-content\/uploads\/2022\/09\/2-10.png","datePublished":"2022-09-08T10:57:16+00:00","dateModified":"2023-07-19T13:53:29+00:00","breadcrumb":{"@id":"https:\/\/mikkipet.com\/de\/wie-man-einen-nervoesen-hund-pflegt\/#breadcrumb"},"inLanguage":"de-DE","potentialAction":[{"@type":"ReadAction","target":["https:\/\/mikkipet.com\/de\/wie-man-einen-nervoesen-hund-pflegt\/"]}]},{"@type":"ImageObject","inLanguage":"de-DE","@id":"https:\/\/mikkipet.com\/de\/wie-man-einen-nervoesen-hund-pflegt\/#primaryimage","url":"https:\/\/mikkipet.com\/wp-content\/uploads\/2022\/09\/2-10.png","contentUrl":"https:\/\/mikkipet.com\/wp-content\/uploads\/2022\/09\/2-10.png"},{"@type":"BreadcrumbList","@id":"https:\/\/mikkipet.com\/de\/wie-man-einen-nervoesen-hund-pflegt\/#breadcrumb","itemListElement":[{"@type":"ListItem","position":1,"name":"Home","item":"https:\/\/mikkipet.com\/de\/"},{"@type":"ListItem","position":2,"name":"Wie man einen nerv\u00f6sen Hund pflegt"}]},{"@type":"WebSite","@id":"https:\/\/mikkipet.com\/de\/#website","url":"https:\/\/mikkipet.com\/de\/","name":"Mikki Pet","description":"","publisher":{"@id":"https:\/\/mikkipet.com\/de\/#organization"},"potentialAction":[{"@type":"SearchAction","target":{"@type":"EntryPoint","urlTemplate":"https:\/\/mikkipet.com\/de\/?s={search_term_string}"},"query-input":{"@type":"PropertyValueSpecification","valueRequired":true,"valueName":"search_term_string"}}],"inLanguage":"de-DE"},{"@type":"Organization","@id":"https:\/\/mikkipet.com\/de\/#organization","name":"Mikki Pet","url":"https:\/\/mikkipet.com\/de\/","logo":{"@type":"ImageObject","inLanguage":"de-DE","@id":"https:\/\/mikkipet.com\/de\/#\/schema\/logo\/image\/","url":"https:\/\/mikkipet.com\/wp-content\/uploads\/2024\/04\/cropped-cropped-Mikki_logo-BW.png","contentUrl":"https:\/\/mikkipet.com\/wp-content\/uploads\/2024\/04\/cropped-cropped-Mikki_logo-BW.png","width":163,"height":163,"caption":"Mikki Pet"},"image":{"@id":"https:\/\/mikkipet.com\/de\/#\/schema\/logo\/image\/"}}]}},"uagb_featured_image_src":{"full":false,"thumbnail":false,"medium":false,"medium_large":false,"large":false,"gs-tiny":false,"xl":false,"xxl":false,"xxxl":false,"xxxxl":false,"xxxxxl":false,"blz_expanded_feature":false,"1536x1536":false,"2048x2048":false,"background_image":false,"woocommerce_thumbnail":false,"woocommerce_single":false,"woocommerce_gallery_thumbnail":false,"shop_catalog":false,"shop_single":false,"shop_thumbnail":false,"page-header":false,"page-two-to-one":false},"uagb_author_info":{"display_name":"Phil Durston","author_link":"https:\/\/mikkipet.com\/de\/author\/phil\/"},"uagb_comment_info":0,"uagb_excerpt":"Wie man einen nerv\u00f6sen Hund pflegt Ob es um das Trimmen der N\u00e4gel geht oder darum, Ihren nerv\u00f6sen Hund oder Ihre Katze zu b\u00fcrsten, vielleicht haben sie schlechte Erfahrungen gemacht oder verheddern sich oft im Fell &#8211; egal, wie viel Erfahrung Sie haben oder wie viel M\u00fche Sie sich geben, Ihr Haustier ruhig zu halten,&hellip;","coauthors":[],"author_meta":{"author_link":"https:\/\/mikkipet.com\/de\/author\/phil\/","display_name":"Phil Durston"},"relative_dates":{"created":"Posted 4 Jahren ago","modified":"Updated 3 Jahren ago"},"absolute_dates":{"created":"Posted on ","modified":"Updated on "},"absolute_dates_time":{"created":"Posted on  ","modified":"Updated on  "},"featured_img_caption":"","featured_img":false,"series_order":"","_links":{"self":[{"href":"https:\/\/mikkipet.com\/de\/wp-json\/wp\/v2\/pages\/19146","targetHints":{"allow":["GET"]}}],"collection":[{"href":"https:\/\/mikkipet.com\/de\/wp-json\/wp\/v2\/pages"}],"about":[{"href":"https:\/\/mikkipet.com\/de\/wp-json\/wp\/v2\/types\/page"}],"author":[{"embeddable":true,"href":"https:\/\/mikkipet.com\/de\/wp-json\/wp\/v2\/users\/4"}],"replies":[{"embeddable":true,"href":"https:\/\/mikkipet.com\/de\/wp-json\/wp\/v2\/comments?post=19146"}],"version-history":[{"count":1,"href":"https:\/\/mikkipet.com\/de\/wp-json\/wp\/v2\/pages\/19146\/revisions"}],"predecessor-version":[{"id":19158,"href":"https:\/\/mikkipet.com\/de\/wp-json\/wp\/v2\/pages\/19146\/revisions\/19158"}],"wp:attachment":[{"href":"https:\/\/mikkipet.com\/de\/wp-json\/wp\/v2\/media?parent=19146"}],"curies":[{"name":"wp","href":"https:\/\/api.w.org\/{rel}","templated":true}]}}