{"id":19168,"date":"2022-09-07T12:12:08","date_gmt":"2022-09-07T11:12:08","guid":{"rendered":"https:\/\/mikkipet.com\/den-hund-allein-zu-hause-lassen\/"},"modified":"2023-07-19T14:53:29","modified_gmt":"2023-07-19T13:53:29","slug":"den-hund-allein-zu-hause-lassen","status":"publish","type":"page","link":"https:\/\/mikkipet.com\/de\/den-hund-allein-zu-hause-lassen\/","title":{"rendered":"Den Hund allein zu Hause lassen"},"content":{"rendered":"\n<div class=\"wp-block-columns is-layout-flex wp-container-core-columns-is-layout-28f84493 wp-block-columns-is-layout-flex\">\n<div class=\"wp-block-column is-layout-flow wp-block-column-is-layout-flow\">\n<div class=\"wp-block-columns is-layout-flex wp-container-core-columns-is-layout-28f84493 wp-block-columns-is-layout-flex\">\n<div class=\"wp-block-column is-layout-flow wp-block-column-is-layout-flow\">\n<h1 class=\"has-text-align-left has-white-color has-ast-global-color-0-background-color has-text-color has-background wp-block-heading\" style=\"font-size:60px\"><strong>Den Hund allein zu Hause lassen<\/strong><\/h1>\n<\/div>\n<\/div>\n<\/div>\n<\/div>\n\n<div class=\"wp-block-columns has-ast-global-color-5-background-color has-background is-layout-flex wp-container-core-columns-is-layout-c6bc58be wp-block-columns-is-layout-flex\" style=\"padding-top:0px;padding-right:0px;padding-bottom:0px;padding-left:0px\">\n<div class=\"wp-block-column is-layout-flow wp-block-column-is-layout-flow\">\n<section class=\"wp-block-uagb-columns uagb-columns__wrap uagb-columns__background-color uagb-columns__stack-mobile uagb-columns__valign- uagb-columns__gap-0 align uagb-block-838d3736 uagb-columns__columns-1 uagb-columns__max_width-theme advgb-block-838d3736\"><div class=\"uagb-columns__overlay\"><\/div><div class=\"uagb-columns__inner-wrap uagb-columns__columns-1\">\n<div class=\"wp-block-uagb-column uagb-column__wrap uagb-column__background-undefined uagb-block-10059151 advgb-block-10059151\"><div class=\"uagb-column__overlay\"><\/div>\n<p class=\"has-medium-font-size\" style=\"line-height:1.5\">Es wird h\u00e4ufig vorkommen, dass Sie Ihren Hund allein zu Hause lassen m\u00fcssen, daher m\u00fcssen sich sowohl Sie als auch Ihr Hund wohl f\u00fchlen. Wenn Ihr Hund nicht richtig an das Alleinsein gew\u00f6hnt wird, k\u00f6nnen Sie die Folgen der Trennungsangst sp\u00fcren. Dies kann sich in destruktivem Verhalten, Bellen und Winseln oder Toilettenunf\u00e4llen im Haus \u00e4u\u00dfern.<\/p>\n\n\n\n<h3 class=\"wp-block-heading\"><strong>Vorbeugen ist besser als heilen<\/strong><\/h3>\n\n\n\n<p class=\"has-medium-font-size\" style=\"line-height:1.5\">Um dies zu verhindern, m\u00fcssen Sie Ihren Hund mit der Zeit an das Alleinsein gew\u00f6hnen. Bei einem Welpen sollte dieses Training im Alter von 12-14 Wochen stattfinden. Wenn Sie jedoch einen \u00e4lteren Hund in Ihr Haus holen, sollten Sie innerhalb von 1-2 Wochen damit beginnen.<\/p>\n\n\n\n<h3 class=\"wp-block-heading\"><strong>Den Schauplatz festlegen<\/strong><\/h3>\n\n\n\n<div class=\"wp-block-columns is-layout-flex wp-container-core-columns-is-layout-28f84493 wp-block-columns-is-layout-flex\">\n<div class=\"wp-block-column is-layout-flow wp-block-column-is-layout-flow\" style=\"flex-basis:66.66%\">\n<p class=\"has-medium-font-size\" style=\"line-height:1.5\">Stellen Sie sicher, dass Ihr Hund sein Bett kennt und dass dieser Platz immer zug\u00e4nglich ist, wenn Sie ihn verlassen. Dieses Bett k\u00f6nnte in einer Hundebox stehen, wenn Sie eine solche verwenden.  <br\/>Vergewissern Sie sich, dass Ihr Hund m\u00fcde ist, keinen Hunger hat und auf die Toilette gegangen ist, bevor Sie ihn verlassen. Das wird sie dazu bringen, zu schlafen und sich zu entspannen, w\u00e4hrend Sie weg sind.  <br\/>Legen Sie die Umgebung fest, in der Sie sie zur\u00fccklassen, z. B. Licht aus, Radio an, leise, und halten Sie dies konsequent ein, wenn sie sie verlassen. Die Ma\u00dfnahmen zur Schaffung dieser Umgebung dienen als Signal, damit Ihr Hund wei\u00df, wann er verlassen werden soll.<br\/>Ihr Hund sollte immer Zugang zu frischem, sauberem Wasser haben.<\/p>\n<\/div>\n\n\n\n<div class=\"wp-block-column is-layout-flow wp-block-column-is-layout-flow\" style=\"flex-basis:33.33%\">\n<figure class=\"wp-block-image size-full\"><img loading=\"lazy\" decoding=\"async\" width=\"533\" height=\"355\" src=\"https:\/\/mikkipet.com\/wp-content\/uploads\/2022\/09\/Untitled-design-21.png\" alt=\"\" class=\"wp-image-15768\" srcset=\"https:\/\/mikkipet.com\/wp-content\/uploads\/2022\/09\/Untitled-design-21.png 533w, https:\/\/mikkipet.com\/wp-content\/uploads\/2022\/09\/Untitled-design-21-300x200.png 300w, https:\/\/mikkipet.com\/wp-content\/uploads\/2022\/09\/Untitled-design-21-358x238.png 358w\" sizes=\"auto, (max-width: 533px) 100vw, 533px\" \/><\/figure>\n<\/div>\n<\/div>\n\n\n\n<p><\/p>\n\n\n\n<h2 class=\"wp-block-heading\"><strong>Wie soll man anfangen?<\/strong><\/h2>\n\n\n\n<p class=\"has-medium-font-size\" style=\"line-height:1.5\">Sprechen Sie beim Verlassen des Hauses mit normaler Stimme und sagen Sie Dinge wie &#8222;Guter Hund&#8220; oder &#8222;Es dauert nicht lange&#8220;, denn auch wenn der Hund die Worte nicht versteht, wird er den Tonfall erkennen und sich damit wohl f\u00fchlen. Sie k\u00f6nnten ihnen auch einen Klaps geben, bevor Sie gehen, oder ein kleines Leckerli. Best\u00e4ndigkeit ist das A und O. Versuchen Sie also, jedes Mal, wenn Sie gehen, dieselbe Routine beizubehalten.<\/p>\n\n\n\n<p class=\"has-medium-font-size\" style=\"line-height:1.5\">Gehen Sie zun\u00e4chst nur f\u00fcr kurze Zeit weg, vielleicht sogar nur 5 Minuten, gerade so lange, dass Ihr Hund Ihren Weggang registriert. Am besten bleiben Sie ungesehen, aber in H\u00f6rweite, damit Sie eingreifen k\u00f6nnen, wenn Sie h\u00f6ren, dass Ihr Hund gestresst oder zerst\u00f6rerisch wird.<\/p>\n\n\n\n<p> <\/p>\n\n\n\n<h2 class=\"wp-block-heading\"><strong><strong>Seien Sie konsequent und fortschrittlich<\/strong><\/strong><\/h2>\n\n\n\n<p class=\"has-medium-font-size\" style=\"line-height:1.5\">Machen Sie weiterhin mehrere kurze Abfahrten pro Tag und achten Sie darauf, dass Sie der beschlossenen Routine folgen. Wenn Sie eine hohe Erfolgsquote erreicht haben und mit den Fortschritten Ihres Hundes zufrieden sind, k\u00f6nnen Sie beginnen, ihn l\u00e4nger zu lassen, vielleicht eine Stunde am St\u00fcck. Diese Zeitspanne kann sich mit fortschreitendem Training wieder verl\u00e4ngern.<\/p>\n\n\n\n<p class=\"has-medium-font-size\" style=\"line-height:1.5\">\u00dcbung macht den Meister und jeder Hund ist anders. Manche Hunde brauchen l\u00e4nger, um sich an das Alleinsein zu gew\u00f6hnen, w\u00e4hrend sich \u00e4ltere Rettungshunde aufgrund fr\u00fcherer Erfahrungen leicht daran gew\u00f6hnen k\u00f6nnen. Achten Sie auf Ihren Hund und nutzen Sie Ihren gesunden Menschenverstand, um die beste Trainingsroutine f\u00fcr Ihren Hund zu finden.<\/p>\n<\/div>\n<\/div><\/section>\n<\/div>\n<\/div>\n\n<p><\/p>\n","protected":false},"excerpt":{"rendered":"<p>Den Hund allein zu Hause lassen Es wird h\u00e4ufig vorkommen, dass Sie Ihren Hund allein zu Hause lassen m\u00fcssen, daher m\u00fcssen sich sowohl Sie als auch Ihr Hund wohl f\u00fchlen. Wenn Ihr Hund nicht richtig an das Alleinsein gew\u00f6hnt wird, k\u00f6nnen Sie die Folgen der Trennungsangst sp\u00fcren. Dies kann sich in destruktivem Verhalten, Bellen und Winseln oder Toilettenunf\u00e4llen im Haus \u00e4u\u00dfern. Vorbeugen [&hellip;]<\/p>\n","protected":false},"author":4,"featured_media":0,"parent":0,"menu_order":0,"comment_status":"closed","ping_status":"closed","template":"","meta":{"_acf_changed":false,"_relevanssi_hide_post":"","_relevanssi_hide_content":"","_relevanssi_pin_for_all":"","_relevanssi_pin_keywords":"","_relevanssi_unpin_keywords":"","_relevanssi_related_keywords":"","_relevanssi_related_include_ids":"","_relevanssi_related_exclude_ids":"","_relevanssi_related_no_append":"","_relevanssi_related_not_related":"","_relevanssi_related_posts":"","_relevanssi_noindex_reason":"","_uag_custom_page_level_css":"","advgb_blocks_editor_width":"","advgb_blocks_columns_visual_guide":"","site-sidebar-layout":"default","site-content-layout":"default","ast-site-content-layout":"default","site-content-style":"default","site-sidebar-style":"default","ast-global-header-display":"","ast-banner-title-visibility":"","ast-main-header-display":"","ast-hfb-above-header-display":"","ast-hfb-below-header-display":"","ast-hfb-mobile-header-display":"","site-post-title":"disabled","ast-breadcrumbs-content":"","ast-featured-img":"","footer-sml-layout":"","ast-disable-related-posts":"","theme-transparent-header-meta":"default","adv-header-id-meta":"","stick-header-meta":"default","header-above-stick-meta":"","header-main-stick-meta":"","header-below-stick-meta":"","astra-migrate-meta-layouts":"default","ast-page-background-enabled":"default","ast-page-background-meta":{"desktop":{"background-color":"","background-image":"","background-repeat":"repeat","background-position":"center center","background-size":"auto","background-attachment":"scroll","background-type":"","background-media":"","overlay-type":"","overlay-color":"","overlay-opacity":"","overlay-gradient":""},"tablet":{"background-color":"","background-image":"","background-repeat":"repeat","background-position":"center center","background-size":"auto","background-attachment":"scroll","background-type":"","background-media":"","overlay-type":"","overlay-color":"","overlay-opacity":"","overlay-gradient":""},"mobile":{"background-color":"","background-image":"","background-repeat":"repeat","background-position":"center center","background-size":"auto","background-attachment":"scroll","background-type":"","background-media":"","overlay-type":"","overlay-color":"","overlay-opacity":"","overlay-gradient":""}},"ast-content-background-meta":{"desktop":{"background-color":"var(--ast-global-color-5)","background-image":"","background-repeat":"repeat","background-position":"center center","background-size":"auto","background-attachment":"scroll","background-type":"","background-media":"","overlay-type":"","overlay-color":"","overlay-opacity":"","overlay-gradient":""},"tablet":{"background-color":"var(--ast-global-color-5)","background-image":"","background-repeat":"repeat","background-position":"center center","background-size":"auto","background-attachment":"scroll","background-type":"","background-media":"","overlay-type":"","overlay-color":"","overlay-opacity":"","overlay-gradient":""},"mobile":{"background-color":"var(--ast-global-color-5)","background-image":"","background-repeat":"repeat","background-position":"center center","background-size":"auto","background-attachment":"scroll","background-type":"","background-media":"","overlay-type":"","overlay-color":"","overlay-opacity":"","overlay-gradient":""}},"footnotes":""},"class_list":["ranking_","post-19168","page","type-page","status-publish","hentry"],"acf":[],"yoast_head":"<!-- This site is optimized with the Yoast SEO plugin v27.3 - https:\/\/yoast.com\/product\/yoast-seo-wordpress\/ -->\n<title>Den Hund allein zu Hause lassen - Mikki Pet<\/title>\n<meta name=\"robots\" content=\"index, follow, max-snippet:-1, max-image-preview:large, max-video-preview:-1\" \/>\n<link rel=\"canonical\" href=\"https:\/\/mikkipet.com\/de\/den-hund-allein-zu-hause-lassen\/\" \/>\n<meta property=\"og:locale\" content=\"de_DE\" \/>\n<meta property=\"og:type\" content=\"article\" \/>\n<meta property=\"og:title\" content=\"Den Hund allein zu Hause lassen - Mikki Pet\" \/>\n<meta property=\"og:description\" content=\"Den Hund allein zu Hause lassen Es wird h\u00e4ufig vorkommen, dass Sie Ihren Hund allein zu Hause lassen m\u00fcssen, daher m\u00fcssen sich sowohl Sie als auch Ihr Hund wohl f\u00fchlen. Wenn Ihr Hund nicht richtig an das Alleinsein gew\u00f6hnt wird, k\u00f6nnen Sie die Folgen der Trennungsangst sp\u00fcren. Dies kann sich in destruktivem Verhalten, Bellen und Winseln oder Toilettenunf\u00e4llen im Haus \u00e4u\u00dfern. Vorbeugen [&hellip;]\" \/>\n<meta property=\"og:url\" content=\"https:\/\/mikkipet.com\/de\/den-hund-allein-zu-hause-lassen\/\" \/>\n<meta property=\"og:site_name\" content=\"Mikki Pet\" \/>\n<meta property=\"article:modified_time\" content=\"2023-07-19T13:53:29+00:00\" \/>\n<meta property=\"og:image\" content=\"https:\/\/mikkipet.com\/wp-content\/uploads\/2022\/09\/Untitled-design-21.png\" \/>\n<meta name=\"twitter:card\" content=\"summary_large_image\" \/>\n<meta name=\"twitter:label1\" content=\"Est. reading time\" \/>\n\t<meta name=\"twitter:data1\" content=\"3 Minuten\" \/>\n<script type=\"application\/ld+json\" class=\"yoast-schema-graph\">{\"@context\":\"https:\\\/\\\/schema.org\",\"@graph\":[{\"@type\":\"WebPage\",\"@id\":\"https:\\\/\\\/mikkipet.com\\\/de\\\/den-hund-allein-zu-hause-lassen\\\/\",\"url\":\"https:\\\/\\\/mikkipet.com\\\/de\\\/den-hund-allein-zu-hause-lassen\\\/\",\"name\":\"Den Hund allein zu Hause lassen - Mikki Pet\",\"isPartOf\":{\"@id\":\"https:\\\/\\\/mikkipet.com\\\/de\\\/#website\"},\"primaryImageOfPage\":{\"@id\":\"https:\\\/\\\/mikkipet.com\\\/de\\\/den-hund-allein-zu-hause-lassen\\\/#primaryimage\"},\"image\":{\"@id\":\"https:\\\/\\\/mikkipet.com\\\/de\\\/den-hund-allein-zu-hause-lassen\\\/#primaryimage\"},\"thumbnailUrl\":\"https:\\\/\\\/mikkipet.com\\\/wp-content\\\/uploads\\\/2022\\\/09\\\/Untitled-design-21.png\",\"datePublished\":\"2022-09-07T11:12:08+00:00\",\"dateModified\":\"2023-07-19T13:53:29+00:00\",\"breadcrumb\":{\"@id\":\"https:\\\/\\\/mikkipet.com\\\/de\\\/den-hund-allein-zu-hause-lassen\\\/#breadcrumb\"},\"inLanguage\":\"de-DE\",\"potentialAction\":[{\"@type\":\"ReadAction\",\"target\":[\"https:\\\/\\\/mikkipet.com\\\/de\\\/den-hund-allein-zu-hause-lassen\\\/\"]}]},{\"@type\":\"ImageObject\",\"inLanguage\":\"de-DE\",\"@id\":\"https:\\\/\\\/mikkipet.com\\\/de\\\/den-hund-allein-zu-hause-lassen\\\/#primaryimage\",\"url\":\"https:\\\/\\\/mikkipet.com\\\/wp-content\\\/uploads\\\/2022\\\/09\\\/Untitled-design-21.png\",\"contentUrl\":\"https:\\\/\\\/mikkipet.com\\\/wp-content\\\/uploads\\\/2022\\\/09\\\/Untitled-design-21.png\"},{\"@type\":\"BreadcrumbList\",\"@id\":\"https:\\\/\\\/mikkipet.com\\\/de\\\/den-hund-allein-zu-hause-lassen\\\/#breadcrumb\",\"itemListElement\":[{\"@type\":\"ListItem\",\"position\":1,\"name\":\"Home\",\"item\":\"https:\\\/\\\/mikkipet.com\\\/de\\\/\"},{\"@type\":\"ListItem\",\"position\":2,\"name\":\"Den Hund allein zu Hause lassen\"}]},{\"@type\":\"WebSite\",\"@id\":\"https:\\\/\\\/mikkipet.com\\\/de\\\/#website\",\"url\":\"https:\\\/\\\/mikkipet.com\\\/de\\\/\",\"name\":\"Mikki Pet\",\"description\":\"\",\"publisher\":{\"@id\":\"https:\\\/\\\/mikkipet.com\\\/de\\\/#organization\"},\"potentialAction\":[{\"@type\":\"SearchAction\",\"target\":{\"@type\":\"EntryPoint\",\"urlTemplate\":\"https:\\\/\\\/mikkipet.com\\\/de\\\/?s={search_term_string}\"},\"query-input\":{\"@type\":\"PropertyValueSpecification\",\"valueRequired\":true,\"valueName\":\"search_term_string\"}}],\"inLanguage\":\"de-DE\"},{\"@type\":\"Organization\",\"@id\":\"https:\\\/\\\/mikkipet.com\\\/de\\\/#organization\",\"name\":\"Mikki Pet\",\"url\":\"https:\\\/\\\/mikkipet.com\\\/de\\\/\",\"logo\":{\"@type\":\"ImageObject\",\"inLanguage\":\"de-DE\",\"@id\":\"https:\\\/\\\/mikkipet.com\\\/de\\\/#\\\/schema\\\/logo\\\/image\\\/\",\"url\":\"https:\\\/\\\/mikkipet.com\\\/wp-content\\\/uploads\\\/2024\\\/04\\\/cropped-cropped-Mikki_logo-BW.png\",\"contentUrl\":\"https:\\\/\\\/mikkipet.com\\\/wp-content\\\/uploads\\\/2024\\\/04\\\/cropped-cropped-Mikki_logo-BW.png\",\"width\":163,\"height\":163,\"caption\":\"Mikki Pet\"},\"image\":{\"@id\":\"https:\\\/\\\/mikkipet.com\\\/de\\\/#\\\/schema\\\/logo\\\/image\\\/\"}}]}<\/script>\n<!-- \/ Yoast SEO plugin. -->","yoast_head_json":{"title":"Den Hund allein zu Hause lassen - Mikki Pet","robots":{"index":"index","follow":"follow","max-snippet":"max-snippet:-1","max-image-preview":"max-image-preview:large","max-video-preview":"max-video-preview:-1"},"canonical":"https:\/\/mikkipet.com\/de\/den-hund-allein-zu-hause-lassen\/","og_locale":"de_DE","og_type":"article","og_title":"Den Hund allein zu Hause lassen - Mikki Pet","og_description":"Den Hund allein zu Hause lassen Es wird h\u00e4ufig vorkommen, dass Sie Ihren Hund allein zu Hause lassen m\u00fcssen, daher m\u00fcssen sich sowohl Sie als auch Ihr Hund wohl f\u00fchlen. Wenn Ihr Hund nicht richtig an das Alleinsein gew\u00f6hnt wird, k\u00f6nnen Sie die Folgen der Trennungsangst sp\u00fcren. Dies kann sich in destruktivem Verhalten, Bellen und Winseln oder Toilettenunf\u00e4llen im Haus \u00e4u\u00dfern. Vorbeugen [&hellip;]","og_url":"https:\/\/mikkipet.com\/de\/den-hund-allein-zu-hause-lassen\/","og_site_name":"Mikki Pet","article_modified_time":"2023-07-19T13:53:29+00:00","og_image":[{"url":"https:\/\/mikkipet.com\/wp-content\/uploads\/2022\/09\/Untitled-design-21.png","type":"","width":"","height":""}],"twitter_card":"summary_large_image","twitter_misc":{"Est. reading time":"3 Minuten"},"schema":{"@context":"https:\/\/schema.org","@graph":[{"@type":"WebPage","@id":"https:\/\/mikkipet.com\/de\/den-hund-allein-zu-hause-lassen\/","url":"https:\/\/mikkipet.com\/de\/den-hund-allein-zu-hause-lassen\/","name":"Den Hund allein zu Hause lassen - Mikki Pet","isPartOf":{"@id":"https:\/\/mikkipet.com\/de\/#website"},"primaryImageOfPage":{"@id":"https:\/\/mikkipet.com\/de\/den-hund-allein-zu-hause-lassen\/#primaryimage"},"image":{"@id":"https:\/\/mikkipet.com\/de\/den-hund-allein-zu-hause-lassen\/#primaryimage"},"thumbnailUrl":"https:\/\/mikkipet.com\/wp-content\/uploads\/2022\/09\/Untitled-design-21.png","datePublished":"2022-09-07T11:12:08+00:00","dateModified":"2023-07-19T13:53:29+00:00","breadcrumb":{"@id":"https:\/\/mikkipet.com\/de\/den-hund-allein-zu-hause-lassen\/#breadcrumb"},"inLanguage":"de-DE","potentialAction":[{"@type":"ReadAction","target":["https:\/\/mikkipet.com\/de\/den-hund-allein-zu-hause-lassen\/"]}]},{"@type":"ImageObject","inLanguage":"de-DE","@id":"https:\/\/mikkipet.com\/de\/den-hund-allein-zu-hause-lassen\/#primaryimage","url":"https:\/\/mikkipet.com\/wp-content\/uploads\/2022\/09\/Untitled-design-21.png","contentUrl":"https:\/\/mikkipet.com\/wp-content\/uploads\/2022\/09\/Untitled-design-21.png"},{"@type":"BreadcrumbList","@id":"https:\/\/mikkipet.com\/de\/den-hund-allein-zu-hause-lassen\/#breadcrumb","itemListElement":[{"@type":"ListItem","position":1,"name":"Home","item":"https:\/\/mikkipet.com\/de\/"},{"@type":"ListItem","position":2,"name":"Den Hund allein zu Hause lassen"}]},{"@type":"WebSite","@id":"https:\/\/mikkipet.com\/de\/#website","url":"https:\/\/mikkipet.com\/de\/","name":"Mikki Pet","description":"","publisher":{"@id":"https:\/\/mikkipet.com\/de\/#organization"},"potentialAction":[{"@type":"SearchAction","target":{"@type":"EntryPoint","urlTemplate":"https:\/\/mikkipet.com\/de\/?s={search_term_string}"},"query-input":{"@type":"PropertyValueSpecification","valueRequired":true,"valueName":"search_term_string"}}],"inLanguage":"de-DE"},{"@type":"Organization","@id":"https:\/\/mikkipet.com\/de\/#organization","name":"Mikki Pet","url":"https:\/\/mikkipet.com\/de\/","logo":{"@type":"ImageObject","inLanguage":"de-DE","@id":"https:\/\/mikkipet.com\/de\/#\/schema\/logo\/image\/","url":"https:\/\/mikkipet.com\/wp-content\/uploads\/2024\/04\/cropped-cropped-Mikki_logo-BW.png","contentUrl":"https:\/\/mikkipet.com\/wp-content\/uploads\/2024\/04\/cropped-cropped-Mikki_logo-BW.png","width":163,"height":163,"caption":"Mikki Pet"},"image":{"@id":"https:\/\/mikkipet.com\/de\/#\/schema\/logo\/image\/"}}]}},"uagb_featured_image_src":{"full":false,"thumbnail":false,"medium":false,"medium_large":false,"large":false,"gs-tiny":false,"xl":false,"xxl":false,"xxxl":false,"xxxxl":false,"xxxxxl":false,"blz_expanded_feature":false,"1536x1536":false,"2048x2048":false,"background_image":false,"woocommerce_thumbnail":false,"woocommerce_single":false,"woocommerce_gallery_thumbnail":false,"shop_catalog":false,"shop_single":false,"shop_thumbnail":false,"page-header":false,"page-two-to-one":false},"uagb_author_info":{"display_name":"Phil Durston","author_link":"https:\/\/mikkipet.com\/de\/author\/phil\/"},"uagb_comment_info":0,"uagb_excerpt":"Den Hund allein zu Hause lassen Es wird h\u00e4ufig vorkommen, dass Sie Ihren Hund allein zu Hause lassen m\u00fcssen, daher m\u00fcssen sich sowohl Sie als auch Ihr Hund wohl f\u00fchlen. Wenn Ihr Hund nicht richtig an das Alleinsein gew\u00f6hnt wird, k\u00f6nnen Sie die Folgen der Trennungsangst sp\u00fcren. Dies kann sich in destruktivem Verhalten, Bellen und&hellip;","coauthors":[],"author_meta":{"author_link":"https:\/\/mikkipet.com\/de\/author\/phil\/","display_name":"Phil Durston"},"relative_dates":{"created":"Posted 4 Jahren ago","modified":"Updated 3 Jahren ago"},"absolute_dates":{"created":"Posted on ","modified":"Updated on "},"absolute_dates_time":{"created":"Posted on  ","modified":"Updated on  "},"featured_img_caption":"","featured_img":false,"series_order":"","_links":{"self":[{"href":"https:\/\/mikkipet.com\/de\/wp-json\/wp\/v2\/pages\/19168","targetHints":{"allow":["GET"]}}],"collection":[{"href":"https:\/\/mikkipet.com\/de\/wp-json\/wp\/v2\/pages"}],"about":[{"href":"https:\/\/mikkipet.com\/de\/wp-json\/wp\/v2\/types\/page"}],"author":[{"embeddable":true,"href":"https:\/\/mikkipet.com\/de\/wp-json\/wp\/v2\/users\/4"}],"replies":[{"embeddable":true,"href":"https:\/\/mikkipet.com\/de\/wp-json\/wp\/v2\/comments?post=19168"}],"version-history":[{"count":1,"href":"https:\/\/mikkipet.com\/de\/wp-json\/wp\/v2\/pages\/19168\/revisions"}],"predecessor-version":[{"id":19181,"href":"https:\/\/mikkipet.com\/de\/wp-json\/wp\/v2\/pages\/19168\/revisions\/19181"}],"wp:attachment":[{"href":"https:\/\/mikkipet.com\/de\/wp-json\/wp\/v2\/media?parent=19168"}],"curies":[{"name":"wp","href":"https:\/\/api.w.org\/{rel}","templated":true}]}}