{"id":26122,"date":"2023-10-20T12:50:51","date_gmt":"2023-10-20T11:50:51","guid":{"rendered":"https:\/\/mikkipet.com\/seitentitel\/"},"modified":"2023-12-05T17:32:58","modified_gmt":"2023-12-05T17:32:58","slug":"seitentitel","status":"publish","type":"page","link":"https:\/\/mikkipet.com\/de\/seitentitel\/","title":{"rendered":"Seitentitel"},"content":{"rendered":"\n<section class=\"wp-block-uagb-columns uagb-columns__wrap uagb-columns__background-none uagb-columns__stack-mobile uagb-columns__valign- uagb-columns__gap-10 align uagb-block-4efe2094 uagb-columns__columns-1 uagb-columns__max_width-theme\"><div class=\"uagb-columns__overlay\"><\/div><div class=\"uagb-columns__inner-wrap uagb-columns__columns-1\">\n<div class=\"wp-block-uagb-column uagb-column__wrap uagb-column__background-undefined uagb-block-97dec0cd\"><div class=\"uagb-column__overlay\"><\/div>\n<section class=\"wp-block-uagb-columns uagb-columns__wrap uagb-columns__background-color uagb-columns__stack-mobile uagb-columns__valign- uagb-columns__gap-10 align uagb-block-dc7d0929 uagb-columns__columns-1 uagb-columns__max_width-theme\"><div class=\"uagb-columns__overlay\"><\/div><div class=\"uagb-columns__inner-wrap uagb-columns__columns-1\">\n<div class=\"wp-block-uagb-column uagb-column__wrap uagb-column__background-undefined uagb-block-f4666f33\"><div class=\"uagb-column__overlay\"><\/div>\n<section class=\"wp-block-uagb-columns uagb-columns__wrap uagb-columns__background-none uagb-columns__stack-mobile uagb-columns__valign- uagb-columns__gap-10 align uagb-block-aa7bf5f3 uagb-columns__columns-1 uagb-columns__max_width-theme\"><div class=\"uagb-columns__overlay\"><\/div><div class=\"uagb-columns__inner-wrap uagb-columns__columns-1\">\n<div class=\"wp-block-uagb-column uagb-column__wrap uagb-column__background-color uagb-block-89bd881e\"><div class=\"uagb-column__overlay\"><\/div>\n<h1 class=\"wp-block-heading has-text-align-center has-ast-global-color-5-color has-text-color\"><strong>Pflege und Instandhaltung von Doodle-Scheren<\/strong><\/h1>\n<\/div>\n<\/div><\/section>\n\n\n\n<p>Bei speziellen Hundescheren, wie den Doodles-Scheren, ist es wichtig, die Pflege und Wartung zu verstehen und zu erlernen, da Sie auf lange Sicht Geld sparen, da Sie keine Klingen reparieren oder ersetzen m\u00fcssen. Wenn Sie Ihre Schere pflegen, k\u00f6nnen Sie das Beste aus ihr herausholen, indem Sie ihre Sch\u00e4rfe erhalten und einen sauberen Schnitt gew\u00e4hrleisten. Bei richtiger Pflege wird Ihre Doodles-Hundepflegeschere lange halten.<\/p>\n\n\n\n<p>In diesem Artikel erfahren Sie, wie Sie Ihre Doodles Hundeschere ein\u00f6len und spannen k\u00f6nnen, und erhalten weitere Hinweise und Tipps, die Ihnen dabei helfen, das Beste aus Ihrer Doodles Hundeschere herauszuholen.<\/p>\n\n\n\n<div class=\"wp-block-columns is-layout-flex wp-container-core-columns-is-layout-28f84493 wp-block-columns-is-layout-flex\">\n<div class=\"wp-block-column is-layout-flow wp-block-column-is-layout-flow\"><\/div>\n\n\n\n<div class=\"wp-block-column is-layout-flow wp-block-column-is-layout-flow\">\n<figure class=\"wp-block-image size-full\"><img loading=\"lazy\" decoding=\"async\" width=\"600\" height=\"302\" src=\"https:\/\/mikkipet.com\/wp-content\/uploads\/2023\/10\/6376411-Doodle-Scissors-Lifestyle-High-Res-3-1.jpg\" alt=\"6376411 Doodle Schere Lifestyle Hochaufl&#xF6;send 3\" class=\"wp-image-25511\" srcset=\"https:\/\/mikkipet.com\/wp-content\/uploads\/2023\/10\/6376411-Doodle-Scissors-Lifestyle-High-Res-3-1.jpg 600w, https:\/\/mikkipet.com\/wp-content\/uploads\/2023\/10\/6376411-Doodle-Scissors-Lifestyle-High-Res-3-1-300x151.jpg 300w, https:\/\/mikkipet.com\/wp-content\/uploads\/2023\/10\/6376411-Doodle-Scissors-Lifestyle-High-Res-3-1-358x180.jpg 358w\" sizes=\"auto, (max-width: 600px) 100vw, 600px\" \/><\/figure>\n<\/div>\n\n\n\n<div class=\"wp-block-column is-layout-flow wp-block-column-is-layout-flow\"><\/div>\n<\/div>\n\n\n\n<p class=\"has-text-align-center\"><strong>Inhalt<\/strong>:<\/p>\n\n\n\n<p class=\"has-text-align-center\"><a href=\"https:\/\/mikkipet.com\/how-to-care-for-maintain-doodle-scissors\/#clean\">Wie reinige und erhalte ich die Qualit\u00e4t meiner Hundepflege-Schere?<\/a><\/p>\n\n\n\n<p class=\"has-text-align-center\"><a href=\"https:\/\/mikkipet.com\/how-to-care-for-maintain-doodle-scissors\/#oil\">Warum muss ich meine Hundepflegeschere \u00f6len?<\/a><\/p>\n\n\n\n<p class=\"has-text-align-center\"><a href=\"https:\/\/mikkipet.com\/how-to-care-for-maintain-doodle-scissors\/#sharpen\">Wie sch\u00e4rfe ich meine Hundepflegeschere?<\/a><\/p>\n\n\n\n<p class=\"has-text-align-center\"><a href=\"https:\/\/mikkipet.com\/how-to-care-for-maintain-doodle-scissors\/#tension\">Wie finde ich die richtige Spannung f\u00fcr meine Hundepflegeschere?<\/a><\/p>\n<\/div>\n<\/div><\/section>\n<\/div>\n<\/div><\/section>\n\n<p>hallo<\/p>\n","protected":false},"excerpt":{"rendered":"<p>Pflege und Instandhaltung von Doodle-Scheren Bei speziellen Hundescheren, wie den Doodles-Scheren, ist es wichtig, die Pflege und Wartung zu verstehen und zu erlernen, da Sie auf lange Sicht Geld sparen, da Sie keine Klingen reparieren oder ersetzen m\u00fcssen. Wenn Sie Ihre Schere pflegen, k\u00f6nnen Sie das Beste aus ihr herausholen, indem Sie ihre Sch\u00e4rfe erhalten und einen sauberen Schnitt gew\u00e4hrleisten. Bei richtiger [&hellip;]<\/p>\n","protected":false},"author":4,"featured_media":0,"parent":0,"menu_order":0,"comment_status":"closed","ping_status":"closed","template":"","meta":{"_acf_changed":false,"_relevanssi_hide_post":"","_relevanssi_hide_content":"","_relevanssi_pin_for_all":"","_relevanssi_pin_keywords":"","_relevanssi_unpin_keywords":"","_relevanssi_related_keywords":"","_relevanssi_related_include_ids":"","_relevanssi_related_exclude_ids":"","_relevanssi_related_no_append":"","_relevanssi_related_not_related":"","_relevanssi_related_posts":"","_relevanssi_noindex_reason":"","_uag_custom_page_level_css":"","advgb_blocks_editor_width":"","advgb_blocks_columns_visual_guide":"","site-sidebar-layout":"default","site-content-layout":"","ast-site-content-layout":"default","site-content-style":"default","site-sidebar-style":"default","ast-global-header-display":"","ast-banner-title-visibility":"","ast-main-header-display":"","ast-hfb-above-header-display":"","ast-hfb-below-header-display":"","ast-hfb-mobile-header-display":"","site-post-title":"","ast-breadcrumbs-content":"","ast-featured-img":"","footer-sml-layout":"","ast-disable-related-posts":"","theme-transparent-header-meta":"","adv-header-id-meta":"","stick-header-meta":"","header-above-stick-meta":"","header-main-stick-meta":"","header-below-stick-meta":"","astra-migrate-meta-layouts":"default","ast-page-background-enabled":"default","ast-page-background-meta":{"desktop":{"background-color":"","background-image":"","background-repeat":"repeat","background-position":"center center","background-size":"auto","background-attachment":"scroll","background-type":"","background-media":"","overlay-type":"","overlay-color":"","overlay-opacity":"","overlay-gradient":""},"tablet":{"background-color":"","background-image":"","background-repeat":"repeat","background-position":"center center","background-size":"auto","background-attachment":"scroll","background-type":"","background-media":"","overlay-type":"","overlay-color":"","overlay-opacity":"","overlay-gradient":""},"mobile":{"background-color":"","background-image":"","background-repeat":"repeat","background-position":"center center","background-size":"auto","background-attachment":"scroll","background-type":"","background-media":"","overlay-type":"","overlay-color":"","overlay-opacity":"","overlay-gradient":""}},"ast-content-background-meta":{"desktop":{"background-color":"var(--ast-global-color-5)","background-image":"","background-repeat":"repeat","background-position":"center center","background-size":"auto","background-attachment":"scroll","background-type":"","background-media":"","overlay-type":"","overlay-color":"","overlay-opacity":"","overlay-gradient":""},"tablet":{"background-color":"var(--ast-global-color-5)","background-image":"","background-repeat":"repeat","background-position":"center center","background-size":"auto","background-attachment":"scroll","background-type":"","background-media":"","overlay-type":"","overlay-color":"","overlay-opacity":"","overlay-gradient":""},"mobile":{"background-color":"var(--ast-global-color-5)","background-image":"","background-repeat":"repeat","background-position":"center center","background-size":"auto","background-attachment":"scroll","background-type":"","background-media":"","overlay-type":"","overlay-color":"","overlay-opacity":"","overlay-gradient":""}},"footnotes":""},"class_list":["ranking_","post-26122","page","type-page","status-publish","hentry"],"acf":[],"yoast_head":"<!-- This site is optimized with the Yoast SEO plugin v27.3 - https:\/\/yoast.com\/product\/yoast-seo-wordpress\/ -->\n<title>Seitentitel - Mikki Pet<\/title>\n<meta name=\"robots\" content=\"index, follow, max-snippet:-1, max-image-preview:large, max-video-preview:-1\" \/>\n<link rel=\"canonical\" href=\"https:\/\/mikkipet.com\/de\/seitentitel\/\" \/>\n<meta property=\"og:locale\" content=\"de_DE\" \/>\n<meta property=\"og:type\" content=\"article\" \/>\n<meta property=\"og:title\" content=\"Seitentitel - Mikki Pet\" \/>\n<meta property=\"og:description\" content=\"Pflege und Instandhaltung von Doodle-Scheren Bei speziellen Hundescheren, wie den Doodles-Scheren, ist es wichtig, die Pflege und Wartung zu verstehen und zu erlernen, da Sie auf lange Sicht Geld sparen, da Sie keine Klingen reparieren oder ersetzen m\u00fcssen. Wenn Sie Ihre Schere pflegen, k\u00f6nnen Sie das Beste aus ihr herausholen, indem Sie ihre Sch\u00e4rfe erhalten und einen sauberen Schnitt gew\u00e4hrleisten. Bei richtiger [&hellip;]\" \/>\n<meta property=\"og:url\" content=\"https:\/\/mikkipet.com\/de\/seitentitel\/\" \/>\n<meta property=\"og:site_name\" content=\"Mikki Pet\" \/>\n<meta property=\"article:modified_time\" content=\"2023-12-05T17:32:58+00:00\" \/>\n<meta property=\"og:image\" content=\"https:\/\/mikkipet.com\/wp-content\/uploads\/2023\/10\/6376411-Doodle-Scissors-Lifestyle-High-Res-3-1.jpg\" \/>\n<meta name=\"twitter:card\" content=\"summary_large_image\" \/>\n<meta name=\"twitter:label1\" content=\"Est. reading time\" \/>\n\t<meta name=\"twitter:data1\" content=\"1 Minute\" \/>\n<script type=\"application\/ld+json\" class=\"yoast-schema-graph\">{\"@context\":\"https:\\\/\\\/schema.org\",\"@graph\":[{\"@type\":\"WebPage\",\"@id\":\"https:\\\/\\\/mikkipet.com\\\/de\\\/seitentitel\\\/\",\"url\":\"https:\\\/\\\/mikkipet.com\\\/de\\\/seitentitel\\\/\",\"name\":\"Seitentitel - Mikki Pet\",\"isPartOf\":{\"@id\":\"https:\\\/\\\/mikkipet.com\\\/de\\\/#website\"},\"primaryImageOfPage\":{\"@id\":\"https:\\\/\\\/mikkipet.com\\\/de\\\/seitentitel\\\/#primaryimage\"},\"image\":{\"@id\":\"https:\\\/\\\/mikkipet.com\\\/de\\\/seitentitel\\\/#primaryimage\"},\"thumbnailUrl\":\"https:\\\/\\\/mikkipet.com\\\/wp-content\\\/uploads\\\/2023\\\/10\\\/6376411-Doodle-Scissors-Lifestyle-High-Res-3-1.jpg\",\"datePublished\":\"2023-10-20T11:50:51+00:00\",\"dateModified\":\"2023-12-05T17:32:58+00:00\",\"breadcrumb\":{\"@id\":\"https:\\\/\\\/mikkipet.com\\\/de\\\/seitentitel\\\/#breadcrumb\"},\"inLanguage\":\"de-DE\",\"potentialAction\":[{\"@type\":\"ReadAction\",\"target\":[\"https:\\\/\\\/mikkipet.com\\\/de\\\/seitentitel\\\/\"]}]},{\"@type\":\"ImageObject\",\"inLanguage\":\"de-DE\",\"@id\":\"https:\\\/\\\/mikkipet.com\\\/de\\\/seitentitel\\\/#primaryimage\",\"url\":\"https:\\\/\\\/mikkipet.com\\\/wp-content\\\/uploads\\\/2023\\\/10\\\/6376411-Doodle-Scissors-Lifestyle-High-Res-3-1.jpg\",\"contentUrl\":\"https:\\\/\\\/mikkipet.com\\\/wp-content\\\/uploads\\\/2023\\\/10\\\/6376411-Doodle-Scissors-Lifestyle-High-Res-3-1.jpg\"},{\"@type\":\"BreadcrumbList\",\"@id\":\"https:\\\/\\\/mikkipet.com\\\/de\\\/seitentitel\\\/#breadcrumb\",\"itemListElement\":[{\"@type\":\"ListItem\",\"position\":1,\"name\":\"Home\",\"item\":\"https:\\\/\\\/mikkipet.com\\\/de\\\/\"},{\"@type\":\"ListItem\",\"position\":2,\"name\":\"Seitentitel\"}]},{\"@type\":\"WebSite\",\"@id\":\"https:\\\/\\\/mikkipet.com\\\/de\\\/#website\",\"url\":\"https:\\\/\\\/mikkipet.com\\\/de\\\/\",\"name\":\"Mikki Pet\",\"description\":\"\",\"publisher\":{\"@id\":\"https:\\\/\\\/mikkipet.com\\\/de\\\/#organization\"},\"potentialAction\":[{\"@type\":\"SearchAction\",\"target\":{\"@type\":\"EntryPoint\",\"urlTemplate\":\"https:\\\/\\\/mikkipet.com\\\/de\\\/?s={search_term_string}\"},\"query-input\":{\"@type\":\"PropertyValueSpecification\",\"valueRequired\":true,\"valueName\":\"search_term_string\"}}],\"inLanguage\":\"de-DE\"},{\"@type\":\"Organization\",\"@id\":\"https:\\\/\\\/mikkipet.com\\\/de\\\/#organization\",\"name\":\"Mikki Pet\",\"url\":\"https:\\\/\\\/mikkipet.com\\\/de\\\/\",\"logo\":{\"@type\":\"ImageObject\",\"inLanguage\":\"de-DE\",\"@id\":\"https:\\\/\\\/mikkipet.com\\\/de\\\/#\\\/schema\\\/logo\\\/image\\\/\",\"url\":\"https:\\\/\\\/mikkipet.com\\\/wp-content\\\/uploads\\\/2024\\\/04\\\/cropped-cropped-Mikki_logo-BW.png\",\"contentUrl\":\"https:\\\/\\\/mikkipet.com\\\/wp-content\\\/uploads\\\/2024\\\/04\\\/cropped-cropped-Mikki_logo-BW.png\",\"width\":163,\"height\":163,\"caption\":\"Mikki Pet\"},\"image\":{\"@id\":\"https:\\\/\\\/mikkipet.com\\\/de\\\/#\\\/schema\\\/logo\\\/image\\\/\"}}]}<\/script>\n<!-- \/ Yoast SEO plugin. -->","yoast_head_json":{"title":"Seitentitel - Mikki Pet","robots":{"index":"index","follow":"follow","max-snippet":"max-snippet:-1","max-image-preview":"max-image-preview:large","max-video-preview":"max-video-preview:-1"},"canonical":"https:\/\/mikkipet.com\/de\/seitentitel\/","og_locale":"de_DE","og_type":"article","og_title":"Seitentitel - Mikki Pet","og_description":"Pflege und Instandhaltung von Doodle-Scheren Bei speziellen Hundescheren, wie den Doodles-Scheren, ist es wichtig, die Pflege und Wartung zu verstehen und zu erlernen, da Sie auf lange Sicht Geld sparen, da Sie keine Klingen reparieren oder ersetzen m\u00fcssen. Wenn Sie Ihre Schere pflegen, k\u00f6nnen Sie das Beste aus ihr herausholen, indem Sie ihre Sch\u00e4rfe erhalten und einen sauberen Schnitt gew\u00e4hrleisten. Bei richtiger [&hellip;]","og_url":"https:\/\/mikkipet.com\/de\/seitentitel\/","og_site_name":"Mikki Pet","article_modified_time":"2023-12-05T17:32:58+00:00","og_image":[{"url":"https:\/\/mikkipet.com\/wp-content\/uploads\/2023\/10\/6376411-Doodle-Scissors-Lifestyle-High-Res-3-1.jpg","type":"","width":"","height":""}],"twitter_card":"summary_large_image","twitter_misc":{"Est. reading time":"1 Minute"},"schema":{"@context":"https:\/\/schema.org","@graph":[{"@type":"WebPage","@id":"https:\/\/mikkipet.com\/de\/seitentitel\/","url":"https:\/\/mikkipet.com\/de\/seitentitel\/","name":"Seitentitel - Mikki Pet","isPartOf":{"@id":"https:\/\/mikkipet.com\/de\/#website"},"primaryImageOfPage":{"@id":"https:\/\/mikkipet.com\/de\/seitentitel\/#primaryimage"},"image":{"@id":"https:\/\/mikkipet.com\/de\/seitentitel\/#primaryimage"},"thumbnailUrl":"https:\/\/mikkipet.com\/wp-content\/uploads\/2023\/10\/6376411-Doodle-Scissors-Lifestyle-High-Res-3-1.jpg","datePublished":"2023-10-20T11:50:51+00:00","dateModified":"2023-12-05T17:32:58+00:00","breadcrumb":{"@id":"https:\/\/mikkipet.com\/de\/seitentitel\/#breadcrumb"},"inLanguage":"de-DE","potentialAction":[{"@type":"ReadAction","target":["https:\/\/mikkipet.com\/de\/seitentitel\/"]}]},{"@type":"ImageObject","inLanguage":"de-DE","@id":"https:\/\/mikkipet.com\/de\/seitentitel\/#primaryimage","url":"https:\/\/mikkipet.com\/wp-content\/uploads\/2023\/10\/6376411-Doodle-Scissors-Lifestyle-High-Res-3-1.jpg","contentUrl":"https:\/\/mikkipet.com\/wp-content\/uploads\/2023\/10\/6376411-Doodle-Scissors-Lifestyle-High-Res-3-1.jpg"},{"@type":"BreadcrumbList","@id":"https:\/\/mikkipet.com\/de\/seitentitel\/#breadcrumb","itemListElement":[{"@type":"ListItem","position":1,"name":"Home","item":"https:\/\/mikkipet.com\/de\/"},{"@type":"ListItem","position":2,"name":"Seitentitel"}]},{"@type":"WebSite","@id":"https:\/\/mikkipet.com\/de\/#website","url":"https:\/\/mikkipet.com\/de\/","name":"Mikki Pet","description":"","publisher":{"@id":"https:\/\/mikkipet.com\/de\/#organization"},"potentialAction":[{"@type":"SearchAction","target":{"@type":"EntryPoint","urlTemplate":"https:\/\/mikkipet.com\/de\/?s={search_term_string}"},"query-input":{"@type":"PropertyValueSpecification","valueRequired":true,"valueName":"search_term_string"}}],"inLanguage":"de-DE"},{"@type":"Organization","@id":"https:\/\/mikkipet.com\/de\/#organization","name":"Mikki Pet","url":"https:\/\/mikkipet.com\/de\/","logo":{"@type":"ImageObject","inLanguage":"de-DE","@id":"https:\/\/mikkipet.com\/de\/#\/schema\/logo\/image\/","url":"https:\/\/mikkipet.com\/wp-content\/uploads\/2024\/04\/cropped-cropped-Mikki_logo-BW.png","contentUrl":"https:\/\/mikkipet.com\/wp-content\/uploads\/2024\/04\/cropped-cropped-Mikki_logo-BW.png","width":163,"height":163,"caption":"Mikki Pet"},"image":{"@id":"https:\/\/mikkipet.com\/de\/#\/schema\/logo\/image\/"}}]}},"uagb_featured_image_src":{"full":false,"thumbnail":false,"medium":false,"medium_large":false,"large":false,"gs-tiny":false,"xl":false,"xxl":false,"xxxl":false,"xxxxl":false,"xxxxxl":false,"blz_expanded_feature":false,"1536x1536":false,"2048x2048":false,"background_image":false,"woocommerce_thumbnail":false,"woocommerce_single":false,"woocommerce_gallery_thumbnail":false,"shop_catalog":false,"shop_single":false,"shop_thumbnail":false,"page-header":false,"page-two-to-one":false},"uagb_author_info":{"display_name":"Phil Durston","author_link":"https:\/\/mikkipet.com\/de\/author\/phil\/"},"uagb_comment_info":0,"uagb_excerpt":"Pflege und Instandhaltung von Doodle-Scheren Bei speziellen Hundescheren, wie den Doodles-Scheren, ist es wichtig, die Pflege und Wartung zu verstehen und zu erlernen, da Sie auf lange Sicht Geld sparen, da Sie keine Klingen reparieren oder ersetzen m\u00fcssen. Wenn Sie Ihre Schere pflegen, k\u00f6nnen Sie das Beste aus ihr herausholen, indem Sie ihre Sch\u00e4rfe erhalten&hellip;","coauthors":[],"author_meta":{"author_link":"https:\/\/mikkipet.com\/de\/author\/phil\/","display_name":"Phil Durston"},"relative_dates":{"created":"Posted 3 Jahren ago","modified":"Updated 2 Jahren ago"},"absolute_dates":{"created":"Posted on ","modified":"Updated on "},"absolute_dates_time":{"created":"Posted on  ","modified":"Updated on  "},"featured_img_caption":"","featured_img":false,"series_order":"","_links":{"self":[{"href":"https:\/\/mikkipet.com\/de\/wp-json\/wp\/v2\/pages\/26122","targetHints":{"allow":["GET"]}}],"collection":[{"href":"https:\/\/mikkipet.com\/de\/wp-json\/wp\/v2\/pages"}],"about":[{"href":"https:\/\/mikkipet.com\/de\/wp-json\/wp\/v2\/types\/page"}],"author":[{"embeddable":true,"href":"https:\/\/mikkipet.com\/de\/wp-json\/wp\/v2\/users\/4"}],"replies":[{"embeddable":true,"href":"https:\/\/mikkipet.com\/de\/wp-json\/wp\/v2\/comments?post=26122"}],"version-history":[{"count":1,"href":"https:\/\/mikkipet.com\/de\/wp-json\/wp\/v2\/pages\/26122\/revisions"}],"predecessor-version":[{"id":26123,"href":"https:\/\/mikkipet.com\/de\/wp-json\/wp\/v2\/pages\/26122\/revisions\/26123"}],"wp:attachment":[{"href":"https:\/\/mikkipet.com\/de\/wp-json\/wp\/v2\/media?parent=26122"}],"curies":[{"name":"wp","href":"https:\/\/api.w.org\/{rel}","templated":true}]}}