{"id":26742,"date":"2023-12-14T16:34:33","date_gmt":"2023-12-14T16:34:33","guid":{"rendered":"https:\/\/mikkipet.com\/unkategorisiert\/klassischer-kamm-mittleres-fell\/"},"modified":"2024-08-28T12:18:24","modified_gmt":"2024-08-28T11:18:24","slug":"klassischer-kamm-mittel-mantel","status":"publish","type":"product","link":"https:\/\/mikkipet.com\/de\/veraltet\/klassischer-kamm-mittel-mantel\/","title":{"rendered":"Klassischer Kamm &#8211; Mittleres Fell"},"content":{"rendered":"<p>HINWEIS &#8211; Dieses Produkt ist inzwischen veraltet, obwohl es in einigen Gesch\u00e4ften noch erh\u00e4ltlich sein kann. Diese Seite dient nur zu Informationszwecken. Unsere K\u00e4mme haben Z\u00e4hne aus rostfreiem Stahl, um eine lang anhaltende Qualit\u00e4t und hervorragende Ergebnisse zu gew\u00e4hrleisten.<\/p>\n","protected":false},"excerpt":{"rendered":"<p>HINWEIS &#8211; Dieses Produkt ist inzwischen veraltet, obwohl es in einigen Gesch\u00e4ften noch erh\u00e4ltlich sein kann. Diese Seite dient nur zu Informationszwecken. Unsere K\u00e4mme haben Z\u00e4hne aus rostfreiem Stahl, um eine lang anhaltende Qualit\u00e4t und hervorragende Ergebnisse zu gew\u00e4hrleisten.<\/p>\n","protected":false},"author":4,"featured_media":13780,"template":"","meta":{"_acf_changed":false,"_relevanssi_hide_post":"","_relevanssi_hide_content":"","_relevanssi_pin_for_all":"","_relevanssi_pin_keywords":"","_relevanssi_unpin_keywords":"","_relevanssi_related_keywords":"","_relevanssi_related_include_ids":"","_relevanssi_related_exclude_ids":"","_relevanssi_related_no_append":"","_relevanssi_related_not_related":"","_relevanssi_related_posts":"","_relevanssi_noindex_reason":"","_uag_custom_page_level_css":"","advgb_blocks_editor_width":"","advgb_blocks_columns_visual_guide":"","site-sidebar-layout":"default","site-content-layout":"","ast-site-content-layout":"default","site-content-style":"default","site-sidebar-style":"default","ast-global-header-display":"","ast-banner-title-visibility":"","ast-main-header-display":"","ast-hfb-above-header-display":"","ast-hfb-below-header-display":"","ast-hfb-mobile-header-display":"","site-post-title":"","ast-breadcrumbs-content":"","ast-featured-img":"","footer-sml-layout":"","ast-disable-related-posts":"","theme-transparent-header-meta":"","adv-header-id-meta":"","stick-header-meta":"","header-above-stick-meta":"","header-main-stick-meta":"","header-below-stick-meta":"","astra-migrate-meta-layouts":"default","ast-page-background-enabled":"default","ast-page-background-meta":{"desktop":{"background-color":"","background-image":"","background-repeat":"repeat","background-position":"center center","background-size":"auto","background-attachment":"scroll","background-type":"","background-media":"","overlay-type":"","overlay-color":"","overlay-opacity":"","overlay-gradient":""},"tablet":{"background-color":"","background-image":"","background-repeat":"repeat","background-position":"center center","background-size":"auto","background-attachment":"scroll","background-type":"","background-media":"","overlay-type":"","overlay-color":"","overlay-opacity":"","overlay-gradient":""},"mobile":{"background-color":"","background-image":"","background-repeat":"repeat","background-position":"center center","background-size":"auto","background-attachment":"scroll","background-type":"","background-media":"","overlay-type":"","overlay-color":"","overlay-opacity":"","overlay-gradient":""}},"ast-content-background-meta":{"desktop":{"background-color":"var(--ast-global-color-5)","background-image":"","background-repeat":"repeat","background-position":"center center","background-size":"auto","background-attachment":"scroll","background-type":"","background-media":"","overlay-type":"","overlay-color":"","overlay-opacity":"","overlay-gradient":""},"tablet":{"background-color":"var(--ast-global-color-5)","background-image":"","background-repeat":"repeat","background-position":"center center","background-size":"auto","background-attachment":"scroll","background-type":"","background-media":"","overlay-type":"","overlay-color":"","overlay-opacity":"","overlay-gradient":""},"mobile":{"background-color":"var(--ast-global-color-5)","background-image":"","background-repeat":"repeat","background-position":"center center","background-size":"auto","background-attachment":"scroll","background-type":"","background-media":"","overlay-type":"","overlay-color":"","overlay-opacity":"","overlay-gradient":""}}},"product_brand":[],"product_cat":[138],"product_tag":[],"inspiration_category":[],"alternative_category":[],"class_list":{"0":"ranking_","1":"post-26742","2":"product","3":"type-product","4":"status-publish","5":"has-post-thumbnail","7":"product_cat-veraltet","8":"FACET-Type=Veraltet","9":"FACET-Coat_Type_CSV=Glatt\/kurz, mittel","10":"FACET-Grooming_Problem=Knoten & Kn\u00e4uel","11":"desktop-align-left","12":"tablet-align-left","13":"mobile-align-left","14":"ast-product-gallery-layout-horizontal","15":"ast-product-gallery-with-no-image","16":"ast-product-tabs-layout-horizontal","18":"first","19":"instock","20":"shipping-taxable","21":"purchasable","22":"product-type-simple"},"acf":[],"yoast_head":"<!-- This site is optimized with the Yoast SEO plugin v27.3 - https:\/\/yoast.com\/product\/yoast-seo-wordpress\/ -->\n<title>Klassischer Kamm - Mittleres Fell - Mikki Pet<\/title>\n<meta name=\"robots\" content=\"index, follow, max-snippet:-1, max-image-preview:large, max-video-preview:-1\" \/>\n<link rel=\"canonical\" href=\"https:\/\/mikkipet.com\/de\/veraltet\/klassischer-kamm-mittel-mantel\/\" \/>\n<meta property=\"og:locale\" content=\"de_DE\" \/>\n<meta property=\"og:type\" content=\"article\" \/>\n<meta property=\"og:title\" content=\"Klassischer Kamm - Mittleres Fell - Mikki Pet\" \/>\n<meta property=\"og:description\" content=\"HINWEIS &#8211; Dieses Produkt ist inzwischen veraltet, obwohl es in einigen Gesch\u00e4ften noch erh\u00e4ltlich sein kann. Diese Seite dient nur zu Informationszwecken. Unsere K\u00e4mme haben Z\u00e4hne aus rostfreiem Stahl, um eine lang anhaltende Qualit\u00e4t und hervorragende Ergebnisse zu gew\u00e4hrleisten.\" \/>\n<meta property=\"og:url\" content=\"https:\/\/mikkipet.com\/de\/veraltet\/klassischer-kamm-mittel-mantel\/\" \/>\n<meta property=\"og:site_name\" content=\"Mikki Pet\" \/>\n<meta property=\"article:modified_time\" content=\"2024-08-28T11:18:24+00:00\" \/>\n<meta property=\"og:image\" content=\"https:\/\/mikkipet.com\/wp-content\/uploads\/2022\/05\/627cc77e417936.91122375.png\" \/>\n\t<meta property=\"og:image:width\" content=\"768\" \/>\n\t<meta property=\"og:image:height\" content=\"768\" \/>\n\t<meta property=\"og:image:type\" content=\"image\/png\" \/>\n<meta name=\"twitter:card\" content=\"summary_large_image\" \/>\n<script type=\"application\/ld+json\" class=\"yoast-schema-graph\">{\"@context\":\"https:\\\/\\\/schema.org\",\"@graph\":[{\"@type\":\"WebPage\",\"@id\":\"https:\\\/\\\/mikkipet.com\\\/de\\\/veraltet\\\/klassischer-kamm-mittel-mantel\\\/\",\"url\":\"https:\\\/\\\/mikkipet.com\\\/de\\\/veraltet\\\/klassischer-kamm-mittel-mantel\\\/\",\"name\":\"Klassischer Kamm - Mittleres Fell - Mikki Pet\",\"isPartOf\":{\"@id\":\"https:\\\/\\\/mikkipet.com\\\/de\\\/#website\"},\"primaryImageOfPage\":{\"@id\":\"https:\\\/\\\/mikkipet.com\\\/de\\\/veraltet\\\/klassischer-kamm-mittel-mantel\\\/#primaryimage\"},\"image\":{\"@id\":\"https:\\\/\\\/mikkipet.com\\\/de\\\/veraltet\\\/klassischer-kamm-mittel-mantel\\\/#primaryimage\"},\"thumbnailUrl\":\"https:\\\/\\\/mikkipet.com\\\/wp-content\\\/uploads\\\/2022\\\/05\\\/627cc77e417936.91122375.png\",\"datePublished\":\"2023-12-14T16:34:33+00:00\",\"dateModified\":\"2024-08-28T11:18:24+00:00\",\"breadcrumb\":{\"@id\":\"https:\\\/\\\/mikkipet.com\\\/de\\\/veraltet\\\/klassischer-kamm-mittel-mantel\\\/#breadcrumb\"},\"inLanguage\":\"de-DE\",\"potentialAction\":[{\"@type\":\"ReadAction\",\"target\":[\"https:\\\/\\\/mikkipet.com\\\/de\\\/veraltet\\\/klassischer-kamm-mittel-mantel\\\/\"]}]},{\"@type\":\"ImageObject\",\"inLanguage\":\"de-DE\",\"@id\":\"https:\\\/\\\/mikkipet.com\\\/de\\\/veraltet\\\/klassischer-kamm-mittel-mantel\\\/#primaryimage\",\"url\":\"https:\\\/\\\/mikkipet.com\\\/wp-content\\\/uploads\\\/2022\\\/05\\\/627cc77e417936.91122375.png\",\"contentUrl\":\"https:\\\/\\\/mikkipet.com\\\/wp-content\\\/uploads\\\/2022\\\/05\\\/627cc77e417936.91122375.png\",\"width\":768,\"height\":768},{\"@type\":\"BreadcrumbList\",\"@id\":\"https:\\\/\\\/mikkipet.com\\\/de\\\/veraltet\\\/klassischer-kamm-mittel-mantel\\\/#breadcrumb\",\"itemListElement\":[{\"@type\":\"ListItem\",\"position\":1,\"name\":\"Home\",\"item\":\"https:\\\/\\\/mikkipet.com\\\/de\\\/\"},{\"@type\":\"ListItem\",\"position\":2,\"name\":\"Unsere Produkte\",\"item\":\"https:\\\/\\\/mikkipet.com\\\/de\\\/unsere-produkte\\\/\"},{\"@type\":\"ListItem\",\"position\":3,\"name\":\"Klassischer Kamm &#8211; Mittleres Fell\"}]},{\"@type\":\"WebSite\",\"@id\":\"https:\\\/\\\/mikkipet.com\\\/de\\\/#website\",\"url\":\"https:\\\/\\\/mikkipet.com\\\/de\\\/\",\"name\":\"Mikki Pet\",\"description\":\"\",\"publisher\":{\"@id\":\"https:\\\/\\\/mikkipet.com\\\/de\\\/#organization\"},\"potentialAction\":[{\"@type\":\"SearchAction\",\"target\":{\"@type\":\"EntryPoint\",\"urlTemplate\":\"https:\\\/\\\/mikkipet.com\\\/de\\\/?s={search_term_string}\"},\"query-input\":{\"@type\":\"PropertyValueSpecification\",\"valueRequired\":true,\"valueName\":\"search_term_string\"}}],\"inLanguage\":\"de-DE\"},{\"@type\":\"Organization\",\"@id\":\"https:\\\/\\\/mikkipet.com\\\/de\\\/#organization\",\"name\":\"Mikki Pet\",\"url\":\"https:\\\/\\\/mikkipet.com\\\/de\\\/\",\"logo\":{\"@type\":\"ImageObject\",\"inLanguage\":\"de-DE\",\"@id\":\"https:\\\/\\\/mikkipet.com\\\/de\\\/#\\\/schema\\\/logo\\\/image\\\/\",\"url\":\"https:\\\/\\\/mikkipet.com\\\/wp-content\\\/uploads\\\/2024\\\/04\\\/cropped-cropped-Mikki_logo-BW.png\",\"contentUrl\":\"https:\\\/\\\/mikkipet.com\\\/wp-content\\\/uploads\\\/2024\\\/04\\\/cropped-cropped-Mikki_logo-BW.png\",\"width\":163,\"height\":163,\"caption\":\"Mikki Pet\"},\"image\":{\"@id\":\"https:\\\/\\\/mikkipet.com\\\/de\\\/#\\\/schema\\\/logo\\\/image\\\/\"}}]}<\/script>\n<!-- \/ Yoast SEO plugin. -->","yoast_head_json":{"title":"Klassischer Kamm - Mittleres Fell - Mikki Pet","robots":{"index":"index","follow":"follow","max-snippet":"max-snippet:-1","max-image-preview":"max-image-preview:large","max-video-preview":"max-video-preview:-1"},"canonical":"https:\/\/mikkipet.com\/de\/veraltet\/klassischer-kamm-mittel-mantel\/","og_locale":"de_DE","og_type":"article","og_title":"Klassischer Kamm - Mittleres Fell - Mikki Pet","og_description":"HINWEIS &#8211; Dieses Produkt ist inzwischen veraltet, obwohl es in einigen Gesch\u00e4ften noch erh\u00e4ltlich sein kann. Diese Seite dient nur zu Informationszwecken. Unsere K\u00e4mme haben Z\u00e4hne aus rostfreiem Stahl, um eine lang anhaltende Qualit\u00e4t und hervorragende Ergebnisse zu gew\u00e4hrleisten.","og_url":"https:\/\/mikkipet.com\/de\/veraltet\/klassischer-kamm-mittel-mantel\/","og_site_name":"Mikki Pet","article_modified_time":"2024-08-28T11:18:24+00:00","og_image":[{"width":768,"height":768,"url":"https:\/\/mikkipet.com\/wp-content\/uploads\/2022\/05\/627cc77e417936.91122375.png","type":"image\/png"}],"twitter_card":"summary_large_image","schema":{"@context":"https:\/\/schema.org","@graph":[{"@type":"WebPage","@id":"https:\/\/mikkipet.com\/de\/veraltet\/klassischer-kamm-mittel-mantel\/","url":"https:\/\/mikkipet.com\/de\/veraltet\/klassischer-kamm-mittel-mantel\/","name":"Klassischer Kamm - Mittleres Fell - Mikki Pet","isPartOf":{"@id":"https:\/\/mikkipet.com\/de\/#website"},"primaryImageOfPage":{"@id":"https:\/\/mikkipet.com\/de\/veraltet\/klassischer-kamm-mittel-mantel\/#primaryimage"},"image":{"@id":"https:\/\/mikkipet.com\/de\/veraltet\/klassischer-kamm-mittel-mantel\/#primaryimage"},"thumbnailUrl":"https:\/\/mikkipet.com\/wp-content\/uploads\/2022\/05\/627cc77e417936.91122375.png","datePublished":"2023-12-14T16:34:33+00:00","dateModified":"2024-08-28T11:18:24+00:00","breadcrumb":{"@id":"https:\/\/mikkipet.com\/de\/veraltet\/klassischer-kamm-mittel-mantel\/#breadcrumb"},"inLanguage":"de-DE","potentialAction":[{"@type":"ReadAction","target":["https:\/\/mikkipet.com\/de\/veraltet\/klassischer-kamm-mittel-mantel\/"]}]},{"@type":"ImageObject","inLanguage":"de-DE","@id":"https:\/\/mikkipet.com\/de\/veraltet\/klassischer-kamm-mittel-mantel\/#primaryimage","url":"https:\/\/mikkipet.com\/wp-content\/uploads\/2022\/05\/627cc77e417936.91122375.png","contentUrl":"https:\/\/mikkipet.com\/wp-content\/uploads\/2022\/05\/627cc77e417936.91122375.png","width":768,"height":768},{"@type":"BreadcrumbList","@id":"https:\/\/mikkipet.com\/de\/veraltet\/klassischer-kamm-mittel-mantel\/#breadcrumb","itemListElement":[{"@type":"ListItem","position":1,"name":"Home","item":"https:\/\/mikkipet.com\/de\/"},{"@type":"ListItem","position":2,"name":"Unsere Produkte","item":"https:\/\/mikkipet.com\/de\/unsere-produkte\/"},{"@type":"ListItem","position":3,"name":"Klassischer Kamm &#8211; Mittleres Fell"}]},{"@type":"WebSite","@id":"https:\/\/mikkipet.com\/de\/#website","url":"https:\/\/mikkipet.com\/de\/","name":"Mikki Pet","description":"","publisher":{"@id":"https:\/\/mikkipet.com\/de\/#organization"},"potentialAction":[{"@type":"SearchAction","target":{"@type":"EntryPoint","urlTemplate":"https:\/\/mikkipet.com\/de\/?s={search_term_string}"},"query-input":{"@type":"PropertyValueSpecification","valueRequired":true,"valueName":"search_term_string"}}],"inLanguage":"de-DE"},{"@type":"Organization","@id":"https:\/\/mikkipet.com\/de\/#organization","name":"Mikki Pet","url":"https:\/\/mikkipet.com\/de\/","logo":{"@type":"ImageObject","inLanguage":"de-DE","@id":"https:\/\/mikkipet.com\/de\/#\/schema\/logo\/image\/","url":"https:\/\/mikkipet.com\/wp-content\/uploads\/2024\/04\/cropped-cropped-Mikki_logo-BW.png","contentUrl":"https:\/\/mikkipet.com\/wp-content\/uploads\/2024\/04\/cropped-cropped-Mikki_logo-BW.png","width":163,"height":163,"caption":"Mikki Pet"},"image":{"@id":"https:\/\/mikkipet.com\/de\/#\/schema\/logo\/image\/"}}]}},"uagb_featured_image_src":{"full":["https:\/\/mikkipet.com\/wp-content\/uploads\/2022\/05\/627cc77e417936.91122375.png",768,768,false],"thumbnail":["https:\/\/mikkipet.com\/wp-content\/uploads\/2022\/05\/627cc77e417936.91122375-150x150.png",150,150,true],"medium":["https:\/\/mikkipet.com\/wp-content\/uploads\/2022\/05\/627cc77e417936.91122375-300x300.png",300,300,true],"medium_large":["https:\/\/mikkipet.com\/wp-content\/uploads\/2022\/05\/627cc77e417936.91122375.png",768,768,false],"large":["https:\/\/mikkipet.com\/wp-content\/uploads\/2022\/05\/627cc77e417936.91122375.png",768,768,false],"gs-tiny":["https:\/\/mikkipet.com\/wp-content\/uploads\/2022\/05\/627cc77e417936.91122375.png",50,50,false],"xl":["https:\/\/mikkipet.com\/wp-content\/uploads\/2022\/05\/627cc77e417936.91122375.png",768,768,false],"xxl":["https:\/\/mikkipet.com\/wp-content\/uploads\/2022\/05\/627cc77e417936.91122375.png",768,768,false],"xxxl":["https:\/\/mikkipet.com\/wp-content\/uploads\/2022\/05\/627cc77e417936.91122375.png",768,768,false],"xxxxl":["https:\/\/mikkipet.com\/wp-content\/uploads\/2022\/05\/627cc77e417936.91122375.png",768,768,false],"xxxxxl":["https:\/\/mikkipet.com\/wp-content\/uploads\/2022\/05\/627cc77e417936.91122375.png",768,768,false],"blz_expanded_feature":["https:\/\/mikkipet.com\/wp-content\/uploads\/2022\/05\/627cc77e417936.91122375-275x220.png",275,220,true],"1536x1536":["https:\/\/mikkipet.com\/wp-content\/uploads\/2022\/05\/627cc77e417936.91122375.png",768,768,false],"2048x2048":["https:\/\/mikkipet.com\/wp-content\/uploads\/2022\/05\/627cc77e417936.91122375.png",768,768,false],"background_image":["https:\/\/mikkipet.com\/wp-content\/uploads\/2022\/05\/627cc77e417936.91122375.png",768,768,false],"woocommerce_thumbnail":["https:\/\/mikkipet.com\/wp-content\/uploads\/2022\/05\/627cc77e417936.91122375-358x358.png",358,358,true],"woocommerce_single":["https:\/\/mikkipet.com\/wp-content\/uploads\/2022\/05\/627cc77e417936.91122375-600x600.png",600,600,true],"woocommerce_gallery_thumbnail":["https:\/\/mikkipet.com\/wp-content\/uploads\/2022\/05\/627cc77e417936.91122375-100x100.png",100,100,true],"shop_catalog":["https:\/\/mikkipet.com\/wp-content\/uploads\/2022\/05\/627cc77e417936.91122375-358x358.png",300,300,true],"shop_single":["https:\/\/mikkipet.com\/wp-content\/uploads\/2022\/05\/627cc77e417936.91122375-600x600.png",600,600,true],"shop_thumbnail":["https:\/\/mikkipet.com\/wp-content\/uploads\/2022\/05\/627cc77e417936.91122375-100x100.png",100,100,true],"page-header":["https:\/\/mikkipet.com\/wp-content\/uploads\/2022\/05\/627cc77e417936.91122375-768x400.png",768,400,true],"page-two-to-one":["https:\/\/mikkipet.com\/wp-content\/uploads\/2022\/05\/627cc77e417936.91122375.png",768,768,false]},"uagb_author_info":{"display_name":"Phil Durston","author_link":"https:\/\/mikkipet.com\/de\/author\/phil\/"},"uagb_comment_info":0,"uagb_excerpt":"HINWEIS &#8211; Dieses Produkt ist inzwischen veraltet, obwohl es in einigen Gesch\u00e4ften noch erh\u00e4ltlich sein kann. Diese Seite dient nur zu Informationszwecken. Unsere K\u00e4mme haben Z\u00e4hne aus rostfreiem Stahl, um eine lang anhaltende Qualit\u00e4t und hervorragende Ergebnisse zu gew\u00e4hrleisten.","featured_img":"https:\/\/mikkipet.com\/wp-content\/uploads\/2022\/05\/627cc77e417936.91122375.png","coauthors":[],"author_meta":{"author_link":"https:\/\/mikkipet.com\/de\/author\/phil\/","display_name":"Phil Durston"},"relative_dates":{"created":"Posted 2 Jahren ago","modified":"Updated 2 Jahren ago"},"absolute_dates":{"created":"Posted on ","modified":"Updated on "},"absolute_dates_time":{"created":"Posted on  ","modified":"Updated on  "},"featured_img_caption":"","tax_additional":{"product_brand":{"linked":[],"unlinked":[],"slug":"product_brand","name":"Brands"},"product_type":{"linked":["<a href=\"https:\/\/mikkipet.com\/de\/?taxonomy=product_type&#038;term=simple\" class=\"advgb-post-tax-term\">simple<\/a>"],"unlinked":["<span class=\"advgb-post-tax-term\">simple<\/span>"],"slug":"product_type","name":"Produkttyp"},"product_visibility":{"linked":[],"unlinked":[],"slug":"product_visibility","name":"Sichtbarkeit des Produkts"},"product_cat":{"linked":["<a href=\"https:\/\/mikkipet.com\/de\/veraltet\/\" class=\"advgb-post-tax-term\">Veraltet<\/a>"],"unlinked":["<span class=\"advgb-post-tax-term\">Veraltet<\/span>"],"slug":"product_cat","name":"Produkt-Kategorien"},"product_tag":{"linked":[],"unlinked":[],"slug":"product_tag","name":"Produkt Schlagw\u00f6rter"},"product_shipping_class":{"linked":[],"unlinked":[],"slug":"product_shipping_class","name":"Produkt Versandklasse"},"pos_product_visibility":{"linked":[],"unlinked":[],"slug":"pos_product_visibility","name":"POS Product visibility"},"translation_priority":{"linked":["<a href=\"https:\/\/mikkipet.com\/de\/?taxonomy=translation_priority&#038;term=optional-de\" class=\"advgb-post-tax-term\">Optional<\/a>"],"unlinked":["<span class=\"advgb-post-tax-term\">Optional<\/span>"],"slug":"translation_priority","name":"\u00dcbersetzungspriorit\u00e4ten"},"inspiration_category":{"linked":[],"unlinked":[],"slug":"inspiration_category","name":"Inspiration Categories"},"alternative_category":{"linked":[],"unlinked":[],"slug":"alternative_category","name":"Alternative Categories"}},"series_order":"","_links":{"self":[{"href":"https:\/\/mikkipet.com\/de\/wp-json\/wp\/v2\/product\/26742","targetHints":{"allow":["GET"]}}],"collection":[{"href":"https:\/\/mikkipet.com\/de\/wp-json\/wp\/v2\/product"}],"about":[{"href":"https:\/\/mikkipet.com\/de\/wp-json\/wp\/v2\/types\/product"}],"wp:featuredmedia":[{"embeddable":true,"href":"https:\/\/mikkipet.com\/de\/wp-json\/wp\/v2\/media\/13780"}],"wp:attachment":[{"href":"https:\/\/mikkipet.com\/de\/wp-json\/wp\/v2\/media?parent=26742"}],"wp:term":[{"taxonomy":"product_brand","embeddable":true,"href":"https:\/\/mikkipet.com\/de\/wp-json\/wp\/v2\/product_brand?post=26742"},{"taxonomy":"product_cat","embeddable":true,"href":"https:\/\/mikkipet.com\/de\/wp-json\/wp\/v2\/product_cat?post=26742"},{"taxonomy":"product_tag","embeddable":true,"href":"https:\/\/mikkipet.com\/de\/wp-json\/wp\/v2\/product_tag?post=26742"},{"taxonomy":"inspiration_category","embeddable":true,"href":"https:\/\/mikkipet.com\/de\/wp-json\/wp\/v2\/inspiration_category?post=26742"},{"taxonomy":"alternative_category","embeddable":true,"href":"https:\/\/mikkipet.com\/de\/wp-json\/wp\/v2\/alternative_category?post=26742"}],"curies":[{"name":"wp","href":"https:\/\/api.w.org\/{rel}","templated":true}]}}