{"id":19054,"date":"2021-10-25T15:02:31","date_gmt":"2021-10-25T14:02:31","guid":{"rendered":"https:\/\/mikkipet.com\/plan-du-site\/"},"modified":"2021-10-25T15:02:31","modified_gmt":"2021-10-25T14:02:31","slug":"plan-du-site","status":"publish","type":"page","link":"https:\/\/mikkipet.com\/fr\/plan-du-site\/","title":{"rendered":"Plan du site"},"content":{"rendered":"\n<!-- Page-list plugin v.5.7 wordpress.org\/plugins\/page-list\/ -->\n<ul class=\"page-list \">\n<li class=\"page_item page-item-19011 menu-item\"><a href=\"https:\/\/mikkipet.com\/fr\/accueil\/\" class=\"menu-link\">Accueil<\/a><\/li>\n<li class=\"page_item page-item-28842 menu-item\"><a href=\"https:\/\/mikkipet.com\/fr\/\" class=\"menu-link\">Accueil<\/a><\/li>\n<li class=\"page_item page-item-36696 menu-item\"><a href=\"https:\/\/mikkipet.com\/fr\/accueil-copie\/\" class=\"menu-link\">Accueil -copie<\/a><\/li>\n<li class=\"page_item page-item-19097 menu-item\"><a href=\"https:\/\/mikkipet.com\/fr\/bambou\/\" class=\"menu-link\">Bambou<\/a><\/li>\n<li class=\"page_item page-item-28918 menu-item\"><a href=\"https:\/\/mikkipet.com\/fr\/bambou-2\/\" class=\"menu-link\">Bambou<\/a><\/li>\n<li class=\"page_item page-item-29853 menu-item\"><a href=\"https:\/\/mikkipet.com\/fr\/bambou-3\/\" class=\"menu-link\">Bambou<\/a><\/li>\n<li class=\"page_item page-item-10461 menu-item\"><a href=\"https:\/\/mikkipet.com\/fr\/boutique\/\" class=\"menu-link\">Boutique<\/a><\/li>\n<li class=\"page_item page-item-19159 menu-item\"><a href=\"https:\/\/mikkipet.com\/fr\/19159-2\/\" class=\"menu-link\">Bulletin d&rsquo;information<\/a><\/li>\n<li class=\"page_item page-item-19123 menu-item\"><a href=\"https:\/\/mikkipet.com\/fr\/comment-couper-les-griffes-de-votre-animal\/\" class=\"menu-link\">Comment couper les griffes de votre animal<\/a><\/li>\n<li class=\"page_item page-item-25901 menu-item\"><a href=\"https:\/\/mikkipet.com\/fr\/comment-entretenir-les-ciseaux-de-doodles\/\" class=\"menu-link\">Comment entretenir les ciseaux de Doodles<\/a><\/li>\n<li class=\"page_item page-item-19145 menu-item\"><a href=\"https:\/\/mikkipet.com\/fr\/comment-introduire-avec-succes-le-toilettage-a-votre-nouveau-chiot\/\" class=\"menu-link\">Comment introduire avec succ\u00e8s le toilettage \u00e0 votre nouveau chiot ?<\/a><\/li>\n<li class=\"page_item page-item-19135 menu-item\"><a href=\"https:\/\/mikkipet.com\/fr\/comment-proteger-la-fourrure-de-votre-chien-contre-les-intemperies-hivernales\/\" class=\"menu-link\">Comment prot\u00e9ger la fourrure de votre chien contre les intemp\u00e9ries hivernales ?<\/a><\/li>\n<li class=\"page_item page-item-19046 menu-item\"><a href=\"https:\/\/mikkipet.com\/fr\/comment-sattaquer-aux-noeuds-et-aux-echeveaux\/\" class=\"menu-link\">Comment s&rsquo;attaquer aux n\u0153uds et aux \u00e9cheveaux.<\/a><\/li>\n<li class=\"page_item page-item-19167 menu-item\"><a href=\"https:\/\/mikkipet.com\/fr\/comment-toiletter-un-chien-nerveux\/\" class=\"menu-link\">Comment toiletter un chien nerveux<\/a><\/li>\n<li class=\"page_item page-item-19081 menu-item\"><a href=\"https:\/\/mikkipet.com\/fr\/conditions-dutilisation\/\" class=\"menu-link\">Conditions d&rsquo;utilisation<\/a><\/li>\n<li class=\"page_item page-item-19182 menu-item\"><a href=\"https:\/\/mikkipet.com\/fr\/conseils-et-astuces\/\" class=\"menu-link\">Conseils et astuces<\/a><\/li>\n<li class=\"page_item page-item-27764 page_item_has_children menu-item menu-item-has-children\"><a href=\"https:\/\/mikkipet.com\/fr\/27764-2\/\" class=\"menu-link\">Conseils, astuces et nouvelles<\/a>\n<ul class='children'>\n\t<li class=\"page_item page-item-32196 menu-item\"><a href=\"https:\/\/mikkipet.com\/fr\/27764-2\/conseils-dentretien\/\" class=\"menu-link\">Conseils d&rsquo;entretien<\/a><\/li>\n\t<li class=\"page_item page-item-32201 menu-item\"><a href=\"https:\/\/mikkipet.com\/fr\/27764-2\/conseils-de-formation\/\" class=\"menu-link\">Conseils de formation<\/a><\/li>\n\t<li class=\"page_item page-item-32223 menu-item\"><a href=\"https:\/\/mikkipet.com\/fr\/27764-2\/conseils-de-toilettage\/\" class=\"menu-link\">Conseils de toilettage<\/a><\/li>\n<\/ul>\n<\/li>\n<li class=\"page_item page-item-19008 menu-item\"><a href=\"https:\/\/mikkipet.com\/fr\/couper-et-tailler-le-pelage-de-votre-animal-de-compagnie\/\" class=\"menu-link\">Couper et tailler le pelage de votre animal de compagnie<\/a><\/li>\n<li class=\"page_item page-item-19107 menu-item\"><a href=\"https:\/\/mikkipet.com\/fr\/couteaux-a-denuder-pour-qui-et-comment\/\" class=\"menu-link\">Couteaux \u00e0 d\u00e9nuder : Pour qui et comment ?<\/a><\/li>\n<li class=\"page_item page-item-32179 menu-item\"><a href=\"https:\/\/mikkipet.com\/fr\/doodles-2\/\" class=\"menu-link\">Doodles<\/a><\/li>\n<li class=\"page_item page-item-19076 menu-item\"><a href=\"https:\/\/mikkipet.com\/fr\/doodles\/\" class=\"menu-link\">Doodles-vieux<\/a><\/li>\n<li class=\"page_item page-item-19095 menu-item\"><a href=\"https:\/\/mikkipet.com\/fr\/entrainement-au-clicker\/\" class=\"menu-link\">Entra\u00eenement au clicker<\/a><\/li>\n<li class=\"page_item page-item-36700 menu-item\"><a href=\"https:\/\/mikkipet.com\/fr\/home-nouvelle-gamme-de-panneaux\/\" class=\"menu-link\">Home &#8211; nouvelle gamme de panneaux<\/a><\/li>\n<li class=\"page_item page-item-19144 menu-item\"><a href=\"https:\/\/mikkipet.com\/fr\/la-mue-de-mon-animal-me-rend-fou\/\" class=\"menu-link\">La mue de mon animal me rend fou !<\/a><\/li>\n<li class=\"page_item page-item-19106 menu-item\"><a href=\"https:\/\/mikkipet.com\/fr\/laisser-son-chien-seul-a-la-maison\/\" class=\"menu-link\">Laisser son chien seul \u00e0 la maison<\/a><\/li>\n<li class=\"page_item page-item-36405 menu-item\"><a href=\"https:\/\/mikkipet.com\/fr\/manteaux-doodles\/\" class=\"menu-link\">Manteaux Doodles<\/a><\/li>\n<li class=\"page_item page-item-19136 menu-item\"><a href=\"https:\/\/mikkipet.com\/fr\/mon-chien-mord\/\" class=\"menu-link\">Mon chien mord<\/a><\/li>\n<li class=\"page_item page-item-10464 menu-item\"><a href=\"https:\/\/mikkipet.com\/fr\/mon-compte\/\" class=\"menu-link\">Mon compte<\/a><\/li>\n<li class=\"page_item page-item-18991 menu-item\"><a href=\"https:\/\/mikkipet.com\/fr\/nos-produits\/\" class=\"menu-link\">Nos produits<\/a><\/li>\n<li class=\"page_item page-item-19079 menu-item\"><a href=\"https:\/\/mikkipet.com\/fr\/notre-histoire\/\" class=\"menu-link\">Notre histoire<\/a><\/li>\n<li class=\"page_item page-item-19092 menu-item\"><a href=\"https:\/\/mikkipet.com\/fr\/nous-contacter\/\" class=\"menu-link\">Nous contacter<\/a><\/li>\n<li class=\"page_item page-item-19060 menu-item\"><a href=\"https:\/\/mikkipet.com\/fr\/nouveau-chiot\/\" class=\"menu-link\">Nouveau chiot !<\/a><\/li>\n<li class=\"page_item page-item-19103 page_item_has_children menu-item menu-item-has-children\"><a href=\"https:\/\/mikkipet.com\/fr\/ou-acheter\/\" class=\"menu-link\">O\u00f9 acheter<\/a>\n<ul class='children'>\n\t<li class=\"page_item page-item-19020 menu-item\"><a href=\"https:\/\/mikkipet.com\/fr\/ou-acheter\/en-ligne\/\" class=\"menu-link\">En ligne<\/a><\/li>\n\t<li class=\"page_item page-item-27712 menu-item\"><a href=\"https:\/\/mikkipet.com\/fr\/ou-acheter\/en-ligne-2\/\" class=\"menu-link\">En ligne<\/a><\/li>\n<\/ul>\n<\/li>\n<li class=\"page_item page-item-19001 menu-item\"><a href=\"https:\/\/mikkipet.com\/fr\/ou-acheter-de-lancien\/\" class=\"menu-link\">O\u00f9 acheter de l&rsquo;ancien<\/a><\/li>\n<li class=\"page_item page-item-19054 menu-item\"><a href=\"https:\/\/mikkipet.com\/fr\/plan-du-site\/\" class=\"menu-link\">Plan du site<\/a><\/li>\n<li class=\"page_item page-item-19067 menu-item\"><a href=\"https:\/\/mikkipet.com\/fr\/politique-de-confidentialite\/\" class=\"menu-link\">Politique de confidentialit\u00e9<\/a><\/li>\n<li class=\"page_item page-item-27824 menu-item\"><a href=\"https:\/\/mikkipet.com\/fr\/politique-en-matiere-de-cookies\/\" class=\"menu-link\">Politique en mati\u00e8re de cookies<\/a><\/li>\n<li class=\"page_item page-item-19130 menu-item\"><a href=\"https:\/\/mikkipet.com\/fr\/prendre-soin-de-son-chien-en-saison\/\" class=\"menu-link\">Prendre soin de son chien en saison<\/a><\/li>\n<li class=\"page_item page-item-32208 menu-item\"><a href=\"https:\/\/mikkipet.com\/fr\/produits-pour-chiens-et-chats\/\" class=\"menu-link\">Produits pour chiens et chats<\/a><\/li>\n<li class=\"page_item page-item-19155 menu-item\"><a href=\"https:\/\/mikkipet.com\/fr\/promener-son-chien-cest-une-promenade-dans-le-parc-nest-ce-pas\/\" class=\"menu-link\">Promener son chien, c&rsquo;est une promenade dans le parc &#8211; n&rsquo;est-ce pas ?<\/a><\/li>\n<li class=\"page_item page-item-19082 menu-item\"><a href=\"https:\/\/mikkipet.com\/fr\/puces-et-tiques\/\" class=\"menu-link\">Puces et tiques<\/a><\/li>\n<li class=\"page_item page-item-19112 menu-item\"><a href=\"https:\/\/mikkipet.com\/fr\/quest-ce-qui-fait-que-nos-lits-sont-propices-a-lapaisement\/\" class=\"menu-link\">Qu&rsquo;est-ce qui fait que nos lits sont propices \u00e0 l&rsquo;apaisement ?<\/a><\/li>\n<li class=\"page_item page-item-19030 menu-item\"><a href=\"https:\/\/mikkipet.com\/fr\/questions-frequemment-posees\/\" class=\"menu-link\">Questions fr\u00e9quemment pos\u00e9es<\/a><\/li>\n<li class=\"page_item page-item-19153 menu-item\"><a href=\"https:\/\/mikkipet.com\/fr\/soccuper-dun-animal-blesse-ou-malade\/\" class=\"menu-link\">S&rsquo;occuper d&rsquo;un animal bless\u00e9 ou malade<\/a><\/li>\n<li class=\"page_item page-item-26124 menu-item\"><a href=\"https:\/\/mikkipet.com\/fr\/titre-de-la-page\/\" class=\"menu-link\">titre de la page<\/a><\/li>\n<li class=\"page_item page-item-19034 menu-item\"><a href=\"https:\/\/mikkipet.com\/fr\/toilettage-des-chiots-et-des-chatons\/\" class=\"menu-link\">Toilettage des chiots et des chatons<\/a><\/li>\n<li class=\"page_item page-item-10463 menu-item\"><a href=\"https:\/\/mikkipet.com\/fr\/validation\/\" class=\"menu-link\">Validation<\/a><\/li>\n\n<\/ul>\n","protected":false},"excerpt":{"rendered":"","protected":false},"author":1,"featured_media":0,"parent":0,"menu_order":0,"comment_status":"closed","ping_status":"closed","template":"","meta":{"_acf_changed":false,"_relevanssi_hide_post":"","_relevanssi_hide_content":"","_relevanssi_pin_for_all":"","_relevanssi_pin_keywords":"","_relevanssi_unpin_keywords":"","_relevanssi_related_keywords":"","_relevanssi_related_include_ids":"","_relevanssi_related_exclude_ids":"","_relevanssi_related_no_append":"","_relevanssi_related_not_related":"","_relevanssi_related_posts":"","_relevanssi_noindex_reason":"","_uag_custom_page_level_css":"","advgb_blocks_editor_width":"","advgb_blocks_columns_visual_guide":"","site-sidebar-layout":"default","site-content-layout":"","ast-site-content-layout":"default","site-content-style":"default","site-sidebar-style":"default","ast-global-header-display":"","ast-banner-title-visibility":"","ast-main-header-display":"","ast-hfb-above-header-display":"","ast-hfb-below-header-display":"","ast-hfb-mobile-header-display":"","site-post-title":"","ast-breadcrumbs-content":"","ast-featured-img":"","footer-sml-layout":"","ast-disable-related-posts":"","theme-transparent-header-meta":"","adv-header-id-meta":"","stick-header-meta":"","header-above-stick-meta":"","header-main-stick-meta":"","header-below-stick-meta":"","astra-migrate-meta-layouts":"default","ast-page-background-enabled":"default","ast-page-background-meta":{"desktop":{"background-color":"","background-image":"","background-repeat":"repeat","background-position":"center center","background-size":"auto","background-attachment":"scroll","background-type":"","background-media":"","overlay-type":"","overlay-color":"","overlay-opacity":"","overlay-gradient":""},"tablet":{"background-color":"","background-image":"","background-repeat":"repeat","background-position":"center center","background-size":"auto","background-attachment":"scroll","background-type":"","background-media":"","overlay-type":"","overlay-color":"","overlay-opacity":"","overlay-gradient":""},"mobile":{"background-color":"","background-image":"","background-repeat":"repeat","background-position":"center center","background-size":"auto","background-attachment":"scroll","background-type":"","background-media":"","overlay-type":"","overlay-color":"","overlay-opacity":"","overlay-gradient":""}},"ast-content-background-meta":{"desktop":{"background-color":"var(--ast-global-color-5)","background-image":"","background-repeat":"repeat","background-position":"center center","background-size":"auto","background-attachment":"scroll","background-type":"","background-media":"","overlay-type":"","overlay-color":"","overlay-opacity":"","overlay-gradient":""},"tablet":{"background-color":"var(--ast-global-color-5)","background-image":"","background-repeat":"repeat","background-position":"center center","background-size":"auto","background-attachment":"scroll","background-type":"","background-media":"","overlay-type":"","overlay-color":"","overlay-opacity":"","overlay-gradient":""},"mobile":{"background-color":"var(--ast-global-color-5)","background-image":"","background-repeat":"repeat","background-position":"center center","background-size":"auto","background-attachment":"scroll","background-type":"","background-media":"","overlay-type":"","overlay-color":"","overlay-opacity":"","overlay-gradient":""}},"footnotes":""},"class_list":["ranking_","post-19054","page","type-page","status-publish","hentry"],"acf":[],"yoast_head":"<!-- This site is optimized with the Yoast SEO plugin v27.3 - https:\/\/yoast.com\/product\/yoast-seo-wordpress\/ -->\n<title>Plan du site - Mikki Pet<\/title>\n<meta name=\"robots\" content=\"index, follow, max-snippet:-1, max-image-preview:large, max-video-preview:-1\" \/>\n<link rel=\"canonical\" href=\"https:\/\/mikkipet.com\/fr\/plan-du-site\/\" \/>\n<meta property=\"og:locale\" content=\"fr_FR\" \/>\n<meta property=\"og:type\" content=\"article\" \/>\n<meta property=\"og:title\" content=\"Plan du site - Mikki Pet\" \/>\n<meta property=\"og:url\" content=\"https:\/\/mikkipet.com\/fr\/plan-du-site\/\" \/>\n<meta property=\"og:site_name\" content=\"Mikki Pet\" \/>\n<meta name=\"twitter:card\" content=\"summary_large_image\" \/>\n<script type=\"application\/ld+json\" class=\"yoast-schema-graph\">{\"@context\":\"https:\\\/\\\/schema.org\",\"@graph\":[{\"@type\":\"WebPage\",\"@id\":\"https:\\\/\\\/mikkipet.com\\\/fr\\\/plan-du-site\\\/\",\"url\":\"https:\\\/\\\/mikkipet.com\\\/fr\\\/plan-du-site\\\/\",\"name\":\"Plan du site - Mikki Pet\",\"isPartOf\":{\"@id\":\"https:\\\/\\\/mikkipet.com\\\/fr\\\/#website\"},\"datePublished\":\"2021-10-25T14:02:31+00:00\",\"breadcrumb\":{\"@id\":\"https:\\\/\\\/mikkipet.com\\\/fr\\\/plan-du-site\\\/#breadcrumb\"},\"inLanguage\":\"fr-FR\",\"potentialAction\":[{\"@type\":\"ReadAction\",\"target\":[\"https:\\\/\\\/mikkipet.com\\\/fr\\\/plan-du-site\\\/\"]}]},{\"@type\":\"BreadcrumbList\",\"@id\":\"https:\\\/\\\/mikkipet.com\\\/fr\\\/plan-du-site\\\/#breadcrumb\",\"itemListElement\":[{\"@type\":\"ListItem\",\"position\":1,\"name\":\"Home\",\"item\":\"https:\\\/\\\/mikkipet.com\\\/fr\\\/\"},{\"@type\":\"ListItem\",\"position\":2,\"name\":\"Plan du site\"}]},{\"@type\":\"WebSite\",\"@id\":\"https:\\\/\\\/mikkipet.com\\\/fr\\\/#website\",\"url\":\"https:\\\/\\\/mikkipet.com\\\/fr\\\/\",\"name\":\"Mikki Pet\",\"description\":\"\",\"publisher\":{\"@id\":\"https:\\\/\\\/mikkipet.com\\\/fr\\\/#organization\"},\"potentialAction\":[{\"@type\":\"SearchAction\",\"target\":{\"@type\":\"EntryPoint\",\"urlTemplate\":\"https:\\\/\\\/mikkipet.com\\\/fr\\\/?s={search_term_string}\"},\"query-input\":{\"@type\":\"PropertyValueSpecification\",\"valueRequired\":true,\"valueName\":\"search_term_string\"}}],\"inLanguage\":\"fr-FR\"},{\"@type\":\"Organization\",\"@id\":\"https:\\\/\\\/mikkipet.com\\\/fr\\\/#organization\",\"name\":\"Mikki Pet\",\"url\":\"https:\\\/\\\/mikkipet.com\\\/fr\\\/\",\"logo\":{\"@type\":\"ImageObject\",\"inLanguage\":\"fr-FR\",\"@id\":\"https:\\\/\\\/mikkipet.com\\\/fr\\\/#\\\/schema\\\/logo\\\/image\\\/\",\"url\":\"https:\\\/\\\/mikkipet.com\\\/wp-content\\\/uploads\\\/2024\\\/04\\\/cropped-cropped-Mikki_logo-BW.png\",\"contentUrl\":\"https:\\\/\\\/mikkipet.com\\\/wp-content\\\/uploads\\\/2024\\\/04\\\/cropped-cropped-Mikki_logo-BW.png\",\"width\":163,\"height\":163,\"caption\":\"Mikki Pet\"},\"image\":{\"@id\":\"https:\\\/\\\/mikkipet.com\\\/fr\\\/#\\\/schema\\\/logo\\\/image\\\/\"}}]}<\/script>\n<!-- \/ Yoast SEO plugin. -->","yoast_head_json":{"title":"Plan du site - Mikki Pet","robots":{"index":"index","follow":"follow","max-snippet":"max-snippet:-1","max-image-preview":"max-image-preview:large","max-video-preview":"max-video-preview:-1"},"canonical":"https:\/\/mikkipet.com\/fr\/plan-du-site\/","og_locale":"fr_FR","og_type":"article","og_title":"Plan du site - Mikki Pet","og_url":"https:\/\/mikkipet.com\/fr\/plan-du-site\/","og_site_name":"Mikki Pet","twitter_card":"summary_large_image","schema":{"@context":"https:\/\/schema.org","@graph":[{"@type":"WebPage","@id":"https:\/\/mikkipet.com\/fr\/plan-du-site\/","url":"https:\/\/mikkipet.com\/fr\/plan-du-site\/","name":"Plan du site - Mikki Pet","isPartOf":{"@id":"https:\/\/mikkipet.com\/fr\/#website"},"datePublished":"2021-10-25T14:02:31+00:00","breadcrumb":{"@id":"https:\/\/mikkipet.com\/fr\/plan-du-site\/#breadcrumb"},"inLanguage":"fr-FR","potentialAction":[{"@type":"ReadAction","target":["https:\/\/mikkipet.com\/fr\/plan-du-site\/"]}]},{"@type":"BreadcrumbList","@id":"https:\/\/mikkipet.com\/fr\/plan-du-site\/#breadcrumb","itemListElement":[{"@type":"ListItem","position":1,"name":"Home","item":"https:\/\/mikkipet.com\/fr\/"},{"@type":"ListItem","position":2,"name":"Plan du site"}]},{"@type":"WebSite","@id":"https:\/\/mikkipet.com\/fr\/#website","url":"https:\/\/mikkipet.com\/fr\/","name":"Mikki Pet","description":"","publisher":{"@id":"https:\/\/mikkipet.com\/fr\/#organization"},"potentialAction":[{"@type":"SearchAction","target":{"@type":"EntryPoint","urlTemplate":"https:\/\/mikkipet.com\/fr\/?s={search_term_string}"},"query-input":{"@type":"PropertyValueSpecification","valueRequired":true,"valueName":"search_term_string"}}],"inLanguage":"fr-FR"},{"@type":"Organization","@id":"https:\/\/mikkipet.com\/fr\/#organization","name":"Mikki Pet","url":"https:\/\/mikkipet.com\/fr\/","logo":{"@type":"ImageObject","inLanguage":"fr-FR","@id":"https:\/\/mikkipet.com\/fr\/#\/schema\/logo\/image\/","url":"https:\/\/mikkipet.com\/wp-content\/uploads\/2024\/04\/cropped-cropped-Mikki_logo-BW.png","contentUrl":"https:\/\/mikkipet.com\/wp-content\/uploads\/2024\/04\/cropped-cropped-Mikki_logo-BW.png","width":163,"height":163,"caption":"Mikki Pet"},"image":{"@id":"https:\/\/mikkipet.com\/fr\/#\/schema\/logo\/image\/"}}]}},"uagb_featured_image_src":{"full":false,"thumbnail":false,"medium":false,"medium_large":false,"large":false,"gs-tiny":false,"xl":false,"xxl":false,"xxxl":false,"xxxxl":false,"xxxxxl":false,"blz_expanded_feature":false,"1536x1536":false,"2048x2048":false,"background_image":false,"woocommerce_thumbnail":false,"woocommerce_single":false,"woocommerce_gallery_thumbnail":false,"shop_catalog":false,"shop_single":false,"shop_thumbnail":false,"page-header":false,"page-two-to-one":false},"uagb_author_info":{"display_name":"blaze","author_link":"https:\/\/mikkipet.com\/fr\/author\/blaze\/"},"uagb_comment_info":0,"uagb_excerpt":null,"coauthors":[],"author_meta":{"author_link":"https:\/\/mikkipet.com\/fr\/author\/blaze\/","display_name":"blaze"},"relative_dates":{"created":"Publi\u00e9 5 ans il y a","modified":"Mis \u00e0 jour 5 ans il y a"},"absolute_dates":{"created":"Publi\u00e9 le ","modified":"Mise \u00e0 jour le "},"absolute_dates_time":{"created":"Publi\u00e9 le  ","modified":"Mise \u00e0 jour le  "},"featured_img_caption":"","featured_img":false,"series_order":"","_links":{"self":[{"href":"https:\/\/mikkipet.com\/fr\/wp-json\/wp\/v2\/pages\/19054","targetHints":{"allow":["GET"]}}],"collection":[{"href":"https:\/\/mikkipet.com\/fr\/wp-json\/wp\/v2\/pages"}],"about":[{"href":"https:\/\/mikkipet.com\/fr\/wp-json\/wp\/v2\/types\/page"}],"author":[{"embeddable":true,"href":"https:\/\/mikkipet.com\/fr\/wp-json\/wp\/v2\/users\/1"}],"replies":[{"embeddable":true,"href":"https:\/\/mikkipet.com\/fr\/wp-json\/wp\/v2\/comments?post=19054"}],"version-history":[{"count":0,"href":"https:\/\/mikkipet.com\/fr\/wp-json\/wp\/v2\/pages\/19054\/revisions"}],"wp:attachment":[{"href":"https:\/\/mikkipet.com\/fr\/wp-json\/wp\/v2\/media?parent=19054"}],"curies":[{"name":"wp","href":"https:\/\/api.w.org\/{rel}","templated":true}]}}