{"id":19079,"date":"2022-02-01T13:13:41","date_gmt":"2022-02-01T13:13:41","guid":{"rendered":"https:\/\/mikkipet.com\/notre-histoire\/"},"modified":"2024-08-28T08:56:52","modified_gmt":"2024-08-28T07:56:52","slug":"notre-histoire","status":"publish","type":"page","link":"https:\/\/mikkipet.com\/fr\/notre-histoire\/","title":{"rendered":"Notre histoire"},"content":{"rendered":"\n<section class=\"wp-block-uagb-columns uagb-columns__wrap uagb-columns__background-color uagb-columns__stack-mobile uagb-columns__valign- uagb-columns__gap-10 align uagb-block-eca58871 uagb-columns__columns-1 uagb-columns__max_width-theme product-finder-heading advgb-block-eca58871\"><div class=\"uagb-columns__overlay\"><\/div><div class=\"uagb-columns__inner-wrap uagb-columns__columns-1\">\n<div class=\"wp-block-uagb-column uagb-column__wrap uagb-column__background-undefined uagb-block-734cc576 advgb-block-734cc576\"><div class=\"uagb-column__overlay\"><\/div>\n<h1 class=\"wp-block-heading has-ast-global-color-5-color has-text-color advgb-dyn-e06f1a8d\" style=\"font-size:60px\">Notre histoire<\/h1>\n<\/div>\n<\/div><\/section>\n\n<section class=\"wp-block-uagb-columns uagb-columns__wrap uagb-columns__background-color uagb-columns__stack-mobile uagb-columns__valign- uagb-columns__gap-10 align uagb-block-3c937ab8 uagb-columns__columns-1 uagb-columns__max_width-custom advgb-block-3c937ab8\"><div class=\"uagb-columns__overlay\"><\/div><div class=\"uagb-columns__inner-wrap uagb-columns__columns-1\">\n<div class=\"wp-block-uagb-column uagb-column__wrap uagb-column__background-undefined uagb-block-64b06cef advgb-block-64b06cef\"><div class=\"uagb-column__overlay\"><\/div>\n<p>En 1980, le premier produit Mikki \u00e0 arriver sur le march\u00e9 \u00e9tait la fameuse museli\u00e8re Mikki. Cette version contemporaine de la museli\u00e8re traditionnelle en forme de panier \u00e9tait tr\u00e8s appr\u00e9ci\u00e9e des dresseurs de chiens car elle permettait de donner des friandises pendant le dressage &#8211; c&rsquo;\u00e9tait la premi\u00e8re museli\u00e8re disponible sur le march\u00e9 \u00e0 le faire.<\/p>\n\n\n\n<p>Quatre ans plus tard, Mikki a lanc\u00e9 sa toute premi\u00e8re gamme de produits de toilettage &#8211; fabriqu\u00e9s par des toiletteurs, pour des toiletteurs. Depuis lors, Mikki a ouvert la voie en d\u00e9veloppant des produits de qualit\u00e9 qui fonctionnent vraiment.<\/p>\n\n\n\n<p>Depuis le d\u00e9but, Mikki est tr\u00e8s appr\u00e9ci\u00e9 des professionnels et nous nous effor\u00e7ons de mettre la qualit\u00e9 professionnelle \u00e0 la port\u00e9e de tous. Si vous avez un animal de compagnie, nous avons un outil de toilettage pour vous !<\/p>\n\n\n\n<figure class=\"wp-block-image alignright size-full is-resized advgb-dyn-cfe25446\"><img loading=\"lazy\" decoding=\"async\" width=\"571\" height=\"390\" src=\"https:\/\/mikkipet.com\/wp-content\/uploads\/2022\/05\/Mikki-website-2-column-boxes-Classic.png\" alt=\"\" class=\"wp-image-7404\" style=\"width:429px;height:293px\" title=\"APPAREIL PHOTO NUM&#xC9;RIQUE PENTAX\" srcset=\"https:\/\/mikkipet.com\/wp-content\/uploads\/2022\/05\/Mikki-website-2-column-boxes-Classic.png 571w, https:\/\/mikkipet.com\/wp-content\/uploads\/2022\/05\/Mikki-website-2-column-boxes-Classic-300x205.png 300w, https:\/\/mikkipet.com\/wp-content\/uploads\/2022\/05\/Mikki-website-2-column-boxes-Classic-358x245.png 358w\" sizes=\"auto, (max-width: 571px) 100vw, 571px\" \/><\/figure>\n\n\n\n<p>Plus de 30 ans plus tard, Mikki reste fid\u00e8le \u00e0 ses racines professionnelles, \u00e9tant la seule marque britannique de produits de toilettage \u00e0 b\u00e9n\u00e9ficier de l&rsquo;appui de professionnels r\u00e9compens\u00e9s, et notre \u00e9quipe travaille sans rel\u00e2che au d\u00e9veloppement de la prochaine grande nouveaut\u00e9.<\/p>\n\n\n\n<p>Au fur et \u00e0 mesure de notre croissance et de l&rsquo;\u00e9coute de nos clients, nous avons \u00e9largi nos gammes pour inclure des solutions de formation et d&rsquo;entretien au quotidien. Mikki sait qu&rsquo;il n&rsquo;y a pas de taille unique et a adapt\u00e9 ses gammes pour r\u00e9pondre aux exigences d&rsquo;une grande vari\u00e9t\u00e9 de formes et de tailles de races. Qu&rsquo;il s&rsquo;agisse de votre chien qui tire sur sa laisse ou de votre chat qui ne prend pas ses pilules, nous avons la solution pour vous.<\/p>\n\n\n\n<h5 class=\"wp-block-heading advgb-dyn-a6fdbc36\">Un animal Mikki est un animal heureux.<\/h5>\n\n\n\n<h4 class=\"wp-block-heading has-text-align-center advgb-dyn-a231a57a\"><a href=\"https:\/\/www.nylabone.co.uk\/Enrichment\/Fun-games\"><\/a><a href=\"https:\/\/www.nylabone.co.uk\/Support\/Challenge-Nylabone\"><\/a><\/h4>\n\n\n\n<div class=\"sk-instagram-feed\" data-embed-id=\"25352311\"><\/div><script src=\"https:\/\/widgets.sociablekit.com\/instagram-feed\/widget.js\" async=\"\" defer=\"defer\"><\/script>\n<\/div>\n<\/div><\/section>\n","protected":false},"excerpt":{"rendered":"<p>Notre histoire En 1980, le premier produit Mikki \u00e0 arriver sur le march\u00e9 \u00e9tait la fameuse museli\u00e8re Mikki. Cette version contemporaine de la museli\u00e8re traditionnelle en forme de panier \u00e9tait tr\u00e8s appr\u00e9ci\u00e9e des dresseurs de chiens car elle permettait de donner des friandises pendant le dressage &#8211; c&rsquo;\u00e9tait la premi\u00e8re museli\u00e8re disponible sur le march\u00e9 \u00e0 le faire. Quatre ans plus tard, [&hellip;]<\/p>\n","protected":false},"author":1,"featured_media":0,"parent":0,"menu_order":0,"comment_status":"closed","ping_status":"closed","template":"","meta":{"_acf_changed":false,"_relevanssi_hide_post":"","_relevanssi_hide_content":"","_relevanssi_pin_for_all":"","_relevanssi_pin_keywords":"","_relevanssi_unpin_keywords":"","_relevanssi_related_keywords":"","_relevanssi_related_include_ids":"","_relevanssi_related_exclude_ids":"","_relevanssi_related_no_append":"","_relevanssi_related_not_related":"","_relevanssi_related_posts":"","_relevanssi_noindex_reason":"","_uag_custom_page_level_css":"","advgb_blocks_editor_width":"","advgb_blocks_columns_visual_guide":"","site-sidebar-layout":"default","site-content-layout":"default","ast-site-content-layout":"default","site-content-style":"default","site-sidebar-style":"default","ast-global-header-display":"","ast-banner-title-visibility":"","ast-main-header-display":"","ast-hfb-above-header-display":"","ast-hfb-below-header-display":"","ast-hfb-mobile-header-display":"","site-post-title":"disabled","ast-breadcrumbs-content":"","ast-featured-img":"","footer-sml-layout":"","ast-disable-related-posts":"","theme-transparent-header-meta":"default","adv-header-id-meta":"","stick-header-meta":"default","header-above-stick-meta":"","header-main-stick-meta":"","header-below-stick-meta":"","astra-migrate-meta-layouts":"default","ast-page-background-enabled":"default","ast-page-background-meta":{"desktop":{"background-color":"","background-image":"","background-repeat":"repeat","background-position":"center center","background-size":"auto","background-attachment":"scroll","background-type":"","background-media":"","overlay-type":"","overlay-color":"","overlay-opacity":"","overlay-gradient":""},"tablet":{"background-color":"","background-image":"","background-repeat":"repeat","background-position":"center center","background-size":"auto","background-attachment":"scroll","background-type":"","background-media":"","overlay-type":"","overlay-color":"","overlay-opacity":"","overlay-gradient":""},"mobile":{"background-color":"","background-image":"","background-repeat":"repeat","background-position":"center center","background-size":"auto","background-attachment":"scroll","background-type":"","background-media":"","overlay-type":"","overlay-color":"","overlay-opacity":"","overlay-gradient":""}},"ast-content-background-meta":{"desktop":{"background-color":"var(--ast-global-color-5)","background-image":"","background-repeat":"repeat","background-position":"center center","background-size":"auto","background-attachment":"scroll","background-type":"","background-media":"","overlay-type":"","overlay-color":"","overlay-opacity":"","overlay-gradient":""},"tablet":{"background-color":"var(--ast-global-color-5)","background-image":"","background-repeat":"repeat","background-position":"center center","background-size":"auto","background-attachment":"scroll","background-type":"","background-media":"","overlay-type":"","overlay-color":"","overlay-opacity":"","overlay-gradient":""},"mobile":{"background-color":"var(--ast-global-color-5)","background-image":"","background-repeat":"repeat","background-position":"center center","background-size":"auto","background-attachment":"scroll","background-type":"","background-media":"","overlay-type":"","overlay-color":"","overlay-opacity":"","overlay-gradient":""}},"footnotes":""},"class_list":["ranking_","post-19079","page","type-page","status-publish","hentry"],"acf":[],"yoast_head":"<!-- This site is optimized with the Yoast SEO plugin v27.3 - https:\/\/yoast.com\/product\/yoast-seo-wordpress\/ -->\n<title>Notre histoire - Mikki Pet<\/title>\n<meta name=\"description\" content=\"Nylabone, chien, chiot, canin, mastication destructrice, pouss\u00e9e dentaire du chiot, ennui du chien, maladie p\u00e9ridontale canine, M\u00e2ches dentaires, recettes, friandises pour chiens,\" \/>\n<meta name=\"robots\" content=\"index, follow, max-snippet:-1, max-image-preview:large, max-video-preview:-1\" \/>\n<link rel=\"canonical\" href=\"https:\/\/mikkipet.com\/fr\/notre-histoire\/\" \/>\n<meta property=\"og:locale\" content=\"fr_FR\" \/>\n<meta property=\"og:type\" content=\"article\" \/>\n<meta property=\"og:title\" content=\"Notre histoire - Mikki Pet\" \/>\n<meta property=\"og:description\" content=\"Nylabone, chien, chiot, canin, mastication destructrice, pouss\u00e9e dentaire du chiot, ennui du chien, maladie p\u00e9ridontale canine, M\u00e2ches dentaires, recettes, friandises pour chiens,\" \/>\n<meta property=\"og:url\" content=\"https:\/\/mikkipet.com\/fr\/notre-histoire\/\" \/>\n<meta property=\"og:site_name\" content=\"Mikki Pet\" \/>\n<meta property=\"article:modified_time\" content=\"2024-08-28T07:56:52+00:00\" \/>\n<meta property=\"og:image\" content=\"https:\/\/mikkipet.com\/wp-content\/uploads\/2022\/05\/Mikki-website-2-column-boxes-Classic.png\" \/>\n<meta name=\"twitter:card\" content=\"summary_large_image\" \/>\n<meta name=\"twitter:label1\" content=\"Est. reading time\" \/>\n\t<meta name=\"twitter:data1\" content=\"1 minute\" \/>\n<script type=\"application\/ld+json\" class=\"yoast-schema-graph\">{\"@context\":\"https:\\\/\\\/schema.org\",\"@graph\":[{\"@type\":\"WebPage\",\"@id\":\"https:\\\/\\\/mikkipet.com\\\/fr\\\/notre-histoire\\\/\",\"url\":\"https:\\\/\\\/mikkipet.com\\\/fr\\\/notre-histoire\\\/\",\"name\":\"Notre histoire - Mikki Pet\",\"isPartOf\":{\"@id\":\"https:\\\/\\\/mikkipet.com\\\/fr\\\/#website\"},\"primaryImageOfPage\":{\"@id\":\"https:\\\/\\\/mikkipet.com\\\/fr\\\/notre-histoire\\\/#primaryimage\"},\"image\":{\"@id\":\"https:\\\/\\\/mikkipet.com\\\/fr\\\/notre-histoire\\\/#primaryimage\"},\"thumbnailUrl\":\"https:\\\/\\\/mikkipet.com\\\/wp-content\\\/uploads\\\/2022\\\/05\\\/Mikki-website-2-column-boxes-Classic.png\",\"datePublished\":\"2022-02-01T13:13:41+00:00\",\"dateModified\":\"2024-08-28T07:56:52+00:00\",\"description\":\"Nylabone, chien, chiot, canin, mastication destructrice, pouss\u00e9e dentaire du chiot, ennui du chien, maladie p\u00e9ridontale canine, M\u00e2ches dentaires, recettes, friandises pour chiens,\",\"breadcrumb\":{\"@id\":\"https:\\\/\\\/mikkipet.com\\\/fr\\\/notre-histoire\\\/#breadcrumb\"},\"inLanguage\":\"fr-FR\",\"potentialAction\":[{\"@type\":\"ReadAction\",\"target\":[\"https:\\\/\\\/mikkipet.com\\\/fr\\\/notre-histoire\\\/\"]}]},{\"@type\":\"ImageObject\",\"inLanguage\":\"fr-FR\",\"@id\":\"https:\\\/\\\/mikkipet.com\\\/fr\\\/notre-histoire\\\/#primaryimage\",\"url\":\"https:\\\/\\\/mikkipet.com\\\/wp-content\\\/uploads\\\/2022\\\/05\\\/Mikki-website-2-column-boxes-Classic.png\",\"contentUrl\":\"https:\\\/\\\/mikkipet.com\\\/wp-content\\\/uploads\\\/2022\\\/05\\\/Mikki-website-2-column-boxes-Classic.png\"},{\"@type\":\"BreadcrumbList\",\"@id\":\"https:\\\/\\\/mikkipet.com\\\/fr\\\/notre-histoire\\\/#breadcrumb\",\"itemListElement\":[{\"@type\":\"ListItem\",\"position\":1,\"name\":\"Home\",\"item\":\"https:\\\/\\\/mikkipet.com\\\/fr\\\/\"},{\"@type\":\"ListItem\",\"position\":2,\"name\":\"Notre histoire\"}]},{\"@type\":\"WebSite\",\"@id\":\"https:\\\/\\\/mikkipet.com\\\/fr\\\/#website\",\"url\":\"https:\\\/\\\/mikkipet.com\\\/fr\\\/\",\"name\":\"Mikki Pet\",\"description\":\"\",\"publisher\":{\"@id\":\"https:\\\/\\\/mikkipet.com\\\/fr\\\/#organization\"},\"potentialAction\":[{\"@type\":\"SearchAction\",\"target\":{\"@type\":\"EntryPoint\",\"urlTemplate\":\"https:\\\/\\\/mikkipet.com\\\/fr\\\/?s={search_term_string}\"},\"query-input\":{\"@type\":\"PropertyValueSpecification\",\"valueRequired\":true,\"valueName\":\"search_term_string\"}}],\"inLanguage\":\"fr-FR\"},{\"@type\":\"Organization\",\"@id\":\"https:\\\/\\\/mikkipet.com\\\/fr\\\/#organization\",\"name\":\"Mikki Pet\",\"url\":\"https:\\\/\\\/mikkipet.com\\\/fr\\\/\",\"logo\":{\"@type\":\"ImageObject\",\"inLanguage\":\"fr-FR\",\"@id\":\"https:\\\/\\\/mikkipet.com\\\/fr\\\/#\\\/schema\\\/logo\\\/image\\\/\",\"url\":\"https:\\\/\\\/mikkipet.com\\\/wp-content\\\/uploads\\\/2024\\\/04\\\/cropped-cropped-Mikki_logo-BW.png\",\"contentUrl\":\"https:\\\/\\\/mikkipet.com\\\/wp-content\\\/uploads\\\/2024\\\/04\\\/cropped-cropped-Mikki_logo-BW.png\",\"width\":163,\"height\":163,\"caption\":\"Mikki Pet\"},\"image\":{\"@id\":\"https:\\\/\\\/mikkipet.com\\\/fr\\\/#\\\/schema\\\/logo\\\/image\\\/\"}}]}<\/script>\n<!-- \/ Yoast SEO plugin. -->","yoast_head_json":{"title":"Notre histoire - Mikki Pet","description":"Nylabone, chien, chiot, canin, mastication destructrice, pouss\u00e9e dentaire du chiot, ennui du chien, maladie p\u00e9ridontale canine, M\u00e2ches dentaires, recettes, friandises pour chiens,","robots":{"index":"index","follow":"follow","max-snippet":"max-snippet:-1","max-image-preview":"max-image-preview:large","max-video-preview":"max-video-preview:-1"},"canonical":"https:\/\/mikkipet.com\/fr\/notre-histoire\/","og_locale":"fr_FR","og_type":"article","og_title":"Notre histoire - Mikki Pet","og_description":"Nylabone, chien, chiot, canin, mastication destructrice, pouss\u00e9e dentaire du chiot, ennui du chien, maladie p\u00e9ridontale canine, M\u00e2ches dentaires, recettes, friandises pour chiens,","og_url":"https:\/\/mikkipet.com\/fr\/notre-histoire\/","og_site_name":"Mikki Pet","article_modified_time":"2024-08-28T07:56:52+00:00","og_image":[{"url":"https:\/\/mikkipet.com\/wp-content\/uploads\/2022\/05\/Mikki-website-2-column-boxes-Classic.png","type":"","width":"","height":""}],"twitter_card":"summary_large_image","twitter_misc":{"Est. reading time":"1 minute"},"schema":{"@context":"https:\/\/schema.org","@graph":[{"@type":"WebPage","@id":"https:\/\/mikkipet.com\/fr\/notre-histoire\/","url":"https:\/\/mikkipet.com\/fr\/notre-histoire\/","name":"Notre histoire - Mikki Pet","isPartOf":{"@id":"https:\/\/mikkipet.com\/fr\/#website"},"primaryImageOfPage":{"@id":"https:\/\/mikkipet.com\/fr\/notre-histoire\/#primaryimage"},"image":{"@id":"https:\/\/mikkipet.com\/fr\/notre-histoire\/#primaryimage"},"thumbnailUrl":"https:\/\/mikkipet.com\/wp-content\/uploads\/2022\/05\/Mikki-website-2-column-boxes-Classic.png","datePublished":"2022-02-01T13:13:41+00:00","dateModified":"2024-08-28T07:56:52+00:00","description":"Nylabone, chien, chiot, canin, mastication destructrice, pouss\u00e9e dentaire du chiot, ennui du chien, maladie p\u00e9ridontale canine, M\u00e2ches dentaires, recettes, friandises pour chiens,","breadcrumb":{"@id":"https:\/\/mikkipet.com\/fr\/notre-histoire\/#breadcrumb"},"inLanguage":"fr-FR","potentialAction":[{"@type":"ReadAction","target":["https:\/\/mikkipet.com\/fr\/notre-histoire\/"]}]},{"@type":"ImageObject","inLanguage":"fr-FR","@id":"https:\/\/mikkipet.com\/fr\/notre-histoire\/#primaryimage","url":"https:\/\/mikkipet.com\/wp-content\/uploads\/2022\/05\/Mikki-website-2-column-boxes-Classic.png","contentUrl":"https:\/\/mikkipet.com\/wp-content\/uploads\/2022\/05\/Mikki-website-2-column-boxes-Classic.png"},{"@type":"BreadcrumbList","@id":"https:\/\/mikkipet.com\/fr\/notre-histoire\/#breadcrumb","itemListElement":[{"@type":"ListItem","position":1,"name":"Home","item":"https:\/\/mikkipet.com\/fr\/"},{"@type":"ListItem","position":2,"name":"Notre histoire"}]},{"@type":"WebSite","@id":"https:\/\/mikkipet.com\/fr\/#website","url":"https:\/\/mikkipet.com\/fr\/","name":"Mikki Pet","description":"","publisher":{"@id":"https:\/\/mikkipet.com\/fr\/#organization"},"potentialAction":[{"@type":"SearchAction","target":{"@type":"EntryPoint","urlTemplate":"https:\/\/mikkipet.com\/fr\/?s={search_term_string}"},"query-input":{"@type":"PropertyValueSpecification","valueRequired":true,"valueName":"search_term_string"}}],"inLanguage":"fr-FR"},{"@type":"Organization","@id":"https:\/\/mikkipet.com\/fr\/#organization","name":"Mikki Pet","url":"https:\/\/mikkipet.com\/fr\/","logo":{"@type":"ImageObject","inLanguage":"fr-FR","@id":"https:\/\/mikkipet.com\/fr\/#\/schema\/logo\/image\/","url":"https:\/\/mikkipet.com\/wp-content\/uploads\/2024\/04\/cropped-cropped-Mikki_logo-BW.png","contentUrl":"https:\/\/mikkipet.com\/wp-content\/uploads\/2024\/04\/cropped-cropped-Mikki_logo-BW.png","width":163,"height":163,"caption":"Mikki Pet"},"image":{"@id":"https:\/\/mikkipet.com\/fr\/#\/schema\/logo\/image\/"}}]}},"uagb_featured_image_src":{"full":false,"thumbnail":false,"medium":false,"medium_large":false,"large":false,"gs-tiny":false,"xl":false,"xxl":false,"xxxl":false,"xxxxl":false,"xxxxxl":false,"blz_expanded_feature":false,"1536x1536":false,"2048x2048":false,"background_image":false,"woocommerce_thumbnail":false,"woocommerce_single":false,"woocommerce_gallery_thumbnail":false,"shop_catalog":false,"shop_single":false,"shop_thumbnail":false,"page-header":false,"page-two-to-one":false},"uagb_author_info":{"display_name":"blaze","author_link":"https:\/\/mikkipet.com\/fr\/author\/blaze\/"},"uagb_comment_info":0,"uagb_excerpt":"Notre histoire En 1980, le premier produit Mikki \u00e0 arriver sur le march\u00e9 \u00e9tait la fameuse museli\u00e8re Mikki. Cette version contemporaine de la museli\u00e8re traditionnelle en forme de panier \u00e9tait tr\u00e8s appr\u00e9ci\u00e9e des dresseurs de chiens car elle permettait de donner des friandises pendant le dressage &#8211; c&rsquo;\u00e9tait la premi\u00e8re museli\u00e8re disponible sur le march\u00e9\u2026","coauthors":[],"author_meta":{"author_link":"https:\/\/mikkipet.com\/fr\/author\/blaze\/","display_name":"blaze"},"relative_dates":{"created":"Publi\u00e9 4 ans il y a","modified":"Mis \u00e0 jour 2 ans il y a"},"absolute_dates":{"created":"Publi\u00e9 le ","modified":"Mise \u00e0 jour le "},"absolute_dates_time":{"created":"Publi\u00e9 le  ","modified":"Mise \u00e0 jour le  "},"featured_img_caption":"","featured_img":false,"series_order":"","_links":{"self":[{"href":"https:\/\/mikkipet.com\/fr\/wp-json\/wp\/v2\/pages\/19079","targetHints":{"allow":["GET"]}}],"collection":[{"href":"https:\/\/mikkipet.com\/fr\/wp-json\/wp\/v2\/pages"}],"about":[{"href":"https:\/\/mikkipet.com\/fr\/wp-json\/wp\/v2\/types\/page"}],"author":[{"embeddable":true,"href":"https:\/\/mikkipet.com\/fr\/wp-json\/wp\/v2\/users\/1"}],"replies":[{"embeddable":true,"href":"https:\/\/mikkipet.com\/fr\/wp-json\/wp\/v2\/comments?post=19079"}],"version-history":[{"count":2,"href":"https:\/\/mikkipet.com\/fr\/wp-json\/wp\/v2\/pages\/19079\/revisions"}],"predecessor-version":[{"id":27743,"href":"https:\/\/mikkipet.com\/fr\/wp-json\/wp\/v2\/pages\/19079\/revisions\/27743"}],"wp:attachment":[{"href":"https:\/\/mikkipet.com\/fr\/wp-json\/wp\/v2\/media?parent=19079"}],"curies":[{"name":"wp","href":"https:\/\/api.w.org\/{rel}","templated":true}]}}