{"id":19081,"date":"2022-02-01T14:33:25","date_gmt":"2022-02-01T14:33:25","guid":{"rendered":"https:\/\/mikkipet.com\/conditions-dutilisation\/"},"modified":"2024-08-28T08:57:00","modified_gmt":"2024-08-28T07:57:00","slug":"conditions-dutilisation","status":"publish","type":"page","link":"https:\/\/mikkipet.com\/fr\/conditions-dutilisation\/","title":{"rendered":"Conditions d&rsquo;utilisation"},"content":{"rendered":"\n<section class=\"wp-block-uagb-columns uagb-columns__wrap uagb-columns__background-none uagb-columns__stack-mobile uagb-columns__valign- uagb-columns__gap-10 align uagb-block-a843866a uagb-columns__columns-1 uagb-columns__max_width-theme\"><div class=\"uagb-columns__overlay\"><\/div><div class=\"uagb-columns__inner-wrap uagb-columns__columns-1\">\n<div class=\"wp-block-uagb-column uagb-column__wrap uagb-column__background-undefined uagb-block-19c3d990\"><div class=\"uagb-column__overlay\"><\/div>\n<h1 class=\"wp-block-heading has-text-align-center\" style=\"font-size:38px\">Conditions d&rsquo;utilisation<\/h1>\n\n\n\n<p class=\"has-text-align-center has-medium-font-size\">Formulaire de notification \/ conditions d&rsquo;utilisation du site Internet<\/p>\n<\/div>\n<\/div><\/section>\n\n<section class=\"wp-block-uagb-columns uagb-columns__wrap uagb-columns__background-color uagb-columns__stack-mobile uagb-columns__valign- uagb-columns__gap-10 align uagb-block-066c088a uagb-columns__columns-1 uagb-columns__max_width-custom privacy-policy-container\"><div class=\"uagb-columns__overlay\"><\/div><div class=\"uagb-columns__inner-wrap uagb-columns__columns-1\">\n<div class=\"wp-block-uagb-column uagb-column__wrap uagb-column__background-undefined uagb-block-8a989d34\"><div class=\"uagb-column__overlay\"><\/div>\n<p>Central Garden &amp; Pet Company, ainsi que ses filiales, divisions, soci\u00e9t\u00e9s affili\u00e9es et\/ou apparent\u00e9es (\u00ab\u00a0CG&amp;P\u00a0\u00bb) maintiennent ce site (le \u00ab\u00a0Site\u00a0\u00bb) pour votre divertissement, information, \u00e9ducation et communication personnels. N&rsquo;h\u00e9sitez pas \u00e0 parcourir le site.<\/p>\n\n\n\n<p>Le site et son contenu sont con\u00e7us pour \u00eatre conformes aux lois et r\u00e8glements du Royaume-Uni. Bien qu&rsquo;ils soient accessibles \u00e0 d&rsquo;autres personnes, ce site et son contenu sont destin\u00e9s \u00e0 \u00eatre consult\u00e9s et utilis\u00e9s par les r\u00e9sidents du Royaume-Uni uniquement.<\/p>\n\n\n\n<p>Ce Site contient des informations concernant CG&amp;P et les produits de CG&amp;P qui peuvent \u00eatre utiles aux clients et employ\u00e9s de CG&amp;P ainsi qu&rsquo;au grand public. En particulier, CG&amp;P ne fait aucune d\u00e9claration et ne donne aucune garantie quant \u00e0 l&rsquo;exactitude des informations contenues dans le pr\u00e9sent document et d\u00e9cline express\u00e9ment toute obligation de mettre \u00e0 jour lesdites informations. CG&amp;P n&rsquo;assume en outre aucune responsabilit\u00e9 pour toute erreur ou omission dans le contenu de ce site.<\/p>\n\n\n\n<p>En acc\u00e9dant au site et en l&rsquo;utilisant, vous acceptez, sans limitation ni r\u00e9serve, les conditions g\u00e9n\u00e9rales (les \u00ab\u00a0conditions g\u00e9n\u00e9rales\u00a0\u00bb) \u00e9nonc\u00e9es ci-dessous.<\/p>\n\n\n\n<div style=\"height:40px\" aria-hidden=\"true\" class=\"wp-block-spacer\"><\/div>\n\n\n\n<h3 class=\"wp-block-heading has-text-align-center\" style=\"font-size:30px\">Modalit\u00e9s et conditions<\/h3>\n\n\n\n<ol class=\"wp-block-list\">\n<li>Vous pouvez naviguer librement sur le site. Vous pouvez t\u00e9l\u00e9charger librement les documents qui s&rsquo;y trouvent. Tout le mat\u00e9riel t\u00e9l\u00e9charg\u00e9 peut \u00eatre utilis\u00e9 par vous \u00e0 des fins personnelles et non commerciales. Vous ne pouvez toutefois pas distribuer, modifier, transmettre, r\u00e9utiliser, r\u00e9afficher ou utiliser ces \u00e9l\u00e9ments \u00e0 des fins publiques ou commerciales, sans l&rsquo;autorisation \u00e9crite expresse de CG&amp;P. Tous les droits d&rsquo;auteur et autres avis de propri\u00e9t\u00e9 contenus dans le mat\u00e9riel t\u00e9l\u00e9charg\u00e9 doivent \u00eatre conserv\u00e9s.<\/li>\n\n\n\n<li>Vous devez supposer que tout le contenu du site est prot\u00e9g\u00e9 par des droits d&rsquo;auteur, sauf indication contraire, et qu&rsquo;il ne peut \u00eatre utilis\u00e9 que de la mani\u00e8re pr\u00e9vue dans les pr\u00e9sentes et sans l&rsquo;autorisation \u00e9crite expresse de CG&amp;P.  <\/li>\n\n\n\n<li>Les images de personnes ou de lieux affich\u00e9es sur le Site sont la propri\u00e9t\u00e9 de CG&amp;P. L&rsquo;utilisation de ces images par vous est interdite, sauf si elle est sp\u00e9cifiquement autoris\u00e9e par les pr\u00e9sentes conditions g\u00e9n\u00e9rales ou par une autorisation sp\u00e9cifique fournie ailleurs sur le site. L&rsquo;utilisation non autoris\u00e9e des images peut constituer une violation des lois sur les droits d&rsquo;auteur, les marques commerciales, la vie priv\u00e9e et\/ou la publicit\u00e9, ainsi que des r\u00e9glementations et statuts relatifs aux communications.  <\/li>\n\n\n\n<li>Vous utilisez le site \u00e0 vos propres risques. Ni CG&amp;P ni aucune autre partie impliqu\u00e9e dans la cr\u00e9ation, la production ou la livraison du Site n&rsquo;est responsable des dommages directs, accidentels, cons\u00e9cutifs, indirects ou punitifs d\u00e9coulant de votre acc\u00e8s ou de votre utilisation du Site ou de tout service qui y est r\u00e9f\u00e9renc\u00e9. Cela comprend les dommages caus\u00e9s \u00e0 votre \u00e9quipement informatique, y compris les virus \u00e9ventuels. Sans limiter ce qui pr\u00e9c\u00e8de, tout ce qui se trouve sur le site vous est fourni \u00ab\u00a0TEL QUEL\u00a0\u00bb, sans garantie de qualit\u00e9 marchande, d&rsquo;ad\u00e9quation \u00e0 un usage particulier ou de non-violation. Veuillez noter que certaines juridictions n&rsquo;autorisent pas l&rsquo;exclusion des garanties implicites, de sorte que certaines des exclusions ci-dessus peuvent ne pas s&rsquo;appliquer \u00e0 vous. V\u00e9rifiez les lois locales pour toute restriction ou limitation concernant l&rsquo;exclusion des garanties implicites.  <\/li>\n\n\n\n<li>Toute communication ou tout mat\u00e9riel que vous transmettez ou publiez sur le site par courrier \u00e9lectronique ou autre, y compris les donn\u00e9es, questions, commentaires, suggestions ou autres, est et sera trait\u00e9 comme une information non confidentielle et non exclusive. CG&amp;P peut utiliser cette communication ou ce mat\u00e9riel \u00e0 quelque fin que ce soit, y compris, mais sans s&rsquo;y limiter, la reproduction, la divulgation, la transmission, la publication, la diffusion et l&rsquo;affichage ult\u00e9rieur. En outre, CG&amp;P est libre d&rsquo;utiliser les id\u00e9es, concepts, savoir-faire ou techniques contenus dans toute communication ou tout mat\u00e9riel que vous envoyez au site \u00e0 quelque fin que ce soit, y compris, mais sans s&rsquo;y limiter, le d\u00e9veloppement, la fabrication et la commercialisation de produits.<\/li>\n\n\n\n<li>Tous les contenus de ce site sont : \u00a9 Copyright CG&amp;P. Tous droits r\u00e9serv\u00e9s. Ce site est destin\u00e9 \u00e0 l&rsquo;usage personnel et non commercial de l&rsquo;utilisateur. L&rsquo;utilisateur ne peut pas modifier, copier, distribuer, transmettre, afficher, ex\u00e9cuter, reproduire, publier, conc\u00e9der une licence, cr\u00e9er des \u0153uvres d\u00e9riv\u00e9es, transf\u00e9rer ou vendre les informations, logiciels, produits ou services obtenus sur ce site. Rien dans le pr\u00e9sent document ne doit \u00eatre consid\u00e9r\u00e9 comme une autorisation, une incitation ou une recommandation \u00e0 pratiquer une invention brevet\u00e9e sans licence. Sauf indication contraire, tous les \u00e9l\u00e9ments figurant sur ce site, y compris le texte, la conception du site, les logos, les marques de commerce, la pr\u00e9sentation, les graphiques, les ic\u00f4nes et les images, ainsi que la s\u00e9lection, l&rsquo;assemblage et la disposition de ceux-ci, sont la propri\u00e9t\u00e9 exclusive de CG&amp;P. Tous les clips audio et vid\u00e9o sont la propri\u00e9t\u00e9 exclusive de CG&amp;P ou de ses fournisseurs de contenu respectifs. Tous les logiciels utilis\u00e9s sur le site sont la propri\u00e9t\u00e9 exclusive de CG&amp;P ou de ceux qui fournissent les logiciels. Tous les droits non express\u00e9ment accord\u00e9s dans le pr\u00e9sent document sont r\u00e9serv\u00e9s. Toute utilisation non autoris\u00e9e des \u00e9l\u00e9ments figurant sur ce site peut constituer une violation des droits d&rsquo;auteur, des marques commerciales et d&rsquo;autres lois applicables et pourrait entra\u00eener des sanctions p\u00e9nales ou civiles. Les informations, logiciels, produits et services publi\u00e9s sur ce site peuvent comporter des inexactitudes ou des erreurs typographiques. Des modifications sont apport\u00e9es p\u00e9riodiquement aux informations contenues dans le pr\u00e9sent document. CG&amp;P peut apporter des am\u00e9liorations et\/ou des modifications \u00e0 ce site \u00e0 tout moment.<\/li>\n\n\n\n<li>CG&amp;P n&rsquo;a pas examin\u00e9 tous les sites qui peuvent \u00eatre li\u00e9s au Site et n&rsquo;est pas responsable du contenu des pages hors Site ou de tout autre site li\u00e9 au Site. Votre connexion \u00e0 d&rsquo;autres pages hors site ou \u00e0 d&rsquo;autres sites se fait \u00e0 vos propres risques.<\/li>\n\n\n\n<li>Bien que CG&amp;P puisse, de temps \u00e0 autre, surveiller ou examiner les discussions, les chats, les affichages, les transmissions, les babillards et autres sur le Site, CG&amp;P n&rsquo;a aucune obligation de le faire, et CG&amp;P n&rsquo;assume aucune responsabilit\u00e9 d\u00e9coulant du contenu du Site ni de toute erreur, diffamation, calomnie, omission, mensonge, obsc\u00e9nit\u00e9, pornographie, blasph\u00e8me, danger ou inexactitude contenue dans toute information sur le Site.<\/li>\n\n\n\n<li>Il vous est interdit de publier ou de transmettre tout mat\u00e9riel ill\u00e9gal, mena\u00e7ant, diffamatoire, obsc\u00e8ne, incendiaire, pornographique ou blasph\u00e9matoire ou tout mat\u00e9riel qui pourrait constituer ou encourager une conduite qui serait consid\u00e9r\u00e9e comme une infraction p\u00e9nale, donnerait lieu \u00e0 une responsabilit\u00e9 civile ou violerait autrement la loi. CG&amp;P coop\u00e9rera pleinement avec les autorit\u00e9s charg\u00e9es de l&rsquo;application de la loi ou avec toute ordonnance du tribunal demandant ou ordonnant \u00e0 CG&amp;P de divulguer l&rsquo;identit\u00e9 de toute personne publiant de telles informations ou de tels mat\u00e9riaux.<\/li>\n\n\n\n<li>CG&amp;P se r\u00e9serve le droit de modifier ou de supprimer des \u00e9l\u00e9ments du site \u00e0 tout moment.<\/li>\n\n\n\n<li>CG&amp;P peut, \u00e0 tout moment, r\u00e9viser les pr\u00e9sentes conditions g\u00e9n\u00e9rales en mettant \u00e0 jour cette publication. Vous \u00eates li\u00e9 par ces r\u00e9visions et devez donc consulter r\u00e9guli\u00e8rement cette page pour prendre connaissance des conditions g\u00e9n\u00e9rales en vigueur.<\/li>\n<\/ol>\n<\/div>\n<\/div><\/section>\n\n<p class=\"has-text-align-center\">Num\u00e9ro EPR France &#8211; FR303029_01IADP<\/p>\n","protected":false},"excerpt":{"rendered":"<p>Conditions d&rsquo;utilisation Formulaire de notification \/ conditions d&rsquo;utilisation du site Internet Central Garden &amp; Pet Company, ainsi que ses filiales, divisions, soci\u00e9t\u00e9s affili\u00e9es et\/ou apparent\u00e9es (\u00ab\u00a0CG&amp;P\u00a0\u00bb) maintiennent ce site (le \u00ab\u00a0Site\u00a0\u00bb) pour votre divertissement, information, \u00e9ducation et communication personnels. N&rsquo;h\u00e9sitez pas \u00e0 parcourir le site. Le site et son contenu sont con\u00e7us pour \u00eatre conformes aux lois et r\u00e8glements du Royaume-Uni. Bien [&hellip;]<\/p>\n","protected":false},"author":1,"featured_media":0,"parent":0,"menu_order":0,"comment_status":"closed","ping_status":"closed","template":"","meta":{"_acf_changed":false,"_relevanssi_hide_post":"","_relevanssi_hide_content":"","_relevanssi_pin_for_all":"","_relevanssi_pin_keywords":"","_relevanssi_unpin_keywords":"","_relevanssi_related_keywords":"","_relevanssi_related_include_ids":"","_relevanssi_related_exclude_ids":"","_relevanssi_related_no_append":"","_relevanssi_related_not_related":"","_relevanssi_related_posts":"","_relevanssi_noindex_reason":"","_uag_custom_page_level_css":"","advgb_blocks_editor_width":"","advgb_blocks_columns_visual_guide":"","site-sidebar-layout":"default","site-content-layout":"default","ast-site-content-layout":"default","site-content-style":"default","site-sidebar-style":"default","ast-global-header-display":"","ast-banner-title-visibility":"","ast-main-header-display":"","ast-hfb-above-header-display":"","ast-hfb-below-header-display":"","ast-hfb-mobile-header-display":"","site-post-title":"disabled","ast-breadcrumbs-content":"","ast-featured-img":"","footer-sml-layout":"","theme-transparent-header-meta":"default","adv-header-id-meta":"","stick-header-meta":"default","header-above-stick-meta":"","header-main-stick-meta":"","header-below-stick-meta":"","astra-migrate-meta-layouts":"default","ast-page-background-enabled":"default","ast-page-background-meta":{"desktop":{"background-color":"","background-image":"","background-repeat":"repeat","background-position":"center center","background-size":"auto","background-attachment":"scroll","background-type":"","background-media":"","overlay-type":"","overlay-color":"","overlay-opacity":"","overlay-gradient":""},"tablet":{"background-color":"","background-image":"","background-repeat":"repeat","background-position":"center center","background-size":"auto","background-attachment":"scroll","background-type":"","background-media":"","overlay-type":"","overlay-color":"","overlay-opacity":"","overlay-gradient":""},"mobile":{"background-color":"","background-image":"","background-repeat":"repeat","background-position":"center center","background-size":"auto","background-attachment":"scroll","background-type":"","background-media":"","overlay-type":"","overlay-color":"","overlay-opacity":"","overlay-gradient":""}},"ast-content-background-meta":{"desktop":{"background-color":"var(--ast-global-color-5)","background-image":"","background-repeat":"repeat","background-position":"center center","background-size":"auto","background-attachment":"scroll","background-type":"","background-media":"","overlay-type":"","overlay-color":"","overlay-opacity":"","overlay-gradient":""},"tablet":{"background-color":"var(--ast-global-color-5)","background-image":"","background-repeat":"repeat","background-position":"center center","background-size":"auto","background-attachment":"scroll","background-type":"","background-media":"","overlay-type":"","overlay-color":"","overlay-opacity":"","overlay-gradient":""},"mobile":{"background-color":"var(--ast-global-color-5)","background-image":"","background-repeat":"repeat","background-position":"center center","background-size":"auto","background-attachment":"scroll","background-type":"","background-media":"","overlay-type":"","overlay-color":"","overlay-opacity":"","overlay-gradient":""}},"footnotes":""},"class_list":["ranking_","post-19081","page","type-page","status-publish","hentry"],"acf":[],"yoast_head":"<!-- This site is optimized with the Yoast SEO plugin v25.8 - https:\/\/yoast.com\/wordpress\/plugins\/seo\/ -->\n<title>Conditions d&#039;utilisation - Mikki Pet<\/title>\n<meta name=\"description\" content=\"Nylabone, chien, chiot, canin, mastication destructrice, pouss\u00e9e dentaire du chiot, ennui du chien, maladie p\u00e9ridontale canine, M\u00e2ches dentaires, recettes, friandises pour chiens,\" \/>\n<meta name=\"robots\" content=\"index, follow, max-snippet:-1, max-image-preview:large, max-video-preview:-1\" \/>\n<link rel=\"canonical\" href=\"https:\/\/mikkipet.com\/fr\/conditions-dutilisation\/\" \/>\n<meta property=\"og:locale\" content=\"fr_FR\" \/>\n<meta property=\"og:type\" content=\"article\" \/>\n<meta property=\"og:title\" content=\"Conditions d&#039;utilisation - Mikki Pet\" \/>\n<meta property=\"og:description\" content=\"Nylabone, chien, chiot, canin, mastication destructrice, pouss\u00e9e dentaire du chiot, ennui du chien, maladie p\u00e9ridontale canine, M\u00e2ches dentaires, recettes, friandises pour chiens,\" \/>\n<meta property=\"og:url\" content=\"https:\/\/mikkipet.com\/fr\/conditions-dutilisation\/\" \/>\n<meta property=\"og:site_name\" content=\"Mikki Pet\" \/>\n<meta property=\"article:modified_time\" content=\"2024-08-28T07:57:00+00:00\" \/>\n<meta name=\"twitter:card\" content=\"summary_large_image\" \/>\n<meta name=\"twitter:label1\" content=\"Est. reading time\" \/>\n\t<meta name=\"twitter:data1\" content=\"7 minutes\" \/>\n<script type=\"application\/ld+json\" class=\"yoast-schema-graph\">{\"@context\":\"https:\/\/schema.org\",\"@graph\":[{\"@type\":\"WebPage\",\"@id\":\"https:\/\/mikkipet.com\/fr\/conditions-dutilisation\/\",\"url\":\"https:\/\/mikkipet.com\/fr\/conditions-dutilisation\/\",\"name\":\"Conditions d'utilisation - Mikki Pet\",\"isPartOf\":{\"@id\":\"https:\/\/mikkipet.com\/fr\/#website\"},\"datePublished\":\"2022-02-01T14:33:25+00:00\",\"dateModified\":\"2024-08-28T07:57:00+00:00\",\"description\":\"Nylabone, chien, chiot, canin, mastication destructrice, pouss\u00e9e dentaire du chiot, ennui du chien, maladie p\u00e9ridontale canine, M\u00e2ches dentaires, recettes, friandises pour chiens,\",\"breadcrumb\":{\"@id\":\"https:\/\/mikkipet.com\/fr\/conditions-dutilisation\/#breadcrumb\"},\"inLanguage\":\"fr-FR\",\"potentialAction\":[{\"@type\":\"ReadAction\",\"target\":[\"https:\/\/mikkipet.com\/fr\/conditions-dutilisation\/\"]}]},{\"@type\":\"BreadcrumbList\",\"@id\":\"https:\/\/mikkipet.com\/fr\/conditions-dutilisation\/#breadcrumb\",\"itemListElement\":[{\"@type\":\"ListItem\",\"position\":1,\"name\":\"Home\",\"item\":\"https:\/\/mikkipet.com\/fr\/\"},{\"@type\":\"ListItem\",\"position\":2,\"name\":\"Conditions d&rsquo;utilisation\"}]},{\"@type\":\"WebSite\",\"@id\":\"https:\/\/mikkipet.com\/fr\/#website\",\"url\":\"https:\/\/mikkipet.com\/fr\/\",\"name\":\"Mikki Pet\",\"description\":\"\",\"publisher\":{\"@id\":\"https:\/\/mikkipet.com\/fr\/#organization\"},\"potentialAction\":[{\"@type\":\"SearchAction\",\"target\":{\"@type\":\"EntryPoint\",\"urlTemplate\":\"https:\/\/mikkipet.com\/fr\/?s={search_term_string}\"},\"query-input\":{\"@type\":\"PropertyValueSpecification\",\"valueRequired\":true,\"valueName\":\"search_term_string\"}}],\"inLanguage\":\"fr-FR\"},{\"@type\":\"Organization\",\"@id\":\"https:\/\/mikkipet.com\/fr\/#organization\",\"name\":\"Mikki Pet\",\"url\":\"https:\/\/mikkipet.com\/fr\/\",\"logo\":{\"@type\":\"ImageObject\",\"inLanguage\":\"fr-FR\",\"@id\":\"https:\/\/mikkipet.com\/fr\/#\/schema\/logo\/image\/\",\"url\":\"https:\/\/mikkipet.com\/wp-content\/uploads\/2024\/04\/cropped-cropped-Mikki_logo-BW.png\",\"contentUrl\":\"https:\/\/mikkipet.com\/wp-content\/uploads\/2024\/04\/cropped-cropped-Mikki_logo-BW.png\",\"width\":163,\"height\":163,\"caption\":\"Mikki Pet\"},\"image\":{\"@id\":\"https:\/\/mikkipet.com\/fr\/#\/schema\/logo\/image\/\"}}]}<\/script>\n<!-- \/ Yoast SEO plugin. -->","yoast_head_json":{"title":"Conditions d'utilisation - Mikki Pet","description":"Nylabone, chien, chiot, canin, mastication destructrice, pouss\u00e9e dentaire du chiot, ennui du chien, maladie p\u00e9ridontale canine, M\u00e2ches dentaires, recettes, friandises pour chiens,","robots":{"index":"index","follow":"follow","max-snippet":"max-snippet:-1","max-image-preview":"max-image-preview:large","max-video-preview":"max-video-preview:-1"},"canonical":"https:\/\/mikkipet.com\/fr\/conditions-dutilisation\/","og_locale":"fr_FR","og_type":"article","og_title":"Conditions d'utilisation - Mikki Pet","og_description":"Nylabone, chien, chiot, canin, mastication destructrice, pouss\u00e9e dentaire du chiot, ennui du chien, maladie p\u00e9ridontale canine, M\u00e2ches dentaires, recettes, friandises pour chiens,","og_url":"https:\/\/mikkipet.com\/fr\/conditions-dutilisation\/","og_site_name":"Mikki Pet","article_modified_time":"2024-08-28T07:57:00+00:00","twitter_card":"summary_large_image","twitter_misc":{"Est. reading time":"7 minutes"},"schema":{"@context":"https:\/\/schema.org","@graph":[{"@type":"WebPage","@id":"https:\/\/mikkipet.com\/fr\/conditions-dutilisation\/","url":"https:\/\/mikkipet.com\/fr\/conditions-dutilisation\/","name":"Conditions d'utilisation - Mikki Pet","isPartOf":{"@id":"https:\/\/mikkipet.com\/fr\/#website"},"datePublished":"2022-02-01T14:33:25+00:00","dateModified":"2024-08-28T07:57:00+00:00","description":"Nylabone, chien, chiot, canin, mastication destructrice, pouss\u00e9e dentaire du chiot, ennui du chien, maladie p\u00e9ridontale canine, M\u00e2ches dentaires, recettes, friandises pour chiens,","breadcrumb":{"@id":"https:\/\/mikkipet.com\/fr\/conditions-dutilisation\/#breadcrumb"},"inLanguage":"fr-FR","potentialAction":[{"@type":"ReadAction","target":["https:\/\/mikkipet.com\/fr\/conditions-dutilisation\/"]}]},{"@type":"BreadcrumbList","@id":"https:\/\/mikkipet.com\/fr\/conditions-dutilisation\/#breadcrumb","itemListElement":[{"@type":"ListItem","position":1,"name":"Home","item":"https:\/\/mikkipet.com\/fr\/"},{"@type":"ListItem","position":2,"name":"Conditions d&rsquo;utilisation"}]},{"@type":"WebSite","@id":"https:\/\/mikkipet.com\/fr\/#website","url":"https:\/\/mikkipet.com\/fr\/","name":"Mikki Pet","description":"","publisher":{"@id":"https:\/\/mikkipet.com\/fr\/#organization"},"potentialAction":[{"@type":"SearchAction","target":{"@type":"EntryPoint","urlTemplate":"https:\/\/mikkipet.com\/fr\/?s={search_term_string}"},"query-input":{"@type":"PropertyValueSpecification","valueRequired":true,"valueName":"search_term_string"}}],"inLanguage":"fr-FR"},{"@type":"Organization","@id":"https:\/\/mikkipet.com\/fr\/#organization","name":"Mikki Pet","url":"https:\/\/mikkipet.com\/fr\/","logo":{"@type":"ImageObject","inLanguage":"fr-FR","@id":"https:\/\/mikkipet.com\/fr\/#\/schema\/logo\/image\/","url":"https:\/\/mikkipet.com\/wp-content\/uploads\/2024\/04\/cropped-cropped-Mikki_logo-BW.png","contentUrl":"https:\/\/mikkipet.com\/wp-content\/uploads\/2024\/04\/cropped-cropped-Mikki_logo-BW.png","width":163,"height":163,"caption":"Mikki Pet"},"image":{"@id":"https:\/\/mikkipet.com\/fr\/#\/schema\/logo\/image\/"}}]}},"uagb_featured_image_src":{"full":false,"thumbnail":false,"medium":false,"medium_large":false,"large":false,"gs-tiny":false,"xl":false,"xxl":false,"xxxl":false,"xxxxl":false,"xxxxxl":false,"blz_expanded_feature":false,"1536x1536":false,"2048x2048":false,"background_image":false,"woocommerce_thumbnail":false,"woocommerce_single":false,"woocommerce_gallery_thumbnail":false,"shop_catalog":false,"shop_single":false,"shop_thumbnail":false,"page-header":false,"page-two-to-one":false},"uagb_author_info":{"display_name":"blaze","author_link":"https:\/\/mikkipet.com\/fr\/author\/blaze\/"},"uagb_comment_info":0,"uagb_excerpt":"Conditions d&rsquo;utilisation Formulaire de notification \/ conditions d&rsquo;utilisation du site Internet Central Garden &amp; Pet Company, ainsi que ses filiales, divisions, soci\u00e9t\u00e9s affili\u00e9es et\/ou apparent\u00e9es (\u00ab\u00a0CG&amp;P\u00a0\u00bb) maintiennent ce site (le \u00ab\u00a0Site\u00a0\u00bb) pour votre divertissement, information, \u00e9ducation et communication personnels. N&rsquo;h\u00e9sitez pas \u00e0 parcourir le site. Le site et son contenu sont con\u00e7us pour \u00eatre conformes\u2026","coauthors":[],"author_meta":{"author_link":"https:\/\/mikkipet.com\/fr\/author\/blaze\/","display_name":"blaze"},"relative_dates":{"created":"Publi\u00e9 4 ans il y a","modified":"Mis \u00e0 jour 2 ans il y a"},"absolute_dates":{"created":"Publi\u00e9 le ","modified":"Mise \u00e0 jour le "},"absolute_dates_time":{"created":"Publi\u00e9 le  ","modified":"Mise \u00e0 jour le  "},"featured_img_caption":"","featured_img":false,"series_order":"","_links":{"self":[{"href":"https:\/\/mikkipet.com\/fr\/wp-json\/wp\/v2\/pages\/19081","targetHints":{"allow":["GET"]}}],"collection":[{"href":"https:\/\/mikkipet.com\/fr\/wp-json\/wp\/v2\/pages"}],"about":[{"href":"https:\/\/mikkipet.com\/fr\/wp-json\/wp\/v2\/types\/page"}],"author":[{"embeddable":true,"href":"https:\/\/mikkipet.com\/fr\/wp-json\/wp\/v2\/users\/1"}],"replies":[{"embeddable":true,"href":"https:\/\/mikkipet.com\/fr\/wp-json\/wp\/v2\/comments?post=19081"}],"version-history":[{"count":2,"href":"https:\/\/mikkipet.com\/fr\/wp-json\/wp\/v2\/pages\/19081\/revisions"}],"predecessor-version":[{"id":32161,"href":"https:\/\/mikkipet.com\/fr\/wp-json\/wp\/v2\/pages\/19081\/revisions\/32161"}],"wp:attachment":[{"href":"https:\/\/mikkipet.com\/fr\/wp-json\/wp\/v2\/media?parent=19081"}],"curies":[{"name":"wp","href":"https:\/\/api.w.org\/{rel}","templated":true}]}}