{"id":19092,"date":"2022-02-01T14:40:03","date_gmt":"2022-02-01T14:40:03","guid":{"rendered":"https:\/\/mikkipet.com\/nous-contacter\/"},"modified":"2023-07-19T14:53:11","modified_gmt":"2023-07-19T13:53:11","slug":"nous-contacter","status":"publish","type":"page","link":"https:\/\/mikkipet.com\/fr\/nous-contacter\/","title":{"rendered":"Nous contacter"},"content":{"rendered":"\n<section class=\"wp-block-uagb-columns uagb-columns__wrap uagb-columns__stack-mobile uagb-columns__valign- uagb-columns__gap-10 align uagb-block-c4f3f9eb uagb-columns__columns-1 uagb-columns__max_width-theme advgb-block-c4f3f9eb\"><div class=\"uagb-columns__overlay\"><\/div><div class=\"uagb-columns__inner-wrap uagb-columns__columns-1\">\n<div class=\"wp-block-uagb-column uagb-column__wrap uagb-column__background-undefined uagb-block-3fda25d3 advgb-block-3fda25d3\"><div class=\"uagb-column__overlay\"><\/div>\n<h1 class=\"has-text-align-center wp-block-heading\" style=\"font-size:38px\">Nous contacter<a href=\"https:\/\/www.nylabone.co.uk\/Support\/Got-a-question\/Nylabone-chews\"><\/a><a href=\"https:\/\/www.nylabone.co.uk\/Support\/Chewing\/Why-dogs-chew\"><\/a><a href=\"https:\/\/www.nylabone.co.uk\/Support\/Challenge-Nylabone\"><\/a><\/h1>\n<\/div>\n<\/div><\/section>\n\n<section class=\"wp-block-uagb-columns uagb-columns__wrap uagb-columns__background-color uagb-columns__stack-mobile uagb-columns__valign- uagb-columns__gap-10 align uagb-block-c3a2ec60 uagb-columns__columns-1 uagb-columns__max_width-custom advgb-block-c3a2ec60\"><div class=\"uagb-columns__overlay\"><\/div><div class=\"uagb-columns__inner-wrap uagb-columns__columns-1\">\n<div class=\"wp-block-uagb-column uagb-column__wrap uagb-column__background-undefined uagb-block-de4c9e76 advgb-block-de4c9e76\"><div class=\"uagb-column__overlay\"><\/div>\n<p class=\"has-text-align-center has-ast-global-color-5-color has-text-color\" style=\"font-size:25px\">Nous sommes l\u00e0 pour vous aider<\/p>\n<\/div>\n<\/div><\/section>\n\n<section class=\"wp-block-uagb-columns uagb-columns__wrap uagb-columns__background-color uagb-columns__stack-mobile uagb-columns__valign-top uagb-columns__gap-10 align uagb-block-9e397390 uagb-columns__columns-1 uagb-columns__max_width-custom advgb-block-9e397390\"><div class=\"uagb-columns__overlay\"><\/div><div class=\"uagb-columns__inner-wrap uagb-columns__columns-1\">\n<div class=\"wp-block-uagb-column uagb-column__wrap uagb-column__background-undefined uagb-block-902895da advgb-block-902895da\"><div class=\"uagb-column__overlay\"><\/div>\n<p class=\"has-text-align-left has-medium-font-size\"><strong>Pour obtenir de l&rsquo;aide concernant un produit d\u00e9fectueux ou endommag\u00e9, veuillez contacter votre revendeur.<\/strong><\/p>\n\n\n\n<p class=\"has-text-align-left\">Veuillez noter que nous sommes un fabricant et que nous <strong>ne vendons pas au grand public<\/strong>. Pour trouver nos produits en vente, veuillez vous rendre dans votre animalerie ou votre magasin d&rsquo;aquariophilie local ou rechercher nos produits aupr\u00e8s de votre d\u00e9taillant en ligne pr\u00e9f\u00e9r\u00e9. Voir notre <a href=\"https:\/\/mikkipet.com\/fr\/ou-acheter\/\"><strong>Localisateur de magasins<\/strong> <\/a>pour conna\u00eetre le revendeur le plus proche.<\/p>\n\n\n\n<p class=\"has-text-align-left has-medium-font-size\"><strong>Si vous ne trouvez toujours pas de r\u00e9ponse \u00e0 votre question, veuillez utiliser le bouton ci-dessous pour nous contacter.<\/strong><\/p>\n\n\n\n<div class=\"wp-block-advgb-button alignnone is-style-squared\"><a class=\"wp-block-advgb-button_link advgbbtn-ae9b44ad-dc67-42b1-b0ec-54e42f02c4ef\" href=\"https:\/\/www.interpetcentral.com\/contact-us\/\" target=\"_blank\" rel=\"noopener noreferrer\"><span>Nous contacter<\/span><\/a><\/div>\n<\/div>\n<\/div><\/section>\n<style class=\"advgb-styles-renderer\">.advgbbtn-ae9b44ad-dc67-42b1-b0ec-54e42f02c4ef{font-size:18px;color:#fff !important;background-color:var(--ast-global-color-0) !important;margin:0px 0px 0px 0px !important;padding:10px 30px 10px 30px;border-width:1px !important;border-style:none;border-radius:50px !important;}.advgbbtn-ae9b44ad-dc67-42b1-b0ec-54e42f02c4ef:hover{box-shadow:1px 1px 12px 0px #ccc;opacity:1;transition:all 0.2s ease;}.advgbbtn-ae9b44ad-dc67-42b1-b0ec-54e42f02c4ef > i {display: none !important;}.advgbbtn-ae9b44ad-dc67-42b1-b0ec-54e42f02c4ef{font-size:18px;color:#fff !important;background-color:var(--ast-global-color-0) !important;margin:0px 0px 0px 0px !important;padding:10px 30px 10px 30px;border-width:1px !important;border-style:none;border-radius:50px !important;}.advgbbtn-ae9b44ad-dc67-42b1-b0ec-54e42f02c4ef:hover{box-shadow:1px 1px 12px 0px #ccc;opacity:1;transition:all 0.2s ease;}.advgbbtn-ae9b44ad-dc67-42b1-b0ec-54e42f02c4ef > i {display: none !important;}.advgbbtn-ae9b44ad-dc67-42b1-b0ec-54e42f02c4ef{font-size:18px;color:#fff !important;background-color:var(--ast-global-color-0) !important;margin:0px 0px 0px 0px !important;padding:10px 30px 10px 30px;border-width:1px !important;border-style:none;border-radius:50px !important;}.advgbbtn-ae9b44ad-dc67-42b1-b0ec-54e42f02c4ef:hover{box-shadow:1px 1px 12px 0px #ccc;opacity:1;transition:all 0.2s ease;}.advgbbtn-ae9b44ad-dc67-42b1-b0ec-54e42f02c4ef > i {display: none !important;}<\/style>","protected":false},"excerpt":{"rendered":"<p>Nous contacter Nous sommes l\u00e0 pour vous aider Pour obtenir de l&rsquo;aide concernant un produit d\u00e9fectueux ou endommag\u00e9, veuillez contacter votre revendeur. Veuillez noter que nous sommes un fabricant et que nous ne vendons pas au grand public. Pour trouver nos produits en vente, veuillez vous rendre dans votre animalerie ou votre magasin d&rsquo;aquariophilie local ou rechercher nos produits aupr\u00e8s de votre [&hellip;]<\/p>\n","protected":false},"author":1,"featured_media":0,"parent":0,"menu_order":0,"comment_status":"closed","ping_status":"closed","template":"","meta":{"_acf_changed":false,"_relevanssi_hide_post":"","_relevanssi_hide_content":"","_relevanssi_pin_for_all":"","_relevanssi_pin_keywords":"","_relevanssi_unpin_keywords":"","_relevanssi_related_keywords":"","_relevanssi_related_include_ids":"","_relevanssi_related_exclude_ids":"","_relevanssi_related_no_append":"","_relevanssi_related_not_related":"","_relevanssi_related_posts":"","_relevanssi_noindex_reason":"","_uag_custom_page_level_css":"","advgb_blocks_editor_width":"","advgb_blocks_columns_visual_guide":"","site-sidebar-layout":"default","site-content-layout":"default","ast-site-content-layout":"default","site-content-style":"default","site-sidebar-style":"default","ast-global-header-display":"","ast-banner-title-visibility":"","ast-main-header-display":"","ast-hfb-above-header-display":"","ast-hfb-below-header-display":"","ast-hfb-mobile-header-display":"","site-post-title":"disabled","ast-breadcrumbs-content":"","ast-featured-img":"","footer-sml-layout":"","ast-disable-related-posts":"","theme-transparent-header-meta":"default","adv-header-id-meta":"","stick-header-meta":"default","header-above-stick-meta":"","header-main-stick-meta":"","header-below-stick-meta":"","astra-migrate-meta-layouts":"default","ast-page-background-enabled":"default","ast-page-background-meta":{"desktop":{"background-color":"","background-image":"","background-repeat":"repeat","background-position":"center center","background-size":"auto","background-attachment":"scroll","background-type":"","background-media":"","overlay-type":"","overlay-color":"","overlay-opacity":"","overlay-gradient":""},"tablet":{"background-color":"","background-image":"","background-repeat":"repeat","background-position":"center center","background-size":"auto","background-attachment":"scroll","background-type":"","background-media":"","overlay-type":"","overlay-color":"","overlay-opacity":"","overlay-gradient":""},"mobile":{"background-color":"","background-image":"","background-repeat":"repeat","background-position":"center center","background-size":"auto","background-attachment":"scroll","background-type":"","background-media":"","overlay-type":"","overlay-color":"","overlay-opacity":"","overlay-gradient":""}},"ast-content-background-meta":{"desktop":{"background-color":"var(--ast-global-color-5)","background-image":"","background-repeat":"repeat","background-position":"center center","background-size":"auto","background-attachment":"scroll","background-type":"","background-media":"","overlay-type":"","overlay-color":"","overlay-opacity":"","overlay-gradient":""},"tablet":{"background-color":"var(--ast-global-color-5)","background-image":"","background-repeat":"repeat","background-position":"center center","background-size":"auto","background-attachment":"scroll","background-type":"","background-media":"","overlay-type":"","overlay-color":"","overlay-opacity":"","overlay-gradient":""},"mobile":{"background-color":"var(--ast-global-color-5)","background-image":"","background-repeat":"repeat","background-position":"center center","background-size":"auto","background-attachment":"scroll","background-type":"","background-media":"","overlay-type":"","overlay-color":"","overlay-opacity":"","overlay-gradient":""}},"footnotes":""},"class_list":["ranking_","post-19092","page","type-page","status-publish","hentry"],"acf":[],"yoast_head":"<!-- This site is optimized with the Yoast SEO plugin v27.3 - https:\/\/yoast.com\/product\/yoast-seo-wordpress\/ -->\n<title>Nous contacter - Mikki Pet<\/title>\n<meta name=\"description\" content=\"Formulaire de contact pour Nylabone - le leader du march\u00e9 des produits dentaires \u00e0 m\u00e2cher en nylon qui aident \u00e0 pr\u00e9venir la mastication destructrice par les chiens.\" \/>\n<meta name=\"robots\" content=\"index, follow, max-snippet:-1, max-image-preview:large, max-video-preview:-1\" \/>\n<link rel=\"canonical\" href=\"https:\/\/mikkipet.com\/fr\/nous-contacter\/\" \/>\n<meta property=\"og:locale\" content=\"fr_FR\" \/>\n<meta property=\"og:type\" content=\"article\" \/>\n<meta property=\"og:title\" content=\"Nous contacter - Mikki Pet\" \/>\n<meta property=\"og:description\" content=\"Formulaire de contact pour Nylabone - le leader du march\u00e9 des produits dentaires \u00e0 m\u00e2cher en nylon qui aident \u00e0 pr\u00e9venir la mastication destructrice par les chiens.\" \/>\n<meta property=\"og:url\" content=\"https:\/\/mikkipet.com\/fr\/nous-contacter\/\" \/>\n<meta property=\"og:site_name\" content=\"Mikki Pet\" \/>\n<meta property=\"article:modified_time\" content=\"2023-07-19T13:53:11+00:00\" \/>\n<meta name=\"twitter:card\" content=\"summary_large_image\" \/>\n<meta name=\"twitter:label1\" content=\"Est. reading time\" \/>\n\t<meta name=\"twitter:data1\" content=\"1 minute\" \/>\n<script type=\"application\/ld+json\" class=\"yoast-schema-graph\">{\"@context\":\"https:\\\/\\\/schema.org\",\"@graph\":[{\"@type\":\"WebPage\",\"@id\":\"https:\\\/\\\/mikkipet.com\\\/fr\\\/nous-contacter\\\/\",\"url\":\"https:\\\/\\\/mikkipet.com\\\/fr\\\/nous-contacter\\\/\",\"name\":\"Nous contacter - Mikki Pet\",\"isPartOf\":{\"@id\":\"https:\\\/\\\/mikkipet.com\\\/fr\\\/#website\"},\"datePublished\":\"2022-02-01T14:40:03+00:00\",\"dateModified\":\"2023-07-19T13:53:11+00:00\",\"description\":\"Formulaire de contact pour Nylabone - le leader du march\u00e9 des produits dentaires \u00e0 m\u00e2cher en nylon qui aident \u00e0 pr\u00e9venir la mastication destructrice par les chiens.\",\"breadcrumb\":{\"@id\":\"https:\\\/\\\/mikkipet.com\\\/fr\\\/nous-contacter\\\/#breadcrumb\"},\"inLanguage\":\"fr-FR\",\"potentialAction\":[{\"@type\":\"ReadAction\",\"target\":[\"https:\\\/\\\/mikkipet.com\\\/fr\\\/nous-contacter\\\/\"]}]},{\"@type\":\"BreadcrumbList\",\"@id\":\"https:\\\/\\\/mikkipet.com\\\/fr\\\/nous-contacter\\\/#breadcrumb\",\"itemListElement\":[{\"@type\":\"ListItem\",\"position\":1,\"name\":\"Home\",\"item\":\"https:\\\/\\\/mikkipet.com\\\/fr\\\/\"},{\"@type\":\"ListItem\",\"position\":2,\"name\":\"Nous contacter\"}]},{\"@type\":\"WebSite\",\"@id\":\"https:\\\/\\\/mikkipet.com\\\/fr\\\/#website\",\"url\":\"https:\\\/\\\/mikkipet.com\\\/fr\\\/\",\"name\":\"Mikki Pet\",\"description\":\"\",\"publisher\":{\"@id\":\"https:\\\/\\\/mikkipet.com\\\/fr\\\/#organization\"},\"potentialAction\":[{\"@type\":\"SearchAction\",\"target\":{\"@type\":\"EntryPoint\",\"urlTemplate\":\"https:\\\/\\\/mikkipet.com\\\/fr\\\/?s={search_term_string}\"},\"query-input\":{\"@type\":\"PropertyValueSpecification\",\"valueRequired\":true,\"valueName\":\"search_term_string\"}}],\"inLanguage\":\"fr-FR\"},{\"@type\":\"Organization\",\"@id\":\"https:\\\/\\\/mikkipet.com\\\/fr\\\/#organization\",\"name\":\"Mikki Pet\",\"url\":\"https:\\\/\\\/mikkipet.com\\\/fr\\\/\",\"logo\":{\"@type\":\"ImageObject\",\"inLanguage\":\"fr-FR\",\"@id\":\"https:\\\/\\\/mikkipet.com\\\/fr\\\/#\\\/schema\\\/logo\\\/image\\\/\",\"url\":\"https:\\\/\\\/mikkipet.com\\\/wp-content\\\/uploads\\\/2024\\\/04\\\/cropped-cropped-Mikki_logo-BW.png\",\"contentUrl\":\"https:\\\/\\\/mikkipet.com\\\/wp-content\\\/uploads\\\/2024\\\/04\\\/cropped-cropped-Mikki_logo-BW.png\",\"width\":163,\"height\":163,\"caption\":\"Mikki Pet\"},\"image\":{\"@id\":\"https:\\\/\\\/mikkipet.com\\\/fr\\\/#\\\/schema\\\/logo\\\/image\\\/\"}}]}<\/script>\n<!-- \/ Yoast SEO plugin. -->","yoast_head_json":{"title":"Nous contacter - Mikki Pet","description":"Formulaire de contact pour Nylabone - le leader du march\u00e9 des produits dentaires \u00e0 m\u00e2cher en nylon qui aident \u00e0 pr\u00e9venir la mastication destructrice par les chiens.","robots":{"index":"index","follow":"follow","max-snippet":"max-snippet:-1","max-image-preview":"max-image-preview:large","max-video-preview":"max-video-preview:-1"},"canonical":"https:\/\/mikkipet.com\/fr\/nous-contacter\/","og_locale":"fr_FR","og_type":"article","og_title":"Nous contacter - Mikki Pet","og_description":"Formulaire de contact pour Nylabone - le leader du march\u00e9 des produits dentaires \u00e0 m\u00e2cher en nylon qui aident \u00e0 pr\u00e9venir la mastication destructrice par les chiens.","og_url":"https:\/\/mikkipet.com\/fr\/nous-contacter\/","og_site_name":"Mikki Pet","article_modified_time":"2023-07-19T13:53:11+00:00","twitter_card":"summary_large_image","twitter_misc":{"Est. reading time":"1 minute"},"schema":{"@context":"https:\/\/schema.org","@graph":[{"@type":"WebPage","@id":"https:\/\/mikkipet.com\/fr\/nous-contacter\/","url":"https:\/\/mikkipet.com\/fr\/nous-contacter\/","name":"Nous contacter - Mikki Pet","isPartOf":{"@id":"https:\/\/mikkipet.com\/fr\/#website"},"datePublished":"2022-02-01T14:40:03+00:00","dateModified":"2023-07-19T13:53:11+00:00","description":"Formulaire de contact pour Nylabone - le leader du march\u00e9 des produits dentaires \u00e0 m\u00e2cher en nylon qui aident \u00e0 pr\u00e9venir la mastication destructrice par les chiens.","breadcrumb":{"@id":"https:\/\/mikkipet.com\/fr\/nous-contacter\/#breadcrumb"},"inLanguage":"fr-FR","potentialAction":[{"@type":"ReadAction","target":["https:\/\/mikkipet.com\/fr\/nous-contacter\/"]}]},{"@type":"BreadcrumbList","@id":"https:\/\/mikkipet.com\/fr\/nous-contacter\/#breadcrumb","itemListElement":[{"@type":"ListItem","position":1,"name":"Home","item":"https:\/\/mikkipet.com\/fr\/"},{"@type":"ListItem","position":2,"name":"Nous contacter"}]},{"@type":"WebSite","@id":"https:\/\/mikkipet.com\/fr\/#website","url":"https:\/\/mikkipet.com\/fr\/","name":"Mikki Pet","description":"","publisher":{"@id":"https:\/\/mikkipet.com\/fr\/#organization"},"potentialAction":[{"@type":"SearchAction","target":{"@type":"EntryPoint","urlTemplate":"https:\/\/mikkipet.com\/fr\/?s={search_term_string}"},"query-input":{"@type":"PropertyValueSpecification","valueRequired":true,"valueName":"search_term_string"}}],"inLanguage":"fr-FR"},{"@type":"Organization","@id":"https:\/\/mikkipet.com\/fr\/#organization","name":"Mikki Pet","url":"https:\/\/mikkipet.com\/fr\/","logo":{"@type":"ImageObject","inLanguage":"fr-FR","@id":"https:\/\/mikkipet.com\/fr\/#\/schema\/logo\/image\/","url":"https:\/\/mikkipet.com\/wp-content\/uploads\/2024\/04\/cropped-cropped-Mikki_logo-BW.png","contentUrl":"https:\/\/mikkipet.com\/wp-content\/uploads\/2024\/04\/cropped-cropped-Mikki_logo-BW.png","width":163,"height":163,"caption":"Mikki Pet"},"image":{"@id":"https:\/\/mikkipet.com\/fr\/#\/schema\/logo\/image\/"}}]}},"uagb_featured_image_src":{"full":false,"thumbnail":false,"medium":false,"medium_large":false,"large":false,"gs-tiny":false,"xl":false,"xxl":false,"xxxl":false,"xxxxl":false,"xxxxxl":false,"blz_expanded_feature":false,"1536x1536":false,"2048x2048":false,"background_image":false,"woocommerce_thumbnail":false,"woocommerce_single":false,"woocommerce_gallery_thumbnail":false,"shop_catalog":false,"shop_single":false,"shop_thumbnail":false,"page-header":false,"page-two-to-one":false},"uagb_author_info":{"display_name":"blaze","author_link":"https:\/\/mikkipet.com\/fr\/author\/blaze\/"},"uagb_comment_info":0,"uagb_excerpt":"Nous contacter Nous sommes l\u00e0 pour vous aider Pour obtenir de l&rsquo;aide concernant un produit d\u00e9fectueux ou endommag\u00e9, veuillez contacter votre revendeur. Veuillez noter que nous sommes un fabricant et que nous ne vendons pas au grand public. Pour trouver nos produits en vente, veuillez vous rendre dans votre animalerie ou votre magasin d&rsquo;aquariophilie local\u2026","coauthors":[],"author_meta":{"author_link":"https:\/\/mikkipet.com\/fr\/author\/blaze\/","display_name":"blaze"},"relative_dates":{"created":"Publi\u00e9 4 ans il y a","modified":"Mis \u00e0 jour 3 ans il y a"},"absolute_dates":{"created":"Publi\u00e9 le ","modified":"Mise \u00e0 jour le "},"absolute_dates_time":{"created":"Publi\u00e9 le  ","modified":"Mise \u00e0 jour le  "},"featured_img_caption":"","featured_img":false,"series_order":"","_links":{"self":[{"href":"https:\/\/mikkipet.com\/fr\/wp-json\/wp\/v2\/pages\/19092","targetHints":{"allow":["GET"]}}],"collection":[{"href":"https:\/\/mikkipet.com\/fr\/wp-json\/wp\/v2\/pages"}],"about":[{"href":"https:\/\/mikkipet.com\/fr\/wp-json\/wp\/v2\/types\/page"}],"author":[{"embeddable":true,"href":"https:\/\/mikkipet.com\/fr\/wp-json\/wp\/v2\/users\/1"}],"replies":[{"embeddable":true,"href":"https:\/\/mikkipet.com\/fr\/wp-json\/wp\/v2\/comments?post=19092"}],"version-history":[{"count":1,"href":"https:\/\/mikkipet.com\/fr\/wp-json\/wp\/v2\/pages\/19092\/revisions"}],"predecessor-version":[{"id":19094,"href":"https:\/\/mikkipet.com\/fr\/wp-json\/wp\/v2\/pages\/19092\/revisions\/19094"}],"wp:attachment":[{"href":"https:\/\/mikkipet.com\/fr\/wp-json\/wp\/v2\/media?parent=19092"}],"curies":[{"name":"wp","href":"https:\/\/api.w.org\/{rel}","templated":true}]}}