{"id":19106,"date":"2022-09-07T12:12:08","date_gmt":"2022-09-07T11:12:08","guid":{"rendered":"https:\/\/mikkipet.com\/laisser-son-chien-seul-a-la-maison\/"},"modified":"2023-07-19T14:53:28","modified_gmt":"2023-07-19T13:53:28","slug":"laisser-son-chien-seul-a-la-maison","status":"publish","type":"page","link":"https:\/\/mikkipet.com\/fr\/laisser-son-chien-seul-a-la-maison\/","title":{"rendered":"Laisser son chien seul \u00e0 la maison"},"content":{"rendered":"\n<div class=\"wp-block-columns is-layout-flex wp-container-core-columns-is-layout-28f84493 wp-block-columns-is-layout-flex\">\n<div class=\"wp-block-column is-layout-flow wp-block-column-is-layout-flow\">\n<div class=\"wp-block-columns is-layout-flex wp-container-core-columns-is-layout-28f84493 wp-block-columns-is-layout-flex\">\n<div class=\"wp-block-column is-layout-flow wp-block-column-is-layout-flow\">\n<h1 class=\"has-text-align-left has-white-color has-ast-global-color-0-background-color has-text-color has-background wp-block-heading\" style=\"font-size:60px\"><strong>Laisser son chien seul \u00e0 la maison<\/strong><\/h1>\n<\/div>\n<\/div>\n<\/div>\n<\/div>\n\n<div class=\"wp-block-columns has-ast-global-color-5-background-color has-background is-layout-flex wp-container-core-columns-is-layout-c6bc58be wp-block-columns-is-layout-flex\" style=\"padding-top:0px;padding-right:0px;padding-bottom:0px;padding-left:0px\">\n<div class=\"wp-block-column is-layout-flow wp-block-column-is-layout-flow\">\n<section class=\"wp-block-uagb-columns uagb-columns__wrap uagb-columns__background-color uagb-columns__stack-mobile uagb-columns__valign- uagb-columns__gap-0 align uagb-block-838d3736 uagb-columns__columns-1 uagb-columns__max_width-theme advgb-block-838d3736\"><div class=\"uagb-columns__overlay\"><\/div><div class=\"uagb-columns__inner-wrap uagb-columns__columns-1\">\n<div class=\"wp-block-uagb-column uagb-column__wrap uagb-column__background-undefined uagb-block-10059151 advgb-block-10059151\"><div class=\"uagb-column__overlay\"><\/div>\n<p class=\"has-medium-font-size\" style=\"line-height:1.5\">Il vous arrivera souvent de devoir laisser votre chien seul \u00e0 la maison. Vous et votre chien devez donc vous sentir \u00e0 l&rsquo;aise. Si votre chien n&rsquo;est pas correctement initi\u00e9 \u00e0 l&rsquo;id\u00e9e d&rsquo;\u00eatre laiss\u00e9 seul, vous risquez de subir les cons\u00e9quences de l&rsquo;anxi\u00e9t\u00e9 de s\u00e9paration. Cela peut se manifester par un comportement destructeur, des aboiements et des g\u00e9missements ou des accidents de toilette dans la maison.<\/p>\n\n\n\n<h3 class=\"wp-block-heading\"><strong>Mieux vaut pr\u00e9venir que gu\u00e9rir<\/strong><\/h3>\n\n\n\n<p class=\"has-medium-font-size\" style=\"line-height:1.5\">Pour \u00e9viter cela, vous devez encourager votre chien \u00e0 se sentir \u00e0 l&rsquo;aise seul au fil du temps. Pour un chiot, ce dressage doit avoir lieu entre 12 et 14 semaines, mais si vous accueillez un chien plus \u00e2g\u00e9 dans votre foyer, vous devez commencer ce dressage dans les 1 \u00e0 2 semaines qui suivent.<\/p>\n\n\n\n<h3 class=\"wp-block-heading\"><strong>Planter le d\u00e9cor<\/strong><\/h3>\n\n\n\n<div class=\"wp-block-columns is-layout-flex wp-container-core-columns-is-layout-28f84493 wp-block-columns-is-layout-flex\">\n<div class=\"wp-block-column is-layout-flow wp-block-column-is-layout-flow\" style=\"flex-basis:66.66%\">\n<p class=\"has-medium-font-size\" style=\"line-height:1.5\">Veillez \u00e0 ce que votre chien connaisse sa couche et que cet espace soit toujours accessible lorsque vous le quittez. Ce lit peut \u00eatre plac\u00e9 dans une cage pour chien si vous en utilisez une.  <br\/>Assurez-vous que votre chien est fatigu\u00e9, qu&rsquo;il n&rsquo;a pas faim et qu&rsquo;il a fait ses besoins avant de le laisser. Cela les encouragera \u00e0 dormir et \u00e0 se d\u00e9tendre pendant votre absence.  <br\/>D\u00e9cidez de l&rsquo;environnement dans lequel vous allez les laisser, par exemple les lumi\u00e8res \u00e9teintes, la radio allum\u00e9e silencieusement, et veillez \u00e0 ce qu&rsquo;il en soit ainsi \u00e0 chaque fois que vous les laissez. Les actions visant \u00e0 cr\u00e9er cet environnement serviront de signal pour que votre chien sache qu&rsquo;il est sur le point d&rsquo;\u00eatre quitt\u00e9.<br\/>Votre chien doit toujours avoir acc\u00e8s \u00e0 de l&rsquo;eau fra\u00eeche et propre.<\/p>\n<\/div>\n\n\n\n<div class=\"wp-block-column is-layout-flow wp-block-column-is-layout-flow\" style=\"flex-basis:33.33%\">\n<figure class=\"wp-block-image size-full\"><img loading=\"lazy\" decoding=\"async\" width=\"533\" height=\"355\" src=\"https:\/\/mikkipet.com\/wp-content\/uploads\/2022\/09\/Untitled-design-21.png\" alt=\"\" class=\"wp-image-15768\" srcset=\"https:\/\/mikkipet.com\/wp-content\/uploads\/2022\/09\/Untitled-design-21.png 533w, https:\/\/mikkipet.com\/wp-content\/uploads\/2022\/09\/Untitled-design-21-300x200.png 300w, https:\/\/mikkipet.com\/wp-content\/uploads\/2022\/09\/Untitled-design-21-358x238.png 358w\" sizes=\"auto, (max-width: 533px) 100vw, 533px\" \/><\/figure>\n<\/div>\n<\/div>\n\n\n\n<p><\/p>\n\n\n\n<h2 class=\"wp-block-heading\"><strong>Comment commencer ?<\/strong><\/h2>\n\n\n\n<p class=\"has-medium-font-size\" style=\"line-height:1.5\">En partant, parlez d&rsquo;une voix normale en disant des choses comme \u00ab\u00a0Bon chien\u00a0\u00bb, \u00ab\u00a0Je ne serai pas long\u00a0\u00bb, car m\u00eame s&rsquo;il ne comprend pas les mots, il reconna\u00eetra le ton et s&rsquo;en trouvera r\u00e9confort\u00e9. Vous pouvez \u00e9galement leur donner une caresse avant de partir ou une petite friandise. La coh\u00e9rence est essentielle, alors essayez de maintenir la m\u00eame routine chaque fois que vous partez.<\/p>\n\n\n\n<p class=\"has-medium-font-size\" style=\"line-height:1.5\">Pour commencer, ne vous absentez que pour de courts intervalles, peut-\u00eatre m\u00eame 5 minutes, juste le temps pour votre chien d&rsquo;enregistrer votre d\u00e9part. Il est pr\u00e9f\u00e9rable de ne pas \u00eatre vu, mais d&rsquo;\u00eatre \u00e0 port\u00e9e de voix afin de pouvoir intervenir si vous entendez votre chien devenir stress\u00e9 ou destructeur.<\/p>\n\n\n\n<p> <\/p>\n\n\n\n<h2 class=\"wp-block-heading\"><strong><strong>\u00catre coh\u00e9rent et progressif<\/strong><\/strong><\/h2>\n\n\n\n<p class=\"has-medium-font-size\" style=\"line-height:1.5\">Continuer \u00e0 effectuer plusieurs d\u00e9parts courts par jour en veillant \u00e0 respecter la routine d\u00e9cid\u00e9e. Une fois que vous avez atteint un taux de r\u00e9ussite \u00e9lev\u00e9 et que vous \u00eates satisfait des progr\u00e8s de votre chien, vous pouvez commencer \u00e0 le laisser plus longtemps, peut-\u00eatre une heure \u00e0 la fois. Cette p\u00e9riode peut encore augmenter au fur et \u00e0 mesure que la formation progresse.<\/p>\n\n\n\n<p class=\"has-medium-font-size\" style=\"line-height:1.5\">C&rsquo;est en forgeant qu&rsquo;on devient forgeron et chaque chien est diff\u00e9rent. Certains chiens peuvent mettre plus de temps \u00e0 s&rsquo;habituer \u00e0 \u00eatre laiss\u00e9s seuls, tandis que les chiens de sauvetage plus \u00e2g\u00e9s peuvent s&rsquo;y adapter facilement en raison de leur exp\u00e9rience pass\u00e9e. Soyez attentif \u00e0 votre chien et faites preuve de bon sens pour trouver la meilleure routine de dressage pour votre chien.<\/p>\n<\/div>\n<\/div><\/section>\n<\/div>\n<\/div>\n\n<p><\/p>\n","protected":false},"excerpt":{"rendered":"<p>Laisser son chien seul \u00e0 la maison Il vous arrivera souvent de devoir laisser votre chien seul \u00e0 la maison. Vous et votre chien devez donc vous sentir \u00e0 l&rsquo;aise. Si votre chien n&rsquo;est pas correctement initi\u00e9 \u00e0 l&rsquo;id\u00e9e d&rsquo;\u00eatre laiss\u00e9 seul, vous risquez de subir les cons\u00e9quences de l&rsquo;anxi\u00e9t\u00e9 de s\u00e9paration. Cela peut se manifester par un comportement destructeur, des aboiements [&hellip;]<\/p>\n","protected":false},"author":4,"featured_media":0,"parent":0,"menu_order":0,"comment_status":"closed","ping_status":"closed","template":"","meta":{"_acf_changed":false,"_relevanssi_hide_post":"","_relevanssi_hide_content":"","_relevanssi_pin_for_all":"","_relevanssi_pin_keywords":"","_relevanssi_unpin_keywords":"","_relevanssi_related_keywords":"","_relevanssi_related_include_ids":"","_relevanssi_related_exclude_ids":"","_relevanssi_related_no_append":"","_relevanssi_related_not_related":"","_relevanssi_related_posts":"","_relevanssi_noindex_reason":"","_uag_custom_page_level_css":"","advgb_blocks_editor_width":"","advgb_blocks_columns_visual_guide":"","site-sidebar-layout":"default","site-content-layout":"default","ast-site-content-layout":"default","site-content-style":"default","site-sidebar-style":"default","ast-global-header-display":"","ast-banner-title-visibility":"","ast-main-header-display":"","ast-hfb-above-header-display":"","ast-hfb-below-header-display":"","ast-hfb-mobile-header-display":"","site-post-title":"disabled","ast-breadcrumbs-content":"","ast-featured-img":"","footer-sml-layout":"","ast-disable-related-posts":"","theme-transparent-header-meta":"default","adv-header-id-meta":"","stick-header-meta":"default","header-above-stick-meta":"","header-main-stick-meta":"","header-below-stick-meta":"","astra-migrate-meta-layouts":"default","ast-page-background-enabled":"default","ast-page-background-meta":{"desktop":{"background-color":"","background-image":"","background-repeat":"repeat","background-position":"center center","background-size":"auto","background-attachment":"scroll","background-type":"","background-media":"","overlay-type":"","overlay-color":"","overlay-opacity":"","overlay-gradient":""},"tablet":{"background-color":"","background-image":"","background-repeat":"repeat","background-position":"center center","background-size":"auto","background-attachment":"scroll","background-type":"","background-media":"","overlay-type":"","overlay-color":"","overlay-opacity":"","overlay-gradient":""},"mobile":{"background-color":"","background-image":"","background-repeat":"repeat","background-position":"center center","background-size":"auto","background-attachment":"scroll","background-type":"","background-media":"","overlay-type":"","overlay-color":"","overlay-opacity":"","overlay-gradient":""}},"ast-content-background-meta":{"desktop":{"background-color":"var(--ast-global-color-5)","background-image":"","background-repeat":"repeat","background-position":"center center","background-size":"auto","background-attachment":"scroll","background-type":"","background-media":"","overlay-type":"","overlay-color":"","overlay-opacity":"","overlay-gradient":""},"tablet":{"background-color":"var(--ast-global-color-5)","background-image":"","background-repeat":"repeat","background-position":"center center","background-size":"auto","background-attachment":"scroll","background-type":"","background-media":"","overlay-type":"","overlay-color":"","overlay-opacity":"","overlay-gradient":""},"mobile":{"background-color":"var(--ast-global-color-5)","background-image":"","background-repeat":"repeat","background-position":"center center","background-size":"auto","background-attachment":"scroll","background-type":"","background-media":"","overlay-type":"","overlay-color":"","overlay-opacity":"","overlay-gradient":""}},"footnotes":""},"class_list":["ranking_","post-19106","page","type-page","status-publish","hentry"],"acf":[],"yoast_head":"<!-- This site is optimized with the Yoast SEO plugin v27.3 - https:\/\/yoast.com\/product\/yoast-seo-wordpress\/ -->\n<title>Laisser son chien seul \u00e0 la maison - Mikki Pet<\/title>\n<meta name=\"robots\" content=\"index, follow, max-snippet:-1, max-image-preview:large, max-video-preview:-1\" \/>\n<link rel=\"canonical\" href=\"https:\/\/mikkipet.com\/fr\/laisser-son-chien-seul-a-la-maison\/\" \/>\n<meta property=\"og:locale\" content=\"fr_FR\" \/>\n<meta property=\"og:type\" content=\"article\" \/>\n<meta property=\"og:title\" content=\"Laisser son chien seul \u00e0 la maison - Mikki Pet\" \/>\n<meta property=\"og:description\" content=\"Laisser son chien seul \u00e0 la maison Il vous arrivera souvent de devoir laisser votre chien seul \u00e0 la maison. Vous et votre chien devez donc vous sentir \u00e0 l&rsquo;aise. Si votre chien n&rsquo;est pas correctement initi\u00e9 \u00e0 l&rsquo;id\u00e9e d&rsquo;\u00eatre laiss\u00e9 seul, vous risquez de subir les cons\u00e9quences de l&rsquo;anxi\u00e9t\u00e9 de s\u00e9paration. Cela peut se manifester par un comportement destructeur, des aboiements [&hellip;]\" \/>\n<meta property=\"og:url\" content=\"https:\/\/mikkipet.com\/fr\/laisser-son-chien-seul-a-la-maison\/\" \/>\n<meta property=\"og:site_name\" content=\"Mikki Pet\" \/>\n<meta property=\"article:modified_time\" content=\"2023-07-19T13:53:28+00:00\" \/>\n<meta property=\"og:image\" content=\"https:\/\/mikkipet.com\/wp-content\/uploads\/2022\/09\/Untitled-design-21.png\" \/>\n<meta name=\"twitter:card\" content=\"summary_large_image\" \/>\n<meta name=\"twitter:label1\" content=\"Est. reading time\" \/>\n\t<meta name=\"twitter:data1\" content=\"3 minutes\" \/>\n<script type=\"application\/ld+json\" class=\"yoast-schema-graph\">{\"@context\":\"https:\\\/\\\/schema.org\",\"@graph\":[{\"@type\":\"WebPage\",\"@id\":\"https:\\\/\\\/mikkipet.com\\\/fr\\\/laisser-son-chien-seul-a-la-maison\\\/\",\"url\":\"https:\\\/\\\/mikkipet.com\\\/fr\\\/laisser-son-chien-seul-a-la-maison\\\/\",\"name\":\"Laisser son chien seul \u00e0 la maison - Mikki Pet\",\"isPartOf\":{\"@id\":\"https:\\\/\\\/mikkipet.com\\\/fr\\\/#website\"},\"primaryImageOfPage\":{\"@id\":\"https:\\\/\\\/mikkipet.com\\\/fr\\\/laisser-son-chien-seul-a-la-maison\\\/#primaryimage\"},\"image\":{\"@id\":\"https:\\\/\\\/mikkipet.com\\\/fr\\\/laisser-son-chien-seul-a-la-maison\\\/#primaryimage\"},\"thumbnailUrl\":\"https:\\\/\\\/mikkipet.com\\\/wp-content\\\/uploads\\\/2022\\\/09\\\/Untitled-design-21.png\",\"datePublished\":\"2022-09-07T11:12:08+00:00\",\"dateModified\":\"2023-07-19T13:53:28+00:00\",\"breadcrumb\":{\"@id\":\"https:\\\/\\\/mikkipet.com\\\/fr\\\/laisser-son-chien-seul-a-la-maison\\\/#breadcrumb\"},\"inLanguage\":\"fr-FR\",\"potentialAction\":[{\"@type\":\"ReadAction\",\"target\":[\"https:\\\/\\\/mikkipet.com\\\/fr\\\/laisser-son-chien-seul-a-la-maison\\\/\"]}]},{\"@type\":\"ImageObject\",\"inLanguage\":\"fr-FR\",\"@id\":\"https:\\\/\\\/mikkipet.com\\\/fr\\\/laisser-son-chien-seul-a-la-maison\\\/#primaryimage\",\"url\":\"https:\\\/\\\/mikkipet.com\\\/wp-content\\\/uploads\\\/2022\\\/09\\\/Untitled-design-21.png\",\"contentUrl\":\"https:\\\/\\\/mikkipet.com\\\/wp-content\\\/uploads\\\/2022\\\/09\\\/Untitled-design-21.png\"},{\"@type\":\"BreadcrumbList\",\"@id\":\"https:\\\/\\\/mikkipet.com\\\/fr\\\/laisser-son-chien-seul-a-la-maison\\\/#breadcrumb\",\"itemListElement\":[{\"@type\":\"ListItem\",\"position\":1,\"name\":\"Home\",\"item\":\"https:\\\/\\\/mikkipet.com\\\/fr\\\/\"},{\"@type\":\"ListItem\",\"position\":2,\"name\":\"Laisser son chien seul \u00e0 la maison\"}]},{\"@type\":\"WebSite\",\"@id\":\"https:\\\/\\\/mikkipet.com\\\/fr\\\/#website\",\"url\":\"https:\\\/\\\/mikkipet.com\\\/fr\\\/\",\"name\":\"Mikki Pet\",\"description\":\"\",\"publisher\":{\"@id\":\"https:\\\/\\\/mikkipet.com\\\/fr\\\/#organization\"},\"potentialAction\":[{\"@type\":\"SearchAction\",\"target\":{\"@type\":\"EntryPoint\",\"urlTemplate\":\"https:\\\/\\\/mikkipet.com\\\/fr\\\/?s={search_term_string}\"},\"query-input\":{\"@type\":\"PropertyValueSpecification\",\"valueRequired\":true,\"valueName\":\"search_term_string\"}}],\"inLanguage\":\"fr-FR\"},{\"@type\":\"Organization\",\"@id\":\"https:\\\/\\\/mikkipet.com\\\/fr\\\/#organization\",\"name\":\"Mikki Pet\",\"url\":\"https:\\\/\\\/mikkipet.com\\\/fr\\\/\",\"logo\":{\"@type\":\"ImageObject\",\"inLanguage\":\"fr-FR\",\"@id\":\"https:\\\/\\\/mikkipet.com\\\/fr\\\/#\\\/schema\\\/logo\\\/image\\\/\",\"url\":\"https:\\\/\\\/mikkipet.com\\\/wp-content\\\/uploads\\\/2024\\\/04\\\/cropped-cropped-Mikki_logo-BW.png\",\"contentUrl\":\"https:\\\/\\\/mikkipet.com\\\/wp-content\\\/uploads\\\/2024\\\/04\\\/cropped-cropped-Mikki_logo-BW.png\",\"width\":163,\"height\":163,\"caption\":\"Mikki Pet\"},\"image\":{\"@id\":\"https:\\\/\\\/mikkipet.com\\\/fr\\\/#\\\/schema\\\/logo\\\/image\\\/\"}}]}<\/script>\n<!-- \/ Yoast SEO plugin. -->","yoast_head_json":{"title":"Laisser son chien seul \u00e0 la maison - Mikki Pet","robots":{"index":"index","follow":"follow","max-snippet":"max-snippet:-1","max-image-preview":"max-image-preview:large","max-video-preview":"max-video-preview:-1"},"canonical":"https:\/\/mikkipet.com\/fr\/laisser-son-chien-seul-a-la-maison\/","og_locale":"fr_FR","og_type":"article","og_title":"Laisser son chien seul \u00e0 la maison - Mikki Pet","og_description":"Laisser son chien seul \u00e0 la maison Il vous arrivera souvent de devoir laisser votre chien seul \u00e0 la maison. Vous et votre chien devez donc vous sentir \u00e0 l&rsquo;aise. Si votre chien n&rsquo;est pas correctement initi\u00e9 \u00e0 l&rsquo;id\u00e9e d&rsquo;\u00eatre laiss\u00e9 seul, vous risquez de subir les cons\u00e9quences de l&rsquo;anxi\u00e9t\u00e9 de s\u00e9paration. Cela peut se manifester par un comportement destructeur, des aboiements [&hellip;]","og_url":"https:\/\/mikkipet.com\/fr\/laisser-son-chien-seul-a-la-maison\/","og_site_name":"Mikki Pet","article_modified_time":"2023-07-19T13:53:28+00:00","og_image":[{"url":"https:\/\/mikkipet.com\/wp-content\/uploads\/2022\/09\/Untitled-design-21.png","type":"","width":"","height":""}],"twitter_card":"summary_large_image","twitter_misc":{"Est. reading time":"3 minutes"},"schema":{"@context":"https:\/\/schema.org","@graph":[{"@type":"WebPage","@id":"https:\/\/mikkipet.com\/fr\/laisser-son-chien-seul-a-la-maison\/","url":"https:\/\/mikkipet.com\/fr\/laisser-son-chien-seul-a-la-maison\/","name":"Laisser son chien seul \u00e0 la maison - Mikki Pet","isPartOf":{"@id":"https:\/\/mikkipet.com\/fr\/#website"},"primaryImageOfPage":{"@id":"https:\/\/mikkipet.com\/fr\/laisser-son-chien-seul-a-la-maison\/#primaryimage"},"image":{"@id":"https:\/\/mikkipet.com\/fr\/laisser-son-chien-seul-a-la-maison\/#primaryimage"},"thumbnailUrl":"https:\/\/mikkipet.com\/wp-content\/uploads\/2022\/09\/Untitled-design-21.png","datePublished":"2022-09-07T11:12:08+00:00","dateModified":"2023-07-19T13:53:28+00:00","breadcrumb":{"@id":"https:\/\/mikkipet.com\/fr\/laisser-son-chien-seul-a-la-maison\/#breadcrumb"},"inLanguage":"fr-FR","potentialAction":[{"@type":"ReadAction","target":["https:\/\/mikkipet.com\/fr\/laisser-son-chien-seul-a-la-maison\/"]}]},{"@type":"ImageObject","inLanguage":"fr-FR","@id":"https:\/\/mikkipet.com\/fr\/laisser-son-chien-seul-a-la-maison\/#primaryimage","url":"https:\/\/mikkipet.com\/wp-content\/uploads\/2022\/09\/Untitled-design-21.png","contentUrl":"https:\/\/mikkipet.com\/wp-content\/uploads\/2022\/09\/Untitled-design-21.png"},{"@type":"BreadcrumbList","@id":"https:\/\/mikkipet.com\/fr\/laisser-son-chien-seul-a-la-maison\/#breadcrumb","itemListElement":[{"@type":"ListItem","position":1,"name":"Home","item":"https:\/\/mikkipet.com\/fr\/"},{"@type":"ListItem","position":2,"name":"Laisser son chien seul \u00e0 la maison"}]},{"@type":"WebSite","@id":"https:\/\/mikkipet.com\/fr\/#website","url":"https:\/\/mikkipet.com\/fr\/","name":"Mikki Pet","description":"","publisher":{"@id":"https:\/\/mikkipet.com\/fr\/#organization"},"potentialAction":[{"@type":"SearchAction","target":{"@type":"EntryPoint","urlTemplate":"https:\/\/mikkipet.com\/fr\/?s={search_term_string}"},"query-input":{"@type":"PropertyValueSpecification","valueRequired":true,"valueName":"search_term_string"}}],"inLanguage":"fr-FR"},{"@type":"Organization","@id":"https:\/\/mikkipet.com\/fr\/#organization","name":"Mikki Pet","url":"https:\/\/mikkipet.com\/fr\/","logo":{"@type":"ImageObject","inLanguage":"fr-FR","@id":"https:\/\/mikkipet.com\/fr\/#\/schema\/logo\/image\/","url":"https:\/\/mikkipet.com\/wp-content\/uploads\/2024\/04\/cropped-cropped-Mikki_logo-BW.png","contentUrl":"https:\/\/mikkipet.com\/wp-content\/uploads\/2024\/04\/cropped-cropped-Mikki_logo-BW.png","width":163,"height":163,"caption":"Mikki Pet"},"image":{"@id":"https:\/\/mikkipet.com\/fr\/#\/schema\/logo\/image\/"}}]}},"uagb_featured_image_src":{"full":false,"thumbnail":false,"medium":false,"medium_large":false,"large":false,"gs-tiny":false,"xl":false,"xxl":false,"xxxl":false,"xxxxl":false,"xxxxxl":false,"blz_expanded_feature":false,"1536x1536":false,"2048x2048":false,"background_image":false,"woocommerce_thumbnail":false,"woocommerce_single":false,"woocommerce_gallery_thumbnail":false,"shop_catalog":false,"shop_single":false,"shop_thumbnail":false,"page-header":false,"page-two-to-one":false},"uagb_author_info":{"display_name":"Phil Durston","author_link":"https:\/\/mikkipet.com\/fr\/author\/phil\/"},"uagb_comment_info":0,"uagb_excerpt":"Laisser son chien seul \u00e0 la maison Il vous arrivera souvent de devoir laisser votre chien seul \u00e0 la maison. Vous et votre chien devez donc vous sentir \u00e0 l&rsquo;aise. Si votre chien n&rsquo;est pas correctement initi\u00e9 \u00e0 l&rsquo;id\u00e9e d&rsquo;\u00eatre laiss\u00e9 seul, vous risquez de subir les cons\u00e9quences de l&rsquo;anxi\u00e9t\u00e9 de s\u00e9paration. Cela peut se\u2026","coauthors":[],"author_meta":{"author_link":"https:\/\/mikkipet.com\/fr\/author\/phil\/","display_name":"Phil Durston"},"relative_dates":{"created":"Publi\u00e9 4 ans il y a","modified":"Mis \u00e0 jour 3 ans il y a"},"absolute_dates":{"created":"Publi\u00e9 le ","modified":"Mise \u00e0 jour le "},"absolute_dates_time":{"created":"Publi\u00e9 le  ","modified":"Mise \u00e0 jour le  "},"featured_img_caption":"","featured_img":false,"series_order":"","_links":{"self":[{"href":"https:\/\/mikkipet.com\/fr\/wp-json\/wp\/v2\/pages\/19106","targetHints":{"allow":["GET"]}}],"collection":[{"href":"https:\/\/mikkipet.com\/fr\/wp-json\/wp\/v2\/pages"}],"about":[{"href":"https:\/\/mikkipet.com\/fr\/wp-json\/wp\/v2\/types\/page"}],"author":[{"embeddable":true,"href":"https:\/\/mikkipet.com\/fr\/wp-json\/wp\/v2\/users\/4"}],"replies":[{"embeddable":true,"href":"https:\/\/mikkipet.com\/fr\/wp-json\/wp\/v2\/comments?post=19106"}],"version-history":[{"count":1,"href":"https:\/\/mikkipet.com\/fr\/wp-json\/wp\/v2\/pages\/19106\/revisions"}],"predecessor-version":[{"id":19108,"href":"https:\/\/mikkipet.com\/fr\/wp-json\/wp\/v2\/pages\/19106\/revisions\/19108"}],"wp:attachment":[{"href":"https:\/\/mikkipet.com\/fr\/wp-json\/wp\/v2\/media?parent=19106"}],"curies":[{"name":"wp","href":"https:\/\/api.w.org\/{rel}","templated":true}]}}