{"id":19112,"date":"2023-02-23T15:16:58","date_gmt":"2023-02-23T15:16:58","guid":{"rendered":"https:\/\/mikkipet.com\/quest-ce-qui-fait-que-nos-lits-sont-propices-a-lapaisement\/"},"modified":"2023-07-19T14:53:26","modified_gmt":"2023-07-19T13:53:26","slug":"quest-ce-qui-fait-que-nos-lits-sont-propices-a-lapaisement","status":"publish","type":"page","link":"https:\/\/mikkipet.com\/fr\/quest-ce-qui-fait-que-nos-lits-sont-propices-a-lapaisement\/","title":{"rendered":"Qu&rsquo;est-ce qui fait que nos lits sont propices \u00e0 l&rsquo;apaisement ?"},"content":{"rendered":"\n<section class=\"wp-block-uagb-columns uagb-columns__wrap uagb-columns__background-color uagb-columns__stack-mobile uagb-columns__valign- uagb-columns__gap-10 align uagb-block-4849f8b9 uagb-columns__columns-1 uagb-columns__max_width-theme\"><div class=\"uagb-columns__overlay\"><\/div><div class=\"uagb-columns__inner-wrap uagb-columns__columns-1\">\n<div class=\"wp-block-uagb-column uagb-column__wrap uagb-column__background-color uagb-block-2fe570a3\"><div class=\"uagb-column__overlay\"><\/div>\n<section class=\"wp-block-uagb-columns uagb-columns__wrap uagb-columns__background-color uagb-columns__stack-mobile uagb-columns__valign- uagb-columns__gap-10 align uagb-block-1a5940c3 uagb-columns__columns-1 uagb-columns__max_width-theme\"><div class=\"uagb-columns__overlay\"><\/div><div class=\"uagb-columns__inner-wrap uagb-columns__columns-1\">\n<div class=\"wp-block-uagb-column uagb-column__wrap uagb-column__background-undefined uagb-block-61385b36\"><div class=\"uagb-column__overlay\"><\/div>\n<h2 class=\"has-white-color has-text-color wp-block-heading\" style=\"font-size:60px\">Aidez votre animal \u00e0 trouver un endroit douillet gr\u00e2ce \u00e0 notre gamme de lits d&rsquo;apaisement  <\/h2>\n<\/div>\n<\/div><\/section>\n<\/div>\n<\/div><\/section>\n\n<p><\/p>\n\n<div class=\"wp-block-columns is-layout-flex wp-container-core-columns-is-layout-28f84493 wp-block-columns-is-layout-flex\">\n<div class=\"wp-block-column has-ast-global-color-5-background-color has-background is-layout-flow wp-block-column-is-layout-flow\" style=\"padding-top:20px;padding-right:20px;padding-bottom:20px;padding-left:20px\">\n<h2 class=\"wp-block-heading\"><strong>Qu&rsquo;est-ce qui fait que nos lits sont propices \u00e0 l&rsquo;apaisement ?<\/strong><\/h2>\n\n\n\n<p class=\"has-medium-font-size\">Chaque chat ou chien a sa propre fa\u00e7on de dormir, de se d\u00e9tendre et de rester calme. Tous nos lits sont con\u00e7us et fabriqu\u00e9s pour les diff\u00e9rents types de sommeil et de d\u00e9tente.<\/p>\n<\/div>\n<\/div>\n\n<p style=\"font-size:24px\"><\/p>\n\n<p class=\"has-medium-font-size\" style=\"line-height:1.5\"><\/p>\n\n<p><\/p>\n\n<div class=\"wp-block-columns is-layout-flex wp-container-core-columns-is-layout-28f84493 wp-block-columns-is-layout-flex\">\n<div class=\"wp-block-column is-layout-flow wp-block-column-is-layout-flow\">\n<figure class=\"wp-block-image size-full\"><a href=\"https:\/\/mikkipet.com\/fr\/soins\/literie\/\"><img loading=\"lazy\" decoding=\"async\" width=\"600\" height=\"371\" src=\"https:\/\/mikkipet.com\/wp-content\/uploads\/2023\/02\/1.png\" alt=\"Confort de la patte tombante\" class=\"wp-image-17967\" srcset=\"https:\/\/mikkipet.com\/wp-content\/uploads\/2023\/02\/1.png 600w, https:\/\/mikkipet.com\/wp-content\/uploads\/2023\/02\/1-300x186.png 300w, https:\/\/mikkipet.com\/wp-content\/uploads\/2023\/02\/1-358x221.png 358w\" sizes=\"auto, (max-width: 600px) 100vw, 600px\" \/><\/a><\/figure>\n<\/div>\n\n\n\n<div class=\"wp-block-column is-layout-flow wp-block-column-is-layout-flow\">\n<figure class=\"wp-block-image size-full\"><a href=\"https:\/\/mikkipet.com\/?s=donut\"><img loading=\"lazy\" decoding=\"async\" width=\"600\" height=\"371\" src=\"https:\/\/mikkipet.com\/wp-content\/uploads\/2023\/02\/2.png\" alt=\"\" class=\"wp-image-17968\" srcset=\"https:\/\/mikkipet.com\/wp-content\/uploads\/2023\/02\/2.png 600w, https:\/\/mikkipet.com\/wp-content\/uploads\/2023\/02\/2-300x186.png 300w, https:\/\/mikkipet.com\/wp-content\/uploads\/2023\/02\/2-358x221.png 358w\" sizes=\"auto, (max-width: 600px) 100vw, 600px\" \/><\/a><\/figure>\n<\/div>\n<\/div>\n\n<div class=\"wp-block-columns is-layout-flex wp-container-core-columns-is-layout-28f84493 wp-block-columns-is-layout-flex\">\n<div class=\"wp-block-column is-layout-flow wp-block-column-is-layout-flow\">\n<figure class=\"wp-block-image size-full\"><a href=\"https:\/\/mikkipet.com\/care\/bedding\/sherpa-calming-cushion-large\/\"><img loading=\"lazy\" decoding=\"async\" width=\"600\" height=\"371\" src=\"https:\/\/mikkipet.com\/wp-content\/uploads\/2023\/02\/3.png\" alt=\"Coussins apaisants\" class=\"wp-image-17969\" srcset=\"https:\/\/mikkipet.com\/wp-content\/uploads\/2023\/02\/3.png 600w, https:\/\/mikkipet.com\/wp-content\/uploads\/2023\/02\/3-300x186.png 300w, https:\/\/mikkipet.com\/wp-content\/uploads\/2023\/02\/3-358x221.png 358w\" sizes=\"auto, (max-width: 600px) 100vw, 600px\" \/><\/a><\/figure>\n<\/div>\n\n\n\n<div class=\"wp-block-column is-layout-flow wp-block-column-is-layout-flow\">\n<figure class=\"wp-block-image size-full\"><a href=\"https:\/\/mikkipet.com\/care\/bedding\/domed-calm-house\/\"><img loading=\"lazy\" decoding=\"async\" width=\"600\" height=\"371\" src=\"https:\/\/mikkipet.com\/wp-content\/uploads\/2023\/02\/4.png\" alt=\"Dormeurs en s&#xE9;curit&#xE9;\" class=\"wp-image-17970\" srcset=\"https:\/\/mikkipet.com\/wp-content\/uploads\/2023\/02\/4.png 600w, https:\/\/mikkipet.com\/wp-content\/uploads\/2023\/02\/4-300x186.png 300w, https:\/\/mikkipet.com\/wp-content\/uploads\/2023\/02\/4-358x221.png 358w\" sizes=\"auto, (max-width: 600px) 100vw, 600px\" \/><\/a><\/figure>\n<\/div>\n<\/div>\n\n<ol class=\"wp-block-list\"><\/ol>\n\n<div class=\"wp-block-columns is-layout-flex wp-container-core-columns-is-layout-28f84493 wp-block-columns-is-layout-flex\">\n<div class=\"wp-block-column is-layout-flow wp-block-column-is-layout-flow\">\n<figure class=\"wp-block-image size-full\"><a href=\"https:\/\/mikkipet.com\/care\/bedding\/luxury-calming-bed-small\/\"><img loading=\"lazy\" decoding=\"async\" width=\"600\" height=\"371\" src=\"https:\/\/mikkipet.com\/wp-content\/uploads\/2023\/02\/5.png\" alt=\"Chaises longues\" class=\"wp-image-17971\" srcset=\"https:\/\/mikkipet.com\/wp-content\/uploads\/2023\/02\/5.png 600w, https:\/\/mikkipet.com\/wp-content\/uploads\/2023\/02\/5-300x186.png 300w, https:\/\/mikkipet.com\/wp-content\/uploads\/2023\/02\/5-358x221.png 358w\" sizes=\"auto, (max-width: 600px) 100vw, 600px\" \/><\/a><\/figure>\n<\/div>\n\n\n\n<div class=\"wp-block-column is-layout-flow wp-block-column-is-layout-flow\">\n<figure class=\"wp-block-image size-full\"><a href=\"https:\/\/mikkipet.com\/?s=snuggler\"><img loading=\"lazy\" decoding=\"async\" width=\"600\" height=\"371\" src=\"https:\/\/mikkipet.com\/wp-content\/uploads\/2023\/02\/6.png\" alt=\"Canap&#xE9;s-lits\" class=\"wp-image-17972\" srcset=\"https:\/\/mikkipet.com\/wp-content\/uploads\/2023\/02\/6.png 600w, https:\/\/mikkipet.com\/wp-content\/uploads\/2023\/02\/6-300x186.png 300w, https:\/\/mikkipet.com\/wp-content\/uploads\/2023\/02\/6-358x221.png 358w\" sizes=\"auto, (max-width: 600px) 100vw, 600px\" \/><\/a><\/figure>\n<\/div>\n<\/div>\n","protected":false},"excerpt":{"rendered":"<p>Aidez votre animal \u00e0 trouver un endroit douillet gr\u00e2ce \u00e0 notre gamme de lits d&rsquo;apaisement Qu&rsquo;est-ce qui fait que nos lits sont propices \u00e0 l&rsquo;apaisement ? Chaque chat ou chien a sa propre fa\u00e7on de dormir, de se d\u00e9tendre et de rester calme. Tous nos lits sont con\u00e7us et fabriqu\u00e9s pour les diff\u00e9rents types de sommeil et de d\u00e9tente.<\/p>\n","protected":false},"author":4,"featured_media":0,"parent":0,"menu_order":0,"comment_status":"closed","ping_status":"closed","template":"","meta":{"_acf_changed":false,"_relevanssi_hide_post":"","_relevanssi_hide_content":"","_relevanssi_pin_for_all":"","_relevanssi_pin_keywords":"","_relevanssi_unpin_keywords":"","_relevanssi_related_keywords":"","_relevanssi_related_include_ids":"","_relevanssi_related_exclude_ids":"","_relevanssi_related_no_append":"","_relevanssi_related_not_related":"","_relevanssi_related_posts":"","_relevanssi_noindex_reason":"","_uag_custom_page_level_css":"","advgb_blocks_editor_width":"","advgb_blocks_columns_visual_guide":"","site-sidebar-layout":"default","site-content-layout":"default","ast-site-content-layout":"default","site-content-style":"default","site-sidebar-style":"default","ast-global-header-display":"","ast-banner-title-visibility":"","ast-main-header-display":"","ast-hfb-above-header-display":"","ast-hfb-below-header-display":"","ast-hfb-mobile-header-display":"","site-post-title":"disabled","ast-breadcrumbs-content":"","ast-featured-img":"","footer-sml-layout":"","ast-disable-related-posts":"","theme-transparent-header-meta":"default","adv-header-id-meta":"","stick-header-meta":"default","header-above-stick-meta":"","header-main-stick-meta":"","header-below-stick-meta":"","astra-migrate-meta-layouts":"default","ast-page-background-enabled":"default","ast-page-background-meta":{"desktop":{"background-color":"","background-image":"","background-repeat":"repeat","background-position":"center center","background-size":"auto","background-attachment":"scroll","background-type":"","background-media":"","overlay-type":"","overlay-color":"","overlay-opacity":"","overlay-gradient":""},"tablet":{"background-color":"","background-image":"","background-repeat":"repeat","background-position":"center center","background-size":"auto","background-attachment":"scroll","background-type":"","background-media":"","overlay-type":"","overlay-color":"","overlay-opacity":"","overlay-gradient":""},"mobile":{"background-color":"","background-image":"","background-repeat":"repeat","background-position":"center center","background-size":"auto","background-attachment":"scroll","background-type":"","background-media":"","overlay-type":"","overlay-color":"","overlay-opacity":"","overlay-gradient":""}},"ast-content-background-meta":{"desktop":{"background-color":"var(--ast-global-color-5)","background-image":"","background-repeat":"repeat","background-position":"center center","background-size":"auto","background-attachment":"scroll","background-type":"","background-media":"","overlay-type":"","overlay-color":"","overlay-opacity":"","overlay-gradient":""},"tablet":{"background-color":"var(--ast-global-color-5)","background-image":"","background-repeat":"repeat","background-position":"center center","background-size":"auto","background-attachment":"scroll","background-type":"","background-media":"","overlay-type":"","overlay-color":"","overlay-opacity":"","overlay-gradient":""},"mobile":{"background-color":"var(--ast-global-color-5)","background-image":"","background-repeat":"repeat","background-position":"center center","background-size":"auto","background-attachment":"scroll","background-type":"","background-media":"","overlay-type":"","overlay-color":"","overlay-opacity":"","overlay-gradient":""}},"footnotes":""},"class_list":["ranking_","post-19112","page","type-page","status-publish","hentry"],"acf":[],"yoast_head":"<!-- This site is optimized with the Yoast SEO plugin v27.3 - https:\/\/yoast.com\/product\/yoast-seo-wordpress\/ -->\n<title>Qu&#039;est-ce qui fait que nos lits sont propices \u00e0 l&#039;apaisement ? - Mikki Pet<\/title>\n<meta name=\"robots\" content=\"index, follow, max-snippet:-1, max-image-preview:large, max-video-preview:-1\" \/>\n<link rel=\"canonical\" href=\"https:\/\/mikkipet.com\/fr\/quest-ce-qui-fait-que-nos-lits-sont-propices-a-lapaisement\/\" \/>\n<meta property=\"og:locale\" content=\"fr_FR\" \/>\n<meta property=\"og:type\" content=\"article\" \/>\n<meta property=\"og:title\" content=\"Qu&#039;est-ce qui fait que nos lits sont propices \u00e0 l&#039;apaisement ? - Mikki Pet\" \/>\n<meta property=\"og:description\" content=\"Aidez votre animal \u00e0 trouver un endroit douillet gr\u00e2ce \u00e0 notre gamme de lits d&rsquo;apaisement Qu&rsquo;est-ce qui fait que nos lits sont propices \u00e0 l&rsquo;apaisement ? Chaque chat ou chien a sa propre fa\u00e7on de dormir, de se d\u00e9tendre et de rester calme. Tous nos lits sont con\u00e7us et fabriqu\u00e9s pour les diff\u00e9rents types de sommeil et de d\u00e9tente.\" \/>\n<meta property=\"og:url\" content=\"https:\/\/mikkipet.com\/fr\/quest-ce-qui-fait-que-nos-lits-sont-propices-a-lapaisement\/\" \/>\n<meta property=\"og:site_name\" content=\"Mikki Pet\" \/>\n<meta property=\"article:modified_time\" content=\"2023-07-19T13:53:26+00:00\" \/>\n<meta property=\"og:image\" content=\"https:\/\/mikkipet.com\/wp-content\/uploads\/2023\/02\/1.png\" \/>\n<meta name=\"twitter:card\" content=\"summary_large_image\" \/>\n<script type=\"application\/ld+json\" class=\"yoast-schema-graph\">{\"@context\":\"https:\\\/\\\/schema.org\",\"@graph\":[{\"@type\":\"WebPage\",\"@id\":\"https:\\\/\\\/mikkipet.com\\\/fr\\\/quest-ce-qui-fait-que-nos-lits-sont-propices-a-lapaisement\\\/\",\"url\":\"https:\\\/\\\/mikkipet.com\\\/fr\\\/quest-ce-qui-fait-que-nos-lits-sont-propices-a-lapaisement\\\/\",\"name\":\"Qu'est-ce qui fait que nos lits sont propices \u00e0 l'apaisement ? - Mikki Pet\",\"isPartOf\":{\"@id\":\"https:\\\/\\\/mikkipet.com\\\/fr\\\/#website\"},\"primaryImageOfPage\":{\"@id\":\"https:\\\/\\\/mikkipet.com\\\/fr\\\/quest-ce-qui-fait-que-nos-lits-sont-propices-a-lapaisement\\\/#primaryimage\"},\"image\":{\"@id\":\"https:\\\/\\\/mikkipet.com\\\/fr\\\/quest-ce-qui-fait-que-nos-lits-sont-propices-a-lapaisement\\\/#primaryimage\"},\"thumbnailUrl\":\"https:\\\/\\\/mikkipet.com\\\/wp-content\\\/uploads\\\/2023\\\/02\\\/1.png\",\"datePublished\":\"2023-02-23T15:16:58+00:00\",\"dateModified\":\"2023-07-19T13:53:26+00:00\",\"breadcrumb\":{\"@id\":\"https:\\\/\\\/mikkipet.com\\\/fr\\\/quest-ce-qui-fait-que-nos-lits-sont-propices-a-lapaisement\\\/#breadcrumb\"},\"inLanguage\":\"fr-FR\",\"potentialAction\":[{\"@type\":\"ReadAction\",\"target\":[\"https:\\\/\\\/mikkipet.com\\\/fr\\\/quest-ce-qui-fait-que-nos-lits-sont-propices-a-lapaisement\\\/\"]}]},{\"@type\":\"ImageObject\",\"inLanguage\":\"fr-FR\",\"@id\":\"https:\\\/\\\/mikkipet.com\\\/fr\\\/quest-ce-qui-fait-que-nos-lits-sont-propices-a-lapaisement\\\/#primaryimage\",\"url\":\"https:\\\/\\\/mikkipet.com\\\/wp-content\\\/uploads\\\/2023\\\/02\\\/1.png\",\"contentUrl\":\"https:\\\/\\\/mikkipet.com\\\/wp-content\\\/uploads\\\/2023\\\/02\\\/1.png\"},{\"@type\":\"BreadcrumbList\",\"@id\":\"https:\\\/\\\/mikkipet.com\\\/fr\\\/quest-ce-qui-fait-que-nos-lits-sont-propices-a-lapaisement\\\/#breadcrumb\",\"itemListElement\":[{\"@type\":\"ListItem\",\"position\":1,\"name\":\"Home\",\"item\":\"https:\\\/\\\/mikkipet.com\\\/fr\\\/\"},{\"@type\":\"ListItem\",\"position\":2,\"name\":\"Qu&rsquo;est-ce qui fait que nos lits sont propices \u00e0 l&rsquo;apaisement ?\"}]},{\"@type\":\"WebSite\",\"@id\":\"https:\\\/\\\/mikkipet.com\\\/fr\\\/#website\",\"url\":\"https:\\\/\\\/mikkipet.com\\\/fr\\\/\",\"name\":\"Mikki Pet\",\"description\":\"\",\"publisher\":{\"@id\":\"https:\\\/\\\/mikkipet.com\\\/fr\\\/#organization\"},\"potentialAction\":[{\"@type\":\"SearchAction\",\"target\":{\"@type\":\"EntryPoint\",\"urlTemplate\":\"https:\\\/\\\/mikkipet.com\\\/fr\\\/?s={search_term_string}\"},\"query-input\":{\"@type\":\"PropertyValueSpecification\",\"valueRequired\":true,\"valueName\":\"search_term_string\"}}],\"inLanguage\":\"fr-FR\"},{\"@type\":\"Organization\",\"@id\":\"https:\\\/\\\/mikkipet.com\\\/fr\\\/#organization\",\"name\":\"Mikki Pet\",\"url\":\"https:\\\/\\\/mikkipet.com\\\/fr\\\/\",\"logo\":{\"@type\":\"ImageObject\",\"inLanguage\":\"fr-FR\",\"@id\":\"https:\\\/\\\/mikkipet.com\\\/fr\\\/#\\\/schema\\\/logo\\\/image\\\/\",\"url\":\"https:\\\/\\\/mikkipet.com\\\/wp-content\\\/uploads\\\/2024\\\/04\\\/cropped-cropped-Mikki_logo-BW.png\",\"contentUrl\":\"https:\\\/\\\/mikkipet.com\\\/wp-content\\\/uploads\\\/2024\\\/04\\\/cropped-cropped-Mikki_logo-BW.png\",\"width\":163,\"height\":163,\"caption\":\"Mikki Pet\"},\"image\":{\"@id\":\"https:\\\/\\\/mikkipet.com\\\/fr\\\/#\\\/schema\\\/logo\\\/image\\\/\"}}]}<\/script>\n<!-- \/ Yoast SEO plugin. -->","yoast_head_json":{"title":"Qu'est-ce qui fait que nos lits sont propices \u00e0 l'apaisement ? - Mikki Pet","robots":{"index":"index","follow":"follow","max-snippet":"max-snippet:-1","max-image-preview":"max-image-preview:large","max-video-preview":"max-video-preview:-1"},"canonical":"https:\/\/mikkipet.com\/fr\/quest-ce-qui-fait-que-nos-lits-sont-propices-a-lapaisement\/","og_locale":"fr_FR","og_type":"article","og_title":"Qu'est-ce qui fait que nos lits sont propices \u00e0 l'apaisement ? - Mikki Pet","og_description":"Aidez votre animal \u00e0 trouver un endroit douillet gr\u00e2ce \u00e0 notre gamme de lits d&rsquo;apaisement Qu&rsquo;est-ce qui fait que nos lits sont propices \u00e0 l&rsquo;apaisement ? Chaque chat ou chien a sa propre fa\u00e7on de dormir, de se d\u00e9tendre et de rester calme. Tous nos lits sont con\u00e7us et fabriqu\u00e9s pour les diff\u00e9rents types de sommeil et de d\u00e9tente.","og_url":"https:\/\/mikkipet.com\/fr\/quest-ce-qui-fait-que-nos-lits-sont-propices-a-lapaisement\/","og_site_name":"Mikki Pet","article_modified_time":"2023-07-19T13:53:26+00:00","og_image":[{"url":"https:\/\/mikkipet.com\/wp-content\/uploads\/2023\/02\/1.png","type":"","width":"","height":""}],"twitter_card":"summary_large_image","schema":{"@context":"https:\/\/schema.org","@graph":[{"@type":"WebPage","@id":"https:\/\/mikkipet.com\/fr\/quest-ce-qui-fait-que-nos-lits-sont-propices-a-lapaisement\/","url":"https:\/\/mikkipet.com\/fr\/quest-ce-qui-fait-que-nos-lits-sont-propices-a-lapaisement\/","name":"Qu'est-ce qui fait que nos lits sont propices \u00e0 l'apaisement ? - Mikki Pet","isPartOf":{"@id":"https:\/\/mikkipet.com\/fr\/#website"},"primaryImageOfPage":{"@id":"https:\/\/mikkipet.com\/fr\/quest-ce-qui-fait-que-nos-lits-sont-propices-a-lapaisement\/#primaryimage"},"image":{"@id":"https:\/\/mikkipet.com\/fr\/quest-ce-qui-fait-que-nos-lits-sont-propices-a-lapaisement\/#primaryimage"},"thumbnailUrl":"https:\/\/mikkipet.com\/wp-content\/uploads\/2023\/02\/1.png","datePublished":"2023-02-23T15:16:58+00:00","dateModified":"2023-07-19T13:53:26+00:00","breadcrumb":{"@id":"https:\/\/mikkipet.com\/fr\/quest-ce-qui-fait-que-nos-lits-sont-propices-a-lapaisement\/#breadcrumb"},"inLanguage":"fr-FR","potentialAction":[{"@type":"ReadAction","target":["https:\/\/mikkipet.com\/fr\/quest-ce-qui-fait-que-nos-lits-sont-propices-a-lapaisement\/"]}]},{"@type":"ImageObject","inLanguage":"fr-FR","@id":"https:\/\/mikkipet.com\/fr\/quest-ce-qui-fait-que-nos-lits-sont-propices-a-lapaisement\/#primaryimage","url":"https:\/\/mikkipet.com\/wp-content\/uploads\/2023\/02\/1.png","contentUrl":"https:\/\/mikkipet.com\/wp-content\/uploads\/2023\/02\/1.png"},{"@type":"BreadcrumbList","@id":"https:\/\/mikkipet.com\/fr\/quest-ce-qui-fait-que-nos-lits-sont-propices-a-lapaisement\/#breadcrumb","itemListElement":[{"@type":"ListItem","position":1,"name":"Home","item":"https:\/\/mikkipet.com\/fr\/"},{"@type":"ListItem","position":2,"name":"Qu&rsquo;est-ce qui fait que nos lits sont propices \u00e0 l&rsquo;apaisement ?"}]},{"@type":"WebSite","@id":"https:\/\/mikkipet.com\/fr\/#website","url":"https:\/\/mikkipet.com\/fr\/","name":"Mikki Pet","description":"","publisher":{"@id":"https:\/\/mikkipet.com\/fr\/#organization"},"potentialAction":[{"@type":"SearchAction","target":{"@type":"EntryPoint","urlTemplate":"https:\/\/mikkipet.com\/fr\/?s={search_term_string}"},"query-input":{"@type":"PropertyValueSpecification","valueRequired":true,"valueName":"search_term_string"}}],"inLanguage":"fr-FR"},{"@type":"Organization","@id":"https:\/\/mikkipet.com\/fr\/#organization","name":"Mikki Pet","url":"https:\/\/mikkipet.com\/fr\/","logo":{"@type":"ImageObject","inLanguage":"fr-FR","@id":"https:\/\/mikkipet.com\/fr\/#\/schema\/logo\/image\/","url":"https:\/\/mikkipet.com\/wp-content\/uploads\/2024\/04\/cropped-cropped-Mikki_logo-BW.png","contentUrl":"https:\/\/mikkipet.com\/wp-content\/uploads\/2024\/04\/cropped-cropped-Mikki_logo-BW.png","width":163,"height":163,"caption":"Mikki Pet"},"image":{"@id":"https:\/\/mikkipet.com\/fr\/#\/schema\/logo\/image\/"}}]}},"uagb_featured_image_src":{"full":false,"thumbnail":false,"medium":false,"medium_large":false,"large":false,"gs-tiny":false,"xl":false,"xxl":false,"xxxl":false,"xxxxl":false,"xxxxxl":false,"blz_expanded_feature":false,"1536x1536":false,"2048x2048":false,"background_image":false,"woocommerce_thumbnail":false,"woocommerce_single":false,"woocommerce_gallery_thumbnail":false,"shop_catalog":false,"shop_single":false,"shop_thumbnail":false,"page-header":false,"page-two-to-one":false},"uagb_author_info":{"display_name":"Phil Durston","author_link":"https:\/\/mikkipet.com\/fr\/author\/phil\/"},"uagb_comment_info":0,"uagb_excerpt":"Aidez votre animal \u00e0 trouver un endroit douillet gr\u00e2ce \u00e0 notre gamme de lits d&rsquo;apaisement Qu&rsquo;est-ce qui fait que nos lits sont propices \u00e0 l&rsquo;apaisement ? Chaque chat ou chien a sa propre fa\u00e7on de dormir, de se d\u00e9tendre et de rester calme. Tous nos lits sont con\u00e7us et fabriqu\u00e9s pour les diff\u00e9rents types de\u2026","coauthors":[],"author_meta":{"author_link":"https:\/\/mikkipet.com\/fr\/author\/phil\/","display_name":"Phil Durston"},"relative_dates":{"created":"Publi\u00e9 3 ans il y a","modified":"Mis \u00e0 jour 3 ans il y a"},"absolute_dates":{"created":"Publi\u00e9 le ","modified":"Mise \u00e0 jour le "},"absolute_dates_time":{"created":"Publi\u00e9 le  ","modified":"Mise \u00e0 jour le  "},"featured_img_caption":"","featured_img":false,"series_order":"","_links":{"self":[{"href":"https:\/\/mikkipet.com\/fr\/wp-json\/wp\/v2\/pages\/19112","targetHints":{"allow":["GET"]}}],"collection":[{"href":"https:\/\/mikkipet.com\/fr\/wp-json\/wp\/v2\/pages"}],"about":[{"href":"https:\/\/mikkipet.com\/fr\/wp-json\/wp\/v2\/types\/page"}],"author":[{"embeddable":true,"href":"https:\/\/mikkipet.com\/fr\/wp-json\/wp\/v2\/users\/4"}],"replies":[{"embeddable":true,"href":"https:\/\/mikkipet.com\/fr\/wp-json\/wp\/v2\/comments?post=19112"}],"version-history":[{"count":1,"href":"https:\/\/mikkipet.com\/fr\/wp-json\/wp\/v2\/pages\/19112\/revisions"}],"predecessor-version":[{"id":19124,"href":"https:\/\/mikkipet.com\/fr\/wp-json\/wp\/v2\/pages\/19112\/revisions\/19124"}],"wp:attachment":[{"href":"https:\/\/mikkipet.com\/fr\/wp-json\/wp\/v2\/media?parent=19112"}],"curies":[{"name":"wp","href":"https:\/\/api.w.org\/{rel}","templated":true}]}}