{"id":19130,"date":"2022-09-07T08:58:20","date_gmt":"2022-09-07T07:58:20","guid":{"rendered":"https:\/\/mikkipet.com\/prendre-soin-de-son-chien-en-saison\/"},"modified":"2023-07-19T14:53:29","modified_gmt":"2023-07-19T13:53:29","slug":"prendre-soin-de-son-chien-en-saison","status":"publish","type":"page","link":"https:\/\/mikkipet.com\/fr\/prendre-soin-de-son-chien-en-saison\/","title":{"rendered":"Prendre soin de son chien en saison"},"content":{"rendered":"\n<div class=\"wp-block-columns is-layout-flex wp-container-core-columns-is-layout-28f84493 wp-block-columns-is-layout-flex\">\n<div class=\"wp-block-column is-vertically-aligned-center is-layout-flow wp-block-column-is-layout-flow\">\n<div class=\"wp-block-columns is-layout-flex wp-container-core-columns-is-layout-28f84493 wp-block-columns-is-layout-flex\">\n<div class=\"wp-block-column is-layout-flow wp-block-column-is-layout-flow\">\n<section class=\"wp-block-uagb-columns uagb-columns__wrap uagb-columns__background-color uagb-columns__stack-mobile uagb-columns__valign- uagb-columns__gap-10 align uagb-block-88a167d9 uagb-columns__columns-1 uagb-columns__max_width-theme\"><div class=\"uagb-columns__overlay\"><\/div><div class=\"uagb-columns__inner-wrap uagb-columns__columns-1\">\n<div class=\"wp-block-uagb-column uagb-column__wrap uagb-column__background-color uagb-block-b7392063\"><div class=\"uagb-column__overlay\"><\/div>\n<h2 class=\"has-white-color has-text-color wp-block-heading\" style=\"font-size:60px\"><strong>Prendre soin de son chien en saison<\/strong><\/h2>\n<\/div>\n<\/div><\/section>\n<\/div>\n<\/div>\n<\/div>\n<\/div>\n\n<div class=\"wp-block-columns has-ast-global-color-5-background-color has-background is-layout-flex wp-container-core-columns-is-layout-c6bc58be wp-block-columns-is-layout-flex\" style=\"padding-top:0px;padding-right:0px;padding-bottom:0px;padding-left:0px\">\n<div class=\"wp-block-column is-layout-flow wp-block-column-is-layout-flow\">\n<section class=\"wp-block-uagb-columns uagb-columns__wrap uagb-columns__background-color uagb-columns__stack-mobile uagb-columns__valign- uagb-columns__gap-0 align uagb-block-1c353f2e uagb-columns__columns-1 uagb-columns__max_width-theme advgb-block-1c353f2e\"><div class=\"uagb-columns__overlay\"><\/div><div class=\"uagb-columns__inner-wrap uagb-columns__columns-1\">\n<div class=\"wp-block-uagb-column uagb-column__wrap uagb-column__background-undefined uagb-block-1e0712d2 advgb-block-1e0712d2\"><div class=\"uagb-column__overlay\"><\/div>\n<p class=\"has-medium-font-size\">Si vous poss\u00e9dez une femelle (chienne), \u00e0 moins qu&rsquo;elle n&rsquo;ait \u00e9t\u00e9 st\u00e9rilis\u00e9e, elle sera r\u00e9guli\u00e8rement en chaleur tout au long de sa vie. C&rsquo;est ce que l&rsquo;on appelle commun\u00e9ment \u00ab\u00a0les chaleurs\u00a0\u00bb et c&rsquo;est \u00e0 ce moment-l\u00e0 qu&rsquo;elle peut tomber enceinte, vous devez donc conna\u00eetre ce cycle pour \u00e9viter les grossesses non d\u00e9sir\u00e9es.<\/p>\n\n\n\n<div class=\"wp-block-columns is-layout-flex wp-container-core-columns-is-layout-28f84493 wp-block-columns-is-layout-flex\">\n<div class=\"wp-block-column is-layout-flow wp-block-column-is-layout-flow\" style=\"flex-basis:66.66%\">\n<h3 class=\"wp-block-heading\"><strong>Faits marquants de la saison :<\/strong><\/h3>\n\n\n\n<ul class=\"has-medium-font-size wp-block-list\"><li>De nombreuses chiennes ont leur premi\u00e8re saison vers l&rsquo;\u00e2ge de 6 mois.<\/li><li>La plupart des cycles saisonniers durent de 2 \u00e0 4 semaines et ont lieu tous les 6 mois.<\/li><li>Les saignements peuvent durer de 7 \u00e0 10 jours (en fonction du chien et de la race).<\/li><li>Le comportement peut changer lorsque votre chienne est en chaleur<\/li><\/ul>\n<\/div>\n\n\n\n<div class=\"wp-block-column is-layout-flow wp-block-column-is-layout-flow\" style=\"flex-basis:33.33%\">\n<figure class=\"wp-block-image size-full\"><img loading=\"lazy\" decoding=\"async\" width=\"533\" height=\"355\" src=\"https:\/\/mikkipet.com\/wp-content\/uploads\/2022\/09\/Untitled-design-19.png\" alt=\"\" class=\"wp-image-15707\" srcset=\"https:\/\/mikkipet.com\/wp-content\/uploads\/2022\/09\/Untitled-design-19.png 533w, https:\/\/mikkipet.com\/wp-content\/uploads\/2022\/09\/Untitled-design-19-300x200.png 300w, https:\/\/mikkipet.com\/wp-content\/uploads\/2022\/09\/Untitled-design-19-358x238.png 358w\" sizes=\"auto, (max-width: 533px) 100vw, 533px\" \/><\/figure>\n<\/div>\n<\/div>\n\n\n\n<h3 class=\"wp-block-heading\"><strong><strong>Quels sont les signes indiquant qu&rsquo;un chien entre en saison ?<\/strong><\/strong><\/h3>\n\n\n\n<p class=\"has-medium-font-size\" style=\"line-height:1.5\">Les saignements sont le signe le plus \u00e9vident que votre chienne est en chaleur, mais vous pouvez \u00e9galement les remarquer :<\/p>\n\n\n\n<p><\/p>\n\n\n\n<ul class=\"has-medium-font-size wp-block-list\"><li>Un gonflement de la vulve (g\u00e9n\u00e9ralement quelques jours avant le d\u00e9but des saignements).<\/li><li>L\u00e9chage de la zone g\u00e9nitale<\/li><li>Uriner plus que d&rsquo;habitude<\/li><\/ul>\n\n\n\n<p><\/p>\n\n\n\n<h3 class=\"wp-block-heading\"><strong>Comment puis-je aider mon chien pendant la saison ?<\/strong><\/h3>\n\n\n\n<div class=\"wp-block-columns is-layout-flex wp-container-core-columns-is-layout-28f84493 wp-block-columns-is-layout-flex\">\n<div class=\"wp-block-column is-layout-flow wp-block-column-is-layout-flow\">\n<div class=\"wp-block-advgb-list\"><ul class=\"advgblist-4082aa53-1e67-48a7-9eae-e564744c1f5e advgb-list advgb-list-yes-alt\"><li>R\u00e9servez du temps pour les c\u00e2lins et le r\u00e9confort.<\/li><li>Assurez-vous qu&rsquo;il boit beaucoup d&rsquo;eau et qu&rsquo;il mange bien.<\/li><li>Si votre chien fait une b\u00eatise, rassurez-le calmement pendant que vous nettoyez la b\u00eatise &#8211; ne le grondez pas et ne lui faites pas de reproches. Envisagez d&rsquo;utiliser des culottes d&rsquo;hygi\u00e8ne pour chien afin de r\u00e9duire le d\u00e9sordre.<\/li><li>Pr\u00e9voyez des pauses toilettes suppl\u00e9mentaires, car elle peut ressentir le besoin d&rsquo;aller aux toilettes plus souvent.<\/li><li>Essayez de tenir votre chienne \u00e0 l&rsquo;\u00e9cart des chiens m\u00e2les pendant la p\u00e9riode de reproduction &#8211; tenez-la en laisse lors de vos promenades.  <\/li><li>Si vous ne reproduisez pas avec votre chienne, demandez \u00e0 votre v\u00e9t\u00e9rinaire de vous st\u00e9riliser.<\/li><\/ul><\/div>\n<\/div>\n<\/div>\n\n\n\n<p><\/p>\n\n\n\n<p><\/p>\n\n\n\n<div class=\"wp-block-columns has-ast-global-color-6-color has-ast-global-color-0-background-color has-text-color has-background is-layout-flex wp-container-core-columns-is-layout-28f84493 wp-block-columns-is-layout-flex\">\n<div class=\"wp-block-column is-layout-flow wp-block-column-is-layout-flow\" style=\"padding-top:0px;padding-right:20px;padding-left:20px\">\n<div class=\"wp-block-columns is-layout-flex wp-container-core-columns-is-layout-28f84493 wp-block-columns-is-layout-flex\">\n<div class=\"wp-block-column is-layout-flow wp-block-column-is-layout-flow\" style=\"flex-basis:66.66%\">\n<h3 class=\"has-ast-global-color-5-color has-text-color wp-block-heading\" id=\"block-4294bfdd-29be-497b-9caa-5b007c53c46d\" style=\"margin-top:20px;margin-left:0px\"><strong>Prot\u00e9gez votre chienne lorsqu&rsquo;elle est en chaleur  <\/strong><\/h3>\n\n\n\n<p class=\"has-ast-global-color-5-color has-text-color has-medium-font-size\">\u00c9vitez de tacher vos meubles, v\u00eatements et tapis avec Mikki Hygiene Pants.<\/p>\n\n\n\n<ul id=\"block-132fbfd8-f3d9-4cf5-9a2e-73f016cc1518\" class=\"has-ast-global-color-5-color has-text-color has-medium-font-size wp-block-list\"><li>Facile \u00e0 mettre en place gr\u00e2ce \u00e0 une sangle \u00e9lastique r\u00e9glable \u00e0 la taille et \u00e0 une boucle de fermeture \u00e0 pression.<\/li><li>Nylon extensible pour un ajustement confortable avec trou de queue cousu extensible<\/li><li>Disponible en 5 tailles, de Chihuahua \u00e0 Grand Danois !<\/li><\/ul>\n\n\n\n<p class=\"white-hyperlink-text has-medium-font-size\"><a href=\"https:\/\/mikkipet.com\/care\/hygiene\/hygiene-pants-x-small\/\">Tr\u00e8s petit  <\/a><br\/><a href=\"https:\/\/mikkipet.com\/care\/hygiene\/hygiene-pants-small\/\">Petit<\/a><br\/><a href=\"https:\/\/mikkipet.com\/care\/hygiene\/hygiene-pants-medium\/\">Moyen  <\/a><br\/><a href=\"https:\/\/mikkipet.com\/care\/hygiene\/hygiene-pants-large\/\">Large  <\/a><br\/><a href=\"https:\/\/mikkipet.com\/care\/hygiene\/hygiene-pants-x-large\/\">Tr\u00e8s grand  <\/a><\/p>\n\n\n\n<p><\/p>\n<\/div>\n\n\n\n<div class=\"wp-block-column is-layout-flow wp-block-column-is-layout-flow\" style=\"flex-basis:33.33%\">\n<p> <\/p>\n\n\n\n<figure class=\"wp-block-image aligncenter size-full is-resized\"><img loading=\"lazy\" decoding=\"async\" src=\"https:\/\/mikkipet.com\/wp-content\/uploads\/2022\/09\/6221131-Hygiene-Pants-XS-packaged.jpg\" alt=\"\" class=\"wp-image-15710\" width=\"235\" height=\"391\" srcset=\"https:\/\/mikkipet.com\/wp-content\/uploads\/2022\/09\/6221131-Hygiene-Pants-XS-packaged.jpg 325w, https:\/\/mikkipet.com\/wp-content\/uploads\/2022\/09\/6221131-Hygiene-Pants-XS-packaged-180x300.jpg 180w\" sizes=\"auto, (max-width: 235px) 100vw, 235px\" \/><\/figure>\n\n\n\n<p> <\/p>\n<\/div>\n<\/div>\n<\/div>\n<\/div>\n<\/div>\n<\/div><\/section>\n<\/div>\n<\/div>\n\n<p><\/p>\n<style class=\"advgb-styles-renderer\">.wp-block-advgb-list ul.advgblist-4082aa53-1e67-48a7-9eae-e564744c1f5e > li{font-size:20px;}.wp-block-advgb-list ul.advgblist-4082aa53-1e67-48a7-9eae-e564744c1f5e > li{padding-left:18px;margin-left:0;}.wp-block-advgb-list ul.advgblist-4082aa53-1e67-48a7-9eae-e564744c1f5e > li:before{font-size:16px;color:var(--ast-global-color-8);line-height:18px;margin:2px;padding:2px;margin-left:-20px}.wp-block-advgb-list ul.advgblist-4082aa53-1e67-48a7-9eae-e564744c1f5e > li{font-size:20px;}.wp-block-advgb-list ul.advgblist-4082aa53-1e67-48a7-9eae-e564744c1f5e > li{padding-left:18px;margin-left:0;}.wp-block-advgb-list ul.advgblist-4082aa53-1e67-48a7-9eae-e564744c1f5e > li:before{font-size:16px;color:var(--ast-global-color-8);line-height:18px;margin:2px;padding:2px;margin-left:-20px}.wp-block-advgb-list ul.advgblist-4082aa53-1e67-48a7-9eae-e564744c1f5e > li{font-size:20px;}.wp-block-advgb-list ul.advgblist-4082aa53-1e67-48a7-9eae-e564744c1f5e > li{padding-left:18px;margin-left:0;}.wp-block-advgb-list ul.advgblist-4082aa53-1e67-48a7-9eae-e564744c1f5e > li:before{font-size:16px;color:var(--ast-global-color-8);line-height:18px;margin:2px;padding:2px;margin-left:-20px}.wp-block-advgb-list ul.advgblist-4082aa53-1e67-48a7-9eae-e564744c1f5e > li{font-size:20px;}.wp-block-advgb-list ul.advgblist-4082aa53-1e67-48a7-9eae-e564744c1f5e > li{padding-left:18px;margin-left:0;}.wp-block-advgb-list ul.advgblist-4082aa53-1e67-48a7-9eae-e564744c1f5e > li:before{font-size:16px;color:var(--ast-global-color-8);line-height:18px;margin:2px;padding:2px;margin-left:-20px}.wp-block-advgb-list ul.advgblist-4082aa53-1e67-48a7-9eae-e564744c1f5e > li{font-size:20px;}.wp-block-advgb-list ul.advgblist-4082aa53-1e67-48a7-9eae-e564744c1f5e > li{padding-left:18px;margin-left:0;}.wp-block-advgb-list ul.advgblist-4082aa53-1e67-48a7-9eae-e564744c1f5e > li:before{font-size:16px;color:var(--ast-global-color-8);line-height:18px;margin:2px;padding:2px;margin-left:-20px}.wp-block-advgb-list ul.advgblist-4082aa53-1e67-48a7-9eae-e564744c1f5e > li{font-size:20px;}.wp-block-advgb-list ul.advgblist-4082aa53-1e67-48a7-9eae-e564744c1f5e > li{padding-left:18px;margin-left:0;}.wp-block-advgb-list ul.advgblist-4082aa53-1e67-48a7-9eae-e564744c1f5e > li:before{font-size:16px;color:var(--ast-global-color-8);line-height:18px;margin:2px;padding:2px;margin-left:-20px}.wp-block-advgb-list ul.advgblist-4082aa53-1e67-48a7-9eae-e564744c1f5e > li{font-size:20px;}.wp-block-advgb-list ul.advgblist-4082aa53-1e67-48a7-9eae-e564744c1f5e > li{padding-left:18px;margin-left:0;}.wp-block-advgb-list ul.advgblist-4082aa53-1e67-48a7-9eae-e564744c1f5e > li:before{font-size:16px;color:var(--ast-global-color-8);line-height:18px;margin:2px;padding:2px;margin-left:-20px}<\/style>","protected":false},"excerpt":{"rendered":"<p>Prendre soin de son chien en saison Si vous poss\u00e9dez une femelle (chienne), \u00e0 moins qu&rsquo;elle n&rsquo;ait \u00e9t\u00e9 st\u00e9rilis\u00e9e, elle sera r\u00e9guli\u00e8rement en chaleur tout au long de sa vie. C&rsquo;est ce que l&rsquo;on appelle commun\u00e9ment \u00ab\u00a0les chaleurs\u00a0\u00bb et c&rsquo;est \u00e0 ce moment-l\u00e0 qu&rsquo;elle peut tomber enceinte, vous devez donc conna\u00eetre ce cycle pour \u00e9viter les grossesses non d\u00e9sir\u00e9es. Faits marquants de [&hellip;]<\/p>\n","protected":false},"author":4,"featured_media":0,"parent":0,"menu_order":0,"comment_status":"closed","ping_status":"closed","template":"","meta":{"_acf_changed":false,"_relevanssi_hide_post":"","_relevanssi_hide_content":"","_relevanssi_pin_for_all":"","_relevanssi_pin_keywords":"","_relevanssi_unpin_keywords":"","_relevanssi_related_keywords":"","_relevanssi_related_include_ids":"","_relevanssi_related_exclude_ids":"","_relevanssi_related_no_append":"","_relevanssi_related_not_related":"","_relevanssi_related_posts":"","_relevanssi_noindex_reason":"","_uag_custom_page_level_css":"","advgb_blocks_editor_width":"","advgb_blocks_columns_visual_guide":"","site-sidebar-layout":"default","site-content-layout":"default","ast-site-content-layout":"default","site-content-style":"default","site-sidebar-style":"default","ast-global-header-display":"","ast-banner-title-visibility":"","ast-main-header-display":"","ast-hfb-above-header-display":"","ast-hfb-below-header-display":"","ast-hfb-mobile-header-display":"","site-post-title":"disabled","ast-breadcrumbs-content":"","ast-featured-img":"","footer-sml-layout":"","ast-disable-related-posts":"","theme-transparent-header-meta":"default","adv-header-id-meta":"","stick-header-meta":"default","header-above-stick-meta":"","header-main-stick-meta":"","header-below-stick-meta":"","astra-migrate-meta-layouts":"default","ast-page-background-enabled":"default","ast-page-background-meta":{"desktop":{"background-color":"","background-image":"","background-repeat":"repeat","background-position":"center center","background-size":"auto","background-attachment":"scroll","background-type":"","background-media":"","overlay-type":"","overlay-color":"","overlay-opacity":"","overlay-gradient":""},"tablet":{"background-color":"","background-image":"","background-repeat":"repeat","background-position":"center center","background-size":"auto","background-attachment":"scroll","background-type":"","background-media":"","overlay-type":"","overlay-color":"","overlay-opacity":"","overlay-gradient":""},"mobile":{"background-color":"","background-image":"","background-repeat":"repeat","background-position":"center center","background-size":"auto","background-attachment":"scroll","background-type":"","background-media":"","overlay-type":"","overlay-color":"","overlay-opacity":"","overlay-gradient":""}},"ast-content-background-meta":{"desktop":{"background-color":"var(--ast-global-color-5)","background-image":"","background-repeat":"repeat","background-position":"center center","background-size":"auto","background-attachment":"scroll","background-type":"","background-media":"","overlay-type":"","overlay-color":"","overlay-opacity":"","overlay-gradient":""},"tablet":{"background-color":"var(--ast-global-color-5)","background-image":"","background-repeat":"repeat","background-position":"center center","background-size":"auto","background-attachment":"scroll","background-type":"","background-media":"","overlay-type":"","overlay-color":"","overlay-opacity":"","overlay-gradient":""},"mobile":{"background-color":"var(--ast-global-color-5)","background-image":"","background-repeat":"repeat","background-position":"center center","background-size":"auto","background-attachment":"scroll","background-type":"","background-media":"","overlay-type":"","overlay-color":"","overlay-opacity":"","overlay-gradient":""}},"footnotes":""},"class_list":["ranking_","post-19130","page","type-page","status-publish","hentry"],"acf":[],"yoast_head":"<!-- This site is optimized with the Yoast SEO plugin v27.3 - https:\/\/yoast.com\/product\/yoast-seo-wordpress\/ -->\n<title>Prendre soin de son chien en saison - Mikki Pet<\/title>\n<meta name=\"robots\" content=\"index, follow, max-snippet:-1, max-image-preview:large, max-video-preview:-1\" \/>\n<link rel=\"canonical\" href=\"https:\/\/mikkipet.com\/fr\/prendre-soin-de-son-chien-en-saison\/\" \/>\n<meta property=\"og:locale\" content=\"fr_FR\" \/>\n<meta property=\"og:type\" content=\"article\" \/>\n<meta property=\"og:title\" content=\"Prendre soin de son chien en saison - Mikki Pet\" \/>\n<meta property=\"og:description\" content=\"Prendre soin de son chien en saison Si vous poss\u00e9dez une femelle (chienne), \u00e0 moins qu&rsquo;elle n&rsquo;ait \u00e9t\u00e9 st\u00e9rilis\u00e9e, elle sera r\u00e9guli\u00e8rement en chaleur tout au long de sa vie. C&rsquo;est ce que l&rsquo;on appelle commun\u00e9ment \u00ab\u00a0les chaleurs\u00a0\u00bb et c&rsquo;est \u00e0 ce moment-l\u00e0 qu&rsquo;elle peut tomber enceinte, vous devez donc conna\u00eetre ce cycle pour \u00e9viter les grossesses non d\u00e9sir\u00e9es. Faits marquants de [&hellip;]\" \/>\n<meta property=\"og:url\" content=\"https:\/\/mikkipet.com\/fr\/prendre-soin-de-son-chien-en-saison\/\" \/>\n<meta property=\"og:site_name\" content=\"Mikki Pet\" \/>\n<meta property=\"article:modified_time\" content=\"2023-07-19T13:53:29+00:00\" \/>\n<meta property=\"og:image\" content=\"https:\/\/mikkipet.com\/wp-content\/uploads\/2022\/09\/Untitled-design-19.png\" \/>\n<meta name=\"twitter:card\" content=\"summary_large_image\" \/>\n<meta name=\"twitter:label1\" content=\"Est. reading time\" \/>\n\t<meta name=\"twitter:data1\" content=\"2 minutes\" \/>\n<script type=\"application\/ld+json\" class=\"yoast-schema-graph\">{\"@context\":\"https:\\\/\\\/schema.org\",\"@graph\":[{\"@type\":\"WebPage\",\"@id\":\"https:\\\/\\\/mikkipet.com\\\/fr\\\/prendre-soin-de-son-chien-en-saison\\\/\",\"url\":\"https:\\\/\\\/mikkipet.com\\\/fr\\\/prendre-soin-de-son-chien-en-saison\\\/\",\"name\":\"Prendre soin de son chien en saison - Mikki Pet\",\"isPartOf\":{\"@id\":\"https:\\\/\\\/mikkipet.com\\\/fr\\\/#website\"},\"primaryImageOfPage\":{\"@id\":\"https:\\\/\\\/mikkipet.com\\\/fr\\\/prendre-soin-de-son-chien-en-saison\\\/#primaryimage\"},\"image\":{\"@id\":\"https:\\\/\\\/mikkipet.com\\\/fr\\\/prendre-soin-de-son-chien-en-saison\\\/#primaryimage\"},\"thumbnailUrl\":\"https:\\\/\\\/mikkipet.com\\\/wp-content\\\/uploads\\\/2022\\\/09\\\/Untitled-design-19.png\",\"datePublished\":\"2022-09-07T07:58:20+00:00\",\"dateModified\":\"2023-07-19T13:53:29+00:00\",\"breadcrumb\":{\"@id\":\"https:\\\/\\\/mikkipet.com\\\/fr\\\/prendre-soin-de-son-chien-en-saison\\\/#breadcrumb\"},\"inLanguage\":\"fr-FR\",\"potentialAction\":[{\"@type\":\"ReadAction\",\"target\":[\"https:\\\/\\\/mikkipet.com\\\/fr\\\/prendre-soin-de-son-chien-en-saison\\\/\"]}]},{\"@type\":\"ImageObject\",\"inLanguage\":\"fr-FR\",\"@id\":\"https:\\\/\\\/mikkipet.com\\\/fr\\\/prendre-soin-de-son-chien-en-saison\\\/#primaryimage\",\"url\":\"https:\\\/\\\/mikkipet.com\\\/wp-content\\\/uploads\\\/2022\\\/09\\\/Untitled-design-19.png\",\"contentUrl\":\"https:\\\/\\\/mikkipet.com\\\/wp-content\\\/uploads\\\/2022\\\/09\\\/Untitled-design-19.png\"},{\"@type\":\"BreadcrumbList\",\"@id\":\"https:\\\/\\\/mikkipet.com\\\/fr\\\/prendre-soin-de-son-chien-en-saison\\\/#breadcrumb\",\"itemListElement\":[{\"@type\":\"ListItem\",\"position\":1,\"name\":\"Home\",\"item\":\"https:\\\/\\\/mikkipet.com\\\/fr\\\/\"},{\"@type\":\"ListItem\",\"position\":2,\"name\":\"Prendre soin de son chien en saison\"}]},{\"@type\":\"WebSite\",\"@id\":\"https:\\\/\\\/mikkipet.com\\\/fr\\\/#website\",\"url\":\"https:\\\/\\\/mikkipet.com\\\/fr\\\/\",\"name\":\"Mikki Pet\",\"description\":\"\",\"publisher\":{\"@id\":\"https:\\\/\\\/mikkipet.com\\\/fr\\\/#organization\"},\"potentialAction\":[{\"@type\":\"SearchAction\",\"target\":{\"@type\":\"EntryPoint\",\"urlTemplate\":\"https:\\\/\\\/mikkipet.com\\\/fr\\\/?s={search_term_string}\"},\"query-input\":{\"@type\":\"PropertyValueSpecification\",\"valueRequired\":true,\"valueName\":\"search_term_string\"}}],\"inLanguage\":\"fr-FR\"},{\"@type\":\"Organization\",\"@id\":\"https:\\\/\\\/mikkipet.com\\\/fr\\\/#organization\",\"name\":\"Mikki Pet\",\"url\":\"https:\\\/\\\/mikkipet.com\\\/fr\\\/\",\"logo\":{\"@type\":\"ImageObject\",\"inLanguage\":\"fr-FR\",\"@id\":\"https:\\\/\\\/mikkipet.com\\\/fr\\\/#\\\/schema\\\/logo\\\/image\\\/\",\"url\":\"https:\\\/\\\/mikkipet.com\\\/wp-content\\\/uploads\\\/2024\\\/04\\\/cropped-cropped-Mikki_logo-BW.png\",\"contentUrl\":\"https:\\\/\\\/mikkipet.com\\\/wp-content\\\/uploads\\\/2024\\\/04\\\/cropped-cropped-Mikki_logo-BW.png\",\"width\":163,\"height\":163,\"caption\":\"Mikki Pet\"},\"image\":{\"@id\":\"https:\\\/\\\/mikkipet.com\\\/fr\\\/#\\\/schema\\\/logo\\\/image\\\/\"}}]}<\/script>\n<!-- \/ Yoast SEO plugin. -->","yoast_head_json":{"title":"Prendre soin de son chien en saison - Mikki Pet","robots":{"index":"index","follow":"follow","max-snippet":"max-snippet:-1","max-image-preview":"max-image-preview:large","max-video-preview":"max-video-preview:-1"},"canonical":"https:\/\/mikkipet.com\/fr\/prendre-soin-de-son-chien-en-saison\/","og_locale":"fr_FR","og_type":"article","og_title":"Prendre soin de son chien en saison - Mikki Pet","og_description":"Prendre soin de son chien en saison Si vous poss\u00e9dez une femelle (chienne), \u00e0 moins qu&rsquo;elle n&rsquo;ait \u00e9t\u00e9 st\u00e9rilis\u00e9e, elle sera r\u00e9guli\u00e8rement en chaleur tout au long de sa vie. C&rsquo;est ce que l&rsquo;on appelle commun\u00e9ment \u00ab\u00a0les chaleurs\u00a0\u00bb et c&rsquo;est \u00e0 ce moment-l\u00e0 qu&rsquo;elle peut tomber enceinte, vous devez donc conna\u00eetre ce cycle pour \u00e9viter les grossesses non d\u00e9sir\u00e9es. Faits marquants de [&hellip;]","og_url":"https:\/\/mikkipet.com\/fr\/prendre-soin-de-son-chien-en-saison\/","og_site_name":"Mikki Pet","article_modified_time":"2023-07-19T13:53:29+00:00","og_image":[{"url":"https:\/\/mikkipet.com\/wp-content\/uploads\/2022\/09\/Untitled-design-19.png","type":"","width":"","height":""}],"twitter_card":"summary_large_image","twitter_misc":{"Est. reading time":"2 minutes"},"schema":{"@context":"https:\/\/schema.org","@graph":[{"@type":"WebPage","@id":"https:\/\/mikkipet.com\/fr\/prendre-soin-de-son-chien-en-saison\/","url":"https:\/\/mikkipet.com\/fr\/prendre-soin-de-son-chien-en-saison\/","name":"Prendre soin de son chien en saison - Mikki Pet","isPartOf":{"@id":"https:\/\/mikkipet.com\/fr\/#website"},"primaryImageOfPage":{"@id":"https:\/\/mikkipet.com\/fr\/prendre-soin-de-son-chien-en-saison\/#primaryimage"},"image":{"@id":"https:\/\/mikkipet.com\/fr\/prendre-soin-de-son-chien-en-saison\/#primaryimage"},"thumbnailUrl":"https:\/\/mikkipet.com\/wp-content\/uploads\/2022\/09\/Untitled-design-19.png","datePublished":"2022-09-07T07:58:20+00:00","dateModified":"2023-07-19T13:53:29+00:00","breadcrumb":{"@id":"https:\/\/mikkipet.com\/fr\/prendre-soin-de-son-chien-en-saison\/#breadcrumb"},"inLanguage":"fr-FR","potentialAction":[{"@type":"ReadAction","target":["https:\/\/mikkipet.com\/fr\/prendre-soin-de-son-chien-en-saison\/"]}]},{"@type":"ImageObject","inLanguage":"fr-FR","@id":"https:\/\/mikkipet.com\/fr\/prendre-soin-de-son-chien-en-saison\/#primaryimage","url":"https:\/\/mikkipet.com\/wp-content\/uploads\/2022\/09\/Untitled-design-19.png","contentUrl":"https:\/\/mikkipet.com\/wp-content\/uploads\/2022\/09\/Untitled-design-19.png"},{"@type":"BreadcrumbList","@id":"https:\/\/mikkipet.com\/fr\/prendre-soin-de-son-chien-en-saison\/#breadcrumb","itemListElement":[{"@type":"ListItem","position":1,"name":"Home","item":"https:\/\/mikkipet.com\/fr\/"},{"@type":"ListItem","position":2,"name":"Prendre soin de son chien en saison"}]},{"@type":"WebSite","@id":"https:\/\/mikkipet.com\/fr\/#website","url":"https:\/\/mikkipet.com\/fr\/","name":"Mikki Pet","description":"","publisher":{"@id":"https:\/\/mikkipet.com\/fr\/#organization"},"potentialAction":[{"@type":"SearchAction","target":{"@type":"EntryPoint","urlTemplate":"https:\/\/mikkipet.com\/fr\/?s={search_term_string}"},"query-input":{"@type":"PropertyValueSpecification","valueRequired":true,"valueName":"search_term_string"}}],"inLanguage":"fr-FR"},{"@type":"Organization","@id":"https:\/\/mikkipet.com\/fr\/#organization","name":"Mikki Pet","url":"https:\/\/mikkipet.com\/fr\/","logo":{"@type":"ImageObject","inLanguage":"fr-FR","@id":"https:\/\/mikkipet.com\/fr\/#\/schema\/logo\/image\/","url":"https:\/\/mikkipet.com\/wp-content\/uploads\/2024\/04\/cropped-cropped-Mikki_logo-BW.png","contentUrl":"https:\/\/mikkipet.com\/wp-content\/uploads\/2024\/04\/cropped-cropped-Mikki_logo-BW.png","width":163,"height":163,"caption":"Mikki Pet"},"image":{"@id":"https:\/\/mikkipet.com\/fr\/#\/schema\/logo\/image\/"}}]}},"uagb_featured_image_src":{"full":false,"thumbnail":false,"medium":false,"medium_large":false,"large":false,"gs-tiny":false,"xl":false,"xxl":false,"xxxl":false,"xxxxl":false,"xxxxxl":false,"blz_expanded_feature":false,"1536x1536":false,"2048x2048":false,"background_image":false,"woocommerce_thumbnail":false,"woocommerce_single":false,"woocommerce_gallery_thumbnail":false,"shop_catalog":false,"shop_single":false,"shop_thumbnail":false,"page-header":false,"page-two-to-one":false},"uagb_author_info":{"display_name":"Phil Durston","author_link":"https:\/\/mikkipet.com\/fr\/author\/phil\/"},"uagb_comment_info":0,"uagb_excerpt":"Prendre soin de son chien en saison Si vous poss\u00e9dez une femelle (chienne), \u00e0 moins qu&rsquo;elle n&rsquo;ait \u00e9t\u00e9 st\u00e9rilis\u00e9e, elle sera r\u00e9guli\u00e8rement en chaleur tout au long de sa vie. C&rsquo;est ce que l&rsquo;on appelle commun\u00e9ment \u00ab\u00a0les chaleurs\u00a0\u00bb et c&rsquo;est \u00e0 ce moment-l\u00e0 qu&rsquo;elle peut tomber enceinte, vous devez donc conna\u00eetre ce cycle pour \u00e9viter\u2026","coauthors":[],"author_meta":{"author_link":"https:\/\/mikkipet.com\/fr\/author\/phil\/","display_name":"Phil Durston"},"relative_dates":{"created":"Publi\u00e9 4 ans il y a","modified":"Mis \u00e0 jour 3 ans il y a"},"absolute_dates":{"created":"Publi\u00e9 le ","modified":"Mise \u00e0 jour le "},"absolute_dates_time":{"created":"Publi\u00e9 le  ","modified":"Mise \u00e0 jour le  "},"featured_img_caption":"","featured_img":false,"series_order":"","_links":{"self":[{"href":"https:\/\/mikkipet.com\/fr\/wp-json\/wp\/v2\/pages\/19130","targetHints":{"allow":["GET"]}}],"collection":[{"href":"https:\/\/mikkipet.com\/fr\/wp-json\/wp\/v2\/pages"}],"about":[{"href":"https:\/\/mikkipet.com\/fr\/wp-json\/wp\/v2\/types\/page"}],"author":[{"embeddable":true,"href":"https:\/\/mikkipet.com\/fr\/wp-json\/wp\/v2\/users\/4"}],"replies":[{"embeddable":true,"href":"https:\/\/mikkipet.com\/fr\/wp-json\/wp\/v2\/comments?post=19130"}],"version-history":[{"count":1,"href":"https:\/\/mikkipet.com\/fr\/wp-json\/wp\/v2\/pages\/19130\/revisions"}],"predecessor-version":[{"id":19139,"href":"https:\/\/mikkipet.com\/fr\/wp-json\/wp\/v2\/pages\/19130\/revisions\/19139"}],"wp:attachment":[{"href":"https:\/\/mikkipet.com\/fr\/wp-json\/wp\/v2\/media?parent=19130"}],"curies":[{"name":"wp","href":"https:\/\/api.w.org\/{rel}","templated":true}]}}