{"id":19159,"date":"2022-11-23T13:26:09","date_gmt":"2022-11-23T13:26:09","guid":{"rendered":"https:\/\/mikkipet.com\/19159-2\/"},"modified":"2023-07-24T09:20:24","modified_gmt":"2023-07-24T08:20:24","slug":"19159-2","status":"publish","type":"page","link":"https:\/\/mikkipet.com\/fr\/19159-2\/","title":{"rendered":"Bulletin d&rsquo;information"},"content":{"rendered":"\n<section class=\"wp-block-uagb-columns uagb-columns__wrap uagb-columns__background-none uagb-columns__stack-mobile uagb-columns__valign- uagb-columns__gap-10 align uagb-block-366646b2 uagb-columns__columns-1 uagb-columns__max_width-theme advgb-block-366646b2\"><div class=\"uagb-columns__overlay\"><\/div><div class=\"uagb-columns__inner-wrap uagb-columns__columns-1\">\n<div class=\"wp-block-uagb-column uagb-column__wrap uagb-column__background-undefined uagb-block-fa7d0834 has-mobile-text-align-center advgb-block-fa7d0834\"><div class=\"uagb-column__overlay\"><\/div>\n<figure class=\"wp-block-image aligncenter size-large advgb-dyn-a839a0fa\"><img decoding=\"async\" src=\"https:\/\/www.interpetcentral.com\/wp-content\/uploads\/2022\/11\/petpointers-1024x432.png\" alt=\"\" class=\"wp-image-4907\"\/><\/figure>\n<\/div>\n<\/div><\/section>\n\n<div class=\"wp-block-columns is-layout-flex wp-container-core-columns-is-layout-28f84493 wp-block-columns-is-layout-flex\">\n<div class=\"wp-block-column is-layout-flow wp-block-column-is-layout-flow\"><\/div>\n\n\n\n<div class=\"wp-block-column is-layout-flow wp-block-column-is-layout-flow\" style=\"flex-basis:600px\">\n<p class=\"has-medium-font-size\">Pour tous les trucs et astuces concernant les animaux de compagnie, les chats, les chiens et bien plus encore, abonnez-vous \u00e0 notre bulletin d&rsquo;information Pet Pointers en remplissant le formulaire ci-dessous :<\/p>\n<\/div>\n\n\n\n<div class=\"wp-block-column is-layout-flow wp-block-column-is-layout-flow\"><\/div>\n<\/div>\n\n<div class=\"wp-block-columns is-layout-flex wp-container-core-columns-is-layout-28f84493 wp-block-columns-is-layout-flex\">\n<div class=\"wp-block-column is-layout-flow wp-block-column-is-layout-flow\"><\/div>\n\n\n\n<div class=\"wp-block-column is-layout-flow wp-block-column-is-layout-flow\" style=\"flex-basis:600px\">\n<!-- Begin Mailchimp Signup Form -->\n<link href=\"\/\/cdn-images.mailchimp.com\/embedcode\/classic-071822.css\" rel=\"stylesheet\" type=\"text\/css\"\/>\n\n\n<div id=\"mc_embed_signup\">\n    <form action=\"https:\/\/interpetcentral.us7.list-manage.com\/subscribe\/post?u=c566774ab4b8fd8779da60985&#038;id=2b51f90f7e&#038;v_id=4174&#038;f_id=0081f4e3f0\" method=\"post\" id=\"mc-embedded-subscribe-form\" name=\"mc-embedded-subscribe-form\" class=\"validate\" target=\"_blank\" novalidate=\"\">\n        <div id=\"mc_embed_signup_scroll\">\n        <h2><\/h2>\n        <div class=\"indicates-required\"><span class=\"asterisk\">*<\/span> indique que c&rsquo;est n\u00e9cessaire<\/div>\n<div class=\"mc-field-group\">\n\t<label for=\"mce-EMAIL\">Adresse \u00e9lectronique <span class=\"asterisk\">*<\/span>\n<\/label>\n\t<input type=\"email\" value=\"\" name=\"EMAIL\" class=\"required email\" id=\"mce-EMAIL\" required=\"\"\/>\n\t<span id=\"mce-EMAIL-HELPERTEXT\" class=\"helper_text\"><\/span>\n<\/div>\n<div class=\"mc-field-group\">\n\t<label for=\"mce-FNAME\">Pr\u00e9nom <\/label>\n\t<input type=\"text\" value=\"\" name=\"FNAME\" class=\"\" id=\"mce-FNAME\"\/>\n\t<span id=\"mce-FNAME-HELPERTEXT\" class=\"helper_text\"><\/span>\n<\/div>\n<div class=\"mc-field-group\">\n\t<label for=\"mce-LNAME\">Nom de famille <\/label>\n\t<input type=\"text\" value=\"\" name=\"LNAME\" class=\"\" id=\"mce-LNAME\"\/>\n\t<span id=\"mce-LNAME-HELPERTEXT\" class=\"helper_text\"><\/span>\n<\/div>\n<div id=\"mergeRow-gdpr\" class=\"mergeRow gdpr-mergeRow content__gdprBlock mc-field-group\">\n    <div class=\"content__gdpr\">\n        <label>Autorisations de marketing<\/label>\n        <p>Veuillez cocher la case ci-dessous pour confirmer que vous acceptez de recevoir des courriels de marketing de Central Interpet et de ses marques.<\/p>\n        <fieldset class=\"mc_fieldset gdprRequired mc-field-group\" name=\"interestgroup_field\">\n\t\t<label class=\"checkbox subfield\" for=\"gdpr_69058\"><input type=\"checkbox\" id=\"gdpr_69058\" name=\"gdpr[69058]\" value=\"Y\" class=\"av-checkbox gdpr\"\/><span>Courriel :<\/span> <\/label>\n        <\/fieldset>\n        <p>Nous ne partageons pas vos donn\u00e9es avec des organisations externes. Vous pouvez vous d\u00e9sinscrire \u00e0 tout moment en cliquant sur le lien figurant dans le pied de page de nos courriels. Pour obtenir des informations sur nos pratiques en mati\u00e8re de confidentialit\u00e9, veuillez consulter notre site web.<\/p>\n    <\/div>\n    <div class=\"content__gdprLegal\">\n        <p>Nous utilisons Mailchimp comme plateforme de marketing. En cliquant ci-dessous pour vous abonner, vous reconnaissez que vos informations seront transf\u00e9r\u00e9es \u00e0 Mailchimp pour \u00eatre trait\u00e9es. <a href=\"https:\/\/mailchimp.com\/legal\/terms\" target=\"_blank\" rel=\"noopener\">Pour en savoir plus sur les pratiques de Mailchimp en mati\u00e8re de confidentialit\u00e9, cliquez ici.<\/a><\/p>\n    <\/div>\n<\/div>\n<div hidden=\"true\"><input type=\"hidden\" name=\"tags\" value=\"6937358\"\/><\/div>\n\t<div id=\"mce-responses\" class=\"clear\">\n\t\t<div class=\"response\" id=\"mce-error-response\" style=\"display:none\"><\/div>\n\t\t<div class=\"response\" id=\"mce-success-response\" style=\"display:none\"><\/div>\n\t<\/div>    <!-- real people should not fill this in and expect good things - do not remove this or risk form bot signups-->\n    <div style=\"position: absolute; left: -5000px;\" aria-hidden=\"true\"><input type=\"text\" name=\"b_c566774ab4b8fd8779da60985_2b51f90f7e\" tabindex=\"-1\" value=\"\"\/><\/div>\n    <div class=\"clear\"><input type=\"submit\" value=\"S'abonner \u00e0\" name=\"subscribe\" id=\"mc-embedded-subscribe\" class=\"button\"\/><\/div>\n    <\/div>\n<\/form>\n<\/div>\n<script type=\"text\/javascript\" src=\"\/\/s3.amazonaws.com\/downloads.mailchimp.com\/js\/mc-validate.js\"><\/script><script type=\"text\/javascript\">(function($) {window.fnames = new Array(); window.ftypes = new Array();fnames[0]='EMAIL';ftypes[0]='email';fnames[1]='FNAME';ftypes[1]='text';fnames[2]='LNAME';ftypes[2]='text';}(jQuery));var $mcj = jQuery.noConflict(true);<\/script>\n<!--End mc_embed_signup-->\n<\/div>\n\n\n\n<div class=\"wp-block-column is-layout-flow wp-block-column-is-layout-flow\"><\/div>\n<\/div>\n\n<div class=\"wp-block-columns is-layout-flex wp-container-core-columns-is-layout-28f84493 wp-block-columns-is-layout-flex\">\n<div class=\"wp-block-column is-layout-flow wp-block-column-is-layout-flow\"><\/div>\n\n\n\n<div class=\"wp-block-column is-layout-flow wp-block-column-is-layout-flow\" style=\"flex-basis:600px\">\n<p class=\"has-medium-font-size\">Saviez-vous que vous pouvez \u00e9galement rester au courant de l&rsquo;actualit\u00e9 de nos marques aquatiques en <a href=\"https:\/\/www.interpetcentral.com\/aquatics-newsletter-subscribe\/\">cliquant ici :<\/a><\/p>\n<\/div>\n\n\n\n<div class=\"wp-block-column is-layout-flow wp-block-column-is-layout-flow\"><\/div>\n<\/div>\n\n<p class=\"has-text-align-center\"><strong>Interpet Ltd fait partie du groupe central d&rsquo;entreprises Interpet.<\/strong><\/p>\n\n<figure class=\"wp-block-image aligncenter size-large advgb-dyn-b58ed92b\"><img decoding=\"async\" src=\"https:\/\/mcusercontent.com\/c566774ab4b8fd8779da60985\/images\/5e6441ac-3297-fa0e-9480-c86165d8cec8.png\" alt=\"\"\/><\/figure>\n<style class=\"advgb-styles-renderer\">\n\t#mc_embed_signup{background:#fff; clear:left; font:14px Helvetica,Arial,sans-serif;  width:}\n\t\/* Add your own Mailchimp form style overrides in your site stylesheet or in this style block.\n\t   We recommend moving this block and the preceding CSS link to the HEAD of your HTML file. *\/\n\n\t#mc-embedded-subscribe-form input[type=checkbox]{display: inline; width: auto;margin-right: 10px;}\n\t#mergeRow-gdpr {margin-top: 20px;}\n\t#mergeRow-gdpr fieldset label {font-weight: normal;}\n\t#mc-embedded-subscribe-form .mc_fieldset{border:none;min-height: 0px;padding-bottom:0px;}\n<\/style>","protected":false},"excerpt":{"rendered":"<p>Pour tous les trucs et astuces concernant les animaux de compagnie, les chats, les chiens et bien plus encore, abonnez-vous \u00e0 notre bulletin d&rsquo;information Pet Pointers en remplissant le formulaire ci-dessous : * indique que c&rsquo;est n\u00e9cessaire Adresse \u00e9lectronique * Pr\u00e9nom Nom de famille Autorisations de marketing Veuillez cocher la case ci-dessous pour confirmer que vous acceptez de recevoir des courriels de [&hellip;]<\/p>\n","protected":false},"author":4,"featured_media":0,"parent":0,"menu_order":0,"comment_status":"closed","ping_status":"closed","template":"","meta":{"_acf_changed":false,"_relevanssi_hide_post":"","_relevanssi_hide_content":"","_relevanssi_pin_for_all":"","_relevanssi_pin_keywords":"","_relevanssi_unpin_keywords":"","_relevanssi_related_keywords":"","_relevanssi_related_include_ids":"","_relevanssi_related_exclude_ids":"","_relevanssi_related_no_append":"","_relevanssi_related_not_related":"","_relevanssi_related_posts":"","_relevanssi_noindex_reason":"","_uag_custom_page_level_css":"","advgb_blocks_editor_width":"","advgb_blocks_columns_visual_guide":"","site-sidebar-layout":"default","site-content-layout":"","ast-site-content-layout":"default","site-content-style":"default","site-sidebar-style":"default","ast-global-header-display":"","ast-banner-title-visibility":"","ast-main-header-display":"","ast-hfb-above-header-display":"","ast-hfb-below-header-display":"","ast-hfb-mobile-header-display":"","site-post-title":"disabled","ast-breadcrumbs-content":"","ast-featured-img":"","footer-sml-layout":"","ast-disable-related-posts":"","theme-transparent-header-meta":"","adv-header-id-meta":"","stick-header-meta":"","header-above-stick-meta":"","header-main-stick-meta":"","header-below-stick-meta":"","astra-migrate-meta-layouts":"default","ast-page-background-enabled":"default","ast-page-background-meta":{"desktop":{"background-color":"","background-image":"","background-repeat":"repeat","background-position":"center center","background-size":"auto","background-attachment":"scroll","background-type":"","background-media":"","overlay-type":"","overlay-color":"","overlay-opacity":"","overlay-gradient":""},"tablet":{"background-color":"","background-image":"","background-repeat":"repeat","background-position":"center center","background-size":"auto","background-attachment":"scroll","background-type":"","background-media":"","overlay-type":"","overlay-color":"","overlay-opacity":"","overlay-gradient":""},"mobile":{"background-color":"","background-image":"","background-repeat":"repeat","background-position":"center center","background-size":"auto","background-attachment":"scroll","background-type":"","background-media":"","overlay-type":"","overlay-color":"","overlay-opacity":"","overlay-gradient":""}},"ast-content-background-meta":{"desktop":{"background-color":"var(--ast-global-color-5)","background-image":"","background-repeat":"repeat","background-position":"center center","background-size":"auto","background-attachment":"scroll","background-type":"","background-media":"","overlay-type":"","overlay-color":"","overlay-opacity":"","overlay-gradient":""},"tablet":{"background-color":"var(--ast-global-color-5)","background-image":"","background-repeat":"repeat","background-position":"center center","background-size":"auto","background-attachment":"scroll","background-type":"","background-media":"","overlay-type":"","overlay-color":"","overlay-opacity":"","overlay-gradient":""},"mobile":{"background-color":"var(--ast-global-color-5)","background-image":"","background-repeat":"repeat","background-position":"center center","background-size":"auto","background-attachment":"scroll","background-type":"","background-media":"","overlay-type":"","overlay-color":"","overlay-opacity":"","overlay-gradient":""}},"footnotes":""},"class_list":["ranking_","post-19159","page","type-page","status-publish","hentry"],"acf":[],"yoast_head":"<!-- This site is optimized with the Yoast SEO plugin v27.3 - https:\/\/yoast.com\/product\/yoast-seo-wordpress\/ -->\n<title>Bulletin d&#039;information - Mikki Pet<\/title>\n<meta name=\"robots\" content=\"index, follow, max-snippet:-1, max-image-preview:large, max-video-preview:-1\" \/>\n<link rel=\"canonical\" href=\"https:\/\/mikkipet.com\/fr\/19159-2\/\" \/>\n<meta property=\"og:locale\" content=\"fr_FR\" \/>\n<meta property=\"og:type\" content=\"article\" \/>\n<meta property=\"og:title\" content=\"Bulletin d&#039;information - Mikki Pet\" \/>\n<meta property=\"og:description\" content=\"Pour tous les trucs et astuces concernant les animaux de compagnie, les chats, les chiens et bien plus encore, abonnez-vous \u00e0 notre bulletin d&rsquo;information Pet Pointers en remplissant le formulaire ci-dessous : * indique que c&rsquo;est n\u00e9cessaire Adresse \u00e9lectronique * Pr\u00e9nom Nom de famille Autorisations de marketing Veuillez cocher la case ci-dessous pour confirmer que vous acceptez de recevoir des courriels de [&hellip;]\" \/>\n<meta property=\"og:url\" content=\"https:\/\/mikkipet.com\/fr\/19159-2\/\" \/>\n<meta property=\"og:site_name\" content=\"Mikki Pet\" \/>\n<meta property=\"article:modified_time\" content=\"2023-07-24T08:20:24+00:00\" \/>\n<meta property=\"og:image\" content=\"https:\/\/www.interpetcentral.com\/wp-content\/uploads\/2022\/11\/petpointers-1024x432.png\" \/>\n<meta name=\"twitter:card\" content=\"summary_large_image\" \/>\n<meta name=\"twitter:label1\" content=\"Est. reading time\" \/>\n\t<meta name=\"twitter:data1\" content=\"1 minute\" \/>\n<script type=\"application\/ld+json\" class=\"yoast-schema-graph\">{\"@context\":\"https:\\\/\\\/schema.org\",\"@graph\":[{\"@type\":\"WebPage\",\"@id\":\"https:\\\/\\\/mikkipet.com\\\/fr\\\/19159-2\\\/\",\"url\":\"https:\\\/\\\/mikkipet.com\\\/fr\\\/19159-2\\\/\",\"name\":\"Bulletin d'information - Mikki Pet\",\"isPartOf\":{\"@id\":\"https:\\\/\\\/mikkipet.com\\\/fr\\\/#website\"},\"primaryImageOfPage\":{\"@id\":\"https:\\\/\\\/mikkipet.com\\\/fr\\\/19159-2\\\/#primaryimage\"},\"image\":{\"@id\":\"https:\\\/\\\/mikkipet.com\\\/fr\\\/19159-2\\\/#primaryimage\"},\"thumbnailUrl\":\"https:\\\/\\\/www.interpetcentral.com\\\/wp-content\\\/uploads\\\/2022\\\/11\\\/petpointers-1024x432.png\",\"datePublished\":\"2022-11-23T13:26:09+00:00\",\"dateModified\":\"2023-07-24T08:20:24+00:00\",\"breadcrumb\":{\"@id\":\"https:\\\/\\\/mikkipet.com\\\/fr\\\/19159-2\\\/#breadcrumb\"},\"inLanguage\":\"fr-FR\",\"potentialAction\":[{\"@type\":\"ReadAction\",\"target\":[\"https:\\\/\\\/mikkipet.com\\\/fr\\\/19159-2\\\/\"]}]},{\"@type\":\"ImageObject\",\"inLanguage\":\"fr-FR\",\"@id\":\"https:\\\/\\\/mikkipet.com\\\/fr\\\/19159-2\\\/#primaryimage\",\"url\":\"https:\\\/\\\/www.interpetcentral.com\\\/wp-content\\\/uploads\\\/2022\\\/11\\\/petpointers-1024x432.png\",\"contentUrl\":\"https:\\\/\\\/www.interpetcentral.com\\\/wp-content\\\/uploads\\\/2022\\\/11\\\/petpointers-1024x432.png\"},{\"@type\":\"BreadcrumbList\",\"@id\":\"https:\\\/\\\/mikkipet.com\\\/fr\\\/19159-2\\\/#breadcrumb\",\"itemListElement\":[{\"@type\":\"ListItem\",\"position\":1,\"name\":\"Home\",\"item\":\"https:\\\/\\\/mikkipet.com\\\/fr\\\/\"},{\"@type\":\"ListItem\",\"position\":2,\"name\":\"Bulletin d&rsquo;information\"}]},{\"@type\":\"WebSite\",\"@id\":\"https:\\\/\\\/mikkipet.com\\\/fr\\\/#website\",\"url\":\"https:\\\/\\\/mikkipet.com\\\/fr\\\/\",\"name\":\"Mikki Pet\",\"description\":\"\",\"publisher\":{\"@id\":\"https:\\\/\\\/mikkipet.com\\\/fr\\\/#organization\"},\"potentialAction\":[{\"@type\":\"SearchAction\",\"target\":{\"@type\":\"EntryPoint\",\"urlTemplate\":\"https:\\\/\\\/mikkipet.com\\\/fr\\\/?s={search_term_string}\"},\"query-input\":{\"@type\":\"PropertyValueSpecification\",\"valueRequired\":true,\"valueName\":\"search_term_string\"}}],\"inLanguage\":\"fr-FR\"},{\"@type\":\"Organization\",\"@id\":\"https:\\\/\\\/mikkipet.com\\\/fr\\\/#organization\",\"name\":\"Mikki Pet\",\"url\":\"https:\\\/\\\/mikkipet.com\\\/fr\\\/\",\"logo\":{\"@type\":\"ImageObject\",\"inLanguage\":\"fr-FR\",\"@id\":\"https:\\\/\\\/mikkipet.com\\\/fr\\\/#\\\/schema\\\/logo\\\/image\\\/\",\"url\":\"https:\\\/\\\/mikkipet.com\\\/wp-content\\\/uploads\\\/2024\\\/04\\\/cropped-cropped-Mikki_logo-BW.png\",\"contentUrl\":\"https:\\\/\\\/mikkipet.com\\\/wp-content\\\/uploads\\\/2024\\\/04\\\/cropped-cropped-Mikki_logo-BW.png\",\"width\":163,\"height\":163,\"caption\":\"Mikki Pet\"},\"image\":{\"@id\":\"https:\\\/\\\/mikkipet.com\\\/fr\\\/#\\\/schema\\\/logo\\\/image\\\/\"}}]}<\/script>\n<!-- \/ Yoast SEO plugin. -->","yoast_head_json":{"title":"Bulletin d'information - Mikki Pet","robots":{"index":"index","follow":"follow","max-snippet":"max-snippet:-1","max-image-preview":"max-image-preview:large","max-video-preview":"max-video-preview:-1"},"canonical":"https:\/\/mikkipet.com\/fr\/19159-2\/","og_locale":"fr_FR","og_type":"article","og_title":"Bulletin d'information - Mikki Pet","og_description":"Pour tous les trucs et astuces concernant les animaux de compagnie, les chats, les chiens et bien plus encore, abonnez-vous \u00e0 notre bulletin d&rsquo;information Pet Pointers en remplissant le formulaire ci-dessous : * indique que c&rsquo;est n\u00e9cessaire Adresse \u00e9lectronique * Pr\u00e9nom Nom de famille Autorisations de marketing Veuillez cocher la case ci-dessous pour confirmer que vous acceptez de recevoir des courriels de [&hellip;]","og_url":"https:\/\/mikkipet.com\/fr\/19159-2\/","og_site_name":"Mikki Pet","article_modified_time":"2023-07-24T08:20:24+00:00","og_image":[{"url":"https:\/\/www.interpetcentral.com\/wp-content\/uploads\/2022\/11\/petpointers-1024x432.png","type":"","width":"","height":""}],"twitter_card":"summary_large_image","twitter_misc":{"Est. reading time":"1 minute"},"schema":{"@context":"https:\/\/schema.org","@graph":[{"@type":"WebPage","@id":"https:\/\/mikkipet.com\/fr\/19159-2\/","url":"https:\/\/mikkipet.com\/fr\/19159-2\/","name":"Bulletin d'information - Mikki Pet","isPartOf":{"@id":"https:\/\/mikkipet.com\/fr\/#website"},"primaryImageOfPage":{"@id":"https:\/\/mikkipet.com\/fr\/19159-2\/#primaryimage"},"image":{"@id":"https:\/\/mikkipet.com\/fr\/19159-2\/#primaryimage"},"thumbnailUrl":"https:\/\/www.interpetcentral.com\/wp-content\/uploads\/2022\/11\/petpointers-1024x432.png","datePublished":"2022-11-23T13:26:09+00:00","dateModified":"2023-07-24T08:20:24+00:00","breadcrumb":{"@id":"https:\/\/mikkipet.com\/fr\/19159-2\/#breadcrumb"},"inLanguage":"fr-FR","potentialAction":[{"@type":"ReadAction","target":["https:\/\/mikkipet.com\/fr\/19159-2\/"]}]},{"@type":"ImageObject","inLanguage":"fr-FR","@id":"https:\/\/mikkipet.com\/fr\/19159-2\/#primaryimage","url":"https:\/\/www.interpetcentral.com\/wp-content\/uploads\/2022\/11\/petpointers-1024x432.png","contentUrl":"https:\/\/www.interpetcentral.com\/wp-content\/uploads\/2022\/11\/petpointers-1024x432.png"},{"@type":"BreadcrumbList","@id":"https:\/\/mikkipet.com\/fr\/19159-2\/#breadcrumb","itemListElement":[{"@type":"ListItem","position":1,"name":"Home","item":"https:\/\/mikkipet.com\/fr\/"},{"@type":"ListItem","position":2,"name":"Bulletin d&rsquo;information"}]},{"@type":"WebSite","@id":"https:\/\/mikkipet.com\/fr\/#website","url":"https:\/\/mikkipet.com\/fr\/","name":"Mikki Pet","description":"","publisher":{"@id":"https:\/\/mikkipet.com\/fr\/#organization"},"potentialAction":[{"@type":"SearchAction","target":{"@type":"EntryPoint","urlTemplate":"https:\/\/mikkipet.com\/fr\/?s={search_term_string}"},"query-input":{"@type":"PropertyValueSpecification","valueRequired":true,"valueName":"search_term_string"}}],"inLanguage":"fr-FR"},{"@type":"Organization","@id":"https:\/\/mikkipet.com\/fr\/#organization","name":"Mikki Pet","url":"https:\/\/mikkipet.com\/fr\/","logo":{"@type":"ImageObject","inLanguage":"fr-FR","@id":"https:\/\/mikkipet.com\/fr\/#\/schema\/logo\/image\/","url":"https:\/\/mikkipet.com\/wp-content\/uploads\/2024\/04\/cropped-cropped-Mikki_logo-BW.png","contentUrl":"https:\/\/mikkipet.com\/wp-content\/uploads\/2024\/04\/cropped-cropped-Mikki_logo-BW.png","width":163,"height":163,"caption":"Mikki Pet"},"image":{"@id":"https:\/\/mikkipet.com\/fr\/#\/schema\/logo\/image\/"}}]}},"uagb_featured_image_src":{"full":false,"thumbnail":false,"medium":false,"medium_large":false,"large":false,"gs-tiny":false,"xl":false,"xxl":false,"xxxl":false,"xxxxl":false,"xxxxxl":false,"blz_expanded_feature":false,"1536x1536":false,"2048x2048":false,"background_image":false,"woocommerce_thumbnail":false,"woocommerce_single":false,"woocommerce_gallery_thumbnail":false,"shop_catalog":false,"shop_single":false,"shop_thumbnail":false,"page-header":false,"page-two-to-one":false},"uagb_author_info":{"display_name":"Phil Durston","author_link":"https:\/\/mikkipet.com\/fr\/author\/phil\/"},"uagb_comment_info":0,"uagb_excerpt":"Pour tous les trucs et astuces concernant les animaux de compagnie, les chats, les chiens et bien plus encore, abonnez-vous \u00e0 notre bulletin d&rsquo;information Pet Pointers en remplissant le formulaire ci-dessous : * indique que c&rsquo;est n\u00e9cessaire Adresse \u00e9lectronique * Pr\u00e9nom Nom de famille Autorisations de marketing Veuillez cocher la case ci-dessous pour confirmer que\u2026","coauthors":[],"author_meta":{"author_link":"https:\/\/mikkipet.com\/fr\/author\/phil\/","display_name":"Phil Durston"},"relative_dates":{"created":"Publi\u00e9 3 ans il y a","modified":"Mis \u00e0 jour 3 ans il y a"},"absolute_dates":{"created":"Publi\u00e9 le ","modified":"Mise \u00e0 jour le "},"absolute_dates_time":{"created":"Publi\u00e9 le  ","modified":"Mise \u00e0 jour le  "},"featured_img_caption":"","featured_img":false,"series_order":"","_links":{"self":[{"href":"https:\/\/mikkipet.com\/fr\/wp-json\/wp\/v2\/pages\/19159","targetHints":{"allow":["GET"]}}],"collection":[{"href":"https:\/\/mikkipet.com\/fr\/wp-json\/wp\/v2\/pages"}],"about":[{"href":"https:\/\/mikkipet.com\/fr\/wp-json\/wp\/v2\/types\/page"}],"author":[{"embeddable":true,"href":"https:\/\/mikkipet.com\/fr\/wp-json\/wp\/v2\/users\/4"}],"replies":[{"embeddable":true,"href":"https:\/\/mikkipet.com\/fr\/wp-json\/wp\/v2\/comments?post=19159"}],"version-history":[{"count":5,"href":"https:\/\/mikkipet.com\/fr\/wp-json\/wp\/v2\/pages\/19159\/revisions"}],"predecessor-version":[{"id":22526,"href":"https:\/\/mikkipet.com\/fr\/wp-json\/wp\/v2\/pages\/19159\/revisions\/22526"}],"wp:attachment":[{"href":"https:\/\/mikkipet.com\/fr\/wp-json\/wp\/v2\/media?parent=19159"}],"curies":[{"name":"wp","href":"https:\/\/api.w.org\/{rel}","templated":true}]}}