{"id":19182,"date":"2022-10-19T15:11:13","date_gmt":"2022-10-19T14:11:13","guid":{"rendered":"https:\/\/mikkipet.com\/conseils-et-astuces\/"},"modified":"2024-08-28T08:56:59","modified_gmt":"2024-08-28T07:56:59","slug":"conseils-et-astuces","status":"publish","type":"page","link":"https:\/\/mikkipet.com\/fr\/conseils-et-astuces\/","title":{"rendered":"Conseils et astuces"},"content":{"rendered":"\n<div style=\"height:25px\" aria-hidden=\"true\" class=\"wp-block-spacer\"><\/div>\n\n<div class=\"wp-block-columns is-layout-flex wp-container-core-columns-is-layout-28f84493 wp-block-columns-is-layout-flex\">\n<div class=\"wp-block-column is-layout-flow wp-block-column-is-layout-flow\">\n<figure class=\"wp-block-image alignfull size-large uag-hide-mob uag-hide-mob advgb-dyn-fceb6485\"><a href=\"https:\/\/mikkipet.com\/fr\/accueil\/questions-frequemment-posees\/\"><img decoding=\"async\" src=\"https:\/\/mikkipet.com\/wp-content\/uploads\/2022\/10\/Wordpress-banner-DESKTOP-Mikki-FAQS-1280-&#xD7;-540px-1024x432.png\" alt=\"\" class=\"wp-image-16372\"\/><\/a><\/figure>\n<\/div>\n<\/div>\n\n<div class=\"wp-block-columns has-ast-global-color-5-background-color has-background is-layout-flex wp-container-core-columns-is-layout-28f84493 wp-block-columns-is-layout-flex\">\n<div class=\"wp-block-column is-layout-flow wp-block-column-is-layout-flow\">\n<div class=\"wp-block-columns is-layout-flex wp-container-core-columns-is-layout-28f84493 wp-block-columns-is-layout-flex\">\n<div class=\"wp-block-column is-layout-flow wp-block-column-is-layout-flow\">\n<h1 class=\"wp-block-heading advgb-dyn-cefaa9a8\">Conseils et astuces<\/h1>\n\n\n\n<p class=\"has-medium-font-size\">Aide et conseils pour s&rsquo;occuper de son chat ou de son chien. Jetez un coup d&rsquo;\u0153il ci-dessous pour plus d&rsquo;informations ou consultez nos <a href=\"https:\/\/mikkipet.com\/fr\/accueil\/questions-frequemment-posees\/\">FAQ ici<\/a>:<\/p>\n<\/div>\n<\/div>\n<\/div>\n<\/div>\n\n<div class=\"wp-block-columns is-layout-flex wp-container-core-columns-is-layout-28f84493 wp-block-columns-is-layout-flex\">\n<div class=\"wp-block-column is-layout-flow wp-block-column-is-layout-flow\" style=\"flex-basis:100%\">\n<div class=\"wp-block-columns is-layout-flex wp-container-core-columns-is-layout-28f84493 wp-block-columns-is-layout-flex\">\n<div class=\"wp-block-column is-layout-flow wp-block-column-is-layout-flow\">\n<div class=\"wp-block-columns is-layout-flex wp-container-core-columns-is-layout-28f84493 wp-block-columns-is-layout-flex\">\n<div class=\"wp-block-column has-white-background-color has-background is-layout-flow wp-block-column-is-layout-flow\"><\/div>\n<\/div>\n<\/div>\n<\/div>\n<\/div>\n<\/div>\n\n<div class=\"wp-block-columns is-layout-flex wp-container-core-columns-is-layout-28f84493 wp-block-columns-is-layout-flex\">\n<div class=\"wp-block-column is-layout-flow wp-block-column-is-layout-flow\">\n<div class=\"wp-block-columns is-layout-flex wp-container-core-columns-is-layout-28f84493 wp-block-columns-is-layout-flex\">\n<div class=\"wp-block-column is-layout-flow wp-block-column-is-layout-flow\">\n<div class=\"wp-block-columns is-layout-flex wp-container-core-columns-is-layout-28f84493 wp-block-columns-is-layout-flex\">\n<div class=\"wp-block-column is-layout-flow wp-block-column-is-layout-flow\">\n<figure class=\"wp-block-image size-full\"><img loading=\"lazy\" decoding=\"async\" width=\"533\" height=\"533\" src=\"https:\/\/mikkipet.com\/wp-content\/uploads\/2022\/09\/4-8.png\" alt=\"\" class=\"wp-image-16080\" srcset=\"https:\/\/mikkipet.com\/wp-content\/uploads\/2022\/09\/4-8.png 533w, https:\/\/mikkipet.com\/wp-content\/uploads\/2022\/09\/4-8-300x300.png 300w, https:\/\/mikkipet.com\/wp-content\/uploads\/2022\/09\/4-8-150x150.png 150w, https:\/\/mikkipet.com\/wp-content\/uploads\/2022\/09\/4-8-358x358.png 358w, https:\/\/mikkipet.com\/wp-content\/uploads\/2022\/09\/4-8-100x100.png 100w\" sizes=\"auto, (max-width: 533px) 100vw, 533px\" \/><\/figure>\n\n\n\n<p class=\"has-medium-font-size\"><strong>Conseils pour le toilettage des chiens et des chats<\/strong><\/p>\n\n\n\n<ul class=\"wp-block-list\">\n<li><a href=\"https:\/\/mikkipet.com\/how-to-care-for-maintain-doodle-scissors\/\">Entretien des ciseaux de toilettage pour chiens Doodles<\/a><\/li>\n\n\n\n<li><a href=\"https:\/\/mikkipet.com\/fr\/comment-introduire-avec-succes-le-toilettage-a-votre-nouveau-chiot\/\">Comment introduire avec succ\u00e8s le toilettage \u00e0 votre nouveau chiot ?<\/a><\/li>\n\n\n\n<li><a href=\"https:\/\/mikkipet.com\/fr\/comment-toiletter-un-chien-nerveux\/\">Comment toiletter un chien nerveux<\/a><\/li>\n\n\n\n<li><a href=\"https:\/\/mikkipet.com\/fr\/toilettage-des-chiots-et-des-chatons\/\">Toilettage des chiots et des chatons<\/a><\/li>\n\n\n\n<li><a href=\"https:\/\/mikkipet.com\/fr\/couper-et-tailler-le-pelage-de-votre-animal-de-compagnie\/\">Couper et tailler le pelage de votre animal de compagnie<\/a><\/li>\n\n\n\n<li><a href=\"https:\/\/mikkipet.com\/fr\/comment-couper-les-griffes-de-votre-animal\/\">Comment couper les griffes de votre animal<\/a><\/li>\n\n\n\n<li><a href=\"https:\/\/mikkipet.com\/fr\/couteaux-a-denuder-pour-qui-et-comment\/\">Couteaux \u00e0 d\u00e9nuder : Pour qui et comment ?<\/a><\/li>\n\n\n\n<li><a href=\"https:\/\/mikkipet.com\/fr\/comment-sattaquer-aux-noeuds-et-aux-echeveaux\/\">Comment s&rsquo;attaquer aux n\u0153uds et aux \u00e9cheveaux.<\/a><\/li>\n\n\n\n<li><a href=\"https:\/\/mikkipet.com\/fr\/puces-et-tiques\/\">Puces et tiques<\/a><\/li>\n\n\n\n<li><a href=\"https:\/\/mikkipet.com\/fr\/la-mue-de-mon-animal-me-rend-fou\/\">La mue de mon animal me rend fou<\/a><\/li>\n<\/ul>\n<\/div>\n\n\n\n<div class=\"wp-block-column is-layout-flow wp-block-column-is-layout-flow\">\n<figure class=\"wp-block-image size-full\"><img loading=\"lazy\" decoding=\"async\" width=\"533\" height=\"533\" src=\"https:\/\/mikkipet.com\/wp-content\/uploads\/2022\/09\/3-18-1.png\" alt=\"\" class=\"wp-image-16083\" srcset=\"https:\/\/mikkipet.com\/wp-content\/uploads\/2022\/09\/3-18-1.png 533w, https:\/\/mikkipet.com\/wp-content\/uploads\/2022\/09\/3-18-1-300x300.png 300w, https:\/\/mikkipet.com\/wp-content\/uploads\/2022\/09\/3-18-1-150x150.png 150w, https:\/\/mikkipet.com\/wp-content\/uploads\/2022\/09\/3-18-1-358x358.png 358w, https:\/\/mikkipet.com\/wp-content\/uploads\/2022\/09\/3-18-1-100x100.png 100w\" sizes=\"auto, (max-width: 533px) 100vw, 533px\" \/><\/figure>\n\n\n\n<p class=\"has-medium-font-size\"><strong>Conseils pour le dressage des chiens et des chats<\/strong><\/p>\n\n\n\n<ul class=\"wp-block-list\">\n<li><a href=\"https:\/\/mikkipet.com\/fr\/promener-son-chien-cest-une-promenade-dans-le-parc-nest-ce-pas\/\">Promener son chien, c&rsquo;est une promenade dans le parc &#8211; n&rsquo;est-ce pas ?<\/a><\/li>\n\n\n\n<li><a href=\"https:\/\/mikkipet.com\/fr\/mon-chien-mord\/\">Mon chien mord<\/a><\/li>\n\n\n\n<li><a href=\"https:\/\/mikkipet.com\/fr\/nouveau-chiot\/\">Nouveau chiot !<\/a><\/li>\n\n\n\n<li><a href=\"https:\/\/mikkipet.com\/fr\/entrainement-au-clicker\/\">Entra\u00eenement au clicker<\/a><\/li>\n<\/ul>\n<\/div>\n\n\n\n<div class=\"wp-block-column is-layout-flow wp-block-column-is-layout-flow\">\n<figure class=\"wp-block-image size-full\"><img loading=\"lazy\" decoding=\"async\" width=\"533\" height=\"533\" src=\"https:\/\/mikkipet.com\/wp-content\/uploads\/2022\/09\/5-5.png\" alt=\"\" class=\"wp-image-16086\" srcset=\"https:\/\/mikkipet.com\/wp-content\/uploads\/2022\/09\/5-5.png 533w, https:\/\/mikkipet.com\/wp-content\/uploads\/2022\/09\/5-5-300x300.png 300w, https:\/\/mikkipet.com\/wp-content\/uploads\/2022\/09\/5-5-150x150.png 150w, https:\/\/mikkipet.com\/wp-content\/uploads\/2022\/09\/5-5-358x358.png 358w, https:\/\/mikkipet.com\/wp-content\/uploads\/2022\/09\/5-5-100x100.png 100w\" sizes=\"auto, (max-width: 533px) 100vw, 533px\" \/><\/figure>\n\n\n\n<p class=\"has-medium-font-size\"><strong>Conseils pour le soin des chiens et des chats<\/strong><\/p>\n\n\n\n<ul class=\"wp-block-list\">\n<li><a href=\"https:\/\/mikkipet.com\/fr\/prendre-soin-de-son-chien-en-saison\/\">Prendre soin de son chien en saison<\/a><\/li>\n\n\n\n<li><a href=\"https:\/\/mikkipet.com\/fr\/soccuper-dun-animal-blesse-ou-malade\/\">S&rsquo;occuper d&rsquo;un animal bless\u00e9 ou malade  <\/a><\/li>\n\n\n\n<li><a href=\"https:\/\/mikkipet.com\/fr\/laisser-son-chien-seul-a-la-maison\/\">Laisser son chien seul \u00e0 la maison<\/a><\/li>\n<\/ul>\n<\/div>\n<\/div>\n<\/div>\n<\/div>\n<\/div>\n<\/div>\n\n<div class=\"wp-block-columns has-light-green-cyan-color has-ast-global-color-6-background-color has-text-color has-background is-layout-flex wp-container-core-columns-is-layout-28f84493 wp-block-columns-is-layout-flex\" style=\"border-radius:25px\">\n<div class=\"wp-block-column is-layout-flow wp-block-column-is-layout-flow\"><\/div>\n<\/div>\n","protected":false},"excerpt":{"rendered":"<p>Conseils et astuces Aide et conseils pour s&rsquo;occuper de son chat ou de son chien. Jetez un coup d&rsquo;\u0153il ci-dessous pour plus d&rsquo;informations ou consultez nos FAQ ici: Conseils pour le toilettage des chiens et des chats Conseils pour le dressage des chiens et des chats Conseils pour le soin des chiens et des chats<\/p>\n","protected":false},"author":4,"featured_media":0,"parent":0,"menu_order":0,"comment_status":"closed","ping_status":"closed","template":"","meta":{"_acf_changed":false,"_relevanssi_hide_post":"","_relevanssi_hide_content":"","_relevanssi_pin_for_all":"","_relevanssi_pin_keywords":"","_relevanssi_unpin_keywords":"","_relevanssi_related_keywords":"","_relevanssi_related_include_ids":"","_relevanssi_related_exclude_ids":"","_relevanssi_related_no_append":"","_relevanssi_related_not_related":"","_relevanssi_related_posts":"","_relevanssi_noindex_reason":"","_uag_custom_page_level_css":"","advgb_blocks_editor_width":"","advgb_blocks_columns_visual_guide":"","site-sidebar-layout":"default","site-content-layout":"","ast-site-content-layout":"default","site-content-style":"default","site-sidebar-style":"default","ast-global-header-display":"","ast-banner-title-visibility":"","ast-main-header-display":"","ast-hfb-above-header-display":"","ast-hfb-below-header-display":"","ast-hfb-mobile-header-display":"","site-post-title":"disabled","ast-breadcrumbs-content":"","ast-featured-img":"","footer-sml-layout":"","theme-transparent-header-meta":"","adv-header-id-meta":"","stick-header-meta":"","header-above-stick-meta":"","header-main-stick-meta":"","header-below-stick-meta":"","astra-migrate-meta-layouts":"default","ast-page-background-enabled":"default","ast-page-background-meta":{"desktop":{"background-color":"","background-image":"","background-repeat":"repeat","background-position":"center center","background-size":"auto","background-attachment":"scroll","background-type":"","background-media":"","overlay-type":"","overlay-color":"","overlay-opacity":"","overlay-gradient":""},"tablet":{"background-color":"","background-image":"","background-repeat":"repeat","background-position":"center center","background-size":"auto","background-attachment":"scroll","background-type":"","background-media":"","overlay-type":"","overlay-color":"","overlay-opacity":"","overlay-gradient":""},"mobile":{"background-color":"","background-image":"","background-repeat":"repeat","background-position":"center center","background-size":"auto","background-attachment":"scroll","background-type":"","background-media":"","overlay-type":"","overlay-color":"","overlay-opacity":"","overlay-gradient":""}},"ast-content-background-meta":{"desktop":{"background-color":"var(--ast-global-color-5)","background-image":"","background-repeat":"repeat","background-position":"center center","background-size":"auto","background-attachment":"scroll","background-type":"","background-media":"","overlay-type":"","overlay-color":"","overlay-opacity":"","overlay-gradient":""},"tablet":{"background-color":"var(--ast-global-color-5)","background-image":"","background-repeat":"repeat","background-position":"center center","background-size":"auto","background-attachment":"scroll","background-type":"","background-media":"","overlay-type":"","overlay-color":"","overlay-opacity":"","overlay-gradient":""},"mobile":{"background-color":"var(--ast-global-color-5)","background-image":"","background-repeat":"repeat","background-position":"center center","background-size":"auto","background-attachment":"scroll","background-type":"","background-media":"","overlay-type":"","overlay-color":"","overlay-opacity":"","overlay-gradient":""}},"footnotes":""},"class_list":["ranking_","post-19182","page","type-page","status-publish","hentry"],"acf":[],"yoast_head":"<!-- This site is optimized with the Yoast SEO plugin v25.8 - https:\/\/yoast.com\/wordpress\/plugins\/seo\/ -->\n<title>Conseils et astuces - Mikki Pet<\/title>\n<meta name=\"robots\" content=\"index, follow, max-snippet:-1, max-image-preview:large, max-video-preview:-1\" \/>\n<link rel=\"canonical\" href=\"https:\/\/mikkipet.com\/fr\/conseils-et-astuces\/\" \/>\n<meta property=\"og:locale\" content=\"fr_FR\" \/>\n<meta property=\"og:type\" content=\"article\" \/>\n<meta property=\"og:title\" content=\"Conseils et astuces - Mikki Pet\" \/>\n<meta property=\"og:description\" content=\"Conseils et astuces Aide et conseils pour s&rsquo;occuper de son chat ou de son chien. Jetez un coup d&rsquo;\u0153il ci-dessous pour plus d&rsquo;informations ou consultez nos FAQ ici: Conseils pour le toilettage des chiens et des chats Conseils pour le dressage des chiens et des chats Conseils pour le soin des chiens et des chats\" \/>\n<meta property=\"og:url\" content=\"https:\/\/mikkipet.com\/fr\/conseils-et-astuces\/\" \/>\n<meta property=\"og:site_name\" content=\"Mikki Pet\" \/>\n<meta property=\"article:modified_time\" content=\"2024-08-28T07:56:59+00:00\" \/>\n<meta property=\"og:image\" content=\"https:\/\/mikkipet.com\/wp-content\/uploads\/2022\/10\/Wordpress-banner-DESKTOP-Mikki-FAQS-1280-&#xD7;-540px-1024x432.png\" \/>\n<meta name=\"twitter:card\" content=\"summary_large_image\" \/>\n<meta name=\"twitter:label1\" content=\"Est. reading time\" \/>\n\t<meta name=\"twitter:data1\" content=\"1 minute\" \/>\n<script type=\"application\/ld+json\" class=\"yoast-schema-graph\">{\"@context\":\"https:\/\/schema.org\",\"@graph\":[{\"@type\":\"WebPage\",\"@id\":\"https:\/\/mikkipet.com\/fr\/conseils-et-astuces\/\",\"url\":\"https:\/\/mikkipet.com\/fr\/conseils-et-astuces\/\",\"name\":\"Conseils et astuces - Mikki Pet\",\"isPartOf\":{\"@id\":\"https:\/\/mikkipet.com\/fr\/#website\"},\"primaryImageOfPage\":{\"@id\":\"https:\/\/mikkipet.com\/fr\/conseils-et-astuces\/#primaryimage\"},\"image\":{\"@id\":\"https:\/\/mikkipet.com\/fr\/conseils-et-astuces\/#primaryimage\"},\"thumbnailUrl\":\"https:\/\/mikkipet.com\/wp-content\/uploads\/2022\/10\/Wordpress-banner-DESKTOP-Mikki-FAQS-1280-&#xD7;-540px-1024x432.png\",\"datePublished\":\"2022-10-19T14:11:13+00:00\",\"dateModified\":\"2024-08-28T07:56:59+00:00\",\"breadcrumb\":{\"@id\":\"https:\/\/mikkipet.com\/fr\/conseils-et-astuces\/#breadcrumb\"},\"inLanguage\":\"fr-FR\",\"potentialAction\":[{\"@type\":\"ReadAction\",\"target\":[\"https:\/\/mikkipet.com\/fr\/conseils-et-astuces\/\"]}]},{\"@type\":\"ImageObject\",\"inLanguage\":\"fr-FR\",\"@id\":\"https:\/\/mikkipet.com\/fr\/conseils-et-astuces\/#primaryimage\",\"url\":\"https:\/\/mikkipet.com\/wp-content\/uploads\/2022\/10\/Wordpress-banner-DESKTOP-Mikki-FAQS-1280-&#xD7;-540px-1024x432.png\",\"contentUrl\":\"https:\/\/mikkipet.com\/wp-content\/uploads\/2022\/10\/Wordpress-banner-DESKTOP-Mikki-FAQS-1280-&#xD7;-540px-1024x432.png\"},{\"@type\":\"BreadcrumbList\",\"@id\":\"https:\/\/mikkipet.com\/fr\/conseils-et-astuces\/#breadcrumb\",\"itemListElement\":[{\"@type\":\"ListItem\",\"position\":1,\"name\":\"Home\",\"item\":\"https:\/\/mikkipet.com\/fr\/\"},{\"@type\":\"ListItem\",\"position\":2,\"name\":\"Conseils et astuces\"}]},{\"@type\":\"WebSite\",\"@id\":\"https:\/\/mikkipet.com\/fr\/#website\",\"url\":\"https:\/\/mikkipet.com\/fr\/\",\"name\":\"Mikki Pet\",\"description\":\"\",\"publisher\":{\"@id\":\"https:\/\/mikkipet.com\/fr\/#organization\"},\"potentialAction\":[{\"@type\":\"SearchAction\",\"target\":{\"@type\":\"EntryPoint\",\"urlTemplate\":\"https:\/\/mikkipet.com\/fr\/?s={search_term_string}\"},\"query-input\":{\"@type\":\"PropertyValueSpecification\",\"valueRequired\":true,\"valueName\":\"search_term_string\"}}],\"inLanguage\":\"fr-FR\"},{\"@type\":\"Organization\",\"@id\":\"https:\/\/mikkipet.com\/fr\/#organization\",\"name\":\"Mikki Pet\",\"url\":\"https:\/\/mikkipet.com\/fr\/\",\"logo\":{\"@type\":\"ImageObject\",\"inLanguage\":\"fr-FR\",\"@id\":\"https:\/\/mikkipet.com\/fr\/#\/schema\/logo\/image\/\",\"url\":\"https:\/\/mikkipet.com\/wp-content\/uploads\/2024\/04\/cropped-cropped-Mikki_logo-BW.png\",\"contentUrl\":\"https:\/\/mikkipet.com\/wp-content\/uploads\/2024\/04\/cropped-cropped-Mikki_logo-BW.png\",\"width\":163,\"height\":163,\"caption\":\"Mikki Pet\"},\"image\":{\"@id\":\"https:\/\/mikkipet.com\/fr\/#\/schema\/logo\/image\/\"}}]}<\/script>\n<!-- \/ Yoast SEO plugin. -->","yoast_head_json":{"title":"Conseils et astuces - Mikki Pet","robots":{"index":"index","follow":"follow","max-snippet":"max-snippet:-1","max-image-preview":"max-image-preview:large","max-video-preview":"max-video-preview:-1"},"canonical":"https:\/\/mikkipet.com\/fr\/conseils-et-astuces\/","og_locale":"fr_FR","og_type":"article","og_title":"Conseils et astuces - Mikki Pet","og_description":"Conseils et astuces Aide et conseils pour s&rsquo;occuper de son chat ou de son chien. Jetez un coup d&rsquo;\u0153il ci-dessous pour plus d&rsquo;informations ou consultez nos FAQ ici: Conseils pour le toilettage des chiens et des chats Conseils pour le dressage des chiens et des chats Conseils pour le soin des chiens et des chats","og_url":"https:\/\/mikkipet.com\/fr\/conseils-et-astuces\/","og_site_name":"Mikki Pet","article_modified_time":"2024-08-28T07:56:59+00:00","og_image":[{"url":"https:\/\/mikkipet.com\/wp-content\/uploads\/2022\/10\/Wordpress-banner-DESKTOP-Mikki-FAQS-1280-&#xD7;-540px-1024x432.png","type":"","width":"","height":""}],"twitter_card":"summary_large_image","twitter_misc":{"Est. reading time":"1 minute"},"schema":{"@context":"https:\/\/schema.org","@graph":[{"@type":"WebPage","@id":"https:\/\/mikkipet.com\/fr\/conseils-et-astuces\/","url":"https:\/\/mikkipet.com\/fr\/conseils-et-astuces\/","name":"Conseils et astuces - Mikki Pet","isPartOf":{"@id":"https:\/\/mikkipet.com\/fr\/#website"},"primaryImageOfPage":{"@id":"https:\/\/mikkipet.com\/fr\/conseils-et-astuces\/#primaryimage"},"image":{"@id":"https:\/\/mikkipet.com\/fr\/conseils-et-astuces\/#primaryimage"},"thumbnailUrl":"https:\/\/mikkipet.com\/wp-content\/uploads\/2022\/10\/Wordpress-banner-DESKTOP-Mikki-FAQS-1280-&#xD7;-540px-1024x432.png","datePublished":"2022-10-19T14:11:13+00:00","dateModified":"2024-08-28T07:56:59+00:00","breadcrumb":{"@id":"https:\/\/mikkipet.com\/fr\/conseils-et-astuces\/#breadcrumb"},"inLanguage":"fr-FR","potentialAction":[{"@type":"ReadAction","target":["https:\/\/mikkipet.com\/fr\/conseils-et-astuces\/"]}]},{"@type":"ImageObject","inLanguage":"fr-FR","@id":"https:\/\/mikkipet.com\/fr\/conseils-et-astuces\/#primaryimage","url":"https:\/\/mikkipet.com\/wp-content\/uploads\/2022\/10\/Wordpress-banner-DESKTOP-Mikki-FAQS-1280-&#xD7;-540px-1024x432.png","contentUrl":"https:\/\/mikkipet.com\/wp-content\/uploads\/2022\/10\/Wordpress-banner-DESKTOP-Mikki-FAQS-1280-&#xD7;-540px-1024x432.png"},{"@type":"BreadcrumbList","@id":"https:\/\/mikkipet.com\/fr\/conseils-et-astuces\/#breadcrumb","itemListElement":[{"@type":"ListItem","position":1,"name":"Home","item":"https:\/\/mikkipet.com\/fr\/"},{"@type":"ListItem","position":2,"name":"Conseils et astuces"}]},{"@type":"WebSite","@id":"https:\/\/mikkipet.com\/fr\/#website","url":"https:\/\/mikkipet.com\/fr\/","name":"Mikki Pet","description":"","publisher":{"@id":"https:\/\/mikkipet.com\/fr\/#organization"},"potentialAction":[{"@type":"SearchAction","target":{"@type":"EntryPoint","urlTemplate":"https:\/\/mikkipet.com\/fr\/?s={search_term_string}"},"query-input":{"@type":"PropertyValueSpecification","valueRequired":true,"valueName":"search_term_string"}}],"inLanguage":"fr-FR"},{"@type":"Organization","@id":"https:\/\/mikkipet.com\/fr\/#organization","name":"Mikki Pet","url":"https:\/\/mikkipet.com\/fr\/","logo":{"@type":"ImageObject","inLanguage":"fr-FR","@id":"https:\/\/mikkipet.com\/fr\/#\/schema\/logo\/image\/","url":"https:\/\/mikkipet.com\/wp-content\/uploads\/2024\/04\/cropped-cropped-Mikki_logo-BW.png","contentUrl":"https:\/\/mikkipet.com\/wp-content\/uploads\/2024\/04\/cropped-cropped-Mikki_logo-BW.png","width":163,"height":163,"caption":"Mikki Pet"},"image":{"@id":"https:\/\/mikkipet.com\/fr\/#\/schema\/logo\/image\/"}}]}},"uagb_featured_image_src":{"full":false,"thumbnail":false,"medium":false,"medium_large":false,"large":false,"gs-tiny":false,"xl":false,"xxl":false,"xxxl":false,"xxxxl":false,"xxxxxl":false,"blz_expanded_feature":false,"1536x1536":false,"2048x2048":false,"background_image":false,"woocommerce_thumbnail":false,"woocommerce_single":false,"woocommerce_gallery_thumbnail":false,"shop_catalog":false,"shop_single":false,"shop_thumbnail":false,"page-header":false,"page-two-to-one":false},"uagb_author_info":{"display_name":"Phil Durston","author_link":"https:\/\/mikkipet.com\/fr\/author\/phil\/"},"uagb_comment_info":0,"uagb_excerpt":"Conseils et astuces Aide et conseils pour s&rsquo;occuper de son chat ou de son chien. Jetez un coup d&rsquo;\u0153il ci-dessous pour plus d&rsquo;informations ou consultez nos FAQ ici: Conseils pour le toilettage des chiens et des chats Conseils pour le dressage des chiens et des chats Conseils pour le soin des chiens et des chats","coauthors":[],"author_meta":{"author_link":"https:\/\/mikkipet.com\/fr\/author\/phil\/","display_name":"Phil Durston"},"relative_dates":{"created":"Publi\u00e9 3 ans il y a","modified":"Mis \u00e0 jour 2 ans il y a"},"absolute_dates":{"created":"Publi\u00e9 le ","modified":"Mise \u00e0 jour le "},"absolute_dates_time":{"created":"Publi\u00e9 le  ","modified":"Mise \u00e0 jour le  "},"featured_img_caption":"","featured_img":false,"series_order":"","_links":{"self":[{"href":"https:\/\/mikkipet.com\/fr\/wp-json\/wp\/v2\/pages\/19182","targetHints":{"allow":["GET"]}}],"collection":[{"href":"https:\/\/mikkipet.com\/fr\/wp-json\/wp\/v2\/pages"}],"about":[{"href":"https:\/\/mikkipet.com\/fr\/wp-json\/wp\/v2\/types\/page"}],"author":[{"embeddable":true,"href":"https:\/\/mikkipet.com\/fr\/wp-json\/wp\/v2\/users\/4"}],"replies":[{"embeddable":true,"href":"https:\/\/mikkipet.com\/fr\/wp-json\/wp\/v2\/comments?post=19182"}],"version-history":[{"count":2,"href":"https:\/\/mikkipet.com\/fr\/wp-json\/wp\/v2\/pages\/19182\/revisions"}],"predecessor-version":[{"id":26121,"href":"https:\/\/mikkipet.com\/fr\/wp-json\/wp\/v2\/pages\/19182\/revisions\/26121"}],"wp:attachment":[{"href":"https:\/\/mikkipet.com\/fr\/wp-json\/wp\/v2\/media?parent=19182"}],"curies":[{"name":"wp","href":"https:\/\/api.w.org\/{rel}","templated":true}]}}