{"id":32208,"date":"2024-06-07T16:06:44","date_gmt":"2024-06-07T15:06:44","guid":{"rendered":"https:\/\/mikkipet.com\/produits-pour-chiens-et-chats\/"},"modified":"2024-08-28T08:57:42","modified_gmt":"2024-08-28T07:57:42","slug":"produits-pour-chiens-et-chats","status":"publish","type":"page","link":"https:\/\/mikkipet.com\/fr\/produits-pour-chiens-et-chats\/","title":{"rendered":"Produits pour chiens et chats"},"content":{"rendered":"\n<div class=\"wp-block-uagb-container home-page-category-grid uag-blocks-common-selector uagb-block-5db6ecd1 alignfull uagb-is-root-container\">\n<div class=\"wp-block-uagb-container hover-fade uagb-block-addf76d6\">\n<h2 class=\"wp-block-heading has-text-align-center has-ast-global-color-5-color has-text-color has-link-color wp-elements-12e0992889aee0e4d0b245fb8eae42dd\" style=\"font-size:60px\"><a href=\"#scissors\"><strong>Bambou<\/strong><\/a><\/h2>\n\n\n\n<p class=\"has-text-align-center hover-fade-text has-ast-global-color-5-color has-text-color has-link-color wp-elements-55f2cc90f397a8747faf2f1ea4f97ad5\" style=\"font-size:24px\">Toilettage respectueux de la plan\u00e8te<\/p>\n<a class=\"spectra-container-link-overlay\" rel=\"noopener\" href=\"https:\/\/mikkipet.com\/fr\/subject\/bambou\/\"> <\/a><\/div>\n\n\n\n<div class=\"wp-block-uagb-container hover-fade uagb-block-7903d632\">\n<h2 class=\"wp-block-heading has-text-align-center has-ast-global-color-5-color has-text-color has-link-color wp-elements-4d8715ea2e1a8cb67fb4a83a51863eac\" style=\"padding-top:0px;padding-bottom:0px;font-size:60px\"><strong>Classique<\/strong><\/h2>\n\n\n\n<p class=\"has-text-align-center hover-fade-text has-ast-global-color-5-color has-text-color has-link-color wp-elements-a3c190c0f2d55df965febb4d1e736f5d\" style=\"font-size:24px\">Soins aux chiens et aux chats<\/p>\n<a class=\"spectra-container-link-overlay\" rel=\"noopener\" href=\"https:\/\/mikkipet.com\/subject\/classic\/\"> <\/a><\/div>\n\n\n\n<div class=\"wp-block-uagb-container hover-fade uagb-block-9013d3a5\">\n<h2 class=\"wp-block-heading has-text-align-center has-ast-global-color-5-color has-text-color has-link-color wp-elements-cd4b9a8b917799eea1df856f138a5e2a\" style=\"padding-top:0px;padding-bottom:0px;font-size:60px\"><strong>Doodles<\/strong><\/h2>\n\n\n\n<p class=\"has-text-align-center hover-fade-text has-ast-global-color-5-color has-text-color has-link-color wp-elements-819eef958507e5004b1999537d0d147f\" style=\"font-size:24px\">Toilettage des caniches crois\u00e9s<\/p>\n<a class=\"spectra-container-link-overlay\" rel=\"noopener\" href=\"https:\/\/mikkipet.com\/fr\/subject\/doodles\/\"> <\/a><\/div>\n<\/div>\n\n<div class=\"wp-block-uagb-container home-page-category-grid uag-blocks-common-selector uagb-block-3c107ec1 alignfull uagb-is-root-container\">\n<div class=\"wp-block-uagb-container hover-fade uagb-block-0dcf5de8\">\n<h2 class=\"wp-block-heading has-text-align-center has-ast-global-color-5-color has-text-color has-link-color wp-elements-1158d0456199fcd57cf3065a49770cd1\" style=\"font-size:60px\"><a href=\"https:\/\/mikkipet.com\/fr\/toilettage\/\">Toilettage<\/a><\/h2>\n\n\n\n<p class=\"has-text-align-center hover-fade-text has-ast-global-color-5-color has-text-color has-link-color wp-elements-8a08f68554a000b8917ac510c5883a9a\" style=\"font-size:24px\">Toilettage des chiens et des chats<\/p>\n<a class=\"spectra-container-link-overlay\" rel=\"noopener\" href=\"https:\/\/mikkipet.com\/fr\/toilettage\/\"> <\/a><\/div>\n\n\n\n<div class=\"wp-block-uagb-container hover-fade uagb-block-b2cf8195\">\n<h2 class=\"wp-block-heading has-text-align-center has-ast-global-color-5-color has-text-color has-link-color wp-elements-a80074ca46eb2bc670749f988633ab36\" style=\"padding-top:0px;padding-bottom:0px;font-size:60px\"><a href=\"https:\/\/mikkipet.com\/fr\/formation\/\">Formation<\/a><\/h2>\n\n\n\n<p class=\"has-text-align-center hover-fade-text has-ast-global-color-5-color has-text-color has-link-color wp-elements-65391f3b717fc9d80c65a826eacf535b\" style=\"font-size:24px\">Le dressage des chiens en toute simplicit\u00e9<\/p>\n<a class=\"spectra-container-link-overlay\" rel=\"noopener\" href=\"https:\/\/mikkipet.com\/fr\/formation\/\"> <\/a><\/div>\n\n\n\n<div class=\"wp-block-uagb-container hover-fade uagb-block-fab262f3\">\n<h2 class=\"wp-block-heading has-text-align-center has-ast-global-color-5-color has-text-color has-link-color wp-elements-133179237eb2234a8154c5e0af391460\" style=\"font-size:60px\"><a href=\"https:\/\/mikkipet.com\/fr\/soins\/\">Soins<\/a><\/h2>\n\n\n\n<p class=\"has-text-align-center hover-fade-text has-ast-global-color-5-color has-text-color has-link-color wp-elements-3f3e89e779fa4f533948fd27b77d84bf\" style=\"font-size:24px\">Du confort aux soins<\/p>\n<a class=\"spectra-container-link-overlay\" rel=\"noopener\" href=\"https:\/\/mikkipet.com\/fr\/soins\/\"> <\/a><\/div>\n<\/div>\n\n<div class=\"wp-block-uagb-container home-page-info-grid uagb-block-40039d9f alignfull uagb-is-root-container\"><div class=\"uagb-container-inner-blocks-wrap\">\n<div class=\"wp-block-uagb-container uagb-block-eea51801\">\n<div class=\"wp-block-uagb-container uagb-block-049260e3\"><\/div>\n\n\n\n<h2 class=\"wp-block-heading has-text-align-center has-ast-global-color-2-color has-text-color has-link-color wp-elements-0b8ea5bcb71cb5aa05393798651a1aeb\"><a href=\"https:\/\/mikkipet.com\/fr\/ou-acheter\/\">O\u00f9 acheter<\/a><\/h2>\n<\/div>\n\n\n\n<div class=\"wp-block-uagb-container uagb-block-a004efb4\">\n<div class=\"wp-block-uagb-container uagb-block-151e8a67\"><\/div>\n\n\n\n<h2 class=\"wp-block-heading has-text-align-center has-ast-global-color-3-color has-text-color has-link-color wp-elements-a9f0fae03b97c1aaa0c18786ffb1baa7\"><a href=\"https:\/\/mikkipet.com\/fr\/conseils-et-astuces\/\">Conseils et astuces<\/a><\/h2>\n<\/div>\n\n\n\n<div class=\"wp-block-uagb-container uagb-block-631ea3af\">\n<div class=\"wp-block-uagb-container uagb-block-119189a9\"><\/div>\n\n\n\n<h2 class=\"wp-block-heading has-text-align-center has-ast-global-color-3-color has-text-color has-link-color wp-elements-9a0f38088bda687430abbd65932c7de3\"><a href=\"https:\/\/mikkipet.com\/fr\/nous-contacter\/\">Nous contacter<\/a><\/h2>\n<\/div>\n<\/div><\/div>\n","protected":false},"excerpt":{"rendered":"<p>Bambou Toilettage respectueux de la plan\u00e8te Classique Soins aux chiens et aux chats Doodles Toilettage des caniches crois\u00e9s Toilettage Toilettage des chiens et des chats Formation Le dressage des chiens en toute simplicit\u00e9 Soins Du confort aux soins O\u00f9 acheter Conseils et astuces Nous contacter<\/p>\n","protected":false},"author":4,"featured_media":0,"parent":0,"menu_order":0,"comment_status":"closed","ping_status":"closed","template":"","meta":{"_acf_changed":false,"_relevanssi_hide_post":"","_relevanssi_hide_content":"","_relevanssi_pin_for_all":"","_relevanssi_pin_keywords":"","_relevanssi_unpin_keywords":"","_relevanssi_related_keywords":"","_relevanssi_related_include_ids":"","_relevanssi_related_exclude_ids":"","_relevanssi_related_no_append":"","_relevanssi_related_not_related":"","_relevanssi_related_posts":"","_relevanssi_noindex_reason":"","_uag_custom_page_level_css":"","advgb_blocks_editor_width":"","advgb_blocks_columns_visual_guide":"","site-sidebar-layout":"default","site-content-layout":"","ast-site-content-layout":"default","site-content-style":"default","site-sidebar-style":"default","ast-global-header-display":"","ast-banner-title-visibility":"","ast-main-header-display":"","ast-hfb-above-header-display":"","ast-hfb-below-header-display":"","ast-hfb-mobile-header-display":"","site-post-title":"disabled","ast-breadcrumbs-content":"","ast-featured-img":"","footer-sml-layout":"","ast-disable-related-posts":"","theme-transparent-header-meta":"","adv-header-id-meta":"","stick-header-meta":"","header-above-stick-meta":"","header-main-stick-meta":"","header-below-stick-meta":"","astra-migrate-meta-layouts":"default","ast-page-background-enabled":"default","ast-page-background-meta":{"desktop":{"background-color":"","background-image":"","background-repeat":"repeat","background-position":"center center","background-size":"auto","background-attachment":"scroll","background-type":"","background-media":"","overlay-type":"","overlay-color":"","overlay-opacity":"","overlay-gradient":""},"tablet":{"background-color":"","background-image":"","background-repeat":"repeat","background-position":"center center","background-size":"auto","background-attachment":"scroll","background-type":"","background-media":"","overlay-type":"","overlay-color":"","overlay-opacity":"","overlay-gradient":""},"mobile":{"background-color":"","background-image":"","background-repeat":"repeat","background-position":"center center","background-size":"auto","background-attachment":"scroll","background-type":"","background-media":"","overlay-type":"","overlay-color":"","overlay-opacity":"","overlay-gradient":""}},"ast-content-background-meta":{"desktop":{"background-color":"var(--ast-global-color-5)","background-image":"","background-repeat":"repeat","background-position":"center center","background-size":"auto","background-attachment":"scroll","background-type":"","background-media":"","overlay-type":"","overlay-color":"","overlay-opacity":"","overlay-gradient":""},"tablet":{"background-color":"var(--ast-global-color-5)","background-image":"","background-repeat":"repeat","background-position":"center center","background-size":"auto","background-attachment":"scroll","background-type":"","background-media":"","overlay-type":"","overlay-color":"","overlay-opacity":"","overlay-gradient":""},"mobile":{"background-color":"var(--ast-global-color-5)","background-image":"","background-repeat":"repeat","background-position":"center center","background-size":"auto","background-attachment":"scroll","background-type":"","background-media":"","overlay-type":"","overlay-color":"","overlay-opacity":"","overlay-gradient":""}},"footnotes":""},"class_list":["ranking_","post-32208","page","type-page","status-publish","hentry"],"acf":[],"yoast_head":"<!-- This site is optimized with the Yoast SEO plugin v27.3 - https:\/\/yoast.com\/product\/yoast-seo-wordpress\/ -->\n<title>Produits pour chiens et chats - Mikki Pet<\/title>\n<meta name=\"robots\" content=\"index, follow, max-snippet:-1, max-image-preview:large, max-video-preview:-1\" \/>\n<link rel=\"canonical\" href=\"https:\/\/mikkipet.com\/fr\/produits-pour-chiens-et-chats\/\" \/>\n<meta property=\"og:locale\" content=\"fr_FR\" \/>\n<meta property=\"og:type\" content=\"article\" \/>\n<meta property=\"og:title\" content=\"Produits pour chiens et chats - Mikki Pet\" \/>\n<meta property=\"og:description\" content=\"Bambou Toilettage respectueux de la plan\u00e8te Classique Soins aux chiens et aux chats Doodles Toilettage des caniches crois\u00e9s Toilettage Toilettage des chiens et des chats Formation Le dressage des chiens en toute simplicit\u00e9 Soins Du confort aux soins O\u00f9 acheter Conseils et astuces Nous contacter\" \/>\n<meta property=\"og:url\" content=\"https:\/\/mikkipet.com\/fr\/produits-pour-chiens-et-chats\/\" \/>\n<meta property=\"og:site_name\" content=\"Mikki Pet\" \/>\n<meta property=\"article:modified_time\" content=\"2024-08-28T07:57:42+00:00\" \/>\n<meta name=\"twitter:card\" content=\"summary_large_image\" \/>\n<script type=\"application\/ld+json\" class=\"yoast-schema-graph\">{\"@context\":\"https:\\\/\\\/schema.org\",\"@graph\":[{\"@type\":\"WebPage\",\"@id\":\"https:\\\/\\\/mikkipet.com\\\/fr\\\/produits-pour-chiens-et-chats\\\/\",\"url\":\"https:\\\/\\\/mikkipet.com\\\/fr\\\/produits-pour-chiens-et-chats\\\/\",\"name\":\"Produits pour chiens et chats - Mikki Pet\",\"isPartOf\":{\"@id\":\"https:\\\/\\\/mikkipet.com\\\/fr\\\/#website\"},\"datePublished\":\"2024-06-07T15:06:44+00:00\",\"dateModified\":\"2024-08-28T07:57:42+00:00\",\"breadcrumb\":{\"@id\":\"https:\\\/\\\/mikkipet.com\\\/fr\\\/produits-pour-chiens-et-chats\\\/#breadcrumb\"},\"inLanguage\":\"fr-FR\",\"potentialAction\":[{\"@type\":\"ReadAction\",\"target\":[\"https:\\\/\\\/mikkipet.com\\\/fr\\\/produits-pour-chiens-et-chats\\\/\"]}]},{\"@type\":\"BreadcrumbList\",\"@id\":\"https:\\\/\\\/mikkipet.com\\\/fr\\\/produits-pour-chiens-et-chats\\\/#breadcrumb\",\"itemListElement\":[{\"@type\":\"ListItem\",\"position\":1,\"name\":\"Home\",\"item\":\"https:\\\/\\\/mikkipet.com\\\/fr\\\/\"},{\"@type\":\"ListItem\",\"position\":2,\"name\":\"Produits pour chiens et chats\"}]},{\"@type\":\"WebSite\",\"@id\":\"https:\\\/\\\/mikkipet.com\\\/fr\\\/#website\",\"url\":\"https:\\\/\\\/mikkipet.com\\\/fr\\\/\",\"name\":\"Mikki Pet\",\"description\":\"\",\"publisher\":{\"@id\":\"https:\\\/\\\/mikkipet.com\\\/fr\\\/#organization\"},\"potentialAction\":[{\"@type\":\"SearchAction\",\"target\":{\"@type\":\"EntryPoint\",\"urlTemplate\":\"https:\\\/\\\/mikkipet.com\\\/fr\\\/?s={search_term_string}\"},\"query-input\":{\"@type\":\"PropertyValueSpecification\",\"valueRequired\":true,\"valueName\":\"search_term_string\"}}],\"inLanguage\":\"fr-FR\"},{\"@type\":\"Organization\",\"@id\":\"https:\\\/\\\/mikkipet.com\\\/fr\\\/#organization\",\"name\":\"Mikki Pet\",\"url\":\"https:\\\/\\\/mikkipet.com\\\/fr\\\/\",\"logo\":{\"@type\":\"ImageObject\",\"inLanguage\":\"fr-FR\",\"@id\":\"https:\\\/\\\/mikkipet.com\\\/fr\\\/#\\\/schema\\\/logo\\\/image\\\/\",\"url\":\"https:\\\/\\\/mikkipet.com\\\/wp-content\\\/uploads\\\/2024\\\/04\\\/cropped-cropped-Mikki_logo-BW.png\",\"contentUrl\":\"https:\\\/\\\/mikkipet.com\\\/wp-content\\\/uploads\\\/2024\\\/04\\\/cropped-cropped-Mikki_logo-BW.png\",\"width\":163,\"height\":163,\"caption\":\"Mikki Pet\"},\"image\":{\"@id\":\"https:\\\/\\\/mikkipet.com\\\/fr\\\/#\\\/schema\\\/logo\\\/image\\\/\"}}]}<\/script>\n<!-- \/ Yoast SEO plugin. -->","yoast_head_json":{"title":"Produits pour chiens et chats - Mikki Pet","robots":{"index":"index","follow":"follow","max-snippet":"max-snippet:-1","max-image-preview":"max-image-preview:large","max-video-preview":"max-video-preview:-1"},"canonical":"https:\/\/mikkipet.com\/fr\/produits-pour-chiens-et-chats\/","og_locale":"fr_FR","og_type":"article","og_title":"Produits pour chiens et chats - Mikki Pet","og_description":"Bambou Toilettage respectueux de la plan\u00e8te Classique Soins aux chiens et aux chats Doodles Toilettage des caniches crois\u00e9s Toilettage Toilettage des chiens et des chats Formation Le dressage des chiens en toute simplicit\u00e9 Soins Du confort aux soins O\u00f9 acheter Conseils et astuces Nous contacter","og_url":"https:\/\/mikkipet.com\/fr\/produits-pour-chiens-et-chats\/","og_site_name":"Mikki Pet","article_modified_time":"2024-08-28T07:57:42+00:00","twitter_card":"summary_large_image","schema":{"@context":"https:\/\/schema.org","@graph":[{"@type":"WebPage","@id":"https:\/\/mikkipet.com\/fr\/produits-pour-chiens-et-chats\/","url":"https:\/\/mikkipet.com\/fr\/produits-pour-chiens-et-chats\/","name":"Produits pour chiens et chats - Mikki Pet","isPartOf":{"@id":"https:\/\/mikkipet.com\/fr\/#website"},"datePublished":"2024-06-07T15:06:44+00:00","dateModified":"2024-08-28T07:57:42+00:00","breadcrumb":{"@id":"https:\/\/mikkipet.com\/fr\/produits-pour-chiens-et-chats\/#breadcrumb"},"inLanguage":"fr-FR","potentialAction":[{"@type":"ReadAction","target":["https:\/\/mikkipet.com\/fr\/produits-pour-chiens-et-chats\/"]}]},{"@type":"BreadcrumbList","@id":"https:\/\/mikkipet.com\/fr\/produits-pour-chiens-et-chats\/#breadcrumb","itemListElement":[{"@type":"ListItem","position":1,"name":"Home","item":"https:\/\/mikkipet.com\/fr\/"},{"@type":"ListItem","position":2,"name":"Produits pour chiens et chats"}]},{"@type":"WebSite","@id":"https:\/\/mikkipet.com\/fr\/#website","url":"https:\/\/mikkipet.com\/fr\/","name":"Mikki Pet","description":"","publisher":{"@id":"https:\/\/mikkipet.com\/fr\/#organization"},"potentialAction":[{"@type":"SearchAction","target":{"@type":"EntryPoint","urlTemplate":"https:\/\/mikkipet.com\/fr\/?s={search_term_string}"},"query-input":{"@type":"PropertyValueSpecification","valueRequired":true,"valueName":"search_term_string"}}],"inLanguage":"fr-FR"},{"@type":"Organization","@id":"https:\/\/mikkipet.com\/fr\/#organization","name":"Mikki Pet","url":"https:\/\/mikkipet.com\/fr\/","logo":{"@type":"ImageObject","inLanguage":"fr-FR","@id":"https:\/\/mikkipet.com\/fr\/#\/schema\/logo\/image\/","url":"https:\/\/mikkipet.com\/wp-content\/uploads\/2024\/04\/cropped-cropped-Mikki_logo-BW.png","contentUrl":"https:\/\/mikkipet.com\/wp-content\/uploads\/2024\/04\/cropped-cropped-Mikki_logo-BW.png","width":163,"height":163,"caption":"Mikki Pet"},"image":{"@id":"https:\/\/mikkipet.com\/fr\/#\/schema\/logo\/image\/"}}]}},"uagb_featured_image_src":{"full":false,"thumbnail":false,"medium":false,"medium_large":false,"large":false,"gs-tiny":false,"xl":false,"xxl":false,"xxxl":false,"xxxxl":false,"xxxxxl":false,"blz_expanded_feature":false,"1536x1536":false,"2048x2048":false,"background_image":false,"woocommerce_thumbnail":false,"woocommerce_single":false,"woocommerce_gallery_thumbnail":false,"shop_catalog":false,"shop_single":false,"shop_thumbnail":false,"page-header":false,"page-two-to-one":false},"uagb_author_info":{"display_name":"Phil Durston","author_link":"https:\/\/mikkipet.com\/fr\/author\/phil\/"},"uagb_comment_info":0,"uagb_excerpt":"Bambou Toilettage respectueux de la plan\u00e8te Classique Soins aux chiens et aux chats Doodles Toilettage des caniches crois\u00e9s Toilettage Toilettage des chiens et des chats Formation Le dressage des chiens en toute simplicit\u00e9 Soins Du confort aux soins O\u00f9 acheter Conseils et astuces Nous contacter","coauthors":[],"author_meta":{"author_link":"https:\/\/mikkipet.com\/fr\/author\/phil\/","display_name":"Phil Durston"},"relative_dates":{"created":"Publi\u00e9 2 ans il y a","modified":"Mis \u00e0 jour 2 ans il y a"},"absolute_dates":{"created":"Publi\u00e9 le ","modified":"Mise \u00e0 jour le "},"absolute_dates_time":{"created":"Publi\u00e9 le  ","modified":"Mise \u00e0 jour le  "},"featured_img_caption":"","featured_img":false,"series_order":"","_links":{"self":[{"href":"https:\/\/mikkipet.com\/fr\/wp-json\/wp\/v2\/pages\/32208","targetHints":{"allow":["GET"]}}],"collection":[{"href":"https:\/\/mikkipet.com\/fr\/wp-json\/wp\/v2\/pages"}],"about":[{"href":"https:\/\/mikkipet.com\/fr\/wp-json\/wp\/v2\/types\/page"}],"author":[{"embeddable":true,"href":"https:\/\/mikkipet.com\/fr\/wp-json\/wp\/v2\/users\/4"}],"replies":[{"embeddable":true,"href":"https:\/\/mikkipet.com\/fr\/wp-json\/wp\/v2\/comments?post=32208"}],"version-history":[{"count":1,"href":"https:\/\/mikkipet.com\/fr\/wp-json\/wp\/v2\/pages\/32208\/revisions"}],"predecessor-version":[{"id":32209,"href":"https:\/\/mikkipet.com\/fr\/wp-json\/wp\/v2\/pages\/32208\/revisions\/32209"}],"wp:attachment":[{"href":"https:\/\/mikkipet.com\/fr\/wp-json\/wp\/v2\/media?parent=32208"}],"curies":[{"name":"wp","href":"https:\/\/api.w.org\/{rel}","templated":true}]}}