{"id":26695,"date":"2023-12-14T16:37:19","date_gmt":"2023-12-14T16:37:19","guid":{"rendered":"https:\/\/mikkipet.com\/non%20class\u00e9\/peigne-classique-anti-enchevetrement-poil-epais\/"},"modified":"2024-08-28T12:12:26","modified_gmt":"2024-08-28T11:12:26","slug":"peigne-epais-classique-anti-emmelement","status":"publish","type":"product","link":"https:\/\/mikkipet.com\/fr\/toilettage\/noeuds-et-enchevetrements\/peigne-epais-classique-anti-emmelement\/","title":{"rendered":"Peigne classique anti-enchev\u00eatrement &#8211; Poil \u00e9pais"},"content":{"rendered":"<p>Un peigne qui d\u00e9m\u00eale les n\u0153uds en m\u00eame temps qu&rsquo;il peigne.<\/p>\n","protected":false},"excerpt":{"rendered":"<p>Un peigne qui d\u00e9m\u00eale les n\u0153uds en m\u00eame temps qu&rsquo;il peigne.<\/p>\n","protected":false},"author":4,"featured_media":21935,"template":"","meta":{"_acf_changed":false,"_relevanssi_hide_post":"","_relevanssi_hide_content":"","_relevanssi_pin_for_all":"","_relevanssi_pin_keywords":"","_relevanssi_unpin_keywords":"","_relevanssi_related_keywords":"","_relevanssi_related_include_ids":"","_relevanssi_related_exclude_ids":"","_relevanssi_related_no_append":"","_relevanssi_related_not_related":"","_relevanssi_related_posts":"","_relevanssi_noindex_reason":"","_uag_custom_page_level_css":"","advgb_blocks_editor_width":"","advgb_blocks_columns_visual_guide":"","site-sidebar-layout":"default","site-content-layout":"","ast-site-content-layout":"default","site-content-style":"default","site-sidebar-style":"default","ast-global-header-display":"","ast-banner-title-visibility":"","ast-main-header-display":"","ast-hfb-above-header-display":"","ast-hfb-below-header-display":"","ast-hfb-mobile-header-display":"","site-post-title":"","ast-breadcrumbs-content":"","ast-featured-img":"","footer-sml-layout":"","theme-transparent-header-meta":"","adv-header-id-meta":"","stick-header-meta":"","header-above-stick-meta":"","header-main-stick-meta":"","header-below-stick-meta":"","astra-migrate-meta-layouts":"default","ast-page-background-enabled":"default","ast-page-background-meta":{"desktop":{"background-color":"","background-image":"","background-repeat":"repeat","background-position":"center center","background-size":"auto","background-attachment":"scroll","background-type":"","background-media":"","overlay-type":"","overlay-color":"","overlay-opacity":"","overlay-gradient":""},"tablet":{"background-color":"","background-image":"","background-repeat":"repeat","background-position":"center center","background-size":"auto","background-attachment":"scroll","background-type":"","background-media":"","overlay-type":"","overlay-color":"","overlay-opacity":"","overlay-gradient":""},"mobile":{"background-color":"","background-image":"","background-repeat":"repeat","background-position":"center center","background-size":"auto","background-attachment":"scroll","background-type":"","background-media":"","overlay-type":"","overlay-color":"","overlay-opacity":"","overlay-gradient":""}},"ast-content-background-meta":{"desktop":{"background-color":"var(--ast-global-color-5)","background-image":"","background-repeat":"repeat","background-position":"center center","background-size":"auto","background-attachment":"scroll","background-type":"","background-media":"","overlay-type":"","overlay-color":"","overlay-opacity":"","overlay-gradient":""},"tablet":{"background-color":"var(--ast-global-color-5)","background-image":"","background-repeat":"repeat","background-position":"center center","background-size":"auto","background-attachment":"scroll","background-type":"","background-media":"","overlay-type":"","overlay-color":"","overlay-opacity":"","overlay-gradient":""},"mobile":{"background-color":"var(--ast-global-color-5)","background-image":"","background-repeat":"repeat","background-position":"center center","background-size":"auto","background-attachment":"scroll","background-type":"","background-media":"","overlay-type":"","overlay-color":"","overlay-opacity":"","overlay-gradient":""}}},"product_brand":[],"product_cat":[130,123],"product_tag":[],"inspiration_category":[252],"alternative_category":[],"class_list":{"0":"ranking_103","1":"post-26695","2":"product","3":"type-product","4":"status-publish","5":"has-post-thumbnail","7":"product_cat-noeuds-et-enchevetrements","8":"product_cat-toilettage","9":"inspiration_category-classique","10":"FACET-Coat_Type_CSV=Long\/Silky|Double\/Thick|Wool\/Doodle","11":"FACET-Grooming_Problem=N\u0153uds et enchev\u00eatrements","12":"desktop-align-left","13":"tablet-align-left","14":"mobile-align-left","15":"ast-product-gallery-layout-horizontal","16":"ast-product-gallery-with-no-image","17":"ast-product-tabs-layout-horizontal","19":"first","20":"instock","21":"shipping-taxable","22":"purchasable","23":"product-type-simple"},"acf":[],"yoast_head":"<!-- This site is optimized with the Yoast SEO plugin v25.8 - https:\/\/yoast.com\/wordpress\/plugins\/seo\/ -->\n<title>Peigne classique anti-enchev\u00eatrement - Poil \u00e9pais - Mikki Pet<\/title>\n<meta name=\"robots\" content=\"index, follow, max-snippet:-1, max-image-preview:large, max-video-preview:-1\" \/>\n<link rel=\"canonical\" href=\"https:\/\/mikkipet.com\/fr\/toilettage\/noeuds-et-enchevetrements\/peigne-epais-classique-anti-emmelement\/\" \/>\n<meta property=\"og:locale\" content=\"fr_FR\" \/>\n<meta property=\"og:type\" content=\"article\" \/>\n<meta property=\"og:title\" content=\"Peigne classique anti-enchev\u00eatrement - Poil \u00e9pais - Mikki Pet\" \/>\n<meta property=\"og:description\" content=\"Un peigne qui d\u00e9m\u00eale les n\u0153uds en m\u00eame temps qu&rsquo;il peigne.\" \/>\n<meta property=\"og:url\" content=\"https:\/\/mikkipet.com\/fr\/toilettage\/noeuds-et-enchevetrements\/peigne-epais-classique-anti-emmelement\/\" \/>\n<meta property=\"og:site_name\" content=\"Mikki Pet\" \/>\n<meta property=\"article:modified_time\" content=\"2024-08-28T11:12:26+00:00\" \/>\n<meta property=\"og:image\" content=\"https:\/\/mikkipet.com\/wp-content\/uploads\/2023\/05\/646c869f415ae8.03007779.jpg\" \/>\n\t<meta property=\"og:image:width\" content=\"768\" \/>\n\t<meta property=\"og:image:height\" content=\"768\" \/>\n\t<meta property=\"og:image:type\" content=\"image\/jpeg\" \/>\n<meta name=\"twitter:card\" content=\"summary_large_image\" \/>\n<script type=\"application\/ld+json\" class=\"yoast-schema-graph\">{\"@context\":\"https:\/\/schema.org\",\"@graph\":[{\"@type\":\"WebPage\",\"@id\":\"https:\/\/mikkipet.com\/fr\/toilettage\/noeuds-et-enchevetrements\/peigne-epais-classique-anti-emmelement\/\",\"url\":\"https:\/\/mikkipet.com\/fr\/toilettage\/noeuds-et-enchevetrements\/peigne-epais-classique-anti-emmelement\/\",\"name\":\"Peigne classique anti-enchev\u00eatrement - Poil \u00e9pais - Mikki Pet\",\"isPartOf\":{\"@id\":\"https:\/\/mikkipet.com\/fr\/#website\"},\"primaryImageOfPage\":{\"@id\":\"https:\/\/mikkipet.com\/fr\/toilettage\/noeuds-et-enchevetrements\/peigne-epais-classique-anti-emmelement\/#primaryimage\"},\"image\":{\"@id\":\"https:\/\/mikkipet.com\/fr\/toilettage\/noeuds-et-enchevetrements\/peigne-epais-classique-anti-emmelement\/#primaryimage\"},\"thumbnailUrl\":\"https:\/\/mikkipet.com\/wp-content\/uploads\/2023\/05\/646c869f415ae8.03007779.jpg\",\"datePublished\":\"2023-12-14T16:37:19+00:00\",\"dateModified\":\"2024-08-28T11:12:26+00:00\",\"breadcrumb\":{\"@id\":\"https:\/\/mikkipet.com\/fr\/toilettage\/noeuds-et-enchevetrements\/peigne-epais-classique-anti-emmelement\/#breadcrumb\"},\"inLanguage\":\"fr-FR\",\"potentialAction\":[{\"@type\":\"ReadAction\",\"target\":[\"https:\/\/mikkipet.com\/fr\/toilettage\/noeuds-et-enchevetrements\/peigne-epais-classique-anti-emmelement\/\"]}]},{\"@type\":\"ImageObject\",\"inLanguage\":\"fr-FR\",\"@id\":\"https:\/\/mikkipet.com\/fr\/toilettage\/noeuds-et-enchevetrements\/peigne-epais-classique-anti-emmelement\/#primaryimage\",\"url\":\"https:\/\/mikkipet.com\/wp-content\/uploads\/2023\/05\/646c869f415ae8.03007779.jpg\",\"contentUrl\":\"https:\/\/mikkipet.com\/wp-content\/uploads\/2023\/05\/646c869f415ae8.03007779.jpg\",\"width\":768,\"height\":768},{\"@type\":\"BreadcrumbList\",\"@id\":\"https:\/\/mikkipet.com\/fr\/toilettage\/noeuds-et-enchevetrements\/peigne-epais-classique-anti-emmelement\/#breadcrumb\",\"itemListElement\":[{\"@type\":\"ListItem\",\"position\":1,\"name\":\"Home\",\"item\":\"https:\/\/mikkipet.com\/fr\/\"},{\"@type\":\"ListItem\",\"position\":2,\"name\":\"Nos produits\",\"item\":\"https:\/\/mikkipet.com\/fr\/nos-produits\/\"},{\"@type\":\"ListItem\",\"position\":3,\"name\":\"Peigne classique anti-enchev\u00eatrement &#8211; Poil \u00e9pais\"}]},{\"@type\":\"WebSite\",\"@id\":\"https:\/\/mikkipet.com\/fr\/#website\",\"url\":\"https:\/\/mikkipet.com\/fr\/\",\"name\":\"Mikki Pet\",\"description\":\"\",\"publisher\":{\"@id\":\"https:\/\/mikkipet.com\/fr\/#organization\"},\"potentialAction\":[{\"@type\":\"SearchAction\",\"target\":{\"@type\":\"EntryPoint\",\"urlTemplate\":\"https:\/\/mikkipet.com\/fr\/?s={search_term_string}\"},\"query-input\":{\"@type\":\"PropertyValueSpecification\",\"valueRequired\":true,\"valueName\":\"search_term_string\"}}],\"inLanguage\":\"fr-FR\"},{\"@type\":\"Organization\",\"@id\":\"https:\/\/mikkipet.com\/fr\/#organization\",\"name\":\"Mikki Pet\",\"url\":\"https:\/\/mikkipet.com\/fr\/\",\"logo\":{\"@type\":\"ImageObject\",\"inLanguage\":\"fr-FR\",\"@id\":\"https:\/\/mikkipet.com\/fr\/#\/schema\/logo\/image\/\",\"url\":\"https:\/\/mikkipet.com\/wp-content\/uploads\/2024\/04\/cropped-cropped-Mikki_logo-BW.png\",\"contentUrl\":\"https:\/\/mikkipet.com\/wp-content\/uploads\/2024\/04\/cropped-cropped-Mikki_logo-BW.png\",\"width\":163,\"height\":163,\"caption\":\"Mikki Pet\"},\"image\":{\"@id\":\"https:\/\/mikkipet.com\/fr\/#\/schema\/logo\/image\/\"}}]}<\/script>\n<!-- \/ Yoast SEO plugin. -->","yoast_head_json":{"title":"Peigne classique anti-enchev\u00eatrement - Poil \u00e9pais - Mikki Pet","robots":{"index":"index","follow":"follow","max-snippet":"max-snippet:-1","max-image-preview":"max-image-preview:large","max-video-preview":"max-video-preview:-1"},"canonical":"https:\/\/mikkipet.com\/fr\/toilettage\/noeuds-et-enchevetrements\/peigne-epais-classique-anti-emmelement\/","og_locale":"fr_FR","og_type":"article","og_title":"Peigne classique anti-enchev\u00eatrement - Poil \u00e9pais - Mikki Pet","og_description":"Un peigne qui d\u00e9m\u00eale les n\u0153uds en m\u00eame temps qu&rsquo;il peigne.","og_url":"https:\/\/mikkipet.com\/fr\/toilettage\/noeuds-et-enchevetrements\/peigne-epais-classique-anti-emmelement\/","og_site_name":"Mikki Pet","article_modified_time":"2024-08-28T11:12:26+00:00","og_image":[{"width":768,"height":768,"url":"https:\/\/mikkipet.com\/wp-content\/uploads\/2023\/05\/646c869f415ae8.03007779.jpg","type":"image\/jpeg"}],"twitter_card":"summary_large_image","schema":{"@context":"https:\/\/schema.org","@graph":[{"@type":"WebPage","@id":"https:\/\/mikkipet.com\/fr\/toilettage\/noeuds-et-enchevetrements\/peigne-epais-classique-anti-emmelement\/","url":"https:\/\/mikkipet.com\/fr\/toilettage\/noeuds-et-enchevetrements\/peigne-epais-classique-anti-emmelement\/","name":"Peigne classique anti-enchev\u00eatrement - Poil \u00e9pais - Mikki Pet","isPartOf":{"@id":"https:\/\/mikkipet.com\/fr\/#website"},"primaryImageOfPage":{"@id":"https:\/\/mikkipet.com\/fr\/toilettage\/noeuds-et-enchevetrements\/peigne-epais-classique-anti-emmelement\/#primaryimage"},"image":{"@id":"https:\/\/mikkipet.com\/fr\/toilettage\/noeuds-et-enchevetrements\/peigne-epais-classique-anti-emmelement\/#primaryimage"},"thumbnailUrl":"https:\/\/mikkipet.com\/wp-content\/uploads\/2023\/05\/646c869f415ae8.03007779.jpg","datePublished":"2023-12-14T16:37:19+00:00","dateModified":"2024-08-28T11:12:26+00:00","breadcrumb":{"@id":"https:\/\/mikkipet.com\/fr\/toilettage\/noeuds-et-enchevetrements\/peigne-epais-classique-anti-emmelement\/#breadcrumb"},"inLanguage":"fr-FR","potentialAction":[{"@type":"ReadAction","target":["https:\/\/mikkipet.com\/fr\/toilettage\/noeuds-et-enchevetrements\/peigne-epais-classique-anti-emmelement\/"]}]},{"@type":"ImageObject","inLanguage":"fr-FR","@id":"https:\/\/mikkipet.com\/fr\/toilettage\/noeuds-et-enchevetrements\/peigne-epais-classique-anti-emmelement\/#primaryimage","url":"https:\/\/mikkipet.com\/wp-content\/uploads\/2023\/05\/646c869f415ae8.03007779.jpg","contentUrl":"https:\/\/mikkipet.com\/wp-content\/uploads\/2023\/05\/646c869f415ae8.03007779.jpg","width":768,"height":768},{"@type":"BreadcrumbList","@id":"https:\/\/mikkipet.com\/fr\/toilettage\/noeuds-et-enchevetrements\/peigne-epais-classique-anti-emmelement\/#breadcrumb","itemListElement":[{"@type":"ListItem","position":1,"name":"Home","item":"https:\/\/mikkipet.com\/fr\/"},{"@type":"ListItem","position":2,"name":"Nos produits","item":"https:\/\/mikkipet.com\/fr\/nos-produits\/"},{"@type":"ListItem","position":3,"name":"Peigne classique anti-enchev\u00eatrement &#8211; Poil \u00e9pais"}]},{"@type":"WebSite","@id":"https:\/\/mikkipet.com\/fr\/#website","url":"https:\/\/mikkipet.com\/fr\/","name":"Mikki Pet","description":"","publisher":{"@id":"https:\/\/mikkipet.com\/fr\/#organization"},"potentialAction":[{"@type":"SearchAction","target":{"@type":"EntryPoint","urlTemplate":"https:\/\/mikkipet.com\/fr\/?s={search_term_string}"},"query-input":{"@type":"PropertyValueSpecification","valueRequired":true,"valueName":"search_term_string"}}],"inLanguage":"fr-FR"},{"@type":"Organization","@id":"https:\/\/mikkipet.com\/fr\/#organization","name":"Mikki Pet","url":"https:\/\/mikkipet.com\/fr\/","logo":{"@type":"ImageObject","inLanguage":"fr-FR","@id":"https:\/\/mikkipet.com\/fr\/#\/schema\/logo\/image\/","url":"https:\/\/mikkipet.com\/wp-content\/uploads\/2024\/04\/cropped-cropped-Mikki_logo-BW.png","contentUrl":"https:\/\/mikkipet.com\/wp-content\/uploads\/2024\/04\/cropped-cropped-Mikki_logo-BW.png","width":163,"height":163,"caption":"Mikki Pet"},"image":{"@id":"https:\/\/mikkipet.com\/fr\/#\/schema\/logo\/image\/"}}]}},"uagb_featured_image_src":{"full":["https:\/\/mikkipet.com\/wp-content\/uploads\/2023\/05\/646c869f415ae8.03007779.jpg",768,768,false],"thumbnail":["https:\/\/mikkipet.com\/wp-content\/uploads\/2023\/05\/646c869f415ae8.03007779-150x150.jpg",150,150,true],"medium":["https:\/\/mikkipet.com\/wp-content\/uploads\/2023\/05\/646c869f415ae8.03007779-300x300.jpg",300,300,true],"medium_large":["https:\/\/mikkipet.com\/wp-content\/uploads\/2023\/05\/646c869f415ae8.03007779.jpg",768,768,false],"large":["https:\/\/mikkipet.com\/wp-content\/uploads\/2023\/05\/646c869f415ae8.03007779.jpg",768,768,false],"gs-tiny":["https:\/\/mikkipet.com\/wp-content\/uploads\/2023\/05\/646c869f415ae8.03007779.jpg",50,50,false],"xl":["https:\/\/mikkipet.com\/wp-content\/uploads\/2023\/05\/646c869f415ae8.03007779.jpg",768,768,false],"xxl":["https:\/\/mikkipet.com\/wp-content\/uploads\/2023\/05\/646c869f415ae8.03007779.jpg",768,768,false],"xxxl":["https:\/\/mikkipet.com\/wp-content\/uploads\/2023\/05\/646c869f415ae8.03007779.jpg",768,768,false],"xxxxl":["https:\/\/mikkipet.com\/wp-content\/uploads\/2023\/05\/646c869f415ae8.03007779.jpg",768,768,false],"xxxxxl":["https:\/\/mikkipet.com\/wp-content\/uploads\/2023\/05\/646c869f415ae8.03007779.jpg",768,768,false],"blz_expanded_feature":["https:\/\/mikkipet.com\/wp-content\/uploads\/2023\/05\/646c869f415ae8.03007779-275x220.jpg",275,220,true],"1536x1536":["https:\/\/mikkipet.com\/wp-content\/uploads\/2023\/05\/646c869f415ae8.03007779.jpg",768,768,false],"2048x2048":["https:\/\/mikkipet.com\/wp-content\/uploads\/2023\/05\/646c869f415ae8.03007779.jpg",768,768,false],"background_image":["https:\/\/mikkipet.com\/wp-content\/uploads\/2023\/05\/646c869f415ae8.03007779.jpg",768,768,false],"woocommerce_thumbnail":["https:\/\/mikkipet.com\/wp-content\/uploads\/2023\/05\/646c869f415ae8.03007779-358x358.jpg",358,358,true],"woocommerce_single":["https:\/\/mikkipet.com\/wp-content\/uploads\/2023\/05\/646c869f415ae8.03007779-600x600.jpg",600,600,true],"woocommerce_gallery_thumbnail":["https:\/\/mikkipet.com\/wp-content\/uploads\/2023\/05\/646c869f415ae8.03007779-100x100.jpg",100,100,true],"shop_catalog":["https:\/\/mikkipet.com\/wp-content\/uploads\/2023\/05\/646c869f415ae8.03007779-300x300.jpg",300,300,true],"shop_single":["https:\/\/mikkipet.com\/wp-content\/uploads\/2023\/05\/646c869f415ae8.03007779-600x600.jpg",600,600,true],"shop_thumbnail":["https:\/\/mikkipet.com\/wp-content\/uploads\/2023\/05\/646c869f415ae8.03007779-100x100.jpg",100,100,true],"page-header":["https:\/\/mikkipet.com\/wp-content\/uploads\/2023\/05\/646c869f415ae8.03007779-768x400.jpg",768,400,true],"page-two-to-one":["https:\/\/mikkipet.com\/wp-content\/uploads\/2023\/05\/646c869f415ae8.03007779.jpg",768,768,false]},"uagb_author_info":{"display_name":"Phil Durston","author_link":"https:\/\/mikkipet.com\/fr\/author\/phil\/"},"uagb_comment_info":0,"uagb_excerpt":"Un peigne qui d\u00e9m\u00eale les n\u0153uds en m\u00eame temps qu&rsquo;il peigne.","featured_img":"https:\/\/mikkipet.com\/wp-content\/uploads\/2023\/05\/646c869f415ae8.03007779.jpg","coauthors":[],"author_meta":{"author_link":"https:\/\/mikkipet.com\/fr\/author\/phil\/","display_name":"Phil Durston"},"relative_dates":{"created":"Publi\u00e9 2 ans il y a","modified":"Mis \u00e0 jour 2 ans il y a"},"absolute_dates":{"created":"Publi\u00e9 le ","modified":"Mise \u00e0 jour le "},"absolute_dates_time":{"created":"Publi\u00e9 le  ","modified":"Mise \u00e0 jour le  "},"featured_img_caption":"","tax_additional":{"product_brand":{"linked":[],"unlinked":[],"slug":"product_brand","name":"Brands"},"product_type":{"linked":["<a href=\"https:\/\/mikkipet.com\/fr\/?taxonomy=product_type&#038;term=simple\" class=\"advgb-post-tax-term\">simple<\/a>"],"unlinked":["<span class=\"advgb-post-tax-term\">simple<\/span>"],"slug":"product_type","name":"Type de produit"},"product_visibility":{"linked":[],"unlinked":[],"slug":"product_visibility","name":"Visibilit\u00e9 du produit"},"product_cat":{"linked":["<a href=\"https:\/\/mikkipet.com\/fr\/toilettage\/noeuds-et-enchevetrements\/\" class=\"advgb-post-tax-term\">N\u0153uds et enchev\u00eatrements<\/a>","<a href=\"https:\/\/mikkipet.com\/fr\/toilettage\/\" class=\"advgb-post-tax-term\">Toilettage<\/a>"],"unlinked":["<span class=\"advgb-post-tax-term\">N\u0153uds et enchev\u00eatrements<\/span>","<span class=\"advgb-post-tax-term\">Toilettage<\/span>"],"slug":"product_cat","name":"Cat\u00e9gories de produits"},"product_tag":{"linked":[],"unlinked":[],"slug":"product_tag","name":"\u00c9tiquettes produit"},"product_shipping_class":{"linked":[],"unlinked":[],"slug":"product_shipping_class","name":"Classe d\u2019exp\u00e9dition du produit"},"translation_priority":{"linked":["<a href=\"https:\/\/mikkipet.com\/fr\/?taxonomy=translation_priority&#038;term=facultatif\" class=\"advgb-post-tax-term\">Facultatif<\/a>"],"unlinked":["<span class=\"advgb-post-tax-term\">Facultatif<\/span>"],"slug":"translation_priority","name":"Priorit\u00e9s de traduction"},"inspiration_category":{"linked":["<a href=\"https:\/\/mikkipet.com\/fr\/subject\/classique\/\" class=\"advgb-post-tax-term\">Classique<\/a>"],"unlinked":["<span class=\"advgb-post-tax-term\">Classique<\/span>"],"slug":"inspiration_category","name":"Inspiration Categories"},"alternative_category":{"linked":[],"unlinked":[],"slug":"alternative_category","name":"Alternative Categories"}},"series_order":"","_links":{"self":[{"href":"https:\/\/mikkipet.com\/fr\/wp-json\/wp\/v2\/product\/26695","targetHints":{"allow":["GET"]}}],"collection":[{"href":"https:\/\/mikkipet.com\/fr\/wp-json\/wp\/v2\/product"}],"about":[{"href":"https:\/\/mikkipet.com\/fr\/wp-json\/wp\/v2\/types\/product"}],"wp:featuredmedia":[{"embeddable":true,"href":"https:\/\/mikkipet.com\/fr\/wp-json\/wp\/v2\/media\/21935"}],"wp:attachment":[{"href":"https:\/\/mikkipet.com\/fr\/wp-json\/wp\/v2\/media?parent=26695"}],"wp:term":[{"taxonomy":"product_brand","embeddable":true,"href":"https:\/\/mikkipet.com\/fr\/wp-json\/wp\/v2\/product_brand?post=26695"},{"taxonomy":"product_cat","embeddable":true,"href":"https:\/\/mikkipet.com\/fr\/wp-json\/wp\/v2\/product_cat?post=26695"},{"taxonomy":"product_tag","embeddable":true,"href":"https:\/\/mikkipet.com\/fr\/wp-json\/wp\/v2\/product_tag?post=26695"},{"taxonomy":"inspiration_category","embeddable":true,"href":"https:\/\/mikkipet.com\/fr\/wp-json\/wp\/v2\/inspiration_category?post=26695"},{"taxonomy":"alternative_category","embeddable":true,"href":"https:\/\/mikkipet.com\/fr\/wp-json\/wp\/v2\/alternative_category?post=26695"}],"curies":[{"name":"wp","href":"https:\/\/api.w.org\/{rel}","templated":true}]}}