{"id":27020,"date":"2023-12-14T16:18:33","date_gmt":"2023-12-14T16:18:33","guid":{"rendered":"https:\/\/mikkipet.com\/non%20class\u00e9\/snoozer-de-luxe-pour-chat-moyen\/"},"modified":"2024-08-28T12:14:05","modified_gmt":"2024-08-28T11:14:05","slug":"luxe-chat-snoozer-medium","status":"publish","type":"product","link":"https:\/\/mikkipet.com\/fr\/obsolete-fr\/luxe-chat-snoozer-medium\/","title":{"rendered":"Snoozer de luxe pour chat &#8211; Moyen"},"content":{"rendered":"<p>REMARQUE &#8211; Ce produit est d\u00e9sormais obsol\u00e8te, mais il peut encore \u00eatre disponible dans certains magasins. Cette page est uniquement destin\u00e9e \u00e0 des fins d&rsquo;information. Un lit chaud et douillet pour les f\u00e9lins \u00e0 fourrure.<\/p>\n","protected":false},"excerpt":{"rendered":"<p>REMARQUE &#8211; Ce produit est d\u00e9sormais obsol\u00e8te, mais il peut encore \u00eatre disponible dans certains magasins. Cette page est uniquement destin\u00e9e \u00e0 des fins d&rsquo;information. Un lit chaud et douillet pour les f\u00e9lins \u00e0 fourrure.<\/p>\n","protected":false},"author":4,"featured_media":0,"template":"","meta":{"_acf_changed":false,"_relevanssi_hide_post":"","_relevanssi_hide_content":"","_relevanssi_pin_for_all":"","_relevanssi_pin_keywords":"","_relevanssi_unpin_keywords":"","_relevanssi_related_keywords":"","_relevanssi_related_include_ids":"","_relevanssi_related_exclude_ids":"","_relevanssi_related_no_append":"","_relevanssi_related_not_related":"","_relevanssi_related_posts":"","_relevanssi_noindex_reason":"","_uag_custom_page_level_css":"","advgb_blocks_editor_width":"","advgb_blocks_columns_visual_guide":"","site-sidebar-layout":"default","site-content-layout":"","ast-site-content-layout":"default","site-content-style":"default","site-sidebar-style":"default","ast-global-header-display":"","ast-banner-title-visibility":"","ast-main-header-display":"","ast-hfb-above-header-display":"","ast-hfb-below-header-display":"","ast-hfb-mobile-header-display":"","site-post-title":"","ast-breadcrumbs-content":"","ast-featured-img":"","footer-sml-layout":"","theme-transparent-header-meta":"default","adv-header-id-meta":"","stick-header-meta":"default","header-above-stick-meta":"","header-main-stick-meta":"","header-below-stick-meta":"","astra-migrate-meta-layouts":"default","ast-page-background-enabled":"default","ast-page-background-meta":{"desktop":{"background-color":"","background-image":"","background-repeat":"repeat","background-position":"center center","background-size":"auto","background-attachment":"scroll","background-type":"","background-media":"","overlay-type":"","overlay-color":"","overlay-opacity":"","overlay-gradient":""},"tablet":{"background-color":"","background-image":"","background-repeat":"repeat","background-position":"center center","background-size":"auto","background-attachment":"scroll","background-type":"","background-media":"","overlay-type":"","overlay-color":"","overlay-opacity":"","overlay-gradient":""},"mobile":{"background-color":"","background-image":"","background-repeat":"repeat","background-position":"center center","background-size":"auto","background-attachment":"scroll","background-type":"","background-media":"","overlay-type":"","overlay-color":"","overlay-opacity":"","overlay-gradient":""}},"ast-content-background-meta":{"desktop":{"background-color":"var(--ast-global-color-5)","background-image":"","background-repeat":"repeat","background-position":"center center","background-size":"auto","background-attachment":"scroll","background-type":"","background-media":"","overlay-type":"","overlay-color":"","overlay-opacity":"","overlay-gradient":""},"tablet":{"background-color":"var(--ast-global-color-5)","background-image":"","background-repeat":"repeat","background-position":"center center","background-size":"auto","background-attachment":"scroll","background-type":"","background-media":"","overlay-type":"","overlay-color":"","overlay-opacity":"","overlay-gradient":""},"mobile":{"background-color":"var(--ast-global-color-5)","background-image":"","background-repeat":"repeat","background-position":"center center","background-size":"auto","background-attachment":"scroll","background-type":"","background-media":"","overlay-type":"","overlay-color":"","overlay-opacity":"","overlay-gradient":""}}},"product_brand":[],"product_cat":[137],"product_tag":[],"inspiration_category":[],"alternative_category":[],"class_list":{"0":"ranking_","1":"post-27020","2":"product","3":"type-product","4":"status-publish","6":"product_cat-obsolete-fr","7":"desktop-align-left","8":"tablet-align-left","9":"mobile-align-left","10":"ast-product-gallery-layout-horizontal","11":"ast-product-gallery-with-no-image","12":"ast-product-tabs-layout-horizontal","14":"first","15":"instock","16":"shipping-taxable","17":"purchasable","18":"product-type-simple"},"acf":[],"yoast_head":"<!-- This site is optimized with the Yoast SEO plugin v25.8 - https:\/\/yoast.com\/wordpress\/plugins\/seo\/ -->\n<title>Snoozer de luxe pour chat - Moyen - Mikki Pet<\/title>\n<meta name=\"robots\" content=\"index, follow, max-snippet:-1, max-image-preview:large, max-video-preview:-1\" \/>\n<link rel=\"canonical\" href=\"https:\/\/mikkipet.com\/fr\/obsolete-fr\/luxe-chat-snoozer-medium\/\" \/>\n<meta property=\"og:locale\" content=\"fr_FR\" \/>\n<meta property=\"og:type\" content=\"article\" \/>\n<meta property=\"og:title\" content=\"Snoozer de luxe pour chat - Moyen - Mikki Pet\" \/>\n<meta property=\"og:description\" content=\"REMARQUE &#8211; Ce produit est d\u00e9sormais obsol\u00e8te, mais il peut encore \u00eatre disponible dans certains magasins. Cette page est uniquement destin\u00e9e \u00e0 des fins d&rsquo;information. Un lit chaud et douillet pour les f\u00e9lins \u00e0 fourrure.\" \/>\n<meta property=\"og:url\" content=\"https:\/\/mikkipet.com\/fr\/obsolete-fr\/luxe-chat-snoozer-medium\/\" \/>\n<meta property=\"og:site_name\" content=\"Mikki Pet\" \/>\n<meta property=\"article:modified_time\" content=\"2024-08-28T11:14:05+00:00\" \/>\n<meta name=\"twitter:card\" content=\"summary_large_image\" \/>\n<script type=\"application\/ld+json\" class=\"yoast-schema-graph\">{\"@context\":\"https:\/\/schema.org\",\"@graph\":[{\"@type\":\"WebPage\",\"@id\":\"https:\/\/mikkipet.com\/fr\/obsolete-fr\/luxe-chat-snoozer-medium\/\",\"url\":\"https:\/\/mikkipet.com\/fr\/obsolete-fr\/luxe-chat-snoozer-medium\/\",\"name\":\"Snoozer de luxe pour chat - Moyen - Mikki Pet\",\"isPartOf\":{\"@id\":\"https:\/\/mikkipet.com\/fr\/#website\"},\"datePublished\":\"2023-12-14T16:18:33+00:00\",\"dateModified\":\"2024-08-28T11:14:05+00:00\",\"breadcrumb\":{\"@id\":\"https:\/\/mikkipet.com\/fr\/obsolete-fr\/luxe-chat-snoozer-medium\/#breadcrumb\"},\"inLanguage\":\"fr-FR\",\"potentialAction\":[{\"@type\":\"ReadAction\",\"target\":[\"https:\/\/mikkipet.com\/fr\/obsolete-fr\/luxe-chat-snoozer-medium\/\"]}]},{\"@type\":\"BreadcrumbList\",\"@id\":\"https:\/\/mikkipet.com\/fr\/obsolete-fr\/luxe-chat-snoozer-medium\/#breadcrumb\",\"itemListElement\":[{\"@type\":\"ListItem\",\"position\":1,\"name\":\"Home\",\"item\":\"https:\/\/mikkipet.com\/fr\/\"},{\"@type\":\"ListItem\",\"position\":2,\"name\":\"Nos produits\",\"item\":\"https:\/\/mikkipet.com\/fr\/nos-produits\/\"},{\"@type\":\"ListItem\",\"position\":3,\"name\":\"Snoozer de luxe pour chat &#8211; Moyen\"}]},{\"@type\":\"WebSite\",\"@id\":\"https:\/\/mikkipet.com\/fr\/#website\",\"url\":\"https:\/\/mikkipet.com\/fr\/\",\"name\":\"Mikki Pet\",\"description\":\"\",\"publisher\":{\"@id\":\"https:\/\/mikkipet.com\/fr\/#organization\"},\"potentialAction\":[{\"@type\":\"SearchAction\",\"target\":{\"@type\":\"EntryPoint\",\"urlTemplate\":\"https:\/\/mikkipet.com\/fr\/?s={search_term_string}\"},\"query-input\":{\"@type\":\"PropertyValueSpecification\",\"valueRequired\":true,\"valueName\":\"search_term_string\"}}],\"inLanguage\":\"fr-FR\"},{\"@type\":\"Organization\",\"@id\":\"https:\/\/mikkipet.com\/fr\/#organization\",\"name\":\"Mikki Pet\",\"url\":\"https:\/\/mikkipet.com\/fr\/\",\"logo\":{\"@type\":\"ImageObject\",\"inLanguage\":\"fr-FR\",\"@id\":\"https:\/\/mikkipet.com\/fr\/#\/schema\/logo\/image\/\",\"url\":\"https:\/\/mikkipet.com\/wp-content\/uploads\/2024\/04\/cropped-cropped-Mikki_logo-BW.png\",\"contentUrl\":\"https:\/\/mikkipet.com\/wp-content\/uploads\/2024\/04\/cropped-cropped-Mikki_logo-BW.png\",\"width\":163,\"height\":163,\"caption\":\"Mikki Pet\"},\"image\":{\"@id\":\"https:\/\/mikkipet.com\/fr\/#\/schema\/logo\/image\/\"}}]}<\/script>\n<!-- \/ Yoast SEO plugin. -->","yoast_head_json":{"title":"Snoozer de luxe pour chat - Moyen - Mikki Pet","robots":{"index":"index","follow":"follow","max-snippet":"max-snippet:-1","max-image-preview":"max-image-preview:large","max-video-preview":"max-video-preview:-1"},"canonical":"https:\/\/mikkipet.com\/fr\/obsolete-fr\/luxe-chat-snoozer-medium\/","og_locale":"fr_FR","og_type":"article","og_title":"Snoozer de luxe pour chat - Moyen - Mikki Pet","og_description":"REMARQUE &#8211; Ce produit est d\u00e9sormais obsol\u00e8te, mais il peut encore \u00eatre disponible dans certains magasins. Cette page est uniquement destin\u00e9e \u00e0 des fins d&rsquo;information. Un lit chaud et douillet pour les f\u00e9lins \u00e0 fourrure.","og_url":"https:\/\/mikkipet.com\/fr\/obsolete-fr\/luxe-chat-snoozer-medium\/","og_site_name":"Mikki Pet","article_modified_time":"2024-08-28T11:14:05+00:00","twitter_card":"summary_large_image","schema":{"@context":"https:\/\/schema.org","@graph":[{"@type":"WebPage","@id":"https:\/\/mikkipet.com\/fr\/obsolete-fr\/luxe-chat-snoozer-medium\/","url":"https:\/\/mikkipet.com\/fr\/obsolete-fr\/luxe-chat-snoozer-medium\/","name":"Snoozer de luxe pour chat - Moyen - Mikki Pet","isPartOf":{"@id":"https:\/\/mikkipet.com\/fr\/#website"},"datePublished":"2023-12-14T16:18:33+00:00","dateModified":"2024-08-28T11:14:05+00:00","breadcrumb":{"@id":"https:\/\/mikkipet.com\/fr\/obsolete-fr\/luxe-chat-snoozer-medium\/#breadcrumb"},"inLanguage":"fr-FR","potentialAction":[{"@type":"ReadAction","target":["https:\/\/mikkipet.com\/fr\/obsolete-fr\/luxe-chat-snoozer-medium\/"]}]},{"@type":"BreadcrumbList","@id":"https:\/\/mikkipet.com\/fr\/obsolete-fr\/luxe-chat-snoozer-medium\/#breadcrumb","itemListElement":[{"@type":"ListItem","position":1,"name":"Home","item":"https:\/\/mikkipet.com\/fr\/"},{"@type":"ListItem","position":2,"name":"Nos produits","item":"https:\/\/mikkipet.com\/fr\/nos-produits\/"},{"@type":"ListItem","position":3,"name":"Snoozer de luxe pour chat &#8211; Moyen"}]},{"@type":"WebSite","@id":"https:\/\/mikkipet.com\/fr\/#website","url":"https:\/\/mikkipet.com\/fr\/","name":"Mikki Pet","description":"","publisher":{"@id":"https:\/\/mikkipet.com\/fr\/#organization"},"potentialAction":[{"@type":"SearchAction","target":{"@type":"EntryPoint","urlTemplate":"https:\/\/mikkipet.com\/fr\/?s={search_term_string}"},"query-input":{"@type":"PropertyValueSpecification","valueRequired":true,"valueName":"search_term_string"}}],"inLanguage":"fr-FR"},{"@type":"Organization","@id":"https:\/\/mikkipet.com\/fr\/#organization","name":"Mikki Pet","url":"https:\/\/mikkipet.com\/fr\/","logo":{"@type":"ImageObject","inLanguage":"fr-FR","@id":"https:\/\/mikkipet.com\/fr\/#\/schema\/logo\/image\/","url":"https:\/\/mikkipet.com\/wp-content\/uploads\/2024\/04\/cropped-cropped-Mikki_logo-BW.png","contentUrl":"https:\/\/mikkipet.com\/wp-content\/uploads\/2024\/04\/cropped-cropped-Mikki_logo-BW.png","width":163,"height":163,"caption":"Mikki Pet"},"image":{"@id":"https:\/\/mikkipet.com\/fr\/#\/schema\/logo\/image\/"}}]}},"uagb_featured_image_src":{"full":false,"thumbnail":false,"medium":false,"medium_large":false,"large":false,"gs-tiny":false,"xl":false,"xxl":false,"xxxl":false,"xxxxl":false,"xxxxxl":false,"blz_expanded_feature":false,"1536x1536":false,"2048x2048":false,"background_image":false,"woocommerce_thumbnail":false,"woocommerce_single":false,"woocommerce_gallery_thumbnail":false,"shop_catalog":false,"shop_single":false,"shop_thumbnail":false,"page-header":false,"page-two-to-one":false},"uagb_author_info":{"display_name":"Phil Durston","author_link":"https:\/\/mikkipet.com\/fr\/author\/phil\/"},"uagb_comment_info":0,"uagb_excerpt":"REMARQUE &#8211; Ce produit est d\u00e9sormais obsol\u00e8te, mais il peut encore \u00eatre disponible dans certains magasins. Cette page est uniquement destin\u00e9e \u00e0 des fins d&rsquo;information. Un lit chaud et douillet pour les f\u00e9lins \u00e0 fourrure.","featured_img":false,"coauthors":[],"author_meta":{"author_link":"https:\/\/mikkipet.com\/fr\/author\/phil\/","display_name":"Phil Durston"},"relative_dates":{"created":"Publi\u00e9 2 ans il y a","modified":"Mis \u00e0 jour 2 ans il y a"},"absolute_dates":{"created":"Publi\u00e9 le ","modified":"Mise \u00e0 jour le "},"absolute_dates_time":{"created":"Publi\u00e9 le  ","modified":"Mise \u00e0 jour le  "},"featured_img_caption":"","tax_additional":{"product_brand":{"linked":[],"unlinked":[],"slug":"product_brand","name":"Brands"},"product_type":{"linked":["<a href=\"https:\/\/mikkipet.com\/fr\/?taxonomy=product_type&#038;term=simple\" class=\"advgb-post-tax-term\">simple<\/a>"],"unlinked":["<span class=\"advgb-post-tax-term\">simple<\/span>"],"slug":"product_type","name":"Type de produit"},"product_visibility":{"linked":[],"unlinked":[],"slug":"product_visibility","name":"Visibilit\u00e9 du produit"},"product_cat":{"linked":["<a href=\"https:\/\/mikkipet.com\/fr\/obsolete-fr\/\" class=\"advgb-post-tax-term\">Obsol\u00e8te<\/a>"],"unlinked":["<span class=\"advgb-post-tax-term\">Obsol\u00e8te<\/span>"],"slug":"product_cat","name":"Cat\u00e9gories de produits"},"product_tag":{"linked":[],"unlinked":[],"slug":"product_tag","name":"\u00c9tiquettes produit"},"product_shipping_class":{"linked":[],"unlinked":[],"slug":"product_shipping_class","name":"Classe d\u2019exp\u00e9dition du produit"},"translation_priority":{"linked":["<a href=\"https:\/\/mikkipet.com\/fr\/?taxonomy=translation_priority&#038;term=facultatif\" class=\"advgb-post-tax-term\">Facultatif<\/a>"],"unlinked":["<span class=\"advgb-post-tax-term\">Facultatif<\/span>"],"slug":"translation_priority","name":"Priorit\u00e9s de traduction"},"inspiration_category":{"linked":[],"unlinked":[],"slug":"inspiration_category","name":"Inspiration Categories"},"alternative_category":{"linked":[],"unlinked":[],"slug":"alternative_category","name":"Alternative Categories"}},"series_order":"","_links":{"self":[{"href":"https:\/\/mikkipet.com\/fr\/wp-json\/wp\/v2\/product\/27020","targetHints":{"allow":["GET"]}}],"collection":[{"href":"https:\/\/mikkipet.com\/fr\/wp-json\/wp\/v2\/product"}],"about":[{"href":"https:\/\/mikkipet.com\/fr\/wp-json\/wp\/v2\/types\/product"}],"wp:attachment":[{"href":"https:\/\/mikkipet.com\/fr\/wp-json\/wp\/v2\/media?parent=27020"}],"wp:term":[{"taxonomy":"product_brand","embeddable":true,"href":"https:\/\/mikkipet.com\/fr\/wp-json\/wp\/v2\/product_brand?post=27020"},{"taxonomy":"product_cat","embeddable":true,"href":"https:\/\/mikkipet.com\/fr\/wp-json\/wp\/v2\/product_cat?post=27020"},{"taxonomy":"product_tag","embeddable":true,"href":"https:\/\/mikkipet.com\/fr\/wp-json\/wp\/v2\/product_tag?post=27020"},{"taxonomy":"inspiration_category","embeddable":true,"href":"https:\/\/mikkipet.com\/fr\/wp-json\/wp\/v2\/inspiration_category?post=27020"},{"taxonomy":"alternative_category","embeddable":true,"href":"https:\/\/mikkipet.com\/fr\/wp-json\/wp\/v2\/alternative_category?post=27020"}],"curies":[{"name":"wp","href":"https:\/\/api.w.org\/{rel}","templated":true}]}}